{"id":34,"date":"2021-03-04T11:30:41","date_gmt":"2021-03-04T10:30:41","guid":{"rendered":"https:\/\/innovitaskolan.se\/vallingby-park\/?page_id=34"},"modified":"2025-11-13T10:08:51","modified_gmt":"2025-11-13T09:08:51","slug":"skolmat","status":"publish","type":"page","link":"https:\/\/innovitaskolan.se\/vallingby-park\/om\/skolmat\/","title":{"rendered":"V\u00e5r mat"},"content":{"rendered":"\n\t\n\t\n\t\n\n\t\n\t\n\t\t\n<section  class=\"c-block l-stacked  \" data-color-scheme=\"\">\n\t<div class=\"ams-fifty ams-fifty--container ams-fifty--right ams-fifty--bottom l-container u-pt-fluid-2xl-4xl u-pb-fluid-Ingen\">\n\t\t<div class=\"ams-fifty__content l-stack l-stack-xl is-left is-left@lg\">\n\t\t\t<div class=\"ams-fifty__text l-stack l-stack-lg\">\n\t\t\t\t\t\n\t<h1\n\tclass=\"c-heading u-font-title-1 \"\n\tstyle=\"\">\n\t\t\n\t\t\t\t\t\t\t\t\tV\u00e5r mat p\u00e5 Innovitaskolan V\u00e4llingby Park\n\t\t\t\t<span class=\"c-heading__sub is-below u-font-title-3\">\n\t\t\t\t\tVi serverar v\u00e5ra elever mat som ger r\u00e4tt energi f\u00f6r skoldagen. Matsedeln hittar du p\u00e5 Schoolsoft.\n\t\t\t\t<\/span>\n\t\t\t\t\t\t\t\n\t<\/h1>\n\n\t\t\t\t\t\t\t\t\t<div class=\"text l-stack u-font-body\">\n\t\t\t\t\t\t<h2>Skolmat som lagas fr\u00e5n grunden<\/h2>\n<p>Vi \u00e4r mycket stolta \u00f6ver v\u00e5rt eget k\u00f6k och v\u00e5r stora matsal i R-huset. D\u00e4r lagar v\u00e5r egen personal n\u00e4ringsriktig och god lunch varje dag. Klasserna har olika lunchtider och \u00e4ter ihop med l\u00e4rarna. F\u00f6rskolan \u00e4ter i lilla matsalen i C-huset. F\u00f6r att eleverna ska ha m\u00f6jlighet att p\u00e5verka f\u00e5r de utv\u00e4rdera maten varje vecka, s\u00e5 vi tillsammans kan utveckla m\u00e5ltiderna i skolan.<\/p>\n<h2>Tider f\u00f6r servering<\/h2>\n<p>P\u00e5 f\u00f6rskolan serveras frukost mellan 6.30\u20137.00 och vi serverar varierade mellanm\u00e5l p\u00e5 b\u00e5de f\u00f6rskola och fritids kl 13.30.<\/p>\n\n\t\t\t\t\t<\/div>\n\t\t\t\t\t\t\t<\/div>\n\n\t\t\t\t\t<\/div>\n\n\t\t <div class=\"ams-fifty__media u-ratio-square\">\n\t\t \t\t\t\t\t<img decoding=\"async\" width=\"600\" height=\"440\" src=\"https:\/\/innovitaskolan.se\/wp-content\/uploads\/sites\/30\/2025\/08\/innovitaskolansegeltorp202305forskoleklass-lagstadie3webbformusp-600x440.png\" class=\"attachment-md size-md\" alt=\"Elev p\u00e5 Innovitaskolan h\u00e5ller i en bok.\" sizes=\"(min-width: 64em) 600px, calc(100vw - 160px)\" srcset=\"https:\/\/innovitaskolan.se\/wp-content\/uploads\/sites\/30\/2025\/08\/innovitaskolansegeltorp202305forskoleklass-lagstadie3webbformusp-600x440.png 600w, https:\/\/innovitaskolan.se\/wp-content\/uploads\/sites\/30\/2025\/08\/innovitaskolansegeltorp202305forskoleklass-lagstadie3webbformusp-300x220.png 300w, https:\/\/innovitaskolan.se\/wp-content\/uploads\/sites\/30\/2025\/08\/innovitaskolansegeltorp202305forskoleklass-lagstadie3webbformusp-400x293.png 400w, https:\/\/innovitaskolan.se\/wp-content\/uploads\/sites\/30\/2025\/08\/innovitaskolansegeltorp202305forskoleklass-lagstadie3webbformusp.png 667w\" \/>\n\t\t\t\n\t\t\t\n\t\t\t\t\t<\/div>\n\t<\/div>\n\n\t\t\n\n<\/section>\n\n\n\n\t\n\t\n\t\n\n\t\n\t\n\t\t\n<section  class=\"c-block l-stacked  \" data-color-scheme=\"\">\n\t<div class=\"ams-fifty ams-fifty--container ams-fifty--left ams-fifty--bottom l-container u-pt-fluid-md-xl u-pb-fluid-Ingen\">\n\t\t<div class=\"ams-fifty__content l-stack l-stack-xl is-left is-left@lg\">\n\t\t\t<div class=\"ams-fifty__text l-stack l-stack-lg\">\n\t\t\t\t\n\t\t\t\t\t\t\t\t\t<div class=\"text l-stack u-font-body\">\n\t\t\t\t\t\t<h2>Ekologisk och n\u00e4ringsrik mat<\/h2>\n<p>Maten i skolan \u00e4r en av de viktigaste faktorerna f\u00f6r att eleverna ska m\u00e5 bra och f\u00e5 ut det mesta av skoldagen. V\u00e5r skolrestaurang erbjuder tv\u00e5 n\u00e4ringsriktiga matr\u00e4tter att v\u00e4lja mellan och ett brett utbud av gr\u00f6nsaker. Vi f\u00f6ljer Livsmedelsverkets riktlinjer och siktar p\u00e5 att erbjuda ekologiska r\u00e5varor, och anv\u00e4nder bara MSC-m\u00e4rkt fisk. Vi har ocks\u00e5 en till tv\u00e5 vegetariska dagar i veckan f\u00f6r att skapa balans f\u00f6r b\u00e5de milj\u00f6n och kroppen.<\/p>\n<h2>Mat som ger energi och gl\u00e4dje<\/h2>\n<p>Vi vill att eleverna ska k\u00e4nna sig energifyllda och lite gladare efter en m\u00e5ltid i skolrestaurangen. F\u00f6r att eleverna ska kunna vara med och p\u00e5verka har vi ett matr\u00e5d d\u00e4r de kan g\u00f6ra sina r\u00f6ster h\u00f6rda.<\/p>\n<h2>Specialkost<\/h2>\n<p>\u00d6nskar du specialkost anm\u00e4ler du detta genom att fylla i skolans blanketter som skickas hem i samband med skolstart.<\/p>\n\n\t\t\t\t\t<\/div>\n\t\t\t\t\t\t\t<\/div>\n\n\t\t\t\t\t<\/div>\n\n\t\t <div class=\"ams-fifty__media u-ratio-square\">\n\t\t \t\t\t\t\t<img decoding=\"async\" width=\"600\" height=\"600\" src=\"https:\/\/innovitaskolan.se\/wp-content\/uploads\/sites\/30\/2025\/11\/innovitaskolan-hogstadie-molndal-202405-2-600x600.png\" class=\"attachment-md size-md\" alt=\"Elev p\u00e5 h\u00f6gstadiet sitter lutad med hakan i handen.\" sizes=\"(min-width: 64em) 600px, calc(100vw - 160px)\" srcset=\"https:\/\/innovitaskolan.se\/wp-content\/uploads\/sites\/30\/2025\/11\/innovitaskolan-hogstadie-molndal-202405-2-600x600.png 600w, https:\/\/innovitaskolan.se\/wp-content\/uploads\/sites\/30\/2025\/11\/innovitaskolan-hogstadie-molndal-202405-2-150x150.png 150w, https:\/\/innovitaskolan.se\/wp-content\/uploads\/sites\/30\/2025\/11\/innovitaskolan-hogstadie-molndal-202405-2-300x300.png 300w, https:\/\/innovitaskolan.se\/wp-content\/uploads\/sites\/30\/2025\/11\/innovitaskolan-hogstadie-molndal-202405-2-400x400.png 400w, https:\/\/innovitaskolan.se\/wp-content\/uploads\/sites\/30\/2025\/11\/innovitaskolan-hogstadie-molndal-202405-2.png 667w\" \/>\n\t\t\t\n\t\t\t\n\t\t\t\t\t<\/div>\n\t<\/div>\n\n\t\t\n\n<\/section>\n\n\n\n<div class=\"wp-block-columns is-layout-flex wp-container-core-columns-layout-1 wp-block-columns-is-layout-flex\">\n<div class=\"wp-block-column is-layout-flow wp-block-column-is-layout-flow\" style=\"flex-basis:50%\">\n<p><img decoding=\"async\" class=\"wp-image-716\" style=\"width: 150px;\" src=\"https:\/\/vittra.se\/wp-content\/uploads\/sites\/23\/2021\/09\/eu-logo-skolmjolk.jpeg\" alt=\"\"><\/p>\n<\/div>\n<\/div>\n\n\n<div   id=\"page-relative-menu\" class=\"site__font-monospace   container_width--full_width_conIcon   d-lg-none  \">\n\n\t\t\t\n<\/div>\n","protected":false},"excerpt":{"rendered":"","protected":false},"author":1,"featured_media":0,"parent":20,"menu_order":0,"comment_status":"closed","ping_status":"closed","template":"","meta":{"footnotes":""},"yoast_head":"<!-- This site is optimized with the Yoast SEO plugin v22.0 - https:\/\/yoast.com\/wordpress\/plugins\/seo\/ -->\n<title>Innovitaskolan V\u00e4llingby Park | Om skolan | V\u00e5r mat<\/title>\n<meta name=\"description\" content=\"Innovitaskolan V\u00e4llingby Parks mat \u00e4r en del av det pedagogiska arbetet som gynnar elevh\u00e4lsa och milj\u00f6 med en varierad matsedel. L\u00e4s mer h\u00e4r!\" \/>\n<meta name=\"robots\" content=\"index, follow, max-snippet:-1, max-image-preview:large, max-video-preview:-1\" \/>\n<link rel=\"canonical\" href=\"https:\/\/innovitaskolan.se\/vallingby-park\/om\/skolmat\/\" \/>\n<meta property=\"og:locale\" content=\"sv_SE\" \/>\n<meta property=\"og:type\" content=\"article\" \/>\n<meta property=\"og:title\" content=\"Innovitaskolan V\u00e4llingby Park | Om skolan | V\u00e5r mat\" \/>\n<meta property=\"og:description\" content=\"Innovitaskolan V\u00e4llingby Parks mat \u00e4r en del av det pedagogiska arbetet som gynnar elevh\u00e4lsa och milj\u00f6 med en varierad matsedel. L\u00e4s mer h\u00e4r!\" \/>\n<meta property=\"og:url\" content=\"https:\/\/innovitaskolan.se\/vallingby-park\/om\/skolmat\/\" \/>\n<meta property=\"og:site_name\" content=\"V\u00e4llingby Park\" \/>\n<meta property=\"article:modified_time\" content=\"2025-11-13T09:08:51+00:00\" \/>\n<meta property=\"og:image\" content=\"https:\/\/vittra.se\/wp-content\/uploads\/sites\/23\/2021\/09\/eu-logo-skolmjolk.jpeg\" \/>\n<meta name=\"twitter:card\" content=\"summary_large_image\" \/>\n<meta name=\"twitter:title\" content=\"Innovitaskolan V\u00e4llingby Park | Om skolan | V\u00e5r mat\" \/>\n<meta name=\"twitter:description\" content=\"Innovitaskolan V\u00e4llingby Parks mat \u00e4r en del av det pedagogiska arbetet som gynnar elevh\u00e4lsa och milj\u00f6 med en varierad matsedel. L\u00e4s mer h\u00e4r!\" \/>\n<meta name=\"twitter:label1\" content=\"Ber\u00e4knad l\u00e4stid\" \/>\n\t<meta name=\"twitter:data1\" content=\"2 minuter\" \/>\n<script type=\"application\/ld+json\" class=\"yoast-schema-graph\">{\"@context\":\"https:\/\/schema.org\",\"@graph\":[{\"@type\":\"WebPage\",\"@id\":\"https:\/\/innovitaskolan.se\/vallingby-park\/om\/skolmat\/\",\"url\":\"https:\/\/innovitaskolan.se\/vallingby-park\/om\/skolmat\/\",\"name\":\"Innovitaskolan V\u00e4llingby Park | Om skolan | V\u00e5r mat\",\"isPartOf\":{\"@id\":\"https:\/\/innovitaskolan.se\/vallingby-park\/#website\"},\"datePublished\":\"2021-03-04T10:30:41+00:00\",\"dateModified\":\"2025-11-13T09:08:51+00:00\",\"description\":\"Innovitaskolan V\u00e4llingby Parks mat \u00e4r en del av det pedagogiska arbetet som gynnar elevh\u00e4lsa och milj\u00f6 med en varierad matsedel. L\u00e4s mer h\u00e4r!\",\"breadcrumb\":{\"@id\":\"https:\/\/innovitaskolan.se\/vallingby-park\/om\/skolmat\/#breadcrumb\"},\"inLanguage\":\"sv-SE\",\"potentialAction\":[{\"@type\":\"ReadAction\",\"target\":[\"https:\/\/innovitaskolan.se\/vallingby-park\/om\/skolmat\/\"]}]},{\"@type\":\"BreadcrumbList\",\"@id\":\"https:\/\/innovitaskolan.se\/vallingby-park\/om\/skolmat\/#breadcrumb\",\"itemListElement\":[{\"@type\":\"ListItem\",\"position\":1,\"name\":\"Start\",\"item\":\"https:\/\/innovitaskolan.se\/vallingby-park\/\"},{\"@type\":\"ListItem\",\"position\":2,\"name\":\"Om oss\",\"item\":\"https:\/\/innovitaskolan.se\/vallingby-park\/om\/\"},{\"@type\":\"ListItem\",\"position\":3,\"name\":\"V\u00e5r mat\"}]},{\"@type\":\"WebSite\",\"@id\":\"https:\/\/innovitaskolan.se\/vallingby-park\/#website\",\"url\":\"https:\/\/innovitaskolan.se\/vallingby-park\/\",\"name\":\"V\u00e4llingby Park\",\"description\":\"En del av AcadeMedia\",\"potentialAction\":[{\"@type\":\"SearchAction\",\"target\":{\"@type\":\"EntryPoint\",\"urlTemplate\":\"https:\/\/innovitaskolan.se\/vallingby-park\/?s={search_term_string}\"},\"query-input\":\"required name=search_term_string\"}],\"inLanguage\":\"sv-SE\"}]}<\/script>\n<!-- \/ Yoast SEO plugin. -->","yoast_head_json":{"title":"Innovitaskolan V\u00e4llingby Park | Om skolan | V\u00e5r mat","description":"Innovitaskolan V\u00e4llingby Parks mat \u00e4r en del av det pedagogiska arbetet som gynnar elevh\u00e4lsa och milj\u00f6 med en varierad matsedel. L\u00e4s mer h\u00e4r!","robots":{"index":"index","follow":"follow","max-snippet":"max-snippet:-1","max-image-preview":"max-image-preview:large","max-video-preview":"max-video-preview:-1"},"canonical":"https:\/\/innovitaskolan.se\/vallingby-park\/om\/skolmat\/","og_locale":"sv_SE","og_type":"article","og_title":"Innovitaskolan V\u00e4llingby Park | Om skolan | V\u00e5r mat","og_description":"Innovitaskolan V\u00e4llingby Parks mat \u00e4r en del av det pedagogiska arbetet som gynnar elevh\u00e4lsa och milj\u00f6 med en varierad matsedel. L\u00e4s mer h\u00e4r!","og_url":"https:\/\/innovitaskolan.se\/vallingby-park\/om\/skolmat\/","og_site_name":"V\u00e4llingby Park","article_modified_time":"2025-11-13T09:08:51+00:00","og_image":[{"url":"https:\/\/vittra.se\/wp-content\/uploads\/sites\/23\/2021\/09\/eu-logo-skolmjolk.jpeg"}],"twitter_card":"summary_large_image","twitter_title":"Innovitaskolan V\u00e4llingby Park | Om skolan | V\u00e5r mat","twitter_description":"Innovitaskolan V\u00e4llingby Parks mat \u00e4r en del av det pedagogiska arbetet som gynnar elevh\u00e4lsa och milj\u00f6 med en varierad matsedel. L\u00e4s mer h\u00e4r!","twitter_misc":{"Ber\u00e4knad l\u00e4stid":"2 minuter"},"schema":{"@context":"https:\/\/schema.org","@graph":[{"@type":"WebPage","@id":"https:\/\/innovitaskolan.se\/vallingby-park\/om\/skolmat\/","url":"https:\/\/innovitaskolan.se\/vallingby-park\/om\/skolmat\/","name":"Innovitaskolan V\u00e4llingby Park | Om skolan | V\u00e5r mat","isPartOf":{"@id":"https:\/\/innovitaskolan.se\/vallingby-park\/#website"},"datePublished":"2021-03-04T10:30:41+00:00","dateModified":"2025-11-13T09:08:51+00:00","description":"Innovitaskolan V\u00e4llingby Parks mat \u00e4r en del av det pedagogiska arbetet som gynnar elevh\u00e4lsa och milj\u00f6 med en varierad matsedel. L\u00e4s mer h\u00e4r!","breadcrumb":{"@id":"https:\/\/innovitaskolan.se\/vallingby-park\/om\/skolmat\/#breadcrumb"},"inLanguage":"sv-SE","potentialAction":[{"@type":"ReadAction","target":["https:\/\/innovitaskolan.se\/vallingby-park\/om\/skolmat\/"]}]},{"@type":"BreadcrumbList","@id":"https:\/\/innovitaskolan.se\/vallingby-park\/om\/skolmat\/#breadcrumb","itemListElement":[{"@type":"ListItem","position":1,"name":"Start","item":"https:\/\/innovitaskolan.se\/vallingby-park\/"},{"@type":"ListItem","position":2,"name":"Om oss","item":"https:\/\/innovitaskolan.se\/vallingby-park\/om\/"},{"@type":"ListItem","position":3,"name":"V\u00e5r mat"}]},{"@type":"WebSite","@id":"https:\/\/innovitaskolan.se\/vallingby-park\/#website","url":"https:\/\/innovitaskolan.se\/vallingby-park\/","name":"V\u00e4llingby Park","description":"En del av AcadeMedia","potentialAction":[{"@type":"SearchAction","target":{"@type":"EntryPoint","urlTemplate":"https:\/\/innovitaskolan.se\/vallingby-park\/?s={search_term_string}"},"query-input":"required name=search_term_string"}],"inLanguage":"sv-SE"}]}},"_links":{"self":[{"href":"https:\/\/innovitaskolan.se\/vallingby-park\/wp-json\/wp\/v2\/pages\/34"}],"collection":[{"href":"https:\/\/innovitaskolan.se\/vallingby-park\/wp-json\/wp\/v2\/pages"}],"about":[{"href":"https:\/\/innovitaskolan.se\/vallingby-park\/wp-json\/wp\/v2\/types\/page"}],"author":[{"embeddable":true,"href":"https:\/\/innovitaskolan.se\/vallingby-park\/wp-json\/wp\/v2\/users\/1"}],"replies":[{"embeddable":true,"href":"https:\/\/innovitaskolan.se\/vallingby-park\/wp-json\/wp\/v2\/comments?post=34"}],"version-history":[{"count":10,"href":"https:\/\/innovitaskolan.se\/vallingby-park\/wp-json\/wp\/v2\/pages\/34\/revisions"}],"predecessor-version":[{"id":2105,"href":"https:\/\/innovitaskolan.se\/vallingby-park\/wp-json\/wp\/v2\/pages\/34\/revisions\/2105"}],"up":[{"embeddable":true,"href":"https:\/\/innovitaskolan.se\/vallingby-park\/wp-json\/wp\/v2\/pages\/20"}],"wp:attachment":[{"href":"https:\/\/innovitaskolan.se\/vallingby-park\/wp-json\/wp\/v2\/media?parent=34"}],"curies":[{"name":"wp","href":"https:\/\/api.w.org\/{rel}","templated":true}]}}