{"id":32,"date":"2021-03-04T11:30:30","date_gmt":"2021-03-04T10:30:30","guid":{"rendered":"https:\/\/innovitaskolan.se\/vallingby-park\/?page_id=32"},"modified":"2025-12-12T13:24:25","modified_gmt":"2025-12-12T12:24:25","slug":"lasarstider","status":"publish","type":"page","link":"https:\/\/innovitaskolan.se\/vallingby-park\/om\/lasarstider\/","title":{"rendered":"L\u00e4s\u00e5rstider"},"content":{"rendered":"\n\t<div class=\"module_wrapper ams_remote_pages_module \">\n\t\t\n\n<section  class=\"ams-cta ams-cta--stacked c-block l-stacked\" data-color-scheme=\"beige\">\n\t<div class=\"l-container l-stack l-stack-fluid-2xl u-pt-fluid-2xl-4xl u-pb-fluid-md-xl is-center is-center@md\">\n\t\t\t\t\t<div class=\"ams-cta__intro l-stack l-stack-lg\">\n\t\t\t\t\t\n\t<h1\n\tclass=\"c-heading u-font-title-1 \"\n\tstyle=\"\">\n\t\t\n\t\t\t\t\t\t\t\t\tL\u00e4s\u00e5rstider\n\t\t\t\t<span class=\"c-heading__sub is-below u-font-title-3\">\n\t\t\t\t\tNyfiken p\u00e5 n\u00e4r terminen b\u00f6rjar eller n\u00e4r det \u00e4r lovdagar och skolavslutning?\n\t\t\t\t<\/span>\n\t\t\t\t\t\t\t\n\t<\/h1>\n\n\t\t\t\t\t\t\t\t\t<div class=\"c-text l-stack u-cs-xl u-font-body\">\n\t\t\t\t\t\t<p>H\u00e4r samlar vi information om viktiga datum med reservation f\u00f6r \u00e4ndringar. I Schoolsoft hittar du mer information om avvikande tider och scheman f\u00f6r specifika klasser.<\/p>\n\n\t\t\t\t\t<\/div>\n\t\t\t\t\t\t\t<\/div>\n\t\t\n\t\t\n\t\t\t<\/div>\n\n\t\t\n\n<\/section>\n\t<\/div>\n\n\t\n\n\n\t\n\t\n\t\n\n\t\n\t\n\t\t\n<section  class=\"c-block l-stacked  \" data-color-scheme=\"\">\n\t<div class=\"ams-fifty ams-fifty--container ams-fifty--right ams-fifty--bottom l-container u-pt-fluid-md-xl u-pb-fluid-md-xl\">\n\t\t<div class=\"ams-fifty__content l-stack l-stack-xl is-left is-left@lg\">\n\t\t\t<div class=\"ams-fifty__text l-stack l-stack-lg\">\n\t\t\t\t\n\t\t\t\t\t\t\t\t\t<div class=\"text l-stack u-font-body\">\n\t\t\t\t\t\t<h2 class=\"wp-block-heading\">H\u00d6STTERMINEN 2025<\/h2>\n<p class=\"wp-block-heading\">Skolan b\u00f6rjar igen den 19 augusti.<\/p>\n<h3>H\u00f6stlov<\/h3>\n<p class=\"wp-block-heading\">H\u00f6stlovet 2025 \u00e4r vecka 44 mellan den 27 och 31 oktober.<\/p>\n<h3>Terminsavslutning och jullov<\/h3>\n<p class=\"wp-block-heading\">Skolan slutar den 21 december.<\/p>\n<h2>V\u00c5RTERMINEN 2026<\/h2>\n<p class=\"wp-block-heading\">Skolan b\u00f6rjar igen den 7 januari 2026.<\/p>\n<h3>Sportlov<\/h3>\n<p class=\"wp-block-heading\">Sportlovet 2026 \u00e4r vecka 9 mellan den 23 och 27 februari.<\/p>\n<h3>P\u00e5sklov<\/h3>\n<p class=\"wp-block-heading\">P\u00e5sklovet 2026 \u00e4r vecka 15.<\/p>\n<h3>Skolavslutning och sommarlov<\/h3>\n<p class=\"wp-block-heading\">Skolavslutningen \u00e4r 11 juni.<\/p>\n\n\t\t\t\t\t<\/div>\n\t\t\t\t\t\t\t<\/div>\n\n\t\t\t\t\t<\/div>\n\n\t\t <div class=\"ams-fifty__media u-ratio-square\">\n\t\t \t\t\t\t\t<img decoding=\"async\" width=\"600\" height=\"600\" src=\"https:\/\/innovitaskolan.se\/wp-content\/uploads\/sites\/30\/2025\/09\/innovitaskolan-mellanstadiet-segeltorp-202303-600x600.png\" class=\"attachment-md size-md\" alt=\"Elev som tittar i f\u00f6rstoringsglas.\" sizes=\"(min-width: 64em) 600px, calc(100vw - 160px)\" srcset=\"https:\/\/innovitaskolan.se\/wp-content\/uploads\/sites\/30\/2025\/09\/innovitaskolan-mellanstadiet-segeltorp-202303-600x600.png 600w, https:\/\/innovitaskolan.se\/wp-content\/uploads\/sites\/30\/2025\/09\/innovitaskolan-mellanstadiet-segeltorp-202303-150x150.png 150w, https:\/\/innovitaskolan.se\/wp-content\/uploads\/sites\/30\/2025\/09\/innovitaskolan-mellanstadiet-segeltorp-202303-300x300.png 300w, https:\/\/innovitaskolan.se\/wp-content\/uploads\/sites\/30\/2025\/09\/innovitaskolan-mellanstadiet-segeltorp-202303-400x400.png 400w, https:\/\/innovitaskolan.se\/wp-content\/uploads\/sites\/30\/2025\/09\/innovitaskolan-mellanstadiet-segeltorp-202303.png 667w\" \/>\n\t\t\t\n\t\t\t\n\t\t\t\t\t<\/div>\n\t<\/div>\n\n\t\t\n\n<\/section>\n\n\n<div   id=\"page-relative-menu\" class=\"site__font-monospace   container_width--full_width_conIcon   d-lg-none  \">\n\n\t\t\t\n<\/div>\n","protected":false},"excerpt":{"rendered":"","protected":false},"author":1,"featured_media":0,"parent":20,"menu_order":0,"comment_status":"closed","ping_status":"closed","template":"","meta":{"footnotes":""},"yoast_head":"<!-- This site is optimized with the Yoast SEO plugin v22.0 - https:\/\/yoast.com\/wordpress\/plugins\/seo\/ -->\n<title>Innovitaskolan V\u00e4llingby Park | L\u00e4s\u00e5rstider<\/title>\n<meta name=\"description\" content=\"Se v\u00e5ra l\u00e4s\u00e5rstider och viktiga datum f\u00f6r Innovitaskolan V\u00e4llingby Park. H\u00e4r hitta du information om terminstider, lov och studiedagar.\" \/>\n<meta name=\"robots\" content=\"index, follow, max-snippet:-1, max-image-preview:large, max-video-preview:-1\" \/>\n<link rel=\"canonical\" href=\"https:\/\/innovitaskolan.se\/vallingby-park\/om\/lasarstider\/\" \/>\n<meta property=\"og:locale\" content=\"sv_SE\" \/>\n<meta property=\"og:type\" content=\"article\" \/>\n<meta property=\"og:title\" content=\"Innovitaskolan V\u00e4llingby Park | L\u00e4s\u00e5rstider\" \/>\n<meta property=\"og:description\" content=\"Se v\u00e5ra l\u00e4s\u00e5rstider och viktiga datum f\u00f6r Innovitaskolan V\u00e4llingby Park. H\u00e4r hitta du information om terminstider, lov och studiedagar.\" \/>\n<meta property=\"og:url\" content=\"https:\/\/innovitaskolan.se\/vallingby-park\/om\/lasarstider\/\" \/>\n<meta property=\"og:site_name\" content=\"V\u00e4llingby Park\" \/>\n<meta property=\"article:modified_time\" content=\"2025-12-12T12:24:25+00:00\" \/>\n<meta name=\"twitter:card\" content=\"summary_large_image\" \/>\n<meta name=\"twitter:title\" content=\"Innovitaskolan V\u00e4llingby Park | L\u00e4s\u00e5rstider\" \/>\n<meta name=\"twitter:description\" content=\"Se v\u00e5ra l\u00e4s\u00e5rstider och viktiga datum f\u00f6r Innovitaskolan V\u00e4llingby Park. H\u00e4r hitta du information om terminstider, lov och studiedagar.\" \/>\n<meta name=\"twitter:label1\" content=\"Ber\u00e4knad l\u00e4stid\" \/>\n\t<meta name=\"twitter:data1\" content=\"1 minut\" \/>\n<script type=\"application\/ld+json\" class=\"yoast-schema-graph\">{\"@context\":\"https:\/\/schema.org\",\"@graph\":[{\"@type\":\"WebPage\",\"@id\":\"https:\/\/innovitaskolan.se\/vallingby-park\/om\/lasarstider\/\",\"url\":\"https:\/\/innovitaskolan.se\/vallingby-park\/om\/lasarstider\/\",\"name\":\"Innovitaskolan V\u00e4llingby Park | L\u00e4s\u00e5rstider\",\"isPartOf\":{\"@id\":\"https:\/\/innovitaskolan.se\/vallingby-park\/#website\"},\"datePublished\":\"2021-03-04T10:30:30+00:00\",\"dateModified\":\"2025-12-12T12:24:25+00:00\",\"description\":\"Se v\u00e5ra l\u00e4s\u00e5rstider och viktiga datum f\u00f6r Innovitaskolan V\u00e4llingby Park. H\u00e4r hitta du information om terminstider, lov och studiedagar.\",\"breadcrumb\":{\"@id\":\"https:\/\/innovitaskolan.se\/vallingby-park\/om\/lasarstider\/#breadcrumb\"},\"inLanguage\":\"sv-SE\",\"potentialAction\":[{\"@type\":\"ReadAction\",\"target\":[\"https:\/\/innovitaskolan.se\/vallingby-park\/om\/lasarstider\/\"]}]},{\"@type\":\"BreadcrumbList\",\"@id\":\"https:\/\/innovitaskolan.se\/vallingby-park\/om\/lasarstider\/#breadcrumb\",\"itemListElement\":[{\"@type\":\"ListItem\",\"position\":1,\"name\":\"Start\",\"item\":\"https:\/\/innovitaskolan.se\/vallingby-park\/\"},{\"@type\":\"ListItem\",\"position\":2,\"name\":\"Om oss\",\"item\":\"https:\/\/innovitaskolan.se\/vallingby-park\/om\/\"},{\"@type\":\"ListItem\",\"position\":3,\"name\":\"L\u00e4s\u00e5rstider\"}]},{\"@type\":\"WebSite\",\"@id\":\"https:\/\/innovitaskolan.se\/vallingby-park\/#website\",\"url\":\"https:\/\/innovitaskolan.se\/vallingby-park\/\",\"name\":\"V\u00e4llingby Park\",\"description\":\"En del av AcadeMedia\",\"potentialAction\":[{\"@type\":\"SearchAction\",\"target\":{\"@type\":\"EntryPoint\",\"urlTemplate\":\"https:\/\/innovitaskolan.se\/vallingby-park\/?s={search_term_string}\"},\"query-input\":\"required name=search_term_string\"}],\"inLanguage\":\"sv-SE\"}]}<\/script>\n<!-- \/ Yoast SEO plugin. -->","yoast_head_json":{"title":"Innovitaskolan V\u00e4llingby Park | L\u00e4s\u00e5rstider","description":"Se v\u00e5ra l\u00e4s\u00e5rstider och viktiga datum f\u00f6r Innovitaskolan V\u00e4llingby Park. H\u00e4r hitta du information om terminstider, lov och studiedagar.","robots":{"index":"index","follow":"follow","max-snippet":"max-snippet:-1","max-image-preview":"max-image-preview:large","max-video-preview":"max-video-preview:-1"},"canonical":"https:\/\/innovitaskolan.se\/vallingby-park\/om\/lasarstider\/","og_locale":"sv_SE","og_type":"article","og_title":"Innovitaskolan V\u00e4llingby Park | L\u00e4s\u00e5rstider","og_description":"Se v\u00e5ra l\u00e4s\u00e5rstider och viktiga datum f\u00f6r Innovitaskolan V\u00e4llingby Park. H\u00e4r hitta du information om terminstider, lov och studiedagar.","og_url":"https:\/\/innovitaskolan.se\/vallingby-park\/om\/lasarstider\/","og_site_name":"V\u00e4llingby Park","article_modified_time":"2025-12-12T12:24:25+00:00","twitter_card":"summary_large_image","twitter_title":"Innovitaskolan V\u00e4llingby Park | L\u00e4s\u00e5rstider","twitter_description":"Se v\u00e5ra l\u00e4s\u00e5rstider och viktiga datum f\u00f6r Innovitaskolan V\u00e4llingby Park. H\u00e4r hitta du information om terminstider, lov och studiedagar.","twitter_misc":{"Ber\u00e4knad l\u00e4stid":"1 minut"},"schema":{"@context":"https:\/\/schema.org","@graph":[{"@type":"WebPage","@id":"https:\/\/innovitaskolan.se\/vallingby-park\/om\/lasarstider\/","url":"https:\/\/innovitaskolan.se\/vallingby-park\/om\/lasarstider\/","name":"Innovitaskolan V\u00e4llingby Park | L\u00e4s\u00e5rstider","isPartOf":{"@id":"https:\/\/innovitaskolan.se\/vallingby-park\/#website"},"datePublished":"2021-03-04T10:30:30+00:00","dateModified":"2025-12-12T12:24:25+00:00","description":"Se v\u00e5ra l\u00e4s\u00e5rstider och viktiga datum f\u00f6r Innovitaskolan V\u00e4llingby Park. H\u00e4r hitta du information om terminstider, lov och studiedagar.","breadcrumb":{"@id":"https:\/\/innovitaskolan.se\/vallingby-park\/om\/lasarstider\/#breadcrumb"},"inLanguage":"sv-SE","potentialAction":[{"@type":"ReadAction","target":["https:\/\/innovitaskolan.se\/vallingby-park\/om\/lasarstider\/"]}]},{"@type":"BreadcrumbList","@id":"https:\/\/innovitaskolan.se\/vallingby-park\/om\/lasarstider\/#breadcrumb","itemListElement":[{"@type":"ListItem","position":1,"name":"Start","item":"https:\/\/innovitaskolan.se\/vallingby-park\/"},{"@type":"ListItem","position":2,"name":"Om oss","item":"https:\/\/innovitaskolan.se\/vallingby-park\/om\/"},{"@type":"ListItem","position":3,"name":"L\u00e4s\u00e5rstider"}]},{"@type":"WebSite","@id":"https:\/\/innovitaskolan.se\/vallingby-park\/#website","url":"https:\/\/innovitaskolan.se\/vallingby-park\/","name":"V\u00e4llingby Park","description":"En del av AcadeMedia","potentialAction":[{"@type":"SearchAction","target":{"@type":"EntryPoint","urlTemplate":"https:\/\/innovitaskolan.se\/vallingby-park\/?s={search_term_string}"},"query-input":"required name=search_term_string"}],"inLanguage":"sv-SE"}]}},"_links":{"self":[{"href":"https:\/\/innovitaskolan.se\/vallingby-park\/wp-json\/wp\/v2\/pages\/32"}],"collection":[{"href":"https:\/\/innovitaskolan.se\/vallingby-park\/wp-json\/wp\/v2\/pages"}],"about":[{"href":"https:\/\/innovitaskolan.se\/vallingby-park\/wp-json\/wp\/v2\/types\/page"}],"author":[{"embeddable":true,"href":"https:\/\/innovitaskolan.se\/vallingby-park\/wp-json\/wp\/v2\/users\/1"}],"replies":[{"embeddable":true,"href":"https:\/\/innovitaskolan.se\/vallingby-park\/wp-json\/wp\/v2\/comments?post=32"}],"version-history":[{"count":10,"href":"https:\/\/innovitaskolan.se\/vallingby-park\/wp-json\/wp\/v2\/pages\/32\/revisions"}],"predecessor-version":[{"id":2126,"href":"https:\/\/innovitaskolan.se\/vallingby-park\/wp-json\/wp\/v2\/pages\/32\/revisions\/2126"}],"up":[{"embeddable":true,"href":"https:\/\/innovitaskolan.se\/vallingby-park\/wp-json\/wp\/v2\/pages\/20"}],"wp:attachment":[{"href":"https:\/\/innovitaskolan.se\/vallingby-park\/wp-json\/wp\/v2\/media?parent=32"}],"curies":[{"name":"wp","href":"https:\/\/api.w.org\/{rel}","templated":true}]}}