{"id":30,"date":"2021-03-04T11:30:21","date_gmt":"2021-03-04T10:30:21","guid":{"rendered":"https:\/\/innovitaskolan.se\/vallingby-park\/?page_id=30"},"modified":"2025-09-26T11:47:08","modified_gmt":"2025-09-26T09:47:08","slug":"elevhalsa","status":"publish","type":"page","link":"https:\/\/innovitaskolan.se\/vallingby-park\/om\/elevhalsa\/","title":{"rendered":"Elevh\u00e4lsa"},"content":{"rendered":"\n\t\n\t\n\t\n\n\t\n\t\n\t\t\n<section  class=\"c-block l-stacked  \" data-color-scheme=\"\">\n\t<div class=\"ams-fifty ams-fifty--container ams-fifty--right ams-fifty--bottom l-container u-pt-fluid-2xl-4xl u-pb-fluid-md-xl\">\n\t\t<div class=\"ams-fifty__content l-stack l-stack-xl is-left is-left@lg\">\n\t\t\t<div class=\"ams-fifty__text l-stack l-stack-lg\">\n\t\t\t\t\t\n\t<h1\n\tclass=\"c-heading u-font-title-1 \"\n\tstyle=\"\">\n\t\t\n\t\t\t\t\t\t\t\t\tElevh\u00e4lsa p\u00e5 Innovita&shy;skolan V\u00e4llingby Park \n\t\t\t\t<span class=\"c-heading__sub is-below u-font-title-3\">\n\t\t\t\t\tV\u00e5r elevh\u00e4lsa arbetar f\u00f6rebyggande och h\u00e4lsofr\u00e4mjande.\n\t\t\t\t<\/span>\n\t\t\t\t\t\t\t\n\t<\/h1>\n\n\t\t\t\t\t\t\t\t\t<div class=\"text l-stack u-font-body\">\n\t\t\t\t\t\t<p><!-- wp:heading --><\/p>\n<h2 class=\"wp-block-heading\">Elevh\u00e4lsoteamet och deras arbete<\/h2>\n<p>Elevh\u00e4lsoteamets uppdrag \u00e4r att st\u00f6tta eleverna f\u00f6r att de ska m\u00e5 bra, kunna n\u00e5 utbildningens m\u00e5l och underl\u00e4tta f\u00f6r inl\u00e4rning och studier. V\u00e5rt elevh\u00e4lsoteam best\u00e5r av rektor, specialpedagog, speciall\u00e4rare, skolkurator, skolsk\u00f6terska, skoll\u00e4kare och skolpsykolog.<\/p>\n<h2 class=\"wp-block-heading\">Elevh\u00e4lsans funktion<\/h2>\n<p>Tillsammans med l\u00e4rare och skolpersonal arbetar vi st\u00e4ndigt med att skapa en god milj\u00f6 och f\u00f6rebygga oh\u00e4lsa. Vi arbetar \u00e4ven med bed\u00f6mning, att ge information och hj\u00e4lpa vid exempelvis inl\u00e4rningssv\u00e5righeter och utveckling, samt bidra med handledning f\u00f6r skolpersonal. Elevh\u00e4lsan \u00e4r tillg\u00e4nglig f\u00f6r alla elever men \u00e4ven f\u00f6r skolpersonal och v\u00e5rdnadshavare som kan ta kontakt med elevh\u00e4lsan vid behov.<\/p>\n<p><!-- \/wp:paragraph --><\/p>\n\n\t\t\t\t\t<\/div>\n\t\t\t\t\t\t\t<\/div>\n\n\t\t\t\t\t<\/div>\n\n\t\t <div class=\"ams-fifty__media u-ratio-square\">\n\t\t \t\t\t\t\t<img decoding=\"async\" width=\"600\" height=\"600\" src=\"https:\/\/innovitaskolan.se\/wp-content\/uploads\/sites\/30\/2025\/09\/innovitaskolan-elevhalsa-segeltorp-202305-600x600.png\" class=\"attachment-md size-md\" alt=\"Elev och pedagog som pratar.\" sizes=\"(min-width: 64em) 600px, calc(100vw - 160px)\" srcset=\"https:\/\/innovitaskolan.se\/wp-content\/uploads\/sites\/30\/2025\/09\/innovitaskolan-elevhalsa-segeltorp-202305-600x600.png 600w, https:\/\/innovitaskolan.se\/wp-content\/uploads\/sites\/30\/2025\/09\/innovitaskolan-elevhalsa-segeltorp-202305-150x150.png 150w, https:\/\/innovitaskolan.se\/wp-content\/uploads\/sites\/30\/2025\/09\/innovitaskolan-elevhalsa-segeltorp-202305-300x300.png 300w, https:\/\/innovitaskolan.se\/wp-content\/uploads\/sites\/30\/2025\/09\/innovitaskolan-elevhalsa-segeltorp-202305-400x400.png 400w, https:\/\/innovitaskolan.se\/wp-content\/uploads\/sites\/30\/2025\/09\/innovitaskolan-elevhalsa-segeltorp-202305.png 667w\" \/>\n\t\t\t\n\t\t\t\n\t\t\t\t\t<\/div>\n\t<\/div>\n\n\t\t\n\n<\/section>\n\n\n\n\t<div class=\"module_wrapper ams_remote_pages_module \">\n\t\t\n\t\n\t\n\t\n\n\t\n\t\n\t\t\n<section  class=\"c-block l-stacked  \" data-color-scheme=\"\">\n\t<div class=\"ams-fifty ams-fifty--container ams-fifty--left ams-fifty--bottom l-container u-pt-fluid-md-xl u-pb-fluid-md-xl\">\n\t\t<div class=\"ams-fifty__content l-stack l-stack-xl is-left is-left@lg\">\n\t\t\t<div class=\"ams-fifty__text l-stack l-stack-lg\">\n\t\t\t\t\n\t\t\t\t\t\t\t\t\t<div class=\"text l-stack u-font-body\">\n\t\t\t\t\t\t<h2>Skolsk\u00f6terska<\/h2>\n<p>V\u00e5r skolsk\u00f6terska erbjuder eleverna h\u00e4lsobes\u00f6k, h\u00e4lsosamtal samt vaccinationer enligt det <a href=\"https:\/\/www.folkhalsomyndigheten.se\/smittskydd-beredskap\/vaccinationer\/vaccinationsprogram\/allmant-program-for-barn\/\">nationella vaccinationsprogrammet<\/a>. Skolsk\u00f6terskan har det medicinska fokuset i elevh\u00e4lsoteamet och d\u00e4rmed i hela skolan.<\/p>\n<h2>Kurator<\/h2>\n<p>V\u00e5r kurator fungerar som ett st\u00f6d i det pedagogiska arbetet. Kuratorn arbetar med skolans v\u00e4rdegrundsfr\u00e5gor och likabehandlingsarbete samt elevens l\u00e4rande, h\u00e4lsa, skoln\u00e4rvaro, trivsel f\u00f6r att motverka kr\u00e4nkningar och diskriminering.<\/p>\n<h2>Skoll\u00e4kare<\/h2>\n<p>V\u00e5r skoll\u00e4kare tr\u00e4ffar elever f\u00f6r medicinsk bed\u00f6mning och tillf\u00f6r kompetens i elevh\u00e4lsoarbetet.<\/p>\n\n\t\t\t\t\t<\/div>\n\t\t\t\t\t\t\t<\/div>\n\n\t\t\t\t\t<\/div>\n\n\t\t <div class=\"ams-fifty__media u-ratio-square\">\n\t\t \t\t\t\t\t<img decoding=\"async\" width=\"600\" height=\"600\" src=\"https:\/\/innovitaskolan.se\/wp-content\/uploads\/2025\/09\/innovitaskolansegeltorp202204elevhalsa1webbform-600x600.png\" class=\"attachment-md size-md\" alt=\"Skoll\u00e4kare g\u00f6r en \u00f6gonkontroll p\u00e5 elev som ser bokst\u00e4ver framf\u00f6r sig.\" sizes=\"(min-width: 64em) 600px, calc(100vw - 160px)\" srcset=\"https:\/\/innovitaskolan.se\/wp-content\/uploads\/2025\/09\/innovitaskolansegeltorp202204elevhalsa1webbform-600x600.png 600w, https:\/\/innovitaskolan.se\/wp-content\/uploads\/2025\/09\/innovitaskolansegeltorp202204elevhalsa1webbform-150x150.png 150w, https:\/\/innovitaskolan.se\/wp-content\/uploads\/2025\/09\/innovitaskolansegeltorp202204elevhalsa1webbform-300x300.png 300w, https:\/\/innovitaskolan.se\/wp-content\/uploads\/2025\/09\/innovitaskolansegeltorp202204elevhalsa1webbform-400x400.png 400w, https:\/\/innovitaskolan.se\/wp-content\/uploads\/2025\/09\/innovitaskolansegeltorp202204elevhalsa1webbform.png 667w\" \/>\n\t\t\t\n\t\t\t\n\t\t\t\t\t<\/div>\n\t<\/div>\n\n\t\t\n\n<\/section>\n\n\t\n\t\n\t\n\n\t\n\t\n\t\t\n<section  class=\"c-block l-stacked  \" data-color-scheme=\"\">\n\t<div class=\"ams-fifty ams-fifty--container ams-fifty--right ams-fifty--bottom l-container u-pt-fluid-md-xl u-pb-fluid-md-xl\">\n\t\t<div class=\"ams-fifty__content l-stack l-stack-xl is-left is-left@lg\">\n\t\t\t<div class=\"ams-fifty__text l-stack l-stack-lg\">\n\t\t\t\t\n\t\t\t\t\t\t\t\t\t<div class=\"text l-stack u-font-body\">\n\t\t\t\t\t\t<h2>Skolpsykolog<\/h2>\n<p>Genom konsultation och utbildning samverkar skolpsykologen med den pedagogiska personalen. Skolpsykologen genomf\u00f6r utredningar f\u00f6r att uppt\u00e4cka psykologiska hinder f\u00f6r inl\u00e4rning hos eleverna och erbjuder anpassningar och \u00e5tg\u00e4rder d\u00e5 det beh\u00f6vs.<\/p>\n<h2>Specialpedagog<\/h2>\n<p>V\u00e5r specialpedagog samarbetar med l\u00e4rarna. P\u00e5 s\u00e5 s\u00e4tt kan vi kartl\u00e4gga, f\u00f6rebygga och undanr\u00f6ja hinder f\u00f6r l\u00e4rande samt planera och genomf\u00f6ra specialanpassningar. Specialpedagogen har en central roll i kartl\u00e4ggningen av elevernas behov av s\u00e4rskilt st\u00f6d och uppr\u00e4ttar d\u00e4refter \u00e5tg\u00e4rdsprogram.<\/p>\n<h2>Medicinsk insats och h\u00e4lsobes\u00f6k f\u00f6r grundskolan<\/h2>\n<p>I grundskolan erbjuds eleverna tre h\u00e4lsobes\u00f6k hos skolans skolsk\u00f6terska. Dessa h\u00e4lsobes\u00f6k innefattar allm\u00e4nna h\u00e4lsokontroller och h\u00e4lsosamtal. I \u00e5rskurs 2 och 6 erbjuds eleverna en tillv\u00e4xtkontroll.<\/p>\n\n\t\t\t\t\t<\/div>\n\t\t\t\t\t\t\t<\/div>\n\n\t\t\t\t\t<\/div>\n\n\t\t <div class=\"ams-fifty__media u-ratio-square\">\n\t\t \t\t\t\t\t<img decoding=\"async\" width=\"600\" height=\"600\" src=\"https:\/\/innovitaskolan.se\/wp-content\/uploads\/2025\/09\/innovitaskolansegeltorp202204forskoleklass-lagstadie7webbform-600x600.png\" class=\"attachment-md size-md\" alt=\"Elev sitter i klassrum.\" sizes=\"(min-width: 64em) 600px, calc(100vw - 160px)\" srcset=\"https:\/\/innovitaskolan.se\/wp-content\/uploads\/2025\/09\/innovitaskolansegeltorp202204forskoleklass-lagstadie7webbform-600x600.png 600w, https:\/\/innovitaskolan.se\/wp-content\/uploads\/2025\/09\/innovitaskolansegeltorp202204forskoleklass-lagstadie7webbform-150x150.png 150w, https:\/\/innovitaskolan.se\/wp-content\/uploads\/2025\/09\/innovitaskolansegeltorp202204forskoleklass-lagstadie7webbform-300x300.png 300w, https:\/\/innovitaskolan.se\/wp-content\/uploads\/2025\/09\/innovitaskolansegeltorp202204forskoleklass-lagstadie7webbform-400x400.png 400w, https:\/\/innovitaskolan.se\/wp-content\/uploads\/2025\/09\/innovitaskolansegeltorp202204forskoleklass-lagstadie7webbform.png 667w\" \/>\n\t\t\t\n\t\t\t\n\t\t\t\t\t<\/div>\n\t<\/div>\n\n\t\t\n\n<\/section>\n\t<\/div>\n\n\t\n\n\n<section \n\t\t class=\"\n\t\t ams-contact\n\t\t \n\t\t c-block l-stacked\n\t\t \n\t\t \n\t\t js-load-more\n\t\t \"\n\t\t data-color-scheme=\"kontakt-ljus\"\n\t\t\t\t\tdata-count=\"3\"\n\t\t\t\t\t\t\tdata-count-mobile=\"2\"\n\t\t\t\t>\n\t<div\n\t\t class=\"\n\t\t l-container\n\t\t l-stack l-stack-fluid-2xl\n\t\t u-pt-fluid-3xl-6xl\n\t\t u-pb-fluid-3xl-6xl\n\t\t is-center\n\t\t is-center@md\n\t\t \">\n\t\t\t\t\t<div class=\"ams-contact__intro l-stack l-stack-lg\">\n\t\t\t\t\t\n\t<h2\n\tclass=\"c-heading u-font-title-1 \"\n\tstyle=\"\">\n\t\t\n\t\t\t\t\tHar du fr\u00e5gor om elevh\u00e4lsan?\n\t\t\t\t\n\t<\/h2>\n\n\t\t\t\t\t\t\t\t\t<div class=\"c-text l-stack u-cs-xl u-font-body\">\n\t\t\t\t\t\t<p>Kontakta g\u00e4rna skolsk\u00f6terskan, tillg\u00e4nglig m\u00e5ndag &amp; tisdag, p\u00e5 Innovitaskolan V\u00e4llingby Park. Om skolsk\u00f6terskan inte \u00e4r tillg\u00e4nglig kan du alltid kontakta rektorn p\u00e5 v\u00e5r kontaktsida.<\/p>\n\n\t\t\t\t\t<\/div>\n\t\t\t\t\t\t\t<\/div>\n\t\t\n\t\t\n\t\t    \t\n\t\t\n\t\t<ul\n\t\t\tid=\"contact-grid-69dfc13d01a51\"\n\t\t\tclass=\"ams-contact__list l-grid u-gap-fluid-2xl-4xl u-justify-center js-results \"\n\t\t\taria-label=\"Kontakter\"\n\t\t\tdata-filter-animation=\"off\"\n\t\t\t>\n\t\t\t\t\t\t\t\t\t\t\t\n\t\t\t\t\n\t\t\t\t<li class=\"l-col-6@md l-col-4@lg \" data-filter=\"f\">\n\t\t\t\t\t<article class=\"c-card \" data-variant=\"neutral\">\n\t\t\t\t\t\t<div class=\"c-card__content u-text-center\">\n\t\t\t\t\t\t\t\n\t\t\t\t\t\t\t\t\t\t\t\t\t\t\t<p class=\"position u-font-body\">Skolsk\u00f6terska<\/p>\n\t\t\t\t\t\t\t\n\t\t\t\t\t\t\t\t\t\t\t\t\t\t\t<div class=\"contact-info u-font-body\">\n\t\t\t\t\t\t\t\t\t\t\t\t\t\t\t\t\t\t\t\t\t\t\t\t\t\t\t\t\t\t<p class=\"phone\"><a\n\t\t\t\t\t\t\t\t\t\t\t\t\thref=\"tel:0702418032\"\n\t\t\t\t\t\t\t\t\t\t\t\t\tclass=\"u-text-link\">070-241 80 32<\/a>\n\t\t\t\t\t\t\t\t\t\t\t<\/p>\n\t\t\t\t\t\t\t\t\t\t\t\t\t\t\t\t\t\t\t\n\t\t\t\t\t\t\t\t\t\t\t\t\t\t\t\t\t\t\t\t\t\t\t\t\t\t\t\t\t\t<p class=\"email\"><a\n\t\t\t\t\t\t\t\t\t\t\t\t\thref=\"m&#097;&#105;l&#116;&#111;&#058;&#109;idi&#097;.sk&#097;u&#064;&#073;&#110;n&#111;vitask&#111;l&#097;n.&#115;&#101;\"\n\t\t\t\t\t\t\t\t\t\t\t\t\tclass=\"u-text-link\">&#109;&#105;&#100;&#105;a&#046;&#115;&#107;a&#117;&#064;I&#110;nov&#105;&#116;a&#115;&#107;&#111;&#108;a&#110;.se<\/a>\n\t\t\t\t\t\t\t\t\t\t\t<\/p>\n\t\t\t\t\t\t\t\t\t\t\t\t\t\t\t\t\t\t\t\t\t\t\t\t\t\t\t<\/div>\n\t\t\t\t\t\t\t\n\t\t\t\t\t\t\t\t\t\t\t\t\t<\/div>\n\t\t\t\t\t\t<div class=\"c-card__media\">\n\t\t\t\t\t\t\t\t\t\t\t\t\t\t\t\t\t\t\t\t\t\t\t\t\t\t\t\t\t\t\t\t\t\t\t\t\t\t\t\t\t\t\t\t\t\t\t\t\t<img decoding=\"async\" src=\"https:\/\/innovitaskolan.se\/wp-content\/uploads\/2021\/09\/innovitaskolanwebbavatarprimarfarg2.svg\" class=\"u-radius-rounded u-ratio-landscape card-image-mask-shape4 \" alt=\"Avatarbild.\" sizes=\"(max-width: 300px) 100vw, 300px\" height=\"242\" width=\"330\" \/>\n\t\t\t\t\t\t<\/div>\n\t\t\t\t\t<\/article>\n\t\t\t\t<\/li>\n\t\t\t\t\t<\/ul>\n\n\t\t\n\t\t    <div class=\"ams-contact__more u-inline-items js-load-more-btn\">\n        <button href=\"#\"\n                class=\"c-btn\"\n                data-style=\"round\"\n                data-size=\"md\"\n                data-width=\"full-mobile\"\n                data-variant=\"outline\">\n        \tVisa mer\n        <\/button>\n    <\/div>\n\n\t\t\t<\/div>\n\n\t\t\n\n<\/section>\n\n\n<div   id=\"page-relative-menu\" class=\"site__font-monospace   container_width--full_width_conIcon   d-lg-none  \">\n\n\t\t\t\n<\/div>\n","protected":false},"excerpt":{"rendered":"","protected":false},"author":1,"featured_media":0,"parent":20,"menu_order":0,"comment_status":"closed","ping_status":"closed","template":"","meta":{"footnotes":""},"yoast_head":"<!-- This site is optimized with the Yoast SEO plugin v22.0 - https:\/\/yoast.com\/wordpress\/plugins\/seo\/ -->\n<title>Elevh\u00e4lsa |\u00a0Innovitaskolan V\u00e4llingby Park | Om skolan<\/title>\n<meta name=\"description\" content=\"Innovitaskolan V\u00e4llingby Parks elevh\u00e4lsa arbetar f\u00f6rebyggande och fr\u00e4mjar h\u00e4lsa s\u00e5v\u00e4l som l\u00e4rande i samband med skolh\u00e4lsov\u00e5rden. L\u00e4s mer h\u00e4r!\" \/>\n<meta name=\"robots\" content=\"index, follow, max-snippet:-1, max-image-preview:large, max-video-preview:-1\" \/>\n<link rel=\"canonical\" href=\"https:\/\/innovitaskolan.se\/vallingby-park\/om\/elevhalsa\/\" \/>\n<meta property=\"og:locale\" content=\"sv_SE\" \/>\n<meta property=\"og:type\" content=\"article\" \/>\n<meta property=\"og:title\" content=\"Elevh\u00e4lsa |\u00a0Innovitaskolan V\u00e4llingby Park | Om skolan\" \/>\n<meta property=\"og:description\" content=\"Innovitaskolan V\u00e4llingby Parks elevh\u00e4lsa arbetar f\u00f6rebyggande och fr\u00e4mjar h\u00e4lsa s\u00e5v\u00e4l som l\u00e4rande i samband med skolh\u00e4lsov\u00e5rden. L\u00e4s mer h\u00e4r!\" \/>\n<meta property=\"og:url\" content=\"https:\/\/innovitaskolan.se\/vallingby-park\/om\/elevhalsa\/\" \/>\n<meta property=\"og:site_name\" content=\"V\u00e4llingby Park\" \/>\n<meta property=\"article:modified_time\" content=\"2025-09-26T09:47:08+00:00\" \/>\n<meta name=\"twitter:card\" content=\"summary_large_image\" \/>\n<meta name=\"twitter:title\" content=\"Elevh\u00e4lsa |\u00a0Innovitaskolan V\u00e4llingby Park | Om skolan\" \/>\n<meta name=\"twitter:description\" content=\"Innovitaskolan V\u00e4llingby Parks elevh\u00e4lsa arbetar f\u00f6rebyggande och fr\u00e4mjar h\u00e4lsa s\u00e5v\u00e4l som l\u00e4rande i samband med skolh\u00e4lsov\u00e5rden. L\u00e4s mer h\u00e4r!\" \/>\n<meta name=\"twitter:label1\" content=\"Ber\u00e4knad l\u00e4stid\" \/>\n\t<meta name=\"twitter:data1\" content=\"1 minut\" \/>\n<script type=\"application\/ld+json\" class=\"yoast-schema-graph\">{\"@context\":\"https:\/\/schema.org\",\"@graph\":[{\"@type\":\"WebPage\",\"@id\":\"https:\/\/innovitaskolan.se\/vallingby-park\/om\/elevhalsa\/\",\"url\":\"https:\/\/innovitaskolan.se\/vallingby-park\/om\/elevhalsa\/\",\"name\":\"Elevh\u00e4lsa |\u00a0Innovitaskolan V\u00e4llingby Park | Om skolan\",\"isPartOf\":{\"@id\":\"https:\/\/innovitaskolan.se\/vallingby-park\/#website\"},\"datePublished\":\"2021-03-04T10:30:21+00:00\",\"dateModified\":\"2025-09-26T09:47:08+00:00\",\"description\":\"Innovitaskolan V\u00e4llingby Parks elevh\u00e4lsa arbetar f\u00f6rebyggande och fr\u00e4mjar h\u00e4lsa s\u00e5v\u00e4l som l\u00e4rande i samband med skolh\u00e4lsov\u00e5rden. L\u00e4s mer h\u00e4r!\",\"breadcrumb\":{\"@id\":\"https:\/\/innovitaskolan.se\/vallingby-park\/om\/elevhalsa\/#breadcrumb\"},\"inLanguage\":\"sv-SE\",\"potentialAction\":[{\"@type\":\"ReadAction\",\"target\":[\"https:\/\/innovitaskolan.se\/vallingby-park\/om\/elevhalsa\/\"]}]},{\"@type\":\"BreadcrumbList\",\"@id\":\"https:\/\/innovitaskolan.se\/vallingby-park\/om\/elevhalsa\/#breadcrumb\",\"itemListElement\":[{\"@type\":\"ListItem\",\"position\":1,\"name\":\"Start\",\"item\":\"https:\/\/innovitaskolan.se\/vallingby-park\/\"},{\"@type\":\"ListItem\",\"position\":2,\"name\":\"Om oss\",\"item\":\"https:\/\/innovitaskolan.se\/vallingby-park\/om\/\"},{\"@type\":\"ListItem\",\"position\":3,\"name\":\"Elevh\u00e4lsa\"}]},{\"@type\":\"WebSite\",\"@id\":\"https:\/\/innovitaskolan.se\/vallingby-park\/#website\",\"url\":\"https:\/\/innovitaskolan.se\/vallingby-park\/\",\"name\":\"V\u00e4llingby Park\",\"description\":\"En del av AcadeMedia\",\"potentialAction\":[{\"@type\":\"SearchAction\",\"target\":{\"@type\":\"EntryPoint\",\"urlTemplate\":\"https:\/\/innovitaskolan.se\/vallingby-park\/?s={search_term_string}\"},\"query-input\":\"required name=search_term_string\"}],\"inLanguage\":\"sv-SE\"}]}<\/script>\n<!-- \/ Yoast SEO plugin. -->","yoast_head_json":{"title":"Elevh\u00e4lsa |\u00a0Innovitaskolan V\u00e4llingby Park | Om skolan","description":"Innovitaskolan V\u00e4llingby Parks elevh\u00e4lsa arbetar f\u00f6rebyggande och fr\u00e4mjar h\u00e4lsa s\u00e5v\u00e4l som l\u00e4rande i samband med skolh\u00e4lsov\u00e5rden. L\u00e4s mer h\u00e4r!","robots":{"index":"index","follow":"follow","max-snippet":"max-snippet:-1","max-image-preview":"max-image-preview:large","max-video-preview":"max-video-preview:-1"},"canonical":"https:\/\/innovitaskolan.se\/vallingby-park\/om\/elevhalsa\/","og_locale":"sv_SE","og_type":"article","og_title":"Elevh\u00e4lsa |\u00a0Innovitaskolan V\u00e4llingby Park | Om skolan","og_description":"Innovitaskolan V\u00e4llingby Parks elevh\u00e4lsa arbetar f\u00f6rebyggande och fr\u00e4mjar h\u00e4lsa s\u00e5v\u00e4l som l\u00e4rande i samband med skolh\u00e4lsov\u00e5rden. L\u00e4s mer h\u00e4r!","og_url":"https:\/\/innovitaskolan.se\/vallingby-park\/om\/elevhalsa\/","og_site_name":"V\u00e4llingby Park","article_modified_time":"2025-09-26T09:47:08+00:00","twitter_card":"summary_large_image","twitter_title":"Elevh\u00e4lsa |\u00a0Innovitaskolan V\u00e4llingby Park | Om skolan","twitter_description":"Innovitaskolan V\u00e4llingby Parks elevh\u00e4lsa arbetar f\u00f6rebyggande och fr\u00e4mjar h\u00e4lsa s\u00e5v\u00e4l som l\u00e4rande i samband med skolh\u00e4lsov\u00e5rden. L\u00e4s mer h\u00e4r!","twitter_misc":{"Ber\u00e4knad l\u00e4stid":"1 minut"},"schema":{"@context":"https:\/\/schema.org","@graph":[{"@type":"WebPage","@id":"https:\/\/innovitaskolan.se\/vallingby-park\/om\/elevhalsa\/","url":"https:\/\/innovitaskolan.se\/vallingby-park\/om\/elevhalsa\/","name":"Elevh\u00e4lsa |\u00a0Innovitaskolan V\u00e4llingby Park | Om skolan","isPartOf":{"@id":"https:\/\/innovitaskolan.se\/vallingby-park\/#website"},"datePublished":"2021-03-04T10:30:21+00:00","dateModified":"2025-09-26T09:47:08+00:00","description":"Innovitaskolan V\u00e4llingby Parks elevh\u00e4lsa arbetar f\u00f6rebyggande och fr\u00e4mjar h\u00e4lsa s\u00e5v\u00e4l som l\u00e4rande i samband med skolh\u00e4lsov\u00e5rden. L\u00e4s mer h\u00e4r!","breadcrumb":{"@id":"https:\/\/innovitaskolan.se\/vallingby-park\/om\/elevhalsa\/#breadcrumb"},"inLanguage":"sv-SE","potentialAction":[{"@type":"ReadAction","target":["https:\/\/innovitaskolan.se\/vallingby-park\/om\/elevhalsa\/"]}]},{"@type":"BreadcrumbList","@id":"https:\/\/innovitaskolan.se\/vallingby-park\/om\/elevhalsa\/#breadcrumb","itemListElement":[{"@type":"ListItem","position":1,"name":"Start","item":"https:\/\/innovitaskolan.se\/vallingby-park\/"},{"@type":"ListItem","position":2,"name":"Om oss","item":"https:\/\/innovitaskolan.se\/vallingby-park\/om\/"},{"@type":"ListItem","position":3,"name":"Elevh\u00e4lsa"}]},{"@type":"WebSite","@id":"https:\/\/innovitaskolan.se\/vallingby-park\/#website","url":"https:\/\/innovitaskolan.se\/vallingby-park\/","name":"V\u00e4llingby Park","description":"En del av AcadeMedia","potentialAction":[{"@type":"SearchAction","target":{"@type":"EntryPoint","urlTemplate":"https:\/\/innovitaskolan.se\/vallingby-park\/?s={search_term_string}"},"query-input":"required name=search_term_string"}],"inLanguage":"sv-SE"}]}},"_links":{"self":[{"href":"https:\/\/innovitaskolan.se\/vallingby-park\/wp-json\/wp\/v2\/pages\/30"}],"collection":[{"href":"https:\/\/innovitaskolan.se\/vallingby-park\/wp-json\/wp\/v2\/pages"}],"about":[{"href":"https:\/\/innovitaskolan.se\/vallingby-park\/wp-json\/wp\/v2\/types\/page"}],"author":[{"embeddable":true,"href":"https:\/\/innovitaskolan.se\/vallingby-park\/wp-json\/wp\/v2\/users\/1"}],"replies":[{"embeddable":true,"href":"https:\/\/innovitaskolan.se\/vallingby-park\/wp-json\/wp\/v2\/comments?post=30"}],"version-history":[{"count":9,"href":"https:\/\/innovitaskolan.se\/vallingby-park\/wp-json\/wp\/v2\/pages\/30\/revisions"}],"predecessor-version":[{"id":2010,"href":"https:\/\/innovitaskolan.se\/vallingby-park\/wp-json\/wp\/v2\/pages\/30\/revisions\/2010"}],"up":[{"embeddable":true,"href":"https:\/\/innovitaskolan.se\/vallingby-park\/wp-json\/wp\/v2\/pages\/20"}],"wp:attachment":[{"href":"https:\/\/innovitaskolan.se\/vallingby-park\/wp-json\/wp\/v2\/media?parent=30"}],"curies":[{"name":"wp","href":"https:\/\/api.w.org\/{rel}","templated":true}]}}