{"id":24,"date":"2021-03-04T11:29:47","date_gmt":"2021-03-04T10:29:47","guid":{"rendered":"https:\/\/innovitaskolan.se\/vallingby-park\/?page_id=24"},"modified":"2026-01-09T09:46:36","modified_gmt":"2026-01-09T08:46:36","slug":"grundskola","status":"publish","type":"page","link":"https:\/\/innovitaskolan.se\/vallingby-park\/om\/grundskola\/","title":{"rendered":"Grundskola"},"content":{"rendered":"\n\t\n\t\n\t\n\n\t\n\t\n\t\t\n<section  class=\"c-block l-stacked  \" data-color-scheme=\"\">\n\t<div class=\"ams-fifty ams-fifty--container ams-fifty--right ams-fifty--bottom l-container u-pt-fluid-2xl-4xl u-pb-fluid-md-xl\">\n\t\t<div class=\"ams-fifty__content l-stack l-stack-xl is-left is-left@lg\">\n\t\t\t<div class=\"ams-fifty__text l-stack l-stack-lg\">\n\t\t\t\t\t\n\t<h1\n\tclass=\"c-heading u-font-title-1 \"\n\tstyle=\"\">\n\t\t\n\t\t\t\t\t\t\t\t\tGrundskola p\u00e5 Innovitaskolan V\u00e4llingby Park\n\t\t\t\t<span class=\"c-heading__sub is-below u-font-title-3\">\n\t\t\t\t\tEn grundskola d\u00e4r eleverna utvecklas genom kreativitet och l\u00e4rande f\u00f6r varje framtid.\n\t\t\t\t<\/span>\n\t\t\t\t\t\t\t\n\t<\/h1>\n\n\t\t\t\t\t\t\t\t\t<div class=\"text l-stack u-font-body\">\n\t\t\t\t\t\t<p><!-- wp:heading --><\/p>\n<h2 class=\"wp-block-heading\">F\u00f6rskoleklass till \u00e5rskurs 9<\/h2>\n<p>P\u00e5 Innovitaskolan V\u00e4llingby Park v\u00e4rnar vi om ett n\u00e4ra samarbete mellan klasserna d\u00e4r stora och sm\u00e5 kan m\u00f6tas och l\u00e4ra k\u00e4nna varandra och d\u00e4rf\u00f6r samarbetar vi \u00f6ver \u00e5ldersgrupperna. Eleverna p\u00e5 v\u00e5r grundskola \u00e4r uppdelade i tv\u00e5 arbetslag p\u00e5 tv\u00e5 olika skolhus.<\/p>\n<h2 class=\"wp-block-heading\">Gemensamma fokusomr\u00e5den<\/h2>\n<p>P\u00e5 grundskolan arbetar vi med gemensamma fokusomr\u00e5den som \u00e4r tydliga f\u00f6r b\u00e5de l\u00e4rare och elever s\u00e5 alla vet vart vi \u00e4r p\u00e5 v\u00e4g. Vi har stort fokus p\u00e5 svenska f\u00f6r att g\u00f6ra det m\u00f6jligt f\u00f6r alla elever att n\u00e5 m\u00e5len i alla \u00e4mnen. P\u00e5 skolan har vi byggt ett fint bibliotek och har en bibliotekspedagog som tar emot l\u00e4sgrupper d\u00e4r de har h\u00f6gl\u00e4sning och boksamtal f\u00f6r att f\u00f6rdjupa l\u00e4sf\u00f6rst\u00e5elsen och locka till individuell l\u00e4sning.<\/p>\n<p>Vi l\u00e4gger en ordentlig grund i samtliga \u00e4mnen f\u00f6r att sedan kunna utmana eleverna till att ta fram fr\u00e5gest\u00e4llningar, hypoteser och s\u00f6ka fakta f\u00f6r att f\u00e5 kunskaper utanf\u00f6r de traditionella skolomr\u00e5dena. P\u00e5 Innovitaskolan V\u00e4llingby Park tror vi p\u00e5 varandra och p\u00e5 oss sj\u00e4lva, hos oss \u00e4r alla elever stj\u00e4rnor.<\/p>\n<p><!-- \/wp:paragraph --><\/p>\n\n\t\t\t\t\t<\/div>\n\t\t\t\t\t\t\t<\/div>\n\n\t\t\t\t\t<\/div>\n\n\t\t <div class=\"ams-fifty__media u-ratio-square\">\n\t\t \t\t\t\t\t<img decoding=\"async\" width=\"600\" height=\"600\" src=\"https:\/\/innovitaskolan.se\/wp-content\/uploads\/sites\/30\/2025\/09\/innovitaskolan-mellanstadiet-segeltorp-202303-2-600x600.png\" class=\"attachment-md size-md\" alt=\"Elever som tittar i f\u00f6rstoringsglas.\" sizes=\"(min-width: 64em) 600px, calc(100vw - 160px)\" srcset=\"https:\/\/innovitaskolan.se\/wp-content\/uploads\/sites\/30\/2025\/09\/innovitaskolan-mellanstadiet-segeltorp-202303-2-600x600.png 600w, https:\/\/innovitaskolan.se\/wp-content\/uploads\/sites\/30\/2025\/09\/innovitaskolan-mellanstadiet-segeltorp-202303-2-150x150.png 150w, https:\/\/innovitaskolan.se\/wp-content\/uploads\/sites\/30\/2025\/09\/innovitaskolan-mellanstadiet-segeltorp-202303-2-300x300.png 300w, https:\/\/innovitaskolan.se\/wp-content\/uploads\/sites\/30\/2025\/09\/innovitaskolan-mellanstadiet-segeltorp-202303-2-400x400.png 400w, https:\/\/innovitaskolan.se\/wp-content\/uploads\/sites\/30\/2025\/09\/innovitaskolan-mellanstadiet-segeltorp-202303-2.png 667w\" \/>\n\t\t\t\n\t\t\t\n\t\t\t\t\t<\/div>\n\t<\/div>\n\n\t\t\n\n<\/section>\n\n\n\n\t\n\t\n\t\n\n\t\n\t\n\t\t\n<section  class=\"c-block l-stacked  \" data-color-scheme=\"nyans3_av_p2\">\n\t<div class=\"ams-fifty ams-fifty--container ams-fifty--left ams-fifty--bottom l-container u-pt-fluid-md-xl u-pb-fluid-md-xl\">\n\t\t<div class=\"ams-fifty__content l-stack l-stack-xl is-left is-left@lg\">\n\t\t\t<div class=\"ams-fifty__text l-stack l-stack-lg\">\n\t\t\t\t\t\n\t<h2\n\tclass=\"c-heading u-font-title-1 \"\n\tstyle=\"\">\n\t\t\n\t\t\t\t\tEn vanlig dag p\u00e5 v\u00e5rt l\u00e5g- och mellanstadie\n\t\t\t\t\n\t<\/h2>\n\n\t\t\t\t\t\t\t\t\t<div class=\"text l-stack u-font-body\">\n\t\t\t\t\t\t<h3 data-start=\"319\" data-end=\"722\">Trygghet och l\u00e4rande i fokus<\/h3>\n<p data-start=\"319\" data-end=\"722\">P\u00e5 Innovitaskolan V\u00e4llingby Park m\u00f6ter vi varje elev utifr\u00e5n deras unika behov och f\u00f6ruts\u00e4ttningar. Vi arbetar med differentierad undervisning f\u00f6r att m\u00f6ta alla elevers unika l\u00e4rstilar och behov. Genom att variera tempo, niv\u00e5 och metoder ger vi varje elev m\u00f6jlighet att utvecklas p\u00e5 sin egen niv\u00e5.<\/p>\n<p data-start=\"319\" data-end=\"722\">Vi anv\u00e4nder en gemensam lektionsstruktur f\u00f6r att skapa trygghet och en r\u00f6d tr\u00e5d mellan \u00e5rskurserna.<\/p>\n<h3 data-start=\"724\" data-end=\"1208\">Delaktighet och nyfikenhet i undervisningen<\/h3>\n<p data-start=\"724\" data-end=\"1208\">Vi arbetar aktivt f\u00f6r att g\u00f6ra l\u00e4randet lustfyllt, med engagerande uppgifter som v\u00e4cker nyfikenhet och delaktighet. Under dagen varvas l\u00e4rande med r\u00f6relse och samarbete, och b\u00e5de fritids och undervisning tar ofta tillvara p\u00e5 v\u00e5rt n\u00e4romr\u00e5de.<\/p>\n\n\t\t\t\t\t<\/div>\n\t\t\t\t\t\t\t<\/div>\n\n\t\t\t\t\t<\/div>\n\n\t\t <div class=\"ams-fifty__media u-ratio-square\">\n\t\t \t\t\t\t\t<img decoding=\"async\" width=\"600\" height=\"600\" src=\"https:\/\/innovitaskolan.se\/wp-content\/uploads\/sites\/30\/2025\/11\/innovitaskolan-pedagog-segeltorp-202303-600x600.png\" class=\"attachment-md size-md\" alt=\"Elever i f\u00f6rskoleklass l\u00e4ser i en bok med flaggor som l\u00e4raren h\u00e5ller upp.\" sizes=\"(min-width: 64em) 600px, calc(100vw - 160px)\" srcset=\"https:\/\/innovitaskolan.se\/wp-content\/uploads\/sites\/30\/2025\/11\/innovitaskolan-pedagog-segeltorp-202303-600x600.png 600w, https:\/\/innovitaskolan.se\/wp-content\/uploads\/sites\/30\/2025\/11\/innovitaskolan-pedagog-segeltorp-202303-150x150.png 150w, https:\/\/innovitaskolan.se\/wp-content\/uploads\/sites\/30\/2025\/11\/innovitaskolan-pedagog-segeltorp-202303-300x300.png 300w, https:\/\/innovitaskolan.se\/wp-content\/uploads\/sites\/30\/2025\/11\/innovitaskolan-pedagog-segeltorp-202303-400x400.png 400w, https:\/\/innovitaskolan.se\/wp-content\/uploads\/sites\/30\/2025\/11\/innovitaskolan-pedagog-segeltorp-202303.png 667w\" \/>\n\t\t\t\n\t\t\t\n\t\t\t\t\t<\/div>\n\t<\/div>\n\n\t\t\n\n<\/section>\n\n\n\n\t\n\t\n\t\n\n\t\n\t\n\t\t\n<section  class=\"c-block l-stacked  \" data-color-scheme=\"nyans3_av_p2\">\n\t<div class=\"ams-fifty ams-fifty--container ams-fifty--right ams-fifty--bottom l-container u-pt-fluid-md-xl u-pb-fluid-md-xl\">\n\t\t<div class=\"ams-fifty__content l-stack l-stack-xl is-left is-left@lg\">\n\t\t\t<div class=\"ams-fifty__text l-stack l-stack-lg\">\n\t\t\t\t\t\n\t<h2\n\tclass=\"c-heading u-font-title-1 \"\n\tstyle=\"\">\n\t\t\n\t\t\t\t\tEn vanlig dag p\u00e5 v\u00e5rt h\u00f6gstadie\n\t\t\t\t\n\t<\/h2>\n\n\t\t\t\t\t\t\t\t\t<div class=\"text l-stack u-font-body\">\n\t\t\t\t\t\t<h3 data-start=\"1253\" data-end=\"1685\">Struktur, ansvar och utveckling<\/h3>\n<p data-start=\"1253\" data-end=\"1685\">Eleverna p\u00e5 h\u00f6gstadiet m\u00f6ter beh\u00f6riga \u00e4mnesl\u00e4rare i sina olika \u00e4mnen men har tryggheten av ett eget hemklassrum.<\/p>\n<p data-start=\"1253\" data-end=\"1685\">Vi kombinerar traditionell undervisning med digitala arbetss\u00e4tt och varje elev har en egen dator som ett naturligt verktyg i l\u00e4randet. Genom att variera tempo och metod kan vi m\u00f6ta olika l\u00e4rstilar och f\u00f6rm\u00e5gor, samtidigt som vi uppmuntrar till ansvarstagande och sj\u00e4lvst\u00e4ndighet.<\/p>\n<h3 data-start=\"1687\" data-end=\"2157\">Gemenskap och gl\u00e4dje i skoldagen<\/h3>\n<p>Vi arbetar f\u00f6r att varje elev ska k\u00e4nna stolthet \u00f6ver sin utveckling och gl\u00e4dje i sitt l\u00e4rande \u2013 varje dag. Genom trygghet, delaktighet och engagerade l\u00e4rare skapas en positiv skolmilj\u00f6 d\u00e4r alla f\u00e5r v\u00e4xa utifr\u00e5n sina egna f\u00f6ruts\u00e4ttningar.<\/p>\n\n\t\t\t\t\t<\/div>\n\t\t\t\t\t\t\t<\/div>\n\n\t\t\t\t\t<\/div>\n\n\t\t <div class=\"ams-fifty__media u-ratio-square\">\n\t\t \t\t\t\t\t<img decoding=\"async\" width=\"600\" height=\"600\" src=\"https:\/\/innovitaskolan.se\/wp-content\/uploads\/sites\/30\/2025\/10\/innovitaskolan-hogstadie-molndal-202405-7-600x600.png\" class=\"attachment-md size-md\" alt=\"Elever som redovisar.\" sizes=\"(min-width: 64em) 600px, calc(100vw - 160px)\" srcset=\"https:\/\/innovitaskolan.se\/wp-content\/uploads\/sites\/30\/2025\/10\/innovitaskolan-hogstadie-molndal-202405-7-600x600.png 600w, https:\/\/innovitaskolan.se\/wp-content\/uploads\/sites\/30\/2025\/10\/innovitaskolan-hogstadie-molndal-202405-7-150x150.png 150w, https:\/\/innovitaskolan.se\/wp-content\/uploads\/sites\/30\/2025\/10\/innovitaskolan-hogstadie-molndal-202405-7-300x300.png 300w, https:\/\/innovitaskolan.se\/wp-content\/uploads\/sites\/30\/2025\/10\/innovitaskolan-hogstadie-molndal-202405-7-400x400.png 400w, https:\/\/innovitaskolan.se\/wp-content\/uploads\/sites\/30\/2025\/10\/innovitaskolan-hogstadie-molndal-202405-7.png 667w\" \/>\n\t\t\t\n\t\t\t\n\t\t\t\t\t<\/div>\n\t<\/div>\n\n\t\t\n\n<\/section>\n\n\n\n\n<section  class=\"ams-cta ams-cta--stacked c-block l-stacked\" data-color-scheme=\"beige\">\n\t<div class=\"l-container-narrow l-stack l-stack-fluid-2xl u-pt-fluid-3xl-6xl u-pb-fluid-3xl-6xl is-center is-center@md\">\n\t\t\t\t\t<div class=\"ams-cta__intro l-stack l-stack-lg\">\n\t\t\t\t\t\n\t<h2\n\tclass=\"c-heading u-font-title-1 \"\n\tstyle=\"\">\n\t\t\n\t\t\t\t\tS\u00f6ka grundskola\n\t\t\t\t\n\t<\/h2>\n\n\t\t\t\t\t\t\t\t\t<div class=\"c-text l-stack u-cs-xl u-font-body\">\n\t\t\t\t\t\t<p>Vad roligt att du vill st\u00e4lla ditt barn i k\u00f6 till v\u00e5r grundskola. Klicka p\u00e5 knappen nedan f\u00f6r att komma till k\u00f6anm\u00e4lan.<\/p>\n\n\t\t\t\t\t<\/div>\n\t\t\t\t\t\t\t<\/div>\n\t\t\n\t\t\n\t\t\t<div class=\"ams-cta__action u-inline-items\">\n\t\t\t\t\t\t\t\n\n\n<a href=\"https:\/\/innovitaskolan.se\/vallingby-park\/koanmalan\/\"\n\t\n\tclass=\"c-btn \"\n\tdata-style=\"round\"\n\tdata-size=\"md\"\n\tdata-width=\"full-mobile\"\n\tdata-variant=\"default\"\n\ttarget=\"_self\">\n\t\t\t<span class=\"label\"> Till k\u00f6anm\u00e4lan<\/span>\n\t\t\t<\/a>\n\t\t\t<\/div>\n\t<\/div>\n\n\t\t\n\n<\/section>\n","protected":false},"excerpt":{"rendered":"","protected":false},"author":1,"featured_media":0,"parent":20,"menu_order":0,"comment_status":"closed","ping_status":"closed","template":"","meta":{"footnotes":""},"yoast_head":"<!-- This site is optimized with the Yoast SEO plugin v22.0 - https:\/\/yoast.com\/wordpress\/plugins\/seo\/ -->\n<title>V\u00e5r grundskola | Innovitaskolan V\u00e4llingby Park | Om skolan<\/title>\n<meta name=\"description\" content=\"P\u00e5 Innovitaskolan V\u00e4llingby Parks grundskola erbjuder vi f\u00f6rskoleklass\u2013\u00e5rskurs 6. Med ett lustfyllt l\u00e4rande f\u00f6rbereds elever f\u00f6r framtiden.\" \/>\n<meta name=\"robots\" content=\"index, follow, max-snippet:-1, max-image-preview:large, max-video-preview:-1\" \/>\n<link rel=\"canonical\" href=\"https:\/\/innovitaskolan.se\/vallingby-park\/om\/grundskola\/\" \/>\n<meta property=\"og:locale\" content=\"sv_SE\" \/>\n<meta property=\"og:type\" content=\"article\" \/>\n<meta property=\"og:title\" content=\"V\u00e5r grundskola | Innovitaskolan V\u00e4llingby Park | Om skolan\" \/>\n<meta property=\"og:description\" content=\"P\u00e5 Innovitaskolan V\u00e4llingby Parks grundskola erbjuder vi f\u00f6rskoleklass\u2013\u00e5rskurs 6. Med ett lustfyllt l\u00e4rande f\u00f6rbereds elever f\u00f6r framtiden.\" \/>\n<meta property=\"og:url\" content=\"https:\/\/innovitaskolan.se\/vallingby-park\/om\/grundskola\/\" \/>\n<meta property=\"og:site_name\" content=\"V\u00e4llingby Park\" \/>\n<meta property=\"article:modified_time\" content=\"2026-01-09T08:46:36+00:00\" \/>\n<meta name=\"twitter:card\" content=\"summary_large_image\" \/>\n<meta name=\"twitter:title\" content=\"V\u00e5r grundskola | Innovitaskolan V\u00e4llingby Park | Om skolan\" \/>\n<meta name=\"twitter:description\" content=\"P\u00e5 Innovitaskolan V\u00e4llingby Parks grundskola erbjuder vi f\u00f6rskoleklass\u2013\u00e5rskurs 6. Med ett lustfyllt l\u00e4rande f\u00f6rbereds elever f\u00f6r framtiden.\" \/>\n<meta name=\"twitter:label1\" content=\"Ber\u00e4knad l\u00e4stid\" \/>\n\t<meta name=\"twitter:data1\" content=\"3 minuter\" \/>\n<script type=\"application\/ld+json\" class=\"yoast-schema-graph\">{\"@context\":\"https:\/\/schema.org\",\"@graph\":[{\"@type\":\"WebPage\",\"@id\":\"https:\/\/innovitaskolan.se\/vallingby-park\/om\/grundskola\/\",\"url\":\"https:\/\/innovitaskolan.se\/vallingby-park\/om\/grundskola\/\",\"name\":\"V\u00e5r grundskola | Innovitaskolan V\u00e4llingby Park | Om skolan\",\"isPartOf\":{\"@id\":\"https:\/\/innovitaskolan.se\/vallingby-park\/#website\"},\"datePublished\":\"2021-03-04T10:29:47+00:00\",\"dateModified\":\"2026-01-09T08:46:36+00:00\",\"description\":\"P\u00e5 Innovitaskolan V\u00e4llingby Parks grundskola erbjuder vi f\u00f6rskoleklass\u2013\u00e5rskurs 6. Med ett lustfyllt l\u00e4rande f\u00f6rbereds elever f\u00f6r framtiden.\",\"breadcrumb\":{\"@id\":\"https:\/\/innovitaskolan.se\/vallingby-park\/om\/grundskola\/#breadcrumb\"},\"inLanguage\":\"sv-SE\",\"potentialAction\":[{\"@type\":\"ReadAction\",\"target\":[\"https:\/\/innovitaskolan.se\/vallingby-park\/om\/grundskola\/\"]}]},{\"@type\":\"BreadcrumbList\",\"@id\":\"https:\/\/innovitaskolan.se\/vallingby-park\/om\/grundskola\/#breadcrumb\",\"itemListElement\":[{\"@type\":\"ListItem\",\"position\":1,\"name\":\"Start\",\"item\":\"https:\/\/innovitaskolan.se\/vallingby-park\/\"},{\"@type\":\"ListItem\",\"position\":2,\"name\":\"Om oss\",\"item\":\"https:\/\/innovitaskolan.se\/vallingby-park\/om\/\"},{\"@type\":\"ListItem\",\"position\":3,\"name\":\"Grundskola\"}]},{\"@type\":\"WebSite\",\"@id\":\"https:\/\/innovitaskolan.se\/vallingby-park\/#website\",\"url\":\"https:\/\/innovitaskolan.se\/vallingby-park\/\",\"name\":\"V\u00e4llingby Park\",\"description\":\"En del av AcadeMedia\",\"potentialAction\":[{\"@type\":\"SearchAction\",\"target\":{\"@type\":\"EntryPoint\",\"urlTemplate\":\"https:\/\/innovitaskolan.se\/vallingby-park\/?s={search_term_string}\"},\"query-input\":\"required name=search_term_string\"}],\"inLanguage\":\"sv-SE\"}]}<\/script>\n<!-- \/ Yoast SEO plugin. -->","yoast_head_json":{"title":"V\u00e5r grundskola | Innovitaskolan V\u00e4llingby Park | Om skolan","description":"P\u00e5 Innovitaskolan V\u00e4llingby Parks grundskola erbjuder vi f\u00f6rskoleklass\u2013\u00e5rskurs 6. Med ett lustfyllt l\u00e4rande f\u00f6rbereds elever f\u00f6r framtiden.","robots":{"index":"index","follow":"follow","max-snippet":"max-snippet:-1","max-image-preview":"max-image-preview:large","max-video-preview":"max-video-preview:-1"},"canonical":"https:\/\/innovitaskolan.se\/vallingby-park\/om\/grundskola\/","og_locale":"sv_SE","og_type":"article","og_title":"V\u00e5r grundskola | Innovitaskolan V\u00e4llingby Park | Om skolan","og_description":"P\u00e5 Innovitaskolan V\u00e4llingby Parks grundskola erbjuder vi f\u00f6rskoleklass\u2013\u00e5rskurs 6. Med ett lustfyllt l\u00e4rande f\u00f6rbereds elever f\u00f6r framtiden.","og_url":"https:\/\/innovitaskolan.se\/vallingby-park\/om\/grundskola\/","og_site_name":"V\u00e4llingby Park","article_modified_time":"2026-01-09T08:46:36+00:00","twitter_card":"summary_large_image","twitter_title":"V\u00e5r grundskola | Innovitaskolan V\u00e4llingby Park | Om skolan","twitter_description":"P\u00e5 Innovitaskolan V\u00e4llingby Parks grundskola erbjuder vi f\u00f6rskoleklass\u2013\u00e5rskurs 6. Med ett lustfyllt l\u00e4rande f\u00f6rbereds elever f\u00f6r framtiden.","twitter_misc":{"Ber\u00e4knad l\u00e4stid":"3 minuter"},"schema":{"@context":"https:\/\/schema.org","@graph":[{"@type":"WebPage","@id":"https:\/\/innovitaskolan.se\/vallingby-park\/om\/grundskola\/","url":"https:\/\/innovitaskolan.se\/vallingby-park\/om\/grundskola\/","name":"V\u00e5r grundskola | Innovitaskolan V\u00e4llingby Park | Om skolan","isPartOf":{"@id":"https:\/\/innovitaskolan.se\/vallingby-park\/#website"},"datePublished":"2021-03-04T10:29:47+00:00","dateModified":"2026-01-09T08:46:36+00:00","description":"P\u00e5 Innovitaskolan V\u00e4llingby Parks grundskola erbjuder vi f\u00f6rskoleklass\u2013\u00e5rskurs 6. Med ett lustfyllt l\u00e4rande f\u00f6rbereds elever f\u00f6r framtiden.","breadcrumb":{"@id":"https:\/\/innovitaskolan.se\/vallingby-park\/om\/grundskola\/#breadcrumb"},"inLanguage":"sv-SE","potentialAction":[{"@type":"ReadAction","target":["https:\/\/innovitaskolan.se\/vallingby-park\/om\/grundskola\/"]}]},{"@type":"BreadcrumbList","@id":"https:\/\/innovitaskolan.se\/vallingby-park\/om\/grundskola\/#breadcrumb","itemListElement":[{"@type":"ListItem","position":1,"name":"Start","item":"https:\/\/innovitaskolan.se\/vallingby-park\/"},{"@type":"ListItem","position":2,"name":"Om oss","item":"https:\/\/innovitaskolan.se\/vallingby-park\/om\/"},{"@type":"ListItem","position":3,"name":"Grundskola"}]},{"@type":"WebSite","@id":"https:\/\/innovitaskolan.se\/vallingby-park\/#website","url":"https:\/\/innovitaskolan.se\/vallingby-park\/","name":"V\u00e4llingby Park","description":"En del av AcadeMedia","potentialAction":[{"@type":"SearchAction","target":{"@type":"EntryPoint","urlTemplate":"https:\/\/innovitaskolan.se\/vallingby-park\/?s={search_term_string}"},"query-input":"required name=search_term_string"}],"inLanguage":"sv-SE"}]}},"_links":{"self":[{"href":"https:\/\/innovitaskolan.se\/vallingby-park\/wp-json\/wp\/v2\/pages\/24"}],"collection":[{"href":"https:\/\/innovitaskolan.se\/vallingby-park\/wp-json\/wp\/v2\/pages"}],"about":[{"href":"https:\/\/innovitaskolan.se\/vallingby-park\/wp-json\/wp\/v2\/types\/page"}],"author":[{"embeddable":true,"href":"https:\/\/innovitaskolan.se\/vallingby-park\/wp-json\/wp\/v2\/users\/1"}],"replies":[{"embeddable":true,"href":"https:\/\/innovitaskolan.se\/vallingby-park\/wp-json\/wp\/v2\/comments?post=24"}],"version-history":[{"count":10,"href":"https:\/\/innovitaskolan.se\/vallingby-park\/wp-json\/wp\/v2\/pages\/24\/revisions"}],"predecessor-version":[{"id":2128,"href":"https:\/\/innovitaskolan.se\/vallingby-park\/wp-json\/wp\/v2\/pages\/24\/revisions\/2128"}],"up":[{"embeddable":true,"href":"https:\/\/innovitaskolan.se\/vallingby-park\/wp-json\/wp\/v2\/pages\/20"}],"wp:attachment":[{"href":"https:\/\/innovitaskolan.se\/vallingby-park\/wp-json\/wp\/v2\/media?parent=24"}],"curies":[{"name":"wp","href":"https:\/\/api.w.org\/{rel}","templated":true}]}}