{"id":1808,"date":"2023-09-01T12:45:12","date_gmt":"2023-09-01T10:45:12","guid":{"rendered":"https:\/\/innovitaskolan.se\/st-jorgen\/?page_id=1808"},"modified":"2025-03-31T08:17:04","modified_gmt":"2025-03-31T06:17:04","slug":"kameraovervakning","status":"publish","type":"page","link":"https:\/\/innovitaskolan.se\/st-jorgen\/kameraovervakning\/","title":{"rendered":"Kamera\u00f6vervakning"},"content":{"rendered":"\n<div class=\"wp-block-columns is-layout-flex wp-container-core-columns-layout-1 wp-block-columns-is-layout-flex\">\n<div class=\"wp-block-column is-layout-flow wp-block-column-is-layout-flow\" style=\"flex-basis:15%\"><\/div>\n\n\n\n<div class=\"wp-block-column is-layout-flow wp-block-column-is-layout-flow\" style=\"flex-basis:70%\">\n<h1 class=\"wp-block-heading\">Kamera\u00f6vervakning<\/h1>\n\n\n\n<h2 class=\"wp-block-heading\">Information om kamerabevakning<\/h2>\n\n\n\n<p>Du som bes\u00f6ker skolan har r\u00e4tt att f\u00e5 information om hur huvudmannen\/skolan behandlar personuppgifter med anledning av skolans kamerabevakning. Vissa av skolans utrymmen bevakas med hj\u00e4lp av bevakningskameror. P\u00e5 de omr\u00e5den d\u00e4r skolan kamerabevakar finns skyltar som informerar om att omr\u00e5det \u00e4r kamerabevakat. Ifall du r\u00f6r dig inom det omr\u00e5det, kommer du att synas p\u00e5 skolans bevakningsmonitorer.<\/p>\n\n\n\n<p><br>Den som \u00e4r ansvarig f\u00f6r kamera\u00f6vervakningen p\u00e5 <strong>Innovitaskolan St J\u00f6rgen <\/strong>\u00e4r huvudmannen, allts\u00e5 Pysslingen F\u00f6rskolor och skolor AB. Huvudmannen \u00e4r d\u00e4rmed ocks\u00e5 personuppgiftsansvarig.<\/p>\n\n\n\n<p><br>Syftet med bevakningen i skolans lokaler \u00e4r att fortsatt uppn\u00e5 en k\u00e4nsla av \u00f6kad trygghet bland elever s\u00e5v\u00e4l som personal och d\u00e4rigenom skapa en mindre misst\u00e4nksam och fientlig social atmosf\u00e4r p\u00e5 skolan. I f\u00f6rst hand verka avskr\u00e4ckande p\u00e5 elevers o\u00f6nskade interaktion och skadeg\u00f6relse, s\u00e5v\u00e4l som eventuellt&nbsp;obeh\u00f6rigt intr\u00e5ng i skolans lokaler under skoltid och inbrottstjuvar. D\u00e4rtill efter identifikation av offer\/f\u00f6r\u00f6vare som \u00e4r inblandade i incidenter kunna vidta l\u00e4mpliga \u00e5tg\u00e4rder f\u00f6r att st\u00e4vja att incidenten upprepas. Syftet \u00e4r fortsatt att ha goda f\u00f6ruts\u00e4ttningar att bist\u00e5 Polismyndigheten vid utredningar och d\u00e4rigenom gynna samh\u00e4llet i stort genom att bidra till fler uppklarade brott. Avslutingsvis \u00e4r \u00e4ven syftet att s\u00e4nka skolans utgifter till f\u00f6ljd av skadeg\u00f6relse, incidenter och brott f\u00f6r att fokusera p\u00e5 skolans huvudsakliga uppdrag.<\/p>\n\n\n\n<p>Skolan har r\u00e4tt att behandla och bevara bilder som spelas in via bevakningskamerorna. Bildmaterialet sparas som huvudregel i fyra (4) dagar, men kan sparas under en l\u00e4ngre period beroende p\u00e5 \u00e4ndam\u00e5let med materialet.<\/p>\n\n\n\n<p>Den r\u00e4ttsliga grunden f\u00f6r behandlingen \u00e4r intresseavv\u00e4gning. Skolan har ett intresse av att i f\u00f6rsta hand fr\u00e4mja trygghet, s\u00e4kerhet och f\u00f6rhindra kr\u00e4nkande behandling inom ramen f\u00f6r v\u00e5r skolverksamhet. \u00c4ven i andra hand f\u00f6rebygga olaga intr\u00e5ng och brott i skolans lokaler \u00e4ven n\u00e4r skolan ej bedriver verksamhet.<\/p>\n\n\n\n<p>Inspelat material f\u00f6rvaras p\u00e5 s\u00e4rskilt datalagringsmedia i kamerabevakningsutrustningen. Beh\u00f6righet att f\u00e5 tillg\u00e5ng till materialet \u00e4r begr\u00e4nsad. Materialet hanteras med sekretess i enlighet med 22 \u00a7 kamerabevakningslagen. Skolan kan l\u00e4mna ut materialet till polisen om det f\u00f6religger misstanke om brott.<\/p>\n\n\n\n<p>Du har r\u00e4tt att beg\u00e4ra att f\u00e5 veta om skolan behandlar personuppgifter som r\u00f6r dig och i s\u00e5 fall f\u00e5 del av uppgifterna och viss information om behandlingen (ett s\u00e5 kallat registerutdrag). Om du beg\u00e4r registerutdrag mer \u00e4n en g\u00e5ng per \u00e5r kan skolan komma att avsl\u00e5 din beg\u00e4ran eller ta ut en rimlig avgift f\u00f6r den.<\/p>\n\n\n\n<p>Du har \u00e4ven bland annat r\u00e4tt att beg\u00e4ra radering av dina personuppgifter, g\u00f6ra inv\u00e4ndningar mot behandlingen och beg\u00e4ra begr\u00e4nsning av behandlingen av dem. Om du beg\u00e4r r\u00e4ttelse, radering, inv\u00e4nder mot behandlingen eller beg\u00e4r begr\u00e4nsning av den kommer skolan att pr\u00f6va om den \u00e5tg\u00e4rd du beg\u00e4r ska vidtas eller inte. L\u00e4s mer p\u00e5 <a href=\"https:\/\/trygg.academedia.se\/\">trygg.academedia.se<\/a> om hur AcadeMedia hanterar personuppgifter.<\/p>\n\n\n\n<p><strong>Du har r\u00e4tt att klaga till Integritetsskyddsmyndigheten (IMY).<\/strong><\/p>\n\n\n\n<p>Om du anser att skolan har behandlat dina personuppgifter p\u00e5 ett s\u00e4tt som st\u00e5r i strid med g\u00e4llande best\u00e4mmelser om behandling av s\u00e5dana uppgifter, kan du v\u00e4nda dig till Datainspektionen med klagom\u00e5l. Du kan komma i kontakt med IMY via epost.&nbsp; Du kan \u00e4ven ringa dem p\u00e5 08-657 61 00 eller n\u00e5 dem per post p\u00e5 adress: IMY, Box 8114, 104 20 Stockholm.<\/p>\n\n\n\n<p><strong>Vid fr\u00e5gor<\/strong><\/p>\n\n\n\n<p>Om du har fr\u00e5gor n\u00e4r det g\u00e4ller skolans personuppgiftsbehandling kan v\u00e4nda dig till v\u00e5rt dataskyddsombud: <a href=\"mailto:dataskydd@academedia.se\">dataskydd@academedia.se<\/a>. <\/p>\n<\/div>\n\n\n\n<div class=\"wp-block-column is-layout-flow wp-block-column-is-layout-flow\" style=\"flex-basis:15%\"><\/div>\n<\/div>\n","protected":false},"excerpt":{"rendered":"<p>Kamera\u00f6vervakning Information om kamerabevakning Du som bes\u00f6ker skolan har r\u00e4tt att f\u00e5 information om hur huvudmannen\/skolan behandlar personuppgifter med anledning av skolans kamerabevakning. Vissa av skolans utrymmen bevakas med hj\u00e4lp av bevakningskameror. P\u00e5 de omr\u00e5den d\u00e4r skolan kamerabevakar finns skyltar som informerar om att omr\u00e5det \u00e4r kamerabevakat. Ifall du r\u00f6r dig inom det omr\u00e5det, kommer&#8230;<\/p>\n","protected":false},"author":107,"featured_media":0,"parent":0,"menu_order":0,"comment_status":"closed","ping_status":"closed","template":"","meta":{"footnotes":""},"yoast_head":"<!-- This site is optimized with the Yoast SEO plugin v22.0 - https:\/\/yoast.com\/wordpress\/plugins\/seo\/ -->\n<title>Innovitaskolan St J\u00f6rgen | Om kamera\u00f6vervakning p\u00e5 skolan<\/title>\n<meta name=\"description\" content=\"H\u00e4r hittar du information om kamera\u00f6vervakningen p\u00e5 skolan och om hur vi behandlar dina personuppgifter.\" \/>\n<meta name=\"robots\" content=\"index, follow, max-snippet:-1, max-image-preview:large, max-video-preview:-1\" \/>\n<link rel=\"canonical\" href=\"https:\/\/innovitaskolan.se\/st-jorgen\/kameraovervakning\/\" \/>\n<meta property=\"og:locale\" content=\"sv_SE\" \/>\n<meta property=\"og:type\" content=\"article\" \/>\n<meta property=\"og:title\" content=\"Innovitaskolan St J\u00f6rgen | Om kamera\u00f6vervakning p\u00e5 skolan\" \/>\n<meta property=\"og:description\" content=\"H\u00e4r hittar du information om kamera\u00f6vervakningen p\u00e5 skolan och om hur vi behandlar dina personuppgifter.\" \/>\n<meta property=\"og:url\" content=\"https:\/\/innovitaskolan.se\/st-jorgen\/kameraovervakning\/\" \/>\n<meta property=\"og:site_name\" content=\"St J\u00f6rgen\" \/>\n<meta property=\"article:modified_time\" content=\"2025-03-31T06:17:04+00:00\" \/>\n<meta name=\"twitter:card\" content=\"summary_large_image\" \/>\n<meta name=\"twitter:title\" content=\"Innovitaskolan St J\u00f6rgen | Om kamera\u00f6vervakning p\u00e5 skolan\" \/>\n<meta name=\"twitter:description\" content=\"H\u00e4r hittar du information om kamera\u00f6vervakningen p\u00e5 skolan och om hur vi behandlar dina personuppgifter.\" \/>\n<meta name=\"twitter:label1\" content=\"Ber\u00e4knad l\u00e4stid\" \/>\n\t<meta name=\"twitter:data1\" content=\"3 minuter\" \/>\n<script type=\"application\/ld+json\" class=\"yoast-schema-graph\">{\"@context\":\"https:\/\/schema.org\",\"@graph\":[{\"@type\":\"WebPage\",\"@id\":\"https:\/\/innovitaskolan.se\/st-jorgen\/kameraovervakning\/\",\"url\":\"https:\/\/innovitaskolan.se\/st-jorgen\/kameraovervakning\/\",\"name\":\"Innovitaskolan St J\u00f6rgen | Om kamera\u00f6vervakning p\u00e5 skolan\",\"isPartOf\":{\"@id\":\"https:\/\/innovitaskolan.se\/st-jorgen\/#website\"},\"datePublished\":\"2023-09-01T10:45:12+00:00\",\"dateModified\":\"2025-03-31T06:17:04+00:00\",\"description\":\"H\u00e4r hittar du information om kamera\u00f6vervakningen p\u00e5 skolan och om hur vi behandlar dina personuppgifter.\",\"breadcrumb\":{\"@id\":\"https:\/\/innovitaskolan.se\/st-jorgen\/kameraovervakning\/#breadcrumb\"},\"inLanguage\":\"sv-SE\",\"potentialAction\":[{\"@type\":\"ReadAction\",\"target\":[\"https:\/\/innovitaskolan.se\/st-jorgen\/kameraovervakning\/\"]}]},{\"@type\":\"BreadcrumbList\",\"@id\":\"https:\/\/innovitaskolan.se\/st-jorgen\/kameraovervakning\/#breadcrumb\",\"itemListElement\":[{\"@type\":\"ListItem\",\"position\":1,\"name\":\"Start\",\"item\":\"https:\/\/innovitaskolan.se\/st-jorgen\/\"},{\"@type\":\"ListItem\",\"position\":2,\"name\":\"Kamera\u00f6vervakning\"}]},{\"@type\":\"WebSite\",\"@id\":\"https:\/\/innovitaskolan.se\/st-jorgen\/#website\",\"url\":\"https:\/\/innovitaskolan.se\/st-jorgen\/\",\"name\":\"St J\u00f6rgen\",\"description\":\"En del av AcadeMedia\",\"potentialAction\":[{\"@type\":\"SearchAction\",\"target\":{\"@type\":\"EntryPoint\",\"urlTemplate\":\"https:\/\/innovitaskolan.se\/st-jorgen\/?s={search_term_string}\"},\"query-input\":\"required name=search_term_string\"}],\"inLanguage\":\"sv-SE\"}]}<\/script>\n<!-- \/ Yoast SEO plugin. -->","yoast_head_json":{"title":"Innovitaskolan St J\u00f6rgen | Om kamera\u00f6vervakning p\u00e5 skolan","description":"H\u00e4r hittar du information om kamera\u00f6vervakningen p\u00e5 skolan och om hur vi behandlar dina personuppgifter.","robots":{"index":"index","follow":"follow","max-snippet":"max-snippet:-1","max-image-preview":"max-image-preview:large","max-video-preview":"max-video-preview:-1"},"canonical":"https:\/\/innovitaskolan.se\/st-jorgen\/kameraovervakning\/","og_locale":"sv_SE","og_type":"article","og_title":"Innovitaskolan St J\u00f6rgen | Om kamera\u00f6vervakning p\u00e5 skolan","og_description":"H\u00e4r hittar du information om kamera\u00f6vervakningen p\u00e5 skolan och om hur vi behandlar dina personuppgifter.","og_url":"https:\/\/innovitaskolan.se\/st-jorgen\/kameraovervakning\/","og_site_name":"St J\u00f6rgen","article_modified_time":"2025-03-31T06:17:04+00:00","twitter_card":"summary_large_image","twitter_title":"Innovitaskolan St J\u00f6rgen | Om kamera\u00f6vervakning p\u00e5 skolan","twitter_description":"H\u00e4r hittar du information om kamera\u00f6vervakningen p\u00e5 skolan och om hur vi behandlar dina personuppgifter.","twitter_misc":{"Ber\u00e4knad l\u00e4stid":"3 minuter"},"schema":{"@context":"https:\/\/schema.org","@graph":[{"@type":"WebPage","@id":"https:\/\/innovitaskolan.se\/st-jorgen\/kameraovervakning\/","url":"https:\/\/innovitaskolan.se\/st-jorgen\/kameraovervakning\/","name":"Innovitaskolan St J\u00f6rgen | Om kamera\u00f6vervakning p\u00e5 skolan","isPartOf":{"@id":"https:\/\/innovitaskolan.se\/st-jorgen\/#website"},"datePublished":"2023-09-01T10:45:12+00:00","dateModified":"2025-03-31T06:17:04+00:00","description":"H\u00e4r hittar du information om kamera\u00f6vervakningen p\u00e5 skolan och om hur vi behandlar dina personuppgifter.","breadcrumb":{"@id":"https:\/\/innovitaskolan.se\/st-jorgen\/kameraovervakning\/#breadcrumb"},"inLanguage":"sv-SE","potentialAction":[{"@type":"ReadAction","target":["https:\/\/innovitaskolan.se\/st-jorgen\/kameraovervakning\/"]}]},{"@type":"BreadcrumbList","@id":"https:\/\/innovitaskolan.se\/st-jorgen\/kameraovervakning\/#breadcrumb","itemListElement":[{"@type":"ListItem","position":1,"name":"Start","item":"https:\/\/innovitaskolan.se\/st-jorgen\/"},{"@type":"ListItem","position":2,"name":"Kamera\u00f6vervakning"}]},{"@type":"WebSite","@id":"https:\/\/innovitaskolan.se\/st-jorgen\/#website","url":"https:\/\/innovitaskolan.se\/st-jorgen\/","name":"St J\u00f6rgen","description":"En del av AcadeMedia","potentialAction":[{"@type":"SearchAction","target":{"@type":"EntryPoint","urlTemplate":"https:\/\/innovitaskolan.se\/st-jorgen\/?s={search_term_string}"},"query-input":"required name=search_term_string"}],"inLanguage":"sv-SE"}]}},"_links":{"self":[{"href":"https:\/\/innovitaskolan.se\/st-jorgen\/wp-json\/wp\/v2\/pages\/1808"}],"collection":[{"href":"https:\/\/innovitaskolan.se\/st-jorgen\/wp-json\/wp\/v2\/pages"}],"about":[{"href":"https:\/\/innovitaskolan.se\/st-jorgen\/wp-json\/wp\/v2\/types\/page"}],"author":[{"embeddable":true,"href":"https:\/\/innovitaskolan.se\/st-jorgen\/wp-json\/wp\/v2\/users\/107"}],"replies":[{"embeddable":true,"href":"https:\/\/innovitaskolan.se\/st-jorgen\/wp-json\/wp\/v2\/comments?post=1808"}],"version-history":[{"count":5,"href":"https:\/\/innovitaskolan.se\/st-jorgen\/wp-json\/wp\/v2\/pages\/1808\/revisions"}],"predecessor-version":[{"id":2036,"href":"https:\/\/innovitaskolan.se\/st-jorgen\/wp-json\/wp\/v2\/pages\/1808\/revisions\/2036"}],"wp:attachment":[{"href":"https:\/\/innovitaskolan.se\/st-jorgen\/wp-json\/wp\/v2\/media?parent=1808"}],"curies":[{"name":"wp","href":"https:\/\/api.w.org\/{rel}","templated":true}]}}