{"id":24,"date":"2021-03-04T11:29:47","date_gmt":"2021-03-04T10:29:47","guid":{"rendered":"https:\/\/innovitaskolan.se\/ronninge\/?page_id=24"},"modified":"2026-01-09T09:34:17","modified_gmt":"2026-01-09T08:34:17","slug":"grundskola","status":"publish","type":"page","link":"https:\/\/innovitaskolan.se\/ronninge\/om\/grundskola\/","title":{"rendered":"Grundskola"},"content":{"rendered":"\n\t\n\t\n\t\n\n\t\n\t\n\t\t\n<section  class=\"c-block l-stacked  \" data-color-scheme=\"\">\n\t<div class=\"ams-fifty ams-fifty--container ams-fifty--right ams-fifty--bottom l-container u-pt-fluid-2xl-4xl u-pb-fluid-md-xl\">\n\t\t<div class=\"ams-fifty__content l-stack l-stack-xl is-left is-left@lg\">\n\t\t\t<div class=\"ams-fifty__text l-stack l-stack-lg\">\n\t\t\t\t\t\n\t<h1\n\tclass=\"c-heading u-font-title-1 \"\n\tstyle=\"\">\n\t\t\n\t\t\t\t\t\t\t\t\tGrundskola p\u00e5 Innovitaskolan R\u00f6nninge\n\t\t\t\t<span class=\"c-heading__sub is-below u-font-title-3\">\n\t\t\t\t\tEn grundskola d\u00e4r eleverna utvecklas genom kreativitet och l\u00e4rande f\u00f6r varje framtid.\n\t\t\t\t<\/span>\n\t\t\t\t\t\t\t\n\t<\/h1>\n\n\t\t\t\t\t\t\t\t\t<div class=\"text l-stack u-font-body\">\n\t\t\t\t\t\t<p><!-- wp:heading --><\/p>\n<h2 class=\"wp-block-heading\">F\u00f6rskoleklass till \u00e5rskurs 5<\/h2>\n<p>Grundskolan p\u00e5 Innovitaskolan R\u00f6nninge omfattar f\u00f6rskoleklass upp till \u00e5rskurs 5 med ungef\u00e4r 25 elever i varje klass. Vi str\u00e4var efter att eleverna ska ha samma klassl\u00e4rare\/mentor under f\u00f6rskoleklass till \u00e5rskurs 3. \u00c5rskurs 4 och 5 har en mentor och undervisas av \u00e4mnesl\u00e4rare.<\/p>\n<p>L\u00e4rarna f\u00f6ljer en pedagogisk r\u00f6d tr\u00e5d och tillg\u00e4ngligheten i v\u00e5ra klassrum \u00e4r utformat utifr\u00e5n forskning och bepr\u00f6vad erfarenhet. Vi screenar regelbundet v\u00e5ra elevers kunskaper f\u00f6r att tidigt uppt\u00e4cka var vi beh\u00f6ver s\u00e4tta in extrainsatser och f\u00f6r att hela tiden forma undervisningen utifr\u00e5n elevernas individuella och gemensamma behov.<\/p>\n<p>Vi har aktiva rastaktiviteter som leds av elever och fritidspersonal.<\/p>\n<h2 class=\"wp-block-heading\">Digitala verktyg i undervisningen<\/h2>\n<p>Vi har tillg\u00e5ng till digitala verktyg i form av iPads och Chromebooks i alla klasser. Fr\u00e5n \u00e5rskurs 4 har varje elev en egen chromebook och en stor del av elevernas arbete g\u00f6rs i Google classroom, d\u00e4r l\u00e4rare och elever kan samarbeta och tillsammans jobba fram\u00e5t med elevens l\u00e4rande.<\/p>\n<p><!-- \/wp:paragraph --><\/p>\n\n\t\t\t\t\t<\/div>\n\t\t\t\t\t\t\t<\/div>\n\n\t\t\t\t\t<\/div>\n\n\t\t <div class=\"ams-fifty__media u-ratio-square\">\n\t\t \t\t\t\t\t<img decoding=\"async\" width=\"600\" height=\"600\" src=\"https:\/\/innovitaskolan.se\/wp-content\/uploads\/sites\/22\/2025\/09\/innovitaskolan-grundskola-molndal-202405-5-600x600.png\" class=\"attachment-md size-md\" alt=\"Elever som st\u00e5r ihop utomhus.\" sizes=\"(min-width: 64em) 600px, calc(100vw - 160px)\" srcset=\"https:\/\/innovitaskolan.se\/wp-content\/uploads\/sites\/22\/2025\/09\/innovitaskolan-grundskola-molndal-202405-5-600x600.png 600w, https:\/\/innovitaskolan.se\/wp-content\/uploads\/sites\/22\/2025\/09\/innovitaskolan-grundskola-molndal-202405-5-150x150.png 150w, https:\/\/innovitaskolan.se\/wp-content\/uploads\/sites\/22\/2025\/09\/innovitaskolan-grundskola-molndal-202405-5-300x300.png 300w, https:\/\/innovitaskolan.se\/wp-content\/uploads\/sites\/22\/2025\/09\/innovitaskolan-grundskola-molndal-202405-5-400x400.png 400w, https:\/\/innovitaskolan.se\/wp-content\/uploads\/sites\/22\/2025\/09\/innovitaskolan-grundskola-molndal-202405-5.png 667w\" \/>\n\t\t\t\n\t\t\t\n\t\t\t\t\t<\/div>\n\t<\/div>\n\n\t\t\n\n<\/section>\n\n\n\n\t\n\t\n\t\n\n\t\n\t\n\t\t\n<section  class=\"c-block l-stacked  \" data-color-scheme=\"nyans3_av_p2\">\n\t<div class=\"ams-fifty ams-fifty--container ams-fifty--left ams-fifty--bottom l-container u-pt-fluid-md-xl u-pb-fluid-md-xl\">\n\t\t<div class=\"ams-fifty__content l-stack l-stack-xl is-left is-left@lg\">\n\t\t\t<div class=\"ams-fifty__text l-stack l-stack-lg\">\n\t\t\t\t\t\n\t<h2\n\tclass=\"c-heading u-font-title-1 \"\n\tstyle=\"\">\n\t\t\n\t\t\t\t\tEn vanlig dag p\u00e5 v\u00e5r grundskola\n\t\t\t\t\n\t<\/h2>\n\n\t\t\t\t\t\t\t\t\t<div class=\"text l-stack u-font-body\">\n\t\t\t\t\t\t<h3 data-start=\"386\" data-end=\"871\">Trygg start och n\u00e4ra relationer<\/h3>\n<p data-start=\"386\" data-end=\"871\">Dagen p\u00e5 Innovitaskolan R\u00f6nninge b\u00f6rjar med att eleverna tas emot av sin mentor i klassrummet. I \u00e5rskurs F\u20133 undervisar mentorn sina elever under st\u00f6rre delen av dagen, medan \u00e5rskurs 4\u20135 m\u00f6ter sina \u00e4mnesl\u00e4rare i olika \u00e4mnen.<\/p>\n<p data-start=\"386\" data-end=\"871\">V\u00e5ra sm\u00e5 klasser och erfarna, legitimerade l\u00e4rare g\u00f6r det m\u00f6jligt att se varje elev och skapa en trygg, personlig l\u00e4rmilj\u00f6. I F\u20133 finns dessutom en fritidspedagog knuten till klassen som bidrar till kontinuitet och st\u00f6d.<\/p>\n<h3 data-start=\"873\" data-end=\"1248\">L\u00e4rande med struktur och variation<\/h3>\n<p data-start=\"873\" data-end=\"1248\">Undervisningen bygger p\u00e5 tydliga ramar och varierade arbetss\u00e4tt. Vi blandar teori och praktik, arbete i grupp och individuella uppgifter. V\u00e5ra klassrum \u00e4r lugna, f\u00f6ruts\u00e4gbara och anpassade f\u00f6r att ge alla elever m\u00f6jlighet att lyckas.<\/p>\n\n\t\t\t\t\t<\/div>\n\t\t\t\t\t\t\t<\/div>\n\n\t\t\t\t\t<\/div>\n\n\t\t <div class=\"ams-fifty__media u-ratio-square\">\n\t\t \t\t\t\t\t<img decoding=\"async\" width=\"600\" height=\"600\" src=\"https:\/\/innovitaskolan.se\/wp-content\/uploads\/sites\/22\/2025\/10\/innovitaskolan-grundskola-segeltorp-202303-2-600x600.png\" class=\"attachment-md size-md\" alt=\"Elever som sitter i skolb\u00e4nken.\" sizes=\"(min-width: 64em) 600px, calc(100vw - 160px)\" srcset=\"https:\/\/innovitaskolan.se\/wp-content\/uploads\/sites\/22\/2025\/10\/innovitaskolan-grundskola-segeltorp-202303-2-600x600.png 600w, https:\/\/innovitaskolan.se\/wp-content\/uploads\/sites\/22\/2025\/10\/innovitaskolan-grundskola-segeltorp-202303-2-150x150.png 150w, https:\/\/innovitaskolan.se\/wp-content\/uploads\/sites\/22\/2025\/10\/innovitaskolan-grundskola-segeltorp-202303-2-300x300.png 300w, https:\/\/innovitaskolan.se\/wp-content\/uploads\/sites\/22\/2025\/10\/innovitaskolan-grundskola-segeltorp-202303-2-400x400.png 400w, https:\/\/innovitaskolan.se\/wp-content\/uploads\/sites\/22\/2025\/10\/innovitaskolan-grundskola-segeltorp-202303-2.png 667w\" \/>\n\t\t\t\n\t\t\t\n\t\t\t\t\t<\/div>\n\t<\/div>\n\n\t\t\n\n<\/section>\n\n\n\n\t\n\t\n\t\n\n\t\n\t\n\t\t\n<section  class=\"c-block l-stacked  \" data-color-scheme=\"nyans3_av_p2\">\n\t<div class=\"ams-fifty ams-fifty--container ams-fifty--right ams-fifty--bottom l-container u-pt-fluid-md-xl u-pb-fluid-md-xl\">\n\t\t<div class=\"ams-fifty__content l-stack l-stack-xl is-left is-left@lg\">\n\t\t\t<div class=\"ams-fifty__text l-stack l-stack-lg\">\n\t\t\t\t\n\t\t\t\t\t\t\t\t\t<div class=\"text l-stack u-font-body\">\n\t\t\t\t\t\t<h3>Delaktighet och samarbete<\/h3>\n<p data-start=\"270\" data-end=\"759\">I klassrummet uppmuntras eleverna att vara aktiva, nyfikna och delaktiga i sitt l\u00e4rande. Genom gemensamma diskussioner, grupparbeten och praktiska \u00f6vningar f\u00e5r de m\u00f6jlighet att utforska, resonera och utveckla sina id\u00e9er tillsammans.<\/p>\n<p data-start=\"270\" data-end=\"759\">V\u00e5r undervisning bygger p\u00e5 samarbete och \u00f6ppenhet, d\u00e4r elevernas r\u00f6ster tas p\u00e5 allvar och deras tankar bidrar till undervisningens inneh\u00e5ll. P\u00e5 s\u00e5 s\u00e4tt skapas en l\u00e4rmilj\u00f6 d\u00e4r alla k\u00e4nner ansvar, gemenskap och stolthet \u00f6ver sin egen och gruppens utveckling.<\/p>\n<h3 data-start=\"1295\" data-end=\"1680\">Rast, r\u00f6relse och \u00e5terh\u00e4mtning<\/h3>\n<p data-start=\"1295\" data-end=\"1680\">F\u00f6rmiddags- och lunchrasterna \u00e4r uppdelade i tre omg\u00e5ngar: en f\u00f6r F\u20131, en f\u00f6r 2\u20133 och en f\u00f6r 4\u20135. Det skapar lugnare milj\u00f6er och tryggare lek. Under dagen varvas lektioner med r\u00f6relsepauser, sociala aktiviteter och stunder av gemenskap.<\/p>\n\n\t\t\t\t\t<\/div>\n\t\t\t\t\t\t\t<\/div>\n\n\t\t\t\t\t<\/div>\n\n\t\t <div class=\"ams-fifty__media u-ratio-square\">\n\t\t \t\t\t\t\t<img decoding=\"async\" width=\"600\" height=\"600\" src=\"https:\/\/innovitaskolan.se\/wp-content\/uploads\/sites\/22\/2025\/09\/innovitaskolan-fritids-molndal-202405-2-1-600x600.png\" class=\"attachment-md size-md\" alt=\"Elever som leker utomhus.\" sizes=\"(min-width: 64em) 600px, calc(100vw - 160px)\" srcset=\"https:\/\/innovitaskolan.se\/wp-content\/uploads\/sites\/22\/2025\/09\/innovitaskolan-fritids-molndal-202405-2-1-600x600.png 600w, https:\/\/innovitaskolan.se\/wp-content\/uploads\/sites\/22\/2025\/09\/innovitaskolan-fritids-molndal-202405-2-1-150x150.png 150w, https:\/\/innovitaskolan.se\/wp-content\/uploads\/sites\/22\/2025\/09\/innovitaskolan-fritids-molndal-202405-2-1-300x300.png 300w, https:\/\/innovitaskolan.se\/wp-content\/uploads\/sites\/22\/2025\/09\/innovitaskolan-fritids-molndal-202405-2-1-400x400.png 400w, https:\/\/innovitaskolan.se\/wp-content\/uploads\/sites\/22\/2025\/09\/innovitaskolan-fritids-molndal-202405-2-1.png 667w\" \/>\n\t\t\t\n\t\t\t\n\t\t\t\t\t<\/div>\n\t<\/div>\n\n\t\t\n\n<\/section>\n\n\n\n\n<section  class=\"ams-cta ams-cta--stacked c-block l-stacked\" data-color-scheme=\"beige\">\n\t<div class=\"l-container-narrow l-stack l-stack-fluid-2xl u-pt-fluid-3xl-6xl u-pb-fluid-3xl-6xl is-center is-center@md\">\n\t\t\t\t\t<div class=\"ams-cta__intro l-stack l-stack-lg\">\n\t\t\t\t\t\n\t<h2\n\tclass=\"c-heading u-font-title-1 \"\n\tstyle=\"\">\n\t\t\n\t\t\t\t\tS\u00f6ka grundskola\n\t\t\t\t\n\t<\/h2>\n\n\t\t\t\t\t\t\t\t\t<div class=\"c-text l-stack u-cs-xl u-font-body\">\n\t\t\t\t\t\t<p>Vad roligt att du vill st\u00e4lla ditt barn i k\u00f6 till v\u00e5r grundskola. Klicka p\u00e5 knappen nedan f\u00f6r att komma till k\u00f6anm\u00e4lan.<\/p>\n\n\t\t\t\t\t<\/div>\n\t\t\t\t\t\t\t<\/div>\n\t\t\n\t\t\n\t\t\t<div class=\"ams-cta__action u-inline-items\">\n\t\t\t\t\t\t\t\n\n\n<a href=\"https:\/\/innovitaskolan.se\/ronninge\/koanmalan\/\"\n\t\n\tclass=\"c-btn \"\n\tdata-style=\"round\"\n\tdata-size=\"md\"\n\tdata-width=\"full-mobile\"\n\tdata-variant=\"default\"\n\ttarget=\"_self\">\n\t\t\t<span class=\"label\"> Till k\u00f6anm\u00e4lan<\/span>\n\t\t\t<\/a>\n\t\t\t<\/div>\n\t<\/div>\n\n\t\t\n\n<\/section>\n","protected":false},"excerpt":{"rendered":"","protected":false},"author":65,"featured_media":0,"parent":20,"menu_order":0,"comment_status":"closed","ping_status":"closed","template":"","meta":{"footnotes":""},"yoast_head":"<!-- This site is optimized with the Yoast SEO plugin v22.0 - https:\/\/yoast.com\/wordpress\/plugins\/seo\/ -->\n<title>V\u00e5r grundskola | Innovitaskolan R\u00f6nninge | Om skolan<\/title>\n<meta name=\"description\" content=\"P\u00e5 Innovitaskolan R\u00f6nninges grundskola finns f\u00f6rskoleklass\u2013\u00e5k5. Vi vill ge eleverna ett lustfyllt l\u00e4rande och att de ska bli trygga individer.\" \/>\n<meta name=\"robots\" content=\"index, follow, max-snippet:-1, max-image-preview:large, max-video-preview:-1\" \/>\n<link rel=\"canonical\" href=\"https:\/\/innovitaskolan.se\/ronninge\/om\/grundskola\/\" \/>\n<meta property=\"og:locale\" content=\"sv_SE\" \/>\n<meta property=\"og:type\" content=\"article\" \/>\n<meta property=\"og:title\" content=\"V\u00e5r grundskola | Innovitaskolan R\u00f6nninge | Om skolan\" \/>\n<meta property=\"og:description\" content=\"P\u00e5 Innovitaskolan R\u00f6nninges grundskola finns f\u00f6rskoleklass\u2013\u00e5k5. Vi vill ge eleverna ett lustfyllt l\u00e4rande och att de ska bli trygga individer.\" \/>\n<meta property=\"og:url\" content=\"https:\/\/innovitaskolan.se\/ronninge\/om\/grundskola\/\" \/>\n<meta property=\"og:site_name\" content=\"R\u00f6nninge\" \/>\n<meta property=\"article:modified_time\" content=\"2026-01-09T08:34:17+00:00\" \/>\n<meta name=\"twitter:card\" content=\"summary_large_image\" \/>\n<meta name=\"twitter:title\" content=\"V\u00e5r grundskola | Innovitaskolan R\u00f6nninge | Om skolan\" \/>\n<meta name=\"twitter:description\" content=\"P\u00e5 Innovitaskolan R\u00f6nninges grundskola finns f\u00f6rskoleklass\u2013\u00e5k5. Vi vill ge eleverna ett lustfyllt l\u00e4rande och att de ska bli trygga individer.\" \/>\n<meta name=\"twitter:label1\" content=\"Ber\u00e4knad l\u00e4stid\" \/>\n\t<meta name=\"twitter:data1\" content=\"5 minuter\" \/>\n<script type=\"application\/ld+json\" class=\"yoast-schema-graph\">{\"@context\":\"https:\/\/schema.org\",\"@graph\":[{\"@type\":\"WebPage\",\"@id\":\"https:\/\/innovitaskolan.se\/ronninge\/om\/grundskola\/\",\"url\":\"https:\/\/innovitaskolan.se\/ronninge\/om\/grundskola\/\",\"name\":\"V\u00e5r grundskola | Innovitaskolan R\u00f6nninge | Om skolan\",\"isPartOf\":{\"@id\":\"https:\/\/innovitaskolan.se\/ronninge\/#website\"},\"datePublished\":\"2021-03-04T10:29:47+00:00\",\"dateModified\":\"2026-01-09T08:34:17+00:00\",\"description\":\"P\u00e5 Innovitaskolan R\u00f6nninges grundskola finns f\u00f6rskoleklass\u2013\u00e5k5. Vi vill ge eleverna ett lustfyllt l\u00e4rande och att de ska bli trygga individer.\",\"breadcrumb\":{\"@id\":\"https:\/\/innovitaskolan.se\/ronninge\/om\/grundskola\/#breadcrumb\"},\"inLanguage\":\"sv-SE\",\"potentialAction\":[{\"@type\":\"ReadAction\",\"target\":[\"https:\/\/innovitaskolan.se\/ronninge\/om\/grundskola\/\"]}]},{\"@type\":\"BreadcrumbList\",\"@id\":\"https:\/\/innovitaskolan.se\/ronninge\/om\/grundskola\/#breadcrumb\",\"itemListElement\":[{\"@type\":\"ListItem\",\"position\":1,\"name\":\"Start\",\"item\":\"https:\/\/innovitaskolan.se\/ronninge\/\"},{\"@type\":\"ListItem\",\"position\":2,\"name\":\"Om oss\",\"item\":\"https:\/\/innovitaskolan.se\/ronninge\/om\/\"},{\"@type\":\"ListItem\",\"position\":3,\"name\":\"Grundskola\"}]},{\"@type\":\"WebSite\",\"@id\":\"https:\/\/innovitaskolan.se\/ronninge\/#website\",\"url\":\"https:\/\/innovitaskolan.se\/ronninge\/\",\"name\":\"R\u00f6nninge\",\"description\":\"En del av AcadeMedia\",\"potentialAction\":[{\"@type\":\"SearchAction\",\"target\":{\"@type\":\"EntryPoint\",\"urlTemplate\":\"https:\/\/innovitaskolan.se\/ronninge\/?s={search_term_string}\"},\"query-input\":\"required name=search_term_string\"}],\"inLanguage\":\"sv-SE\"}]}<\/script>\n<!-- \/ Yoast SEO plugin. -->","yoast_head_json":{"title":"V\u00e5r grundskola | Innovitaskolan R\u00f6nninge | Om skolan","description":"P\u00e5 Innovitaskolan R\u00f6nninges grundskola finns f\u00f6rskoleklass\u2013\u00e5k5. Vi vill ge eleverna ett lustfyllt l\u00e4rande och att de ska bli trygga individer.","robots":{"index":"index","follow":"follow","max-snippet":"max-snippet:-1","max-image-preview":"max-image-preview:large","max-video-preview":"max-video-preview:-1"},"canonical":"https:\/\/innovitaskolan.se\/ronninge\/om\/grundskola\/","og_locale":"sv_SE","og_type":"article","og_title":"V\u00e5r grundskola | Innovitaskolan R\u00f6nninge | Om skolan","og_description":"P\u00e5 Innovitaskolan R\u00f6nninges grundskola finns f\u00f6rskoleklass\u2013\u00e5k5. Vi vill ge eleverna ett lustfyllt l\u00e4rande och att de ska bli trygga individer.","og_url":"https:\/\/innovitaskolan.se\/ronninge\/om\/grundskola\/","og_site_name":"R\u00f6nninge","article_modified_time":"2026-01-09T08:34:17+00:00","twitter_card":"summary_large_image","twitter_title":"V\u00e5r grundskola | Innovitaskolan R\u00f6nninge | Om skolan","twitter_description":"P\u00e5 Innovitaskolan R\u00f6nninges grundskola finns f\u00f6rskoleklass\u2013\u00e5k5. Vi vill ge eleverna ett lustfyllt l\u00e4rande och att de ska bli trygga individer.","twitter_misc":{"Ber\u00e4knad l\u00e4stid":"5 minuter"},"schema":{"@context":"https:\/\/schema.org","@graph":[{"@type":"WebPage","@id":"https:\/\/innovitaskolan.se\/ronninge\/om\/grundskola\/","url":"https:\/\/innovitaskolan.se\/ronninge\/om\/grundskola\/","name":"V\u00e5r grundskola | Innovitaskolan R\u00f6nninge | Om skolan","isPartOf":{"@id":"https:\/\/innovitaskolan.se\/ronninge\/#website"},"datePublished":"2021-03-04T10:29:47+00:00","dateModified":"2026-01-09T08:34:17+00:00","description":"P\u00e5 Innovitaskolan R\u00f6nninges grundskola finns f\u00f6rskoleklass\u2013\u00e5k5. Vi vill ge eleverna ett lustfyllt l\u00e4rande och att de ska bli trygga individer.","breadcrumb":{"@id":"https:\/\/innovitaskolan.se\/ronninge\/om\/grundskola\/#breadcrumb"},"inLanguage":"sv-SE","potentialAction":[{"@type":"ReadAction","target":["https:\/\/innovitaskolan.se\/ronninge\/om\/grundskola\/"]}]},{"@type":"BreadcrumbList","@id":"https:\/\/innovitaskolan.se\/ronninge\/om\/grundskola\/#breadcrumb","itemListElement":[{"@type":"ListItem","position":1,"name":"Start","item":"https:\/\/innovitaskolan.se\/ronninge\/"},{"@type":"ListItem","position":2,"name":"Om oss","item":"https:\/\/innovitaskolan.se\/ronninge\/om\/"},{"@type":"ListItem","position":3,"name":"Grundskola"}]},{"@type":"WebSite","@id":"https:\/\/innovitaskolan.se\/ronninge\/#website","url":"https:\/\/innovitaskolan.se\/ronninge\/","name":"R\u00f6nninge","description":"En del av AcadeMedia","potentialAction":[{"@type":"SearchAction","target":{"@type":"EntryPoint","urlTemplate":"https:\/\/innovitaskolan.se\/ronninge\/?s={search_term_string}"},"query-input":"required name=search_term_string"}],"inLanguage":"sv-SE"}]}},"_links":{"self":[{"href":"https:\/\/innovitaskolan.se\/ronninge\/wp-json\/wp\/v2\/pages\/24"}],"collection":[{"href":"https:\/\/innovitaskolan.se\/ronninge\/wp-json\/wp\/v2\/pages"}],"about":[{"href":"https:\/\/innovitaskolan.se\/ronninge\/wp-json\/wp\/v2\/types\/page"}],"author":[{"embeddable":true,"href":"https:\/\/innovitaskolan.se\/ronninge\/wp-json\/wp\/v2\/users\/65"}],"replies":[{"embeddable":true,"href":"https:\/\/innovitaskolan.se\/ronninge\/wp-json\/wp\/v2\/comments?post=24"}],"version-history":[{"count":10,"href":"https:\/\/innovitaskolan.se\/ronninge\/wp-json\/wp\/v2\/pages\/24\/revisions"}],"predecessor-version":[{"id":2183,"href":"https:\/\/innovitaskolan.se\/ronninge\/wp-json\/wp\/v2\/pages\/24\/revisions\/2183"}],"up":[{"embeddable":true,"href":"https:\/\/innovitaskolan.se\/ronninge\/wp-json\/wp\/v2\/pages\/20"}],"wp:attachment":[{"href":"https:\/\/innovitaskolan.se\/ronninge\/wp-json\/wp\/v2\/media?parent=24"}],"curies":[{"name":"wp","href":"https:\/\/api.w.org\/{rel}","templated":true}]}}