{"id":24,"date":"2021-03-04T11:29:47","date_gmt":"2021-03-04T10:29:47","guid":{"rendered":"https:\/\/innovitaskolan.se\/ostersund\/?page_id=24"},"modified":"2026-01-07T15:41:58","modified_gmt":"2026-01-07T14:41:58","slug":"grundskola","status":"publish","type":"page","link":"https:\/\/innovitaskolan.se\/ostersund\/om\/grundskola\/","title":{"rendered":"Grundskola"},"content":{"rendered":"\n\t\n\t\n\t\n\n\t\n\t\n\t\t\n<section  class=\"c-block l-stacked  \" data-color-scheme=\"\">\n\t<div class=\"ams-fifty ams-fifty--container ams-fifty--right ams-fifty--bottom l-container u-pt-fluid-2xl-4xl u-pb-fluid-md-xl\">\n\t\t<div class=\"ams-fifty__content l-stack l-stack-xl is-left is-left@lg\">\n\t\t\t<div class=\"ams-fifty__text l-stack l-stack-lg\">\n\t\t\t\t\t\n\t<h1\n\tclass=\"c-heading u-font-title-1 \"\n\tstyle=\"\">\n\t\t\n\t\t\t\t\t\t\t\t\tGrundskola p\u00e5 Innovitaskolan \u00d6stersund\n\t\t\t\t<span class=\"c-heading__sub is-below u-font-title-3\">\n\t\t\t\t\tEn grundskola d\u00e4r eleverna utvecklas genom kreativitet och l\u00e4rande f\u00f6r varje framtid.\n\t\t\t\t<\/span>\n\t\t\t\t\t\t\t\n\t<\/h1>\n\n\t\t\t\t\t\t\t\t\t<div class=\"text l-stack u-font-body\">\n\t\t\t\t\t\t<p><!-- wp:heading --><\/p>\n<h2 class=\"wp-block-heading\">F\u00f6rskoleklass till \u00e5rskurs 9<\/h2>\n<p>P\u00e5 v\u00e5r skola g\u00e5r elever fr\u00e5n f\u00f6rskoleklass upp till \u00e5rskurs 9. Vi l\u00e4gger stor vikt vid att v\u00e5ra elever ska kunna r\u00f6ra sig fritt i det digitala landskapet. D\u00e4rf\u00f6r har eleverna fr\u00e5n \u00e5rskurs 1 tillg\u00e5ng till en egen Chromebook och i v\u00e5ra f\u00f6rskoleklasser delar tv\u00e5 elever p\u00e5 en Ipad.<\/p>\n<p><!-- \/wp:paragraph --><\/p>\n\n\t\t\t\t\t<\/div>\n\t\t\t\t\t\t\t<\/div>\n\n\t\t\t\t\t<\/div>\n\n\t\t <div class=\"ams-fifty__media u-ratio-square\">\n\t\t \t\t\t\t\t<img decoding=\"async\" width=\"600\" height=\"600\" src=\"https:\/\/innovitaskolan.se\/wp-content\/uploads\/sites\/31\/2025\/09\/innovitaskolan-hogstadiet-rudan-202204-2-600x600.png\" class=\"attachment-md size-md\" alt=\"L\u00e4rare och elev i klassrummet.\" sizes=\"(min-width: 64em) 600px, calc(100vw - 160px)\" srcset=\"https:\/\/innovitaskolan.se\/wp-content\/uploads\/sites\/31\/2025\/09\/innovitaskolan-hogstadiet-rudan-202204-2-600x600.png 600w, https:\/\/innovitaskolan.se\/wp-content\/uploads\/sites\/31\/2025\/09\/innovitaskolan-hogstadiet-rudan-202204-2-150x150.png 150w, https:\/\/innovitaskolan.se\/wp-content\/uploads\/sites\/31\/2025\/09\/innovitaskolan-hogstadiet-rudan-202204-2-300x300.png 300w, https:\/\/innovitaskolan.se\/wp-content\/uploads\/sites\/31\/2025\/09\/innovitaskolan-hogstadiet-rudan-202204-2-400x400.png 400w, https:\/\/innovitaskolan.se\/wp-content\/uploads\/sites\/31\/2025\/09\/innovitaskolan-hogstadiet-rudan-202204-2.png 667w\" \/>\n\t\t\t\n\t\t\t\n\t\t\t\t\t<\/div>\n\t<\/div>\n\n\t\t\n\n<\/section>\n\n\n\n\t\n\t\n\t\n\n\t\n\t\n\t\t\n<section  class=\"c-block l-stacked  \" data-color-scheme=\"nyans3_av_p2\">\n\t<div class=\"ams-fifty ams-fifty--container ams-fifty--left ams-fifty--bottom l-container u-pt-fluid-md-xl u-pb-fluid-md-xl\">\n\t\t<div class=\"ams-fifty__content l-stack l-stack-xl is-left is-left@lg\">\n\t\t\t<div class=\"ams-fifty__text l-stack l-stack-lg\">\n\t\t\t\t\t\n\t<h2\n\tclass=\"c-heading u-font-title-1 \"\n\tstyle=\"\">\n\t\t\n\t\t\t\t\tEn vanlig dag p\u00e5 v\u00e5rt l\u00e5g- och mellanstadie\n\t\t\t\t\n\t<\/h2>\n\n\t\t\t\t\t\t\t\t\t<div class=\"text l-stack u-font-body\">\n\t\t\t\t\t\t<h3><span style=\"font-weight: 400;\">Hemklassrum skapar trygghet<\/span><\/h3>\n<p><span style=\"font-weight: 400;\">Skoldagen b\u00f6rjar mellan 8.00-8.30. De elever som l\u00e4mnas tidigare har morgonfritids och \u00e4r d\u00e5 utomhus med pedagoger. P\u00e5 l\u00e5g- och mellanstadiet har varje klass ett hemklassrum d\u00e4r de har de flesta av sina lektioner. Alla klasser har en rast n\u00e5gon g\u00e5ng f\u00f6re lunch och h\u00e4r ligger schema s\u00e5 att inte alltf\u00f6r m\u00e5nga elever \u00e4r ute samtidigt.<\/span><\/p>\n<h3><span style=\"font-weight: 400;\">Planerade rastaktiviteter\u00a0<\/span><\/h3>\n<p><span style=\"font-weight: 400;\">P\u00e5 rasterna \u00e4r det v\u00e4l bemannat med pedagoger fr\u00e5n fritids- och resursarbetslagen f\u00f6r att skapa trivsel och trygghet samt hj\u00e4lpa till med konfliktl\u00f6sning. Planerade rastaktiviteter erbjuds alla dagar i veckan av personal med uppdrag f\u00f6r just det. N\u00e5gon eller n\u00e5gra g\u00e5nger under veckan har eleverna r\u00f6relsepass, en slags kortare idrottslektion ledda av idrottsl\u00e4rare men d\u00e4r eleverna inte beh\u00f6ver byta om.\u00a0<\/span><\/p>\n<h3><span style=\"font-weight: 400;\">Pedagogisk m\u00e5ltid<\/span><\/h3>\n<p><span style=\"font-weight: 400;\">Lunch serveras i matsal fr\u00e5n 10.50 d\u00e4r de yngsta \u00e4ter f\u00f6rst. F\u00f6r varje \u00e5rskurs finns personal som har i sina scheman att \u00e4ta pedagogisk m\u00e5ltid med eleverna. Efter lunch \u00e4r det rast och d\u00e4refter forts\u00e4tter eftermiddagen enligt scheman. Skoldagen slutar n\u00e5gon g\u00e5ng mellan 13.00-14.10.<\/span><\/p>\n<h3><span style=\"font-weight: 400;\">Kreativitet och probleml\u00f6sning\u00a0<\/span><\/h3>\n<p><span style=\"font-weight: 400;\">F\u00f6r eleverna \u00e4r h\u00f6jdpunkterna under en vanlig skoldag oftast de stunder d\u00e5 n\u00e5got ov\u00e4ntat h\u00e4nder och de f\u00e5r utforska, vara kreativa och l\u00f6sa problem. De tycker ocks\u00e5 om aktiviteter d\u00e4r de f\u00e5r samarbeta med nya klasskamrater eller med sina faddrar\/fadderbarn och d\u00e4r olika \u00e4mnen v\u00e4vs samman.<\/span><\/p>\n\n\t\t\t\t\t<\/div>\n\t\t\t\t\t\t\t<\/div>\n\n\t\t\t\t\t<\/div>\n\n\t\t <div class=\"ams-fifty__media u-ratio-square\">\n\t\t \t\t\t\t\t<img decoding=\"async\" width=\"600\" height=\"600\" src=\"https:\/\/innovitaskolan.se\/wp-content\/uploads\/sites\/31\/2025\/09\/innovitaskolan-grundskola-segeltorp-202303-4-1-600x600.png\" class=\"attachment-md size-md\" alt=\"\" sizes=\"(min-width: 64em) 600px, calc(100vw - 160px)\" srcset=\"https:\/\/innovitaskolan.se\/wp-content\/uploads\/sites\/31\/2025\/09\/innovitaskolan-grundskola-segeltorp-202303-4-1-600x600.png 600w, https:\/\/innovitaskolan.se\/wp-content\/uploads\/sites\/31\/2025\/09\/innovitaskolan-grundskola-segeltorp-202303-4-1-150x150.png 150w, https:\/\/innovitaskolan.se\/wp-content\/uploads\/sites\/31\/2025\/09\/innovitaskolan-grundskola-segeltorp-202303-4-1-300x300.png 300w, https:\/\/innovitaskolan.se\/wp-content\/uploads\/sites\/31\/2025\/09\/innovitaskolan-grundskola-segeltorp-202303-4-1-400x400.png 400w, https:\/\/innovitaskolan.se\/wp-content\/uploads\/sites\/31\/2025\/09\/innovitaskolan-grundskola-segeltorp-202303-4-1.png 667w\" \/>\n\t\t\t\n\t\t\t\n\t\t\t\t\t<\/div>\n\t<\/div>\n\n\t\t\n\n<\/section>\n\n\n\n\t\n\t\n\t\n\n\t\n\t\n\t\t\n<section  class=\"c-block l-stacked  \" data-color-scheme=\"nyans3_av_p2\">\n\t<div class=\"ams-fifty ams-fifty--container ams-fifty--right ams-fifty--bottom l-container u-pt-fluid-md-xl u-pb-fluid-md-xl\">\n\t\t<div class=\"ams-fifty__content l-stack l-stack-xl is-left is-left@lg\">\n\t\t\t<div class=\"ams-fifty__text l-stack l-stack-lg\">\n\t\t\t\t\t\n\t<h2\n\tclass=\"c-heading u-font-title-1 \"\n\tstyle=\"\">\n\t\t\n\t\t\t\t\tEn vanlig dag p\u00e5 v\u00e5rt h\u00f6gstadie\n\t\t\t\t\n\t<\/h2>\n\n\t\t\t\t\t\t\t\t\t<div class=\"text l-stack u-font-body\">\n\t\t\t\t\t\t<h3><span style=\"font-weight: 400;\">Personal h\u00e4lsar god morgon<\/span><\/h3>\n<p><span style=\"font-weight: 400;\">H\u00f6gstadiet har varierad start- och sluttid olika dagar mellan kl 08.00-16.00. Skolans caf\u00e9 h\u00e5ller \u00f6ppet mellan 8-10 f\u00f6r de elever som kanske inte hunnit med frukost hemma. D\u00e4r finns ocks\u00e5 oftast l\u00e4rare eller personal fr\u00e5n elevh\u00e4lsan och h\u00e4lsar godmorgon.\u00a0<\/span><\/p>\n<h3><span style=\"font-weight: 400;\">Veckobrev hj\u00e4lper eleverna med struktur<\/span><\/h3>\n<p><span style=\"font-weight: 400;\">\u00c4mnen styr i vilka lektionssalar man har sin undervisning och b\u00e5de elever och de flesta l\u00e4rare skiftar emellan under dagen. Alla elever har tillg\u00e5ng till veckobrev f\u00f6r respektive \u00e5rskurs d\u00e4r all samlad information finns om veckans planeringar s\u00e5 att man kan komma f\u00f6rberedd till lektion. Det \u00e4r kortare pauser mellan lektionerna d\u00e5 det finns m\u00f6jlighet till f\u00f6rflyttning, en nypa frisk luft och r\u00f6relse.\u00a0<\/span><\/p>\n<h3><span style=\"font-weight: 400;\">Mobilfria lektioner<\/span><\/h3>\n<p><span style=\"font-weight: 400;\">Vid varje lektion samlar l\u00e4raren in mobiltelefoner och dessa \u00e5terl\u00e4mnas vid lektionens slut. Lunchpausen \u00e4r cirka 45 min l\u00e5ng och ligger mellan 12.10-13.00. I anslutning till lunchen brukar tid finnas f\u00f6r lite samvaro i caf\u00e9et eller n\u00e5gon aktivitet, exempelvis biljard, pingis eller kortspel. Efter lunch forts\u00e4tter skoldagen enligt scheman.<\/span><\/p>\n<h3><span style=\"font-weight: 400;\">Umg\u00e5s med v\u00e4nner en h\u00f6jdpunkt<\/span><\/h3>\n<p><span style=\"font-weight: 400;\">Att f\u00e5 tr\u00e4ffa sina v\u00e4nner och m\u00e5nga av de l\u00e4rare som de tycker mycket om \u00e4r h\u00f6jdpunkter f\u00f6r eleverna. De gillar att utmanas, l\u00f6sa problem, p\u00e5verka sin undervisning, h\u00e4nga i soffor och runt pingis\/biljardbord samt att handla toast i caf\u00e9et.<\/span><\/p>\n\n\t\t\t\t\t<\/div>\n\t\t\t\t\t\t\t<\/div>\n\n\t\t\t\t\t<\/div>\n\n\t\t <div class=\"ams-fifty__media u-ratio-square\">\n\t\t \t\t\t\t\t<img decoding=\"async\" width=\"600\" height=\"600\" src=\"https:\/\/innovitaskolan.se\/wp-content\/uploads\/sites\/31\/2025\/09\/innovitaskolan-hogstadie-molndal-202405-5-600x600.png\" class=\"attachment-md size-md\" alt=\"Elever som sitter i klassrum.\" sizes=\"(min-width: 64em) 600px, calc(100vw - 160px)\" srcset=\"https:\/\/innovitaskolan.se\/wp-content\/uploads\/sites\/31\/2025\/09\/innovitaskolan-hogstadie-molndal-202405-5-600x600.png 600w, https:\/\/innovitaskolan.se\/wp-content\/uploads\/sites\/31\/2025\/09\/innovitaskolan-hogstadie-molndal-202405-5-150x150.png 150w, https:\/\/innovitaskolan.se\/wp-content\/uploads\/sites\/31\/2025\/09\/innovitaskolan-hogstadie-molndal-202405-5-300x300.png 300w, https:\/\/innovitaskolan.se\/wp-content\/uploads\/sites\/31\/2025\/09\/innovitaskolan-hogstadie-molndal-202405-5-400x400.png 400w, https:\/\/innovitaskolan.se\/wp-content\/uploads\/sites\/31\/2025\/09\/innovitaskolan-hogstadie-molndal-202405-5.png 667w\" \/>\n\t\t\t\n\t\t\t\n\t\t\t\t\t<\/div>\n\t<\/div>\n\n\t\t\n\n<\/section>\n\n\n\n\t<div class=\"module_wrapper ams_remote_pages_module \">\n\t\t\t\t\t\t\t<div class=\"container core-columns\">\n\t\t\t\t\t\t<div class=\"row\">\n\t\t\t\t\t\t\t<div class=\"col-12\">\n\t\t\t\t\t\t\t\t\n<div class=\"wp-block-columns is-layout-flex wp-container-core-columns-layout-1 wp-block-columns-is-layout-flex\">\n<div class=\"wp-block-column is-layout-flow wp-block-column-is-layout-flow\">\n<h2 class=\"wp-block-heading\">Moderna verktyg och metoder<\/h2>\n\n\n\n<p>Som komplement till den traditionella undervisningen f\u00e5r v\u00e5ra barn och elever tillg\u00e5ng till moderna verktyg och metoder. Det inneb\u00e4r anv\u00e4ndning av digitala hj\u00e4lpmedel s\u00e5v\u00e4l som att vi g\u00e5r utanf\u00f6r skolans v\u00e4ggar. Vi provar nytt, utv\u00e4rderar och delar v\u00e5r kunskap med varandra.<\/p>\n\n\n\n<h2 class=\"wp-block-heading\">Framtidens kompetenser<\/h2>\n\n\n\n<p>Barnen och eleverna f\u00e5r r\u00e4tt f\u00f6ruts\u00e4ttningar att lyckas tack vare skolans fokus p\u00e5 framtidens kompetenser. Vi st\u00e4rker deras praktiska och teoretiska kompetens genom att arbeta med probleml\u00f6sning, ledarskap, n\u00e4tverkande, entrepren\u00f6rskap, kommunikation samt h\u00e4lsa och v\u00e4lbefinnande. Omr\u00e5den som blir allt viktigare.<\/p>\n\n\n\n<h2 class=\"wp-block-heading\">Engagera varje elev<\/h2>\n\n\n\n<p>Genom att skapa intresse f\u00f6r hur kunskapen anv\u00e4nds engagerar vi varje elev. Att g\u00f6ra undervisningen sp\u00e4nnande och engagerande \u00e4r viktigt enligt modern forskning. Det \u00e4r ocks\u00e5 nyckeln till motivation och framg\u00e5ng. Framtiden \u00e4r sp\u00e4nnande och det ska v\u00e5r undervisning ocks\u00e5 vara. F\u00f6r alla.<\/p>\n<\/div>\n\n\n\n<div class=\"wp-block-column is-layout-flow wp-block-column-is-layout-flow\">\n\t<style>\n\t\t.inner {\n\n\t\t\tmargin: 0 auto;\n\n\n\t\t}\n\t<\/style>\n\t<div\n\t\t class=\"container images-module\" >\n\t\t<div class=\"row images_module__slideshow\">\n\n\t\t\t<div\n\t\t\t\t\tclass=\"col-md-12 p-0 position-relative images_module__slideshow images_module__slideshow-container  \">\n\t\t\t\t<div class=\"images_module__slide\" data-slide=\"\"\n\t\t\t\t\t data-duration=\"\"><\/div>\n\t\t\t\t\t\t\t\t\t<div\n\t\t\t\t\t\t class=\"images_module__slides\n\n\t\t\t\t\t   \"\n\t\t\t\t\t>\n\n\t\t\t\t\t\t<div class=\"images__wrapper\" style=\"aspect-ratio: 851 \/ 851;\">\n\t\t\t\t\t\t\t<img decoding=\"async\" width=\"1080\" height=\"1080\" src=\"https:\/\/innovitaskolan.se\/wp-content\/uploads\/2021\/04\/innovitaskolan-om-skolan-grundskola-segeltorp-202204.jpg\" class=\"images__image_ratio   images-module-image-mask image-module-mask-medium-shape1 \" alt=\"Elev p\u00e5 Innovitaskolan sitter vid sin b\u00e4nk i klassrummet.\" style=\"aspect-ratio: 851 \/ 851;object-position: center center;\" srcset=\"https:\/\/innovitaskolan.se\/wp-content\/uploads\/2021\/04\/innovitaskolan-om-skolan-grundskola-segeltorp-202204.jpg 1080w, https:\/\/innovitaskolan.se\/wp-content\/uploads\/2021\/04\/innovitaskolan-om-skolan-grundskola-segeltorp-202204-150x150.jpg 150w, https:\/\/innovitaskolan.se\/wp-content\/uploads\/2021\/04\/innovitaskolan-om-skolan-grundskola-segeltorp-202204-300x300.jpg 300w, https:\/\/innovitaskolan.se\/wp-content\/uploads\/2021\/04\/innovitaskolan-om-skolan-grundskola-segeltorp-202204-400x400.jpg 400w, https:\/\/innovitaskolan.se\/wp-content\/uploads\/2021\/04\/innovitaskolan-om-skolan-grundskola-segeltorp-202204-600x600.jpg 600w, https:\/\/innovitaskolan.se\/wp-content\/uploads\/2021\/04\/innovitaskolan-om-skolan-grundskola-segeltorp-202204-800x800.jpg 800w, https:\/\/innovitaskolan.se\/wp-content\/uploads\/2021\/04\/innovitaskolan-om-skolan-grundskola-segeltorp-202204-1024x1024.jpg 1024w\" sizes=\"(max-width: 1080px) 100vw, 1080px\" \/>\t\t\t\t\t\t<\/div>\n\t\t\t\t\t\t\n\n\t\t\t\t\t\t\t\t\t\t\t<\/div>\n\t\t\t\t\n\t\t\t\t<div class=\"images_module__container_dot\">\n\t\t\t\t\t<div style=\"text-align:center\">\n\n\n\t\t\t\t\t\t\t\t\t\t\t\t\t<span   data-i=\"0\"\n\t\t\t\t\t\t\t\t  class=\"\n\t\t\t\t\t\t\timages_module__dot\n\t\t\t\t\t\t\t\t\t\t\t\t\t\t\"\n\t\t\t\t\t\t\t><\/span>\n\t\t\t\t\t\t\t\t\t\t\t<\/div>\n\t\t\t\t<\/div>\n\n\n\t\t\t<\/div>\n\t\t<\/div>\n\t<\/div>\n\n\t\n\n\n<script>\n\tvar images_display_descriptive_text = \"\";\n<\/script>\n<\/div>\n<\/div>\n\t\t\t\t\t\t\t<\/div>\n\t\t\t\t\t\t<\/div>\n\t\t\t\t\t<\/div>\n\t\t\t\t\t\t<\/div>\n\n\t\n\n\n\n<section  class=\"ams-cta ams-cta--stacked c-block l-stacked\" data-color-scheme=\"beige\">\n\t<div class=\"l-container-narrow l-stack l-stack-fluid-2xl u-pt-fluid-3xl-6xl u-pb-fluid-3xl-6xl is-center is-center@md\">\n\t\t\t\t\t<div class=\"ams-cta__intro l-stack l-stack-lg\">\n\t\t\t\t\t\n\t<h2\n\tclass=\"c-heading u-font-title-1 \"\n\tstyle=\"\">\n\t\t\n\t\t\t\t\tS\u00f6ka skola\n\t\t\t\t\n\t<\/h2>\n\n\t\t\t\t\t\t\t\t\t<div class=\"c-text l-stack u-cs-xl u-font-body\">\n\t\t\t\t\t\t<p>Vad roligt att du vill st\u00e4lla ditt barn i k\u00f6 till v\u00e5r grundskola.<br \/>\nKlicka p\u00e5 knappen nedan f\u00f6r att komma till k\u00f6anm\u00e4lan.<\/p>\n\n\t\t\t\t\t<\/div>\n\t\t\t\t\t\t\t<\/div>\n\t\t\n\t\t\n\t\t\t<div class=\"ams-cta__action u-inline-items\">\n\t\t\t\t\t\t\t\n\n\n<a href=\"https:\/\/innovitaskolan.se\/ostersund\/koanmalan\/\"\n\t\n\tclass=\"c-btn \"\n\tdata-style=\"round\"\n\tdata-size=\"md\"\n\tdata-width=\"full-mobile\"\n\tdata-variant=\"default\"\n\ttarget=\"_self\">\n\t\t\t<span class=\"label\"> Till k\u00f6anm\u00e4lan<\/span>\n\t\t\t<\/a>\n\t\t\t<\/div>\n\t<\/div>\n\n\t\t\n\n<\/section>\n\n\n<div   id=\"page-relative-menu\" class=\"site__font-monospace   container_width--full_width_conIcon   d-lg-none  \">\n\n\t\t\t\n<\/div>\n","protected":false},"excerpt":{"rendered":"","protected":false},"author":1,"featured_media":0,"parent":20,"menu_order":0,"comment_status":"closed","ping_status":"closed","template":"","meta":{"footnotes":""},"yoast_head":"<!-- This site is optimized with the Yoast SEO plugin v22.0 - https:\/\/yoast.com\/wordpress\/plugins\/seo\/ -->\n<title>V\u00e5r grundskola | Innovitaskolan \u00d6stersund | Om skolan<\/title>\n<meta name=\"description\" content=\"P\u00e5 Innovitaskolan \u00d6stersunds grundskola tar vi emot elever till f\u00f6rskoleklass\u2013\u00e5rskurs 9. Vi vill att elever ska f\u00e5 ett lustfyllt l\u00e4rande.\" \/>\n<meta name=\"robots\" content=\"index, follow, max-snippet:-1, max-image-preview:large, max-video-preview:-1\" \/>\n<link rel=\"canonical\" href=\"https:\/\/innovitaskolan.se\/ostersund\/om\/grundskola\/\" \/>\n<meta property=\"og:locale\" content=\"sv_SE\" \/>\n<meta property=\"og:type\" content=\"article\" \/>\n<meta property=\"og:title\" content=\"V\u00e5r grundskola | Innovitaskolan \u00d6stersund | Om skolan\" \/>\n<meta property=\"og:description\" content=\"P\u00e5 Innovitaskolan \u00d6stersunds grundskola tar vi emot elever till f\u00f6rskoleklass\u2013\u00e5rskurs 9. Vi vill att elever ska f\u00e5 ett lustfyllt l\u00e4rande.\" \/>\n<meta property=\"og:url\" content=\"https:\/\/innovitaskolan.se\/ostersund\/om\/grundskola\/\" \/>\n<meta property=\"og:site_name\" content=\"\u00d6stersund\" \/>\n<meta property=\"article:modified_time\" content=\"2026-01-07T14:41:58+00:00\" \/>\n<meta name=\"twitter:card\" content=\"summary_large_image\" \/>\n<meta name=\"twitter:title\" content=\"V\u00e5r grundskola | Innovitaskolan \u00d6stersund | Om skolan\" \/>\n<meta name=\"twitter:description\" content=\"P\u00e5 Innovitaskolan \u00d6stersunds grundskola tar vi emot elever till f\u00f6rskoleklass\u2013\u00e5rskurs 9. Vi vill att elever ska f\u00e5 ett lustfyllt l\u00e4rande.\" \/>\n<meta name=\"twitter:label1\" content=\"Ber\u00e4knad l\u00e4stid\" \/>\n\t<meta name=\"twitter:data1\" content=\"4 minuter\" \/>\n<script type=\"application\/ld+json\" class=\"yoast-schema-graph\">{\"@context\":\"https:\/\/schema.org\",\"@graph\":[{\"@type\":\"WebPage\",\"@id\":\"https:\/\/innovitaskolan.se\/ostersund\/om\/grundskola\/\",\"url\":\"https:\/\/innovitaskolan.se\/ostersund\/om\/grundskola\/\",\"name\":\"V\u00e5r grundskola | Innovitaskolan \u00d6stersund | Om skolan\",\"isPartOf\":{\"@id\":\"https:\/\/innovitaskolan.se\/ostersund\/#website\"},\"datePublished\":\"2021-03-04T10:29:47+00:00\",\"dateModified\":\"2026-01-07T14:41:58+00:00\",\"description\":\"P\u00e5 Innovitaskolan \u00d6stersunds grundskola tar vi emot elever till f\u00f6rskoleklass\u2013\u00e5rskurs 9. Vi vill att elever ska f\u00e5 ett lustfyllt l\u00e4rande.\",\"breadcrumb\":{\"@id\":\"https:\/\/innovitaskolan.se\/ostersund\/om\/grundskola\/#breadcrumb\"},\"inLanguage\":\"sv-SE\",\"potentialAction\":[{\"@type\":\"ReadAction\",\"target\":[\"https:\/\/innovitaskolan.se\/ostersund\/om\/grundskola\/\"]}]},{\"@type\":\"BreadcrumbList\",\"@id\":\"https:\/\/innovitaskolan.se\/ostersund\/om\/grundskola\/#breadcrumb\",\"itemListElement\":[{\"@type\":\"ListItem\",\"position\":1,\"name\":\"Start\",\"item\":\"https:\/\/innovitaskolan.se\/ostersund\/\"},{\"@type\":\"ListItem\",\"position\":2,\"name\":\"Om skolan\",\"item\":\"https:\/\/innovitaskolan.se\/ostersund\/om\/\"},{\"@type\":\"ListItem\",\"position\":3,\"name\":\"Grundskola\"}]},{\"@type\":\"WebSite\",\"@id\":\"https:\/\/innovitaskolan.se\/ostersund\/#website\",\"url\":\"https:\/\/innovitaskolan.se\/ostersund\/\",\"name\":\"\u00d6stersund\",\"description\":\"En del av AcadeMedia\",\"potentialAction\":[{\"@type\":\"SearchAction\",\"target\":{\"@type\":\"EntryPoint\",\"urlTemplate\":\"https:\/\/innovitaskolan.se\/ostersund\/?s={search_term_string}\"},\"query-input\":\"required name=search_term_string\"}],\"inLanguage\":\"sv-SE\"}]}<\/script>\n<!-- \/ Yoast SEO plugin. -->","yoast_head_json":{"title":"V\u00e5r grundskola | Innovitaskolan \u00d6stersund | Om skolan","description":"P\u00e5 Innovitaskolan \u00d6stersunds grundskola tar vi emot elever till f\u00f6rskoleklass\u2013\u00e5rskurs 9. Vi vill att elever ska f\u00e5 ett lustfyllt l\u00e4rande.","robots":{"index":"index","follow":"follow","max-snippet":"max-snippet:-1","max-image-preview":"max-image-preview:large","max-video-preview":"max-video-preview:-1"},"canonical":"https:\/\/innovitaskolan.se\/ostersund\/om\/grundskola\/","og_locale":"sv_SE","og_type":"article","og_title":"V\u00e5r grundskola | Innovitaskolan \u00d6stersund | Om skolan","og_description":"P\u00e5 Innovitaskolan \u00d6stersunds grundskola tar vi emot elever till f\u00f6rskoleklass\u2013\u00e5rskurs 9. Vi vill att elever ska f\u00e5 ett lustfyllt l\u00e4rande.","og_url":"https:\/\/innovitaskolan.se\/ostersund\/om\/grundskola\/","og_site_name":"\u00d6stersund","article_modified_time":"2026-01-07T14:41:58+00:00","twitter_card":"summary_large_image","twitter_title":"V\u00e5r grundskola | Innovitaskolan \u00d6stersund | Om skolan","twitter_description":"P\u00e5 Innovitaskolan \u00d6stersunds grundskola tar vi emot elever till f\u00f6rskoleklass\u2013\u00e5rskurs 9. Vi vill att elever ska f\u00e5 ett lustfyllt l\u00e4rande.","twitter_misc":{"Ber\u00e4knad l\u00e4stid":"4 minuter"},"schema":{"@context":"https:\/\/schema.org","@graph":[{"@type":"WebPage","@id":"https:\/\/innovitaskolan.se\/ostersund\/om\/grundskola\/","url":"https:\/\/innovitaskolan.se\/ostersund\/om\/grundskola\/","name":"V\u00e5r grundskola | Innovitaskolan \u00d6stersund | Om skolan","isPartOf":{"@id":"https:\/\/innovitaskolan.se\/ostersund\/#website"},"datePublished":"2021-03-04T10:29:47+00:00","dateModified":"2026-01-07T14:41:58+00:00","description":"P\u00e5 Innovitaskolan \u00d6stersunds grundskola tar vi emot elever till f\u00f6rskoleklass\u2013\u00e5rskurs 9. Vi vill att elever ska f\u00e5 ett lustfyllt l\u00e4rande.","breadcrumb":{"@id":"https:\/\/innovitaskolan.se\/ostersund\/om\/grundskola\/#breadcrumb"},"inLanguage":"sv-SE","potentialAction":[{"@type":"ReadAction","target":["https:\/\/innovitaskolan.se\/ostersund\/om\/grundskola\/"]}]},{"@type":"BreadcrumbList","@id":"https:\/\/innovitaskolan.se\/ostersund\/om\/grundskola\/#breadcrumb","itemListElement":[{"@type":"ListItem","position":1,"name":"Start","item":"https:\/\/innovitaskolan.se\/ostersund\/"},{"@type":"ListItem","position":2,"name":"Om skolan","item":"https:\/\/innovitaskolan.se\/ostersund\/om\/"},{"@type":"ListItem","position":3,"name":"Grundskola"}]},{"@type":"WebSite","@id":"https:\/\/innovitaskolan.se\/ostersund\/#website","url":"https:\/\/innovitaskolan.se\/ostersund\/","name":"\u00d6stersund","description":"En del av AcadeMedia","potentialAction":[{"@type":"SearchAction","target":{"@type":"EntryPoint","urlTemplate":"https:\/\/innovitaskolan.se\/ostersund\/?s={search_term_string}"},"query-input":"required name=search_term_string"}],"inLanguage":"sv-SE"}]}},"_links":{"self":[{"href":"https:\/\/innovitaskolan.se\/ostersund\/wp-json\/wp\/v2\/pages\/24"}],"collection":[{"href":"https:\/\/innovitaskolan.se\/ostersund\/wp-json\/wp\/v2\/pages"}],"about":[{"href":"https:\/\/innovitaskolan.se\/ostersund\/wp-json\/wp\/v2\/types\/page"}],"author":[{"embeddable":true,"href":"https:\/\/innovitaskolan.se\/ostersund\/wp-json\/wp\/v2\/users\/1"}],"replies":[{"embeddable":true,"href":"https:\/\/innovitaskolan.se\/ostersund\/wp-json\/wp\/v2\/comments?post=24"}],"version-history":[{"count":9,"href":"https:\/\/innovitaskolan.se\/ostersund\/wp-json\/wp\/v2\/pages\/24\/revisions"}],"predecessor-version":[{"id":1944,"href":"https:\/\/innovitaskolan.se\/ostersund\/wp-json\/wp\/v2\/pages\/24\/revisions\/1944"}],"up":[{"embeddable":true,"href":"https:\/\/innovitaskolan.se\/ostersund\/wp-json\/wp\/v2\/pages\/20"}],"wp:attachment":[{"href":"https:\/\/innovitaskolan.se\/ostersund\/wp-json\/wp\/v2\/media?parent=24"}],"curies":[{"name":"wp","href":"https:\/\/api.w.org\/{rel}","templated":true}]}}