{"id":24,"date":"2021-03-04T11:29:47","date_gmt":"2021-03-04T10:29:47","guid":{"rendered":"https:\/\/innovitaskolan.se\/nykoping\/?page_id=24"},"modified":"2025-11-05T13:22:02","modified_gmt":"2025-11-05T12:22:02","slug":"grundskola","status":"publish","type":"page","link":"https:\/\/innovitaskolan.se\/nykoping\/om\/grundskola\/","title":{"rendered":"Grundskola"},"content":{"rendered":"\n\t\n\t\n\t\n\n\t\n\t\n\t\t\n<section  class=\"c-block l-stacked  \" data-color-scheme=\"\">\n\t<div class=\"ams-fifty ams-fifty--container ams-fifty--right ams-fifty--bottom l-container u-pt-fluid-2xl-4xl u-pb-fluid-md-xl\">\n\t\t<div class=\"ams-fifty__content l-stack l-stack-xl is-left is-left@lg\">\n\t\t\t<div class=\"ams-fifty__text l-stack l-stack-lg\">\n\t\t\t\t\t\n\t<h1\n\tclass=\"c-heading u-font-title-1 \"\n\tstyle=\"\">\n\t\t\n\t\t\t\t\t\t\t\t\tGrundskola p\u00e5 Innovitaskolan Nyk\u00f6ping\n\t\t\t\t<span class=\"c-heading__sub is-below u-font-title-3\">\n\t\t\t\t\tEn grundskola d\u00e4r eleverna utvecklas genom kreativitet och l\u00e4rande f\u00f6r varje framtid.\n\t\t\t\t<\/span>\n\t\t\t\t\t\t\t\n\t<\/h1>\n\n\t\t\t\t\t\t\t\t\t<div class=\"text l-stack u-font-body\">\n\t\t\t\t\t\t<p><!-- wp:heading --><\/p>\n<h2 class=\"wp-block-heading\">F\u00f6rskoleklass till \u00e5rskurs 9<\/h2>\n<p>P\u00e5 Innovitaskolan Nyk\u00f6ping g\u00e5r elever fr\u00e5n f\u00f6rskoleklass till \u00e5rskurs 9. Vi finns p\u00e5 Strindbergsgatan 13 (f\u00f6rskoleklass\u2013\u00e5rskurs 5) och \u00d6stra Kyrkogatan 20 (\u00e5rskurs 6\u20139). I ett st\u00e4ndigt och p\u00e5g\u00e5ende arbete skapar vi en positiv, tillg\u00e4nglig l\u00e4rmilj\u00f6 d\u00e4r eleven str\u00e4var efter att utvecklas s\u00e5 l\u00e5ngt som m\u00f6jligt utifr\u00e5n sin egen f\u00f6ruts\u00e4ttning och f\u00f6rm\u00e5ga. Med h\u00f6ga f\u00f6rv\u00e4ntningar och m\u00f6jligheter att prova olika arbetss\u00e4tt blir v\u00e5ra elever v\u00e4l rustade f\u00f6r framtiden i en f\u00f6r\u00e4nderlig v\u00e4rld.<\/p>\n<h2 class=\"wp-block-heading\">Vi skapar f\u00f6ruts\u00e4ttningar<\/h2>\n<p>Vi betonar vikten av att eleven sj\u00e4lv f\u00f6rst\u00e5r sin del i sitt eget l\u00e4rande. Detta \u00e4r en r\u00f6d tr\u00e5d genom hela grundskolan som genomsyrar undervisningen och v\u00e5rt material. V\u00e5ra kompetenta l\u00e4rare har en stark \u00f6vertygelse om att eleven kan och tillsammans jobbar vi mot v\u00e5ra m\u00e5l. P\u00e5 Innovitaskolan Nyk\u00f6ping vill vi ge varje elev f\u00f6ruts\u00e4ttningen att kunna vara sitt b\u00e4sta jag.<\/p>\n<p><!-- \/wp:paragraph --><\/p>\n\n\t\t\t\t\t<\/div>\n\t\t\t\t\t\t\t<\/div>\n\n\t\t\t\t\t<\/div>\n\n\t\t <div class=\"ams-fifty__media u-ratio-square\">\n\t\t \t\t\t\t\t<img decoding=\"async\" width=\"600\" height=\"600\" src=\"https:\/\/innovitaskolan.se\/wp-content\/uploads\/sites\/20\/2025\/09\/innovitaskolan-pedagog-segeltorp-202303-600x600.png\" class=\"attachment-md size-md\" alt=\"Elever som r\u00e4cker upp handen och vill svara p\u00e5 l\u00e4rarens fr\u00e5ga.\" sizes=\"(min-width: 64em) 600px, calc(100vw - 160px)\" srcset=\"https:\/\/innovitaskolan.se\/wp-content\/uploads\/sites\/20\/2025\/09\/innovitaskolan-pedagog-segeltorp-202303-600x600.png 600w, https:\/\/innovitaskolan.se\/wp-content\/uploads\/sites\/20\/2025\/09\/innovitaskolan-pedagog-segeltorp-202303-150x150.png 150w, https:\/\/innovitaskolan.se\/wp-content\/uploads\/sites\/20\/2025\/09\/innovitaskolan-pedagog-segeltorp-202303-300x300.png 300w, https:\/\/innovitaskolan.se\/wp-content\/uploads\/sites\/20\/2025\/09\/innovitaskolan-pedagog-segeltorp-202303-400x400.png 400w, https:\/\/innovitaskolan.se\/wp-content\/uploads\/sites\/20\/2025\/09\/innovitaskolan-pedagog-segeltorp-202303.png 667w\" \/>\n\t\t\t\n\t\t\t\n\t\t\t\t\t<\/div>\n\t<\/div>\n\n\t\t\n\n<\/section>\n\n\n\n\t\n\t\n\t\n\n\t\n\t\n\t\t\n<section  class=\"c-block l-stacked  \" data-color-scheme=\"nyans3_av_p2\">\n\t<div class=\"ams-fifty ams-fifty--container ams-fifty--left ams-fifty--bottom l-container u-pt-fluid-md-xl u-pb-fluid-md-xl\">\n\t\t<div class=\"ams-fifty__content l-stack l-stack-xl is-left is-left@lg\">\n\t\t\t<div class=\"ams-fifty__text l-stack l-stack-lg\">\n\t\t\t\t\t\n\t<h2\n\tclass=\"c-heading u-font-title-1 \"\n\tstyle=\"\">\n\t\t\n\t\t\t\t\tEn vanlig dag p\u00e5 v\u00e5rt l\u00e5g- och mellanstadie\n\t\t\t\t\n\t<\/h2>\n\n\t\t\t\t\t\t\t\t\t<div class=\"text l-stack u-font-body\">\n\t\t\t\t\t\t<h3 data-start=\"313\" data-end=\"836\">Trygg start och l\u00e4rande med r\u00f6relse<\/h3>\n<p data-start=\"313\" data-end=\"836\">P\u00e5 Innovitaskolan Nyk\u00f6ping b\u00f6rjar dagen redan ute p\u00e5 skolg\u00e5rden d\u00e4r eleverna m\u00f6ts av en vuxen som h\u00e4lsar god morgon. D\u00e4refter v\u00e4ntar samling i klassrummet d\u00e4r dagens schema och aktiviteter g\u00e5s igenom. Undervisningen leds av beh\u00f6riga l\u00e4rare som samarbetar t\u00e4tt med resurspersoner och mentorer f\u00f6r att ge varje elev r\u00e4tt st\u00f6d.<\/p>\n<h3 data-start=\"1295\" data-end=\"1793\">Gemenskap och ansvar i vardagen<\/h3>\n<p data-start=\"1295\" data-end=\"1793\">Skolans stora skolg\u00e5rd och n\u00e4rliggande skog erbjuder gott om plats f\u00f6r lek, aktivitet och vila. I \u00e5rskurs 5 \u00e4r eleverna en del av trygghetsteamet och ansvarar f\u00f6r rastaktiviteter \u2013 ett uppdrag som skapar b\u00e5de stolthet och delaktighet. Alla \u00e5rskurser har dessutom olika ansvarsomr\u00e5den i skolan, som biblioteket, matsalen eller kapprummen.<\/p>\n<p data-start=\"1795\" data-end=\"2136\">Hos oss f\u00e5r alla elever vara med och p\u00e5verka genom klassr\u00e5d och elevr\u00e5d, och vi arbetar kontinuerligt f\u00f6r att st\u00e4rka delaktighet och demokratiska v\u00e4rderingar.<\/p>\n\n\t\t\t\t\t<\/div>\n\t\t\t\t\t\t\t<\/div>\n\n\t\t\t\t\t<\/div>\n\n\t\t <div class=\"ams-fifty__media u-ratio-square\">\n\t\t \t\t\t\t\t<img decoding=\"async\" width=\"600\" height=\"600\" src=\"https:\/\/innovitaskolan.se\/wp-content\/uploads\/sites\/20\/2025\/09\/innovitaskolan-mellanstadiet-segeltorp-202303-2-1-600x600.png\" class=\"attachment-md size-md\" alt=\"Elever som tittar i f\u00f6rstoringsglas.\" sizes=\"(min-width: 64em) 600px, calc(100vw - 160px)\" srcset=\"https:\/\/innovitaskolan.se\/wp-content\/uploads\/sites\/20\/2025\/09\/innovitaskolan-mellanstadiet-segeltorp-202303-2-1-600x600.png 600w, https:\/\/innovitaskolan.se\/wp-content\/uploads\/sites\/20\/2025\/09\/innovitaskolan-mellanstadiet-segeltorp-202303-2-1-150x150.png 150w, https:\/\/innovitaskolan.se\/wp-content\/uploads\/sites\/20\/2025\/09\/innovitaskolan-mellanstadiet-segeltorp-202303-2-1-300x300.png 300w, https:\/\/innovitaskolan.se\/wp-content\/uploads\/sites\/20\/2025\/09\/innovitaskolan-mellanstadiet-segeltorp-202303-2-1-400x400.png 400w, https:\/\/innovitaskolan.se\/wp-content\/uploads\/sites\/20\/2025\/09\/innovitaskolan-mellanstadiet-segeltorp-202303-2-1.png 667w\" \/>\n\t\t\t\n\t\t\t\n\t\t\t\t\t<\/div>\n\t<\/div>\n\n\t\t\n\n<\/section>\n\n\n\n\t\n\t\n\t\n\n\t\n\t\n\t\t\n<section  class=\"c-block l-stacked  \" data-color-scheme=\"nyans3_av_p2\">\n\t<div class=\"ams-fifty ams-fifty--container ams-fifty--right ams-fifty--bottom l-container u-pt-fluid-md-xl u-pb-fluid-md-xl\">\n\t\t<div class=\"ams-fifty__content l-stack l-stack-xl is-left is-left@lg\">\n\t\t\t<div class=\"ams-fifty__text l-stack l-stack-lg\">\n\t\t\t\t\t\n\t<h2\n\tclass=\"c-heading u-font-title-1 \"\n\tstyle=\"\">\n\t\t\n\t\t\t\t\tEn vanlig dag p\u00e5 v\u00e5rt h\u00f6gstadie\n\t\t\t\t\n\t<\/h2>\n\n\t\t\t\t\t\t\t\t\t<div class=\"text l-stack u-font-body\">\n\t\t\t\t\t\t<h3 data-start=\"2181\" data-end=\"2594\">Struktur, engagemang och trygghet<\/h3>\n<p data-start=\"2596\" data-end=\"2945\">Lektionerna leds av engagerade och beh\u00f6riga l\u00e4rare som anv\u00e4nder varierade arbetss\u00e4tt och uppmuntrar eleverna att p\u00e5verka undervisningen. Genom samarbete och tydliga m\u00e5l f\u00e5r eleverna m\u00f6jlighet att utvecklas utifr\u00e5n sin niv\u00e5.<\/p>\n<h3 data-start=\"2947\" data-end=\"3307\">Gemenskap och h\u00f6jdpunkter under veckan<\/h3>\n<p data-start=\"2947\" data-end=\"3307\">F\u00f6r m\u00e5nga elever \u00e4r lunchrasten dagens h\u00f6jdpunkt \u2013 en stund att tr\u00e4ffa v\u00e4nner eller andra aktiviteter som trygghetsteamet arrangerar.<\/p>\n<p data-start=\"2947\" data-end=\"3307\">P\u00e5 Innovitaskolan Nyk\u00f6ping handlar l\u00e4rande lika mycket om gemenskap och delaktighet som om kunskap \u2013 och det m\u00e4rks varje dag.<\/p>\n\n\t\t\t\t\t<\/div>\n\t\t\t\t\t\t\t<\/div>\n\n\t\t\t\t\t<\/div>\n\n\t\t <div class=\"ams-fifty__media u-ratio-square\">\n\t\t \t\t\t\t\t<img decoding=\"async\" width=\"600\" height=\"600\" src=\"https:\/\/innovitaskolan.se\/wp-content\/uploads\/sites\/20\/2025\/10\/innovitaskolan-hogstadiet-rudan-202204-2-600x600.png\" class=\"attachment-md size-md\" alt=\"L\u00e4rare som f\u00f6rklarar f\u00f6r elev.\" sizes=\"(min-width: 64em) 600px, calc(100vw - 160px)\" srcset=\"https:\/\/innovitaskolan.se\/wp-content\/uploads\/sites\/20\/2025\/10\/innovitaskolan-hogstadiet-rudan-202204-2-600x600.png 600w, https:\/\/innovitaskolan.se\/wp-content\/uploads\/sites\/20\/2025\/10\/innovitaskolan-hogstadiet-rudan-202204-2-150x150.png 150w, https:\/\/innovitaskolan.se\/wp-content\/uploads\/sites\/20\/2025\/10\/innovitaskolan-hogstadiet-rudan-202204-2-300x300.png 300w, https:\/\/innovitaskolan.se\/wp-content\/uploads\/sites\/20\/2025\/10\/innovitaskolan-hogstadiet-rudan-202204-2-400x400.png 400w, https:\/\/innovitaskolan.se\/wp-content\/uploads\/sites\/20\/2025\/10\/innovitaskolan-hogstadiet-rudan-202204-2.png 667w\" \/>\n\t\t\t\n\t\t\t\n\t\t\t\t\t<\/div>\n\t<\/div>\n\n\t\t\n\n<\/section>\n\n\n\n\n<section  class=\"ams-cta ams-cta--stacked c-block l-stacked\" data-color-scheme=\"beige\">\n\t<div class=\"l-container-narrow l-stack l-stack-fluid-2xl u-pt-fluid-3xl-6xl u-pb-fluid-3xl-6xl is-center is-center@md\">\n\t\t\t\t\t<div class=\"ams-cta__intro l-stack l-stack-lg\">\n\t\t\t\t\t\n\t<h2\n\tclass=\"c-heading u-font-title-1 \"\n\tstyle=\"\">\n\t\t\n\t\t\t\t\tS\u00f6ka skola\n\t\t\t\t\n\t<\/h2>\n\n\t\t\t\t\t\t\t\t\t<div class=\"c-text l-stack u-cs-xl u-font-body\">\n\t\t\t\t\t\t<p>Vad roligt att du vill st\u00e4lla ditt barn i k\u00f6 till v\u00e5r grundskola. Klicka p\u00e5 knappen nedan f\u00f6r att komma till k\u00f6anm\u00e4lan.<\/p>\n\n\t\t\t\t\t<\/div>\n\t\t\t\t\t\t\t<\/div>\n\t\t\n\t\t\n\t\t\t<div class=\"ams-cta__action u-inline-items\">\n\t\t\t\t\t\t\t\n\n\n<a href=\"https:\/\/innovitaskolan.se\/nykoping\/koanmalan\/\"\n\t\n\tclass=\"c-btn \"\n\tdata-style=\"round\"\n\tdata-size=\"md\"\n\tdata-width=\"full-mobile\"\n\tdata-variant=\"default\"\n\ttarget=\"_self\">\n\t\t\t<span class=\"label\"> Till k\u00f6anm\u00e4lan<\/span>\n\t\t\t<\/a>\n\t\t\t<\/div>\n\t<\/div>\n\n\t\t\n\n<\/section>\n\n\n<div   id=\"page-relative-menu\" class=\"site__font-monospace   container_width--full_width_conIcon   d-lg-none  \">\n\n\t\t\t\n<\/div>\n","protected":false},"excerpt":{"rendered":"","protected":false},"author":1,"featured_media":0,"parent":20,"menu_order":0,"comment_status":"closed","ping_status":"closed","template":"","meta":{"footnotes":""},"yoast_head":"<!-- This site is optimized with the Yoast SEO plugin v22.0 - https:\/\/yoast.com\/wordpress\/plugins\/seo\/ -->\n<title>V\u00e5r grundskola | Innovitaskolan Nyk\u00f6ping | Om skolan<\/title>\n<meta name=\"description\" content=\"P\u00e5 Innovitaskolan Nyk\u00f6pings grundskola g\u00e5r elever fr\u00e5n f\u00f6rskoleklass\u2013\u00e5k 9. Vi vill att eleverna ska bli trygga individer under sin tid h\u00e4r.\" \/>\n<meta name=\"robots\" content=\"index, follow, max-snippet:-1, max-image-preview:large, max-video-preview:-1\" \/>\n<link rel=\"canonical\" href=\"https:\/\/innovitaskolan.se\/nykoping\/om\/grundskola\/\" \/>\n<meta property=\"og:locale\" content=\"sv_SE\" \/>\n<meta property=\"og:type\" content=\"article\" \/>\n<meta property=\"og:title\" content=\"V\u00e5r grundskola | Innovitaskolan Nyk\u00f6ping | Om skolan\" \/>\n<meta property=\"og:description\" content=\"P\u00e5 Innovitaskolan Nyk\u00f6pings grundskola g\u00e5r elever fr\u00e5n f\u00f6rskoleklass\u2013\u00e5k 9. Vi vill att eleverna ska bli trygga individer under sin tid h\u00e4r.\" \/>\n<meta property=\"og:url\" content=\"https:\/\/innovitaskolan.se\/nykoping\/om\/grundskola\/\" \/>\n<meta property=\"og:site_name\" content=\"Nyk\u00f6ping\" \/>\n<meta property=\"article:modified_time\" content=\"2025-11-05T12:22:02+00:00\" \/>\n<meta name=\"twitter:card\" content=\"summary_large_image\" \/>\n<meta name=\"twitter:title\" content=\"V\u00e5r grundskola | Innovitaskolan Nyk\u00f6ping | Om skolan\" \/>\n<meta name=\"twitter:description\" content=\"P\u00e5 Innovitaskolan Nyk\u00f6pings grundskola g\u00e5r elever fr\u00e5n f\u00f6rskoleklass\u2013\u00e5k 9. Vi vill att eleverna ska bli trygga individer under sin tid h\u00e4r.\" \/>\n<meta name=\"twitter:label1\" content=\"Ber\u00e4knad l\u00e4stid\" \/>\n\t<meta name=\"twitter:data1\" content=\"3 minuter\" \/>\n<script type=\"application\/ld+json\" class=\"yoast-schema-graph\">{\"@context\":\"https:\/\/schema.org\",\"@graph\":[{\"@type\":\"WebPage\",\"@id\":\"https:\/\/innovitaskolan.se\/nykoping\/om\/grundskola\/\",\"url\":\"https:\/\/innovitaskolan.se\/nykoping\/om\/grundskola\/\",\"name\":\"V\u00e5r grundskola | Innovitaskolan Nyk\u00f6ping | Om skolan\",\"isPartOf\":{\"@id\":\"https:\/\/innovitaskolan.se\/nykoping\/#website\"},\"datePublished\":\"2021-03-04T10:29:47+00:00\",\"dateModified\":\"2025-11-05T12:22:02+00:00\",\"description\":\"P\u00e5 Innovitaskolan Nyk\u00f6pings grundskola g\u00e5r elever fr\u00e5n f\u00f6rskoleklass\u2013\u00e5k 9. Vi vill att eleverna ska bli trygga individer under sin tid h\u00e4r.\",\"breadcrumb\":{\"@id\":\"https:\/\/innovitaskolan.se\/nykoping\/om\/grundskola\/#breadcrumb\"},\"inLanguage\":\"sv-SE\",\"potentialAction\":[{\"@type\":\"ReadAction\",\"target\":[\"https:\/\/innovitaskolan.se\/nykoping\/om\/grundskola\/\"]}]},{\"@type\":\"BreadcrumbList\",\"@id\":\"https:\/\/innovitaskolan.se\/nykoping\/om\/grundskola\/#breadcrumb\",\"itemListElement\":[{\"@type\":\"ListItem\",\"position\":1,\"name\":\"Start\",\"item\":\"https:\/\/innovitaskolan.se\/nykoping\/\"},{\"@type\":\"ListItem\",\"position\":2,\"name\":\"Om skolan\",\"item\":\"https:\/\/innovitaskolan.se\/nykoping\/om\/\"},{\"@type\":\"ListItem\",\"position\":3,\"name\":\"Grundskola\"}]},{\"@type\":\"WebSite\",\"@id\":\"https:\/\/innovitaskolan.se\/nykoping\/#website\",\"url\":\"https:\/\/innovitaskolan.se\/nykoping\/\",\"name\":\"Nyk\u00f6ping\",\"description\":\"En del av AcadeMedia\",\"potentialAction\":[{\"@type\":\"SearchAction\",\"target\":{\"@type\":\"EntryPoint\",\"urlTemplate\":\"https:\/\/innovitaskolan.se\/nykoping\/?s={search_term_string}\"},\"query-input\":\"required name=search_term_string\"}],\"inLanguage\":\"sv-SE\"}]}<\/script>\n<!-- \/ Yoast SEO plugin. -->","yoast_head_json":{"title":"V\u00e5r grundskola | Innovitaskolan Nyk\u00f6ping | Om skolan","description":"P\u00e5 Innovitaskolan Nyk\u00f6pings grundskola g\u00e5r elever fr\u00e5n f\u00f6rskoleklass\u2013\u00e5k 9. Vi vill att eleverna ska bli trygga individer under sin tid h\u00e4r.","robots":{"index":"index","follow":"follow","max-snippet":"max-snippet:-1","max-image-preview":"max-image-preview:large","max-video-preview":"max-video-preview:-1"},"canonical":"https:\/\/innovitaskolan.se\/nykoping\/om\/grundskola\/","og_locale":"sv_SE","og_type":"article","og_title":"V\u00e5r grundskola | Innovitaskolan Nyk\u00f6ping | Om skolan","og_description":"P\u00e5 Innovitaskolan Nyk\u00f6pings grundskola g\u00e5r elever fr\u00e5n f\u00f6rskoleklass\u2013\u00e5k 9. Vi vill att eleverna ska bli trygga individer under sin tid h\u00e4r.","og_url":"https:\/\/innovitaskolan.se\/nykoping\/om\/grundskola\/","og_site_name":"Nyk\u00f6ping","article_modified_time":"2025-11-05T12:22:02+00:00","twitter_card":"summary_large_image","twitter_title":"V\u00e5r grundskola | Innovitaskolan Nyk\u00f6ping | Om skolan","twitter_description":"P\u00e5 Innovitaskolan Nyk\u00f6pings grundskola g\u00e5r elever fr\u00e5n f\u00f6rskoleklass\u2013\u00e5k 9. Vi vill att eleverna ska bli trygga individer under sin tid h\u00e4r.","twitter_misc":{"Ber\u00e4knad l\u00e4stid":"3 minuter"},"schema":{"@context":"https:\/\/schema.org","@graph":[{"@type":"WebPage","@id":"https:\/\/innovitaskolan.se\/nykoping\/om\/grundskola\/","url":"https:\/\/innovitaskolan.se\/nykoping\/om\/grundskola\/","name":"V\u00e5r grundskola | Innovitaskolan Nyk\u00f6ping | Om skolan","isPartOf":{"@id":"https:\/\/innovitaskolan.se\/nykoping\/#website"},"datePublished":"2021-03-04T10:29:47+00:00","dateModified":"2025-11-05T12:22:02+00:00","description":"P\u00e5 Innovitaskolan Nyk\u00f6pings grundskola g\u00e5r elever fr\u00e5n f\u00f6rskoleklass\u2013\u00e5k 9. Vi vill att eleverna ska bli trygga individer under sin tid h\u00e4r.","breadcrumb":{"@id":"https:\/\/innovitaskolan.se\/nykoping\/om\/grundskola\/#breadcrumb"},"inLanguage":"sv-SE","potentialAction":[{"@type":"ReadAction","target":["https:\/\/innovitaskolan.se\/nykoping\/om\/grundskola\/"]}]},{"@type":"BreadcrumbList","@id":"https:\/\/innovitaskolan.se\/nykoping\/om\/grundskola\/#breadcrumb","itemListElement":[{"@type":"ListItem","position":1,"name":"Start","item":"https:\/\/innovitaskolan.se\/nykoping\/"},{"@type":"ListItem","position":2,"name":"Om skolan","item":"https:\/\/innovitaskolan.se\/nykoping\/om\/"},{"@type":"ListItem","position":3,"name":"Grundskola"}]},{"@type":"WebSite","@id":"https:\/\/innovitaskolan.se\/nykoping\/#website","url":"https:\/\/innovitaskolan.se\/nykoping\/","name":"Nyk\u00f6ping","description":"En del av AcadeMedia","potentialAction":[{"@type":"SearchAction","target":{"@type":"EntryPoint","urlTemplate":"https:\/\/innovitaskolan.se\/nykoping\/?s={search_term_string}"},"query-input":"required name=search_term_string"}],"inLanguage":"sv-SE"}]}},"_links":{"self":[{"href":"https:\/\/innovitaskolan.se\/nykoping\/wp-json\/wp\/v2\/pages\/24"}],"collection":[{"href":"https:\/\/innovitaskolan.se\/nykoping\/wp-json\/wp\/v2\/pages"}],"about":[{"href":"https:\/\/innovitaskolan.se\/nykoping\/wp-json\/wp\/v2\/types\/page"}],"author":[{"embeddable":true,"href":"https:\/\/innovitaskolan.se\/nykoping\/wp-json\/wp\/v2\/users\/1"}],"replies":[{"embeddable":true,"href":"https:\/\/innovitaskolan.se\/nykoping\/wp-json\/wp\/v2\/comments?post=24"}],"version-history":[{"count":10,"href":"https:\/\/innovitaskolan.se\/nykoping\/wp-json\/wp\/v2\/pages\/24\/revisions"}],"predecessor-version":[{"id":2038,"href":"https:\/\/innovitaskolan.se\/nykoping\/wp-json\/wp\/v2\/pages\/24\/revisions\/2038"}],"up":[{"embeddable":true,"href":"https:\/\/innovitaskolan.se\/nykoping\/wp-json\/wp\/v2\/pages\/20"}],"wp:attachment":[{"href":"https:\/\/innovitaskolan.se\/nykoping\/wp-json\/wp\/v2\/media?parent=24"}],"curies":[{"name":"wp","href":"https:\/\/api.w.org\/{rel}","templated":true}]}}