{"id":2046,"date":"2025-09-25T10:45:37","date_gmt":"2025-09-25T08:45:37","guid":{"rendered":"https:\/\/innovitaskolan.se\/norrtalje\/?page_id=2046"},"modified":"2025-09-25T10:45:38","modified_gmt":"2025-09-25T08:45:38","slug":"tack-kontaktformular","status":"publish","type":"page","link":"https:\/\/innovitaskolan.se\/norrtalje\/tack-kontaktformular\/","title":{"rendered":"Tack kontaktformul\u00e4r"},"content":{"rendered":"\n\t<div class=\"module_wrapper ams_remote_pages_module \">\n\t\t\n\t\n\t\n\t\n\n\t\n\t\n\t\t\n<section  class=\"c-block l-stacked  \" data-color-scheme=\"\">\n\t<div class=\"ams-fifty ams-fifty--container ams-fifty--right ams-fifty--bottom l-container u-pt-fluid-2xl-4xl u-pb-fluid-md-xl\">\n\t\t<div class=\"ams-fifty__content l-stack l-stack-xl is-left is-left@lg\">\n\t\t\t<div class=\"ams-fifty__text l-stack l-stack-lg\">\n\t\t\t\t\t\n\t<h1\n\tclass=\"c-heading u-font-title-1 \"\n\tstyle=\"\">\n\t\t\n\t\t\t\t\tTack!\n\t\t\t\t\n\t<\/h1>\n\n\t\t\t\t\t\t\t\t\t<div class=\"text l-stack u-font-body\">\n\t\t\t\t\t\t<p>Vad roligt att du \u00e4r intresserad av v\u00e5r f\u00f6r- eller grundskola! Vi kontaktar dig s\u00e5 snart vi f\u00e5r m\u00f6jlighet s\u00e5 hj\u00e4lper vi dig med dina fr\u00e5gor och funderingar.<\/p>\n\n\t\t\t\t\t<\/div>\n\t\t\t\t\t\t\t<\/div>\n\n\t\t\t\t\t<\/div>\n\n\t\t <div class=\"ams-fifty__media u-ratio-square\">\n\t\t \t\t\t\t\t<img decoding=\"async\" width=\"600\" height=\"600\" src=\"https:\/\/innovitaskolan.se\/wp-content\/uploads\/2025\/09\/innovitaskolanmolndal202405forskola3webbform-600x600.png\" class=\"attachment-md size-md\" alt=\"Barn p\u00e5 f\u00f6rskolan kikar genom ett f\u00f6rstoringsglas.\" sizes=\"(min-width: 64em) 600px, calc(100vw - 160px)\" srcset=\"https:\/\/innovitaskolan.se\/wp-content\/uploads\/2025\/09\/innovitaskolanmolndal202405forskola3webbform-600x600.png 600w, https:\/\/innovitaskolan.se\/wp-content\/uploads\/2025\/09\/innovitaskolanmolndal202405forskola3webbform-150x150.png 150w, https:\/\/innovitaskolan.se\/wp-content\/uploads\/2025\/09\/innovitaskolanmolndal202405forskola3webbform-300x300.png 300w, https:\/\/innovitaskolan.se\/wp-content\/uploads\/2025\/09\/innovitaskolanmolndal202405forskola3webbform-400x400.png 400w, https:\/\/innovitaskolan.se\/wp-content\/uploads\/2025\/09\/innovitaskolanmolndal202405forskola3webbform.png 667w\" \/>\n\t\t\t\n\t\t\t\n\t\t\t\t\t<\/div>\n\t<\/div>\n\n\t\t\n\n<\/section>\n\t<\/div>\n\n\t","protected":false},"excerpt":{"rendered":"","protected":false},"author":5,"featured_media":0,"parent":0,"menu_order":0,"comment_status":"closed","ping_status":"closed","template":"","meta":{"footnotes":""},"yoast_head":"<!-- This site is optimized with the Yoast SEO plugin v22.0 - https:\/\/yoast.com\/wordpress\/plugins\/seo\/ -->\n<title>Norrt\u00e4lje<\/title>\n<meta name=\"robots\" content=\"index, nofollow, max-snippet:-1, max-image-preview:large, max-video-preview:-1\" \/>\n<link rel=\"canonical\" href=\"https:\/\/innovitaskolan.se\/norrtalje\/tack-kontaktformular\/\" \/>\n<meta property=\"og:locale\" content=\"sv_SE\" \/>\n<meta property=\"og:type\" content=\"article\" \/>\n<meta property=\"og:url\" content=\"https:\/\/innovitaskolan.se\/norrtalje\/tack-kontaktformular\/\" \/>\n<meta property=\"og:site_name\" content=\"Norrt\u00e4lje\" \/>\n<meta property=\"article:modified_time\" content=\"2025-09-25T08:45:38+00:00\" \/>\n<meta name=\"twitter:card\" content=\"summary_large_image\" \/>\n<script type=\"application\/ld+json\" class=\"yoast-schema-graph\">{\"@context\":\"https:\/\/schema.org\",\"@graph\":[{\"@type\":\"WebPage\",\"@id\":\"https:\/\/innovitaskolan.se\/norrtalje\/tack-kontaktformular\/\",\"url\":\"https:\/\/innovitaskolan.se\/norrtalje\/tack-kontaktformular\/\",\"name\":\"Tack kontaktformul\u00e4r - Norrt\u00e4lje\",\"isPartOf\":{\"@id\":\"https:\/\/innovitaskolan.se\/norrtalje\/#website\"},\"datePublished\":\"2025-09-25T08:45:37+00:00\",\"dateModified\":\"2025-09-25T08:45:38+00:00\",\"breadcrumb\":{\"@id\":\"https:\/\/innovitaskolan.se\/norrtalje\/tack-kontaktformular\/#breadcrumb\"},\"inLanguage\":\"sv-SE\",\"potentialAction\":[{\"@type\":\"ReadAction\",\"target\":[\"https:\/\/innovitaskolan.se\/norrtalje\/tack-kontaktformular\/\"]}]},{\"@type\":\"BreadcrumbList\",\"@id\":\"https:\/\/innovitaskolan.se\/norrtalje\/tack-kontaktformular\/#breadcrumb\",\"itemListElement\":[{\"@type\":\"ListItem\",\"position\":1,\"name\":\"Start\",\"item\":\"https:\/\/innovitaskolan.se\/norrtalje\/\"},{\"@type\":\"ListItem\",\"position\":2,\"name\":\"Tack kontaktformul\u00e4r\"}]},{\"@type\":\"WebSite\",\"@id\":\"https:\/\/innovitaskolan.se\/norrtalje\/#website\",\"url\":\"https:\/\/innovitaskolan.se\/norrtalje\/\",\"name\":\"Norrt\u00e4lje\",\"description\":\"En del av AcadeMedia\",\"potentialAction\":[{\"@type\":\"SearchAction\",\"target\":{\"@type\":\"EntryPoint\",\"urlTemplate\":\"https:\/\/innovitaskolan.se\/norrtalje\/?s={search_term_string}\"},\"query-input\":\"required name=search_term_string\"}],\"inLanguage\":\"sv-SE\"}]}<\/script>\n<!-- \/ Yoast SEO plugin. -->","yoast_head_json":{"title":"Norrt\u00e4lje","robots":{"index":"index","follow":"nofollow","max-snippet":"max-snippet:-1","max-image-preview":"max-image-preview:large","max-video-preview":"max-video-preview:-1"},"canonical":"https:\/\/innovitaskolan.se\/norrtalje\/tack-kontaktformular\/","og_locale":"sv_SE","og_type":"article","og_url":"https:\/\/innovitaskolan.se\/norrtalje\/tack-kontaktformular\/","og_site_name":"Norrt\u00e4lje","article_modified_time":"2025-09-25T08:45:38+00:00","twitter_card":"summary_large_image","schema":{"@context":"https:\/\/schema.org","@graph":[{"@type":"WebPage","@id":"https:\/\/innovitaskolan.se\/norrtalje\/tack-kontaktformular\/","url":"https:\/\/innovitaskolan.se\/norrtalje\/tack-kontaktformular\/","name":"Tack kontaktformul\u00e4r - Norrt\u00e4lje","isPartOf":{"@id":"https:\/\/innovitaskolan.se\/norrtalje\/#website"},"datePublished":"2025-09-25T08:45:37+00:00","dateModified":"2025-09-25T08:45:38+00:00","breadcrumb":{"@id":"https:\/\/innovitaskolan.se\/norrtalje\/tack-kontaktformular\/#breadcrumb"},"inLanguage":"sv-SE","potentialAction":[{"@type":"ReadAction","target":["https:\/\/innovitaskolan.se\/norrtalje\/tack-kontaktformular\/"]}]},{"@type":"BreadcrumbList","@id":"https:\/\/innovitaskolan.se\/norrtalje\/tack-kontaktformular\/#breadcrumb","itemListElement":[{"@type":"ListItem","position":1,"name":"Start","item":"https:\/\/innovitaskolan.se\/norrtalje\/"},{"@type":"ListItem","position":2,"name":"Tack kontaktformul\u00e4r"}]},{"@type":"WebSite","@id":"https:\/\/innovitaskolan.se\/norrtalje\/#website","url":"https:\/\/innovitaskolan.se\/norrtalje\/","name":"Norrt\u00e4lje","description":"En del av AcadeMedia","potentialAction":[{"@type":"SearchAction","target":{"@type":"EntryPoint","urlTemplate":"https:\/\/innovitaskolan.se\/norrtalje\/?s={search_term_string}"},"query-input":"required name=search_term_string"}],"inLanguage":"sv-SE"}]}},"_links":{"self":[{"href":"https:\/\/innovitaskolan.se\/norrtalje\/wp-json\/wp\/v2\/pages\/2046"}],"collection":[{"href":"https:\/\/innovitaskolan.se\/norrtalje\/wp-json\/wp\/v2\/pages"}],"about":[{"href":"https:\/\/innovitaskolan.se\/norrtalje\/wp-json\/wp\/v2\/types\/page"}],"author":[{"embeddable":true,"href":"https:\/\/innovitaskolan.se\/norrtalje\/wp-json\/wp\/v2\/users\/5"}],"replies":[{"embeddable":true,"href":"https:\/\/innovitaskolan.se\/norrtalje\/wp-json\/wp\/v2\/comments?post=2046"}],"version-history":[{"count":1,"href":"https:\/\/innovitaskolan.se\/norrtalje\/wp-json\/wp\/v2\/pages\/2046\/revisions"}],"predecessor-version":[{"id":2047,"href":"https:\/\/innovitaskolan.se\/norrtalje\/wp-json\/wp\/v2\/pages\/2046\/revisions\/2047"}],"wp:attachment":[{"href":"https:\/\/innovitaskolan.se\/norrtalje\/wp-json\/wp\/v2\/media?parent=2046"}],"curies":[{"name":"wp","href":"https:\/\/api.w.org\/{rel}","templated":true}]}}