{"id":8,"date":"2021-03-03T13:43:31","date_gmt":"2021-03-03T12:43:31","guid":{"rendered":"https:\/\/innovitaskolan.se\/motala\/?page_id=8"},"modified":"2021-04-13T11:07:49","modified_gmt":"2021-04-13T09:07:49","slug":"hantering-av-personuppgifter","status":"publish","type":"page","link":"https:\/\/innovitaskolan.se\/motala\/hantering-av-personuppgifter\/","title":{"rendered":"Hantering av personuppgifter"},"content":{"rendered":"\n<div class=\"wp-block-columns is-layout-flex wp-container-core-columns-layout-1 wp-block-columns-is-layout-flex\">\n<div class=\"wp-block-column is-layout-flow wp-block-column-is-layout-flow\">\n<h1 class=\"wp-block-heading\">Hantering av personuppgifter<\/h1>\n\n\n\n<p>N\u00e4r du skickar in en intresseanm\u00e4lan, anm\u00e4ler dig till en prova p\u00e5 dag, bokar r\u00e5dgivning eller studiev\u00e4gledning eller vill ta emot marknadsf\u00f6ring, information och p\u00e5minnelser om v\u00e5ra skolor, beh\u00f6ver du l\u00e4mna ditt samtycke till att vi behandlar dina personuppgifter. De personuppgifter som vi behandlar om dig \u00e4r ditt namn, din adress, din e-postadress, ditt telefonnummer och \u00e5rskurs. Vi behandlar dessa uppgifter om dig i ett IT-system som anv\u00e4nds av alla bolag inom AcadeMedia-koncernen.<\/p>\n\n\n\n<p>De personuppgifter som vi samlar in anv\u00e4nds f\u00f6r att vi ska kunna uppfylla v\u00e5ra \u00e5taganden mot dig. Genom att l\u00e4mna ditt samtycke, godk\u00e4nner du att vi anv\u00e4nder dina personuppgifter f\u00f6r f\u00f6ljande \u00e4ndam\u00e5l:<\/p>\n\n\n\n<ul><li>Skicka dina kontaktuppgifter vidare till de skolor du visat intresse f\u00f6r<\/li><li>Fullg\u00f6ra v\u00e5ra avtalsenliga och lagenliga f\u00f6rpliktelser<\/li><li>Tillhandah\u00e5lla dig marknadsf\u00f6ring eller andra meddelanden och p\u00e5minnelser<\/li><\/ul>\n\n\n\n<p>Ut\u00f6ver vad som framg\u00e5r ovan kan vi komma att lagra trafiken i syfte att f\u00f6rb\u00e4ttra webbplatsen, samt f\u00f6r att efterkomma anmodan fr\u00e5n myndighet eller att uppt\u00e4cka och f\u00f6rebygga olagliga aktiviteter. Det inneb\u00e4r \u00e4ven att vi lagrar din IP-adress som du l\u00e4mnat ditt samtycke till. L\u00e4s mer om hur vi behandlar cookies&nbsp;<a href=\"https:\/\/medarbetare.academedia.se\/om-din-anstallning\/policyer\/cookiepolicy\/\">h\u00e4r<\/a>.<\/p>\n\n\n\n<p>Vi kan komma att l\u00e4mna ut dina personuppgifter till dotterbolag inom koncernen i syfte att kommunicera med dig om s\u00e5 \u00e4r n\u00f6dv\u00e4ndigt f\u00f6r att fullg\u00f6ra v\u00e5ra f\u00f6rpliktelser gentemot dig och i \u00f6vrigt fullg\u00f6ra v\u00e5ra skyldigheter. Vi kan komma att l\u00e4mna ut n\u00f6dv\u00e4ndig information till myndigheter s\u00e5som polisen, skatteverket eller andra myndigheter som vi enligt lag m\u00e5ste l\u00e4mna ut information till. Vi kommer aldrig att utl\u00e4mna dina personuppgifter till tredje part som inte \u00e4r beh\u00f6rig att ta del av dina personuppgifter.<\/p>\n\n\n\n<p>Huvudmannen \u00e4r personuppgiftsansvarig p\u00e5 den skola du g\u00e5r p\u00e5. De huvudm\u00e4n som omfattas \u00e4r:&nbsp;AcadeMedia Eductus AB, AcadeMedia Fria Grundskolor AB, Coaching och utveckling i Sverige AB, Didaktus Skolor AB, Didaktus Utbildningar AB, Drottning Blankas Gymnasieskola AB, EC-Utbildning AB, Framtidsgymnasiet i G\u00f6teborg AB, Framtidsgymnasiet i Sverige AB, Framtidsgymnasiet \u00d6st AB, Hagstr\u00f6mska Gymnasiet AB, Hermods AB, Hermods Gymnasium AB, IT Gymnasiet Sverige AB, Klaragymnasium AB, Komptensutvecklingsinstitutet Sverige AB, Ljud &amp; Bildskolan LBS AB, Mikael Elias Gymnasium AB, Movant AB, Nordens Teknikerinstitut AB, NTI-skolan AB, Nya Designgymnasiet i Nacka AB, Plusgymnasiet AB, Plush\u00f6gskolan AB, Praktiska i Sverige AB, Procivitas Privata Gymnasium AB, Primaskolan AB, Pysslingen F\u00f6rskolor och Skolor AB, Rytmus AB, Sj\u00f6lins Gymnasium AB, S\u00e4lj- och marknadsh\u00f6gskolan i Sverige AB, TGA Utbildning AB, Utbildningsborgen i \u00d6rebro AB, Vittraskolorna AB. Samtliga huvudm\u00e4n f\u00f6r v\u00e5ra grundskolor och v\u00e5ra vuxenutbildningar har sitt s\u00e4te p\u00e5 Adolf Fredriks kyrkogata 2, 101 24 Stockholm. Huvudm\u00e4nnen f\u00f6r v\u00e5ra gymnasieskolor har sitt s\u00e4te p\u00e5 Lilla Bommen 4 A, 411 04 G\u00f6teborg.<\/p>\n\n\n\n<p>Vi till\u00e4mpar g\u00e4llande integritetslagstiftning vid behandling av personuppgifter. Du har r\u00e4tt att kontakta oss f\u00f6r att f\u00e5 ut information om vilka uppgifter vi behandlar om dig, samt f\u00f6r att beg\u00e4ra r\u00e4ttelse eller om du vill att vi raderar uppgifterna. Uppgifterna lagras i ett \u00e5r efter att ans\u00f6kningsperioden \u00e4r \u00f6ver f\u00f6r den s\u00f6kta utbildningen. Vi anv\u00e4nder oss av automatiserat individuellt beslutsfattande och profilering n\u00e4r vi skickar ut marknadsf\u00f6ring och annan information till dig, baserat p\u00e5 vilka program och skolor du s\u00f6kt.<\/p>\n\n\n\n<p>Du kan n\u00e4r som helst \u00e5terkalla ditt samtycke. P\u00e5 sidan&nbsp;<a href=\"https:\/\/trygg.academedia.se\/\"><u>trygg.academedia.se<\/u><\/a>&nbsp;kan du l\u00e4sa mer information om vad, hur och f\u00f6r vilka \u00e4ndam\u00e5l vi behandlar personuppgifter och din r\u00e4tt att f\u00e5 tillg\u00e5ng till dina personuppgifter. Du hittar hela v\u00e5r policy&nbsp;<a href=\"https:\/\/medarbetare.academedia.se\/om-din-anstallning\/policyer\/dataskyddspolicy\/\">h\u00e4r<\/a>. Vill du komma i kontakt med v\u00e5ra dataskyddsombud g\u00f6r du det enklast&nbsp;<a href=\"https:\/\/trygg.academedia.se\/kontakt\/\">h\u00e4r<\/a>.<\/p>\n\n\n\n<p>P\u00e5&nbsp;<a href=\"https:\/\/trygg.academedia.se\/\">http:\/\/www.trygg.academedia.se<\/a>&nbsp;kan du l\u00e4sa&nbsp;om&nbsp;vilka personuppgifter vi \u2013 som en del av AcadeMedia \u2013 behandlar&nbsp; varf\u00f6r vi g\u00f6r det och vad vi g\u00f6r f\u00f6r att skydda dem. Informationen riktar sig till medarbetare, f\u00f6r\u00e4ldrar, elever och leverant\u00f6rer.<\/p>\n<\/div>\n\n\n\n<div class=\"wp-block-column is-layout-flow wp-block-column-is-layout-flow\">\n\t<style>\n\t\t.inner {\n\n\t\t\tmargin: 0 auto;\n\n\n\t\t}\n\t<\/style>\n\t<div\n\t\t class=\"container images-module\" >\n\t\t<div class=\"row images_module__slideshow\">\n\n\t\t\t<div\n\t\t\t\t\tclass=\"col-md-12 p-0 position-relative images_module__slideshow images_module__slideshow-container  \">\n\t\t\t\t<div class=\"images_module__slide\" data-slide=\"\"\n\t\t\t\t\t data-duration=\"\"><\/div>\n\t\t\t\t\t\t\t\t\t<div\n\t\t\t\t\t\t class=\"images_module__slides\n\n\t\t\t\t\t   \"\n\t\t\t\t\t>\n\n\t\t\t\t\t\t<div class=\"images__wrapper\" style=\"aspect-ratio: 851 \/ 851;\">\n\t\t\t\t\t\t\t\t\t\t\t\t\t<\/div>\n\t\t\t\t\t\t\n\n\t\t\t\t\t\t\t\t\t\t\t<\/div>\n\t\t\t\t\n\t\t\t\t<div class=\"images_module__container_dot\">\n\t\t\t\t\t<div style=\"text-align:center\">\n\n\n\t\t\t\t\t\t\t\t\t\t\t\t\t<span   data-i=\"0\"\n\t\t\t\t\t\t\t\t  class=\"\n\t\t\t\t\t\t\timages_module__dot\n\t\t\t\t\t\t\t\t\t\t\t\t\t\t\"\n\t\t\t\t\t\t\t><\/span>\n\t\t\t\t\t\t\t\t\t\t\t<\/div>\n\t\t\t\t<\/div>\n\n\n\t\t\t<\/div>\n\t\t<\/div>\n\t<\/div>\n\n\t\n\n\n<script>\n\tvar images_display_descriptive_text = \"\";\n<\/script>\n<\/div>\n<\/div>\n\n\n\n<div class=\"wp-block-columns is-layout-flex wp-container-core-columns-layout-2 wp-block-columns-is-layout-flex\">\n<div class=\"wp-block-column is-layout-flow wp-block-column-is-layout-flow\">\n\t<style>\n\t\t.inner {\n\n\t\t\tmargin: 0 auto;\n\n\n\t\t}\n\t<\/style>\n\t<div\n\t\t class=\"container images-module\" >\n\t\t<div class=\"row images_module__slideshow\">\n\n\t\t\t<div\n\t\t\t\t\tclass=\"col-md-12 p-0 position-relative images_module__slideshow images_module__slideshow-container  \">\n\t\t\t\t<div class=\"images_module__slide\" data-slide=\"\"\n\t\t\t\t\t data-duration=\"\"><\/div>\n\t\t\t\t\t\t\t\t\t<div\n\t\t\t\t\t\t class=\"images_module__slides\n\n\t\t\t\t\t   \"\n\t\t\t\t\t>\n\n\t\t\t\t\t\t<div class=\"images__wrapper\" style=\"aspect-ratio: 851 \/ 851;\">\n\t\t\t\t\t\t\t\t\t\t\t\t\t<\/div>\n\t\t\t\t\t\t\n\n\t\t\t\t\t\t\t\t\t\t\t<\/div>\n\t\t\t\t\n\t\t\t\t<div class=\"images_module__container_dot\">\n\t\t\t\t\t<div style=\"text-align:center\">\n\n\n\t\t\t\t\t\t\t\t\t\t\t\t\t<span   data-i=\"0\"\n\t\t\t\t\t\t\t\t  class=\"\n\t\t\t\t\t\t\timages_module__dot\n\t\t\t\t\t\t\t\t\t\t\t\t\t\t\"\n\t\t\t\t\t\t\t><\/span>\n\t\t\t\t\t\t\t\t\t\t\t<\/div>\n\t\t\t\t<\/div>\n\n\n\t\t\t<\/div>\n\t\t<\/div>\n\t<\/div>\n\n\t\n\n\n<script>\n\tvar images_display_descriptive_text = \"\";\n<\/script>\n<\/div>\n\n\n\n<div class=\"wp-block-column is-layout-flow wp-block-column-is-layout-flow\">\n<h2 class=\"wp-block-heading\">Cookiepolicy<\/h2>\n\n\n\n<h3 class=\"wp-block-heading\">Vad \u00e4r cookies och vad anv\u00e4nds cookies till?<\/h3>\n\n\n\n<p>Det finns tv\u00e5 typer av cookies; permanenta och tempor\u00e4ra (s.k. sessionscookies).<\/p>\n\n\n\n<p>Permanenta cookies lagras p\u00e5 en enhet under en l\u00e4ngre period f\u00f6r att webbplatsen ska kunna anpassas efter vars och ens \u00f6nskem\u00e5l, val och intressen. De anv\u00e4nds till exempel f\u00f6r att informera om vad som \u00e4r nytt sedan senaste bes\u00f6ket p\u00e5 webbplatsen. Dessa cookies kan sparas i upp till tv\u00e5 \u00e5r.<\/p>\n\n\n\n<p>Sessionscookies lagras tempor\u00e4rt p\u00e5 en dator n\u00e4r man bes\u00f6ker en webbplats och skickas mellan respektive dator och server under tiden man bes\u00f6ker webbplatsen. Dessa raderas n\u00e4r man st\u00e4nger ned sin webbl\u00e4sare. De anv\u00e4nds exempelvis f\u00f6r att h\u00e5lla reda p\u00e5 vilket spr\u00e5k som har valts.<\/p>\n\n\n\n<h3 class=\"wp-block-heading\">Varf\u00f6r anv\u00e4nder AcadeMedia cookies?<\/h3>\n\n\n\n<p>Genom att anv\u00e4nda cookies k\u00e4nner AcadeMedias webbplatser igen v\u00e5ra bes\u00f6kare som d\u00e5 inte beh\u00f6ver ange data p\u00e5 nytt varje g\u00e5ng man bes\u00f6ker v\u00e5ra webbplatser. AcadeMedia kan i sin tur anpassa tj\u00e4nsterna efter anv\u00e4ndarnas behov, s\u00e5 att man exempelvis inte beh\u00f6ver v\u00e4lja spr\u00e5k. Genom att cookies h\u00e5ller ordning p\u00e5 vad man tidigare visat intresse f\u00f6r, kan AcadeMedia skr\u00e4ddarsy information och erbjudanden fr\u00e5n bolag inom AcadeMedia-koncernen.<\/p>\n\n\n\n<h3 class=\"wp-block-heading\">Hur anv\u00e4nder AcadeMedia cookies?<\/h3>\n\n\n\n<p>AcadeMedia anv\u00e4nder cookies f\u00f6r utv\u00e4rdering av s\u00f6k- och anv\u00e4ndarbeteenden p\u00e5 AcadeMedias webbplatser f\u00f6r att vidareutveckla digitala tj\u00e4nster. Syftet \u00e4r att optimera anv\u00e4ndarupplevelsen, individualisera marknadsf\u00f6ringen och f\u00e5 statistik. Informationen kan komma att delas med andra bolag inom och utom AcadeMedia-koncernen. Det g\u00e4ller fr\u00e4mst v\u00e5ra samarbetspartner, till exempel webbyr\u00e5er men \u00e4ven Facebook, Google och Snapchat.<\/p>\n\n\n\n<p>Information samlas in och sparas med Google Analytics f\u00f6r att f\u00f6ra statistik och kunna f\u00f6rb\u00e4ttra v\u00e5ra bes\u00f6kares upplevelse p\u00e5 webbplatsen. Informationen som skapas av dessa cookies genom anv\u00e4ndning av webbplatsen, inklusive bes\u00f6karens IP-adress, vidarebefordras till och lagras av Google p\u00e5 servrar i USA. Google kan \u00f6verf\u00f6ra denna information till tredje part om det kr\u00e4vs enligt amerikansk lag eller i de fall en tredje part behandlar informationen f\u00f6r Googles r\u00e4kning. F\u00f6r ytterligare information kring Google Analytics och Googles informationsbehandling h\u00e4nvisas till Googles&nbsp;<a href=\"https:\/\/policies.google.com\/privacy?hl=sv\">sekretesspolicy<\/a>. Om bes\u00f6karen inte vill att bes\u00f6ken p\u00e5 v\u00e5ra webbplatser ska visas i statistiken i Google Analytics kan bes\u00f6karna installera ett till\u00e4gg i sin webbl\u00e4sare.<\/p>\n\n\n\n<h3 class=\"wp-block-heading\">Vad g\u00e4ller f\u00f6r v\u00e5ra webbplatser?<\/h3>\n\n\n\n<p>Bes\u00f6karna samtycker till AcadeMedias anv\u00e4ndning av cookies i enlighet med denna Cookiepolicy genom att forts\u00e4tta anv\u00e4nda webbplatsen och ha webbl\u00e4saren inst\u00e4lld p\u00e5 att till\u00e5ta cookies.<\/p>\n\n\n\n<h3 class=\"wp-block-heading\">Om man vill undvika cookies<\/h3>\n\n\n\n<p>De flesta webbl\u00e4sare accepterar automatiskt cookies. Om bes\u00f6karna inte vill till\u00e5ta cookies kan de v\u00e4gra cookies i respektive webbl\u00e4sares inst\u00e4llning och radera cookies som finns sparade p\u00e5 egen h\u00e5rddisk.<\/p>\n<\/div>\n<\/div>\n","protected":false},"excerpt":{"rendered":"<p>Hantering av personuppgifter N\u00e4r du skickar in en intresseanm\u00e4lan, anm\u00e4ler dig till en prova p\u00e5 dag, bokar r\u00e5dgivning eller studiev\u00e4gledning eller vill ta emot marknadsf\u00f6ring, information och p\u00e5minnelser om v\u00e5ra skolor, beh\u00f6ver du l\u00e4mna ditt samtycke till att vi behandlar dina personuppgifter. De personuppgifter som vi behandlar om dig \u00e4r ditt namn, din adress, din&#8230;<\/p>\n","protected":false},"author":1,"featured_media":0,"parent":0,"menu_order":200,"comment_status":"closed","ping_status":"closed","template":"","meta":{"footnotes":""},"yoast_head":"<!-- This site is optimized with the Yoast SEO plugin v22.0 - https:\/\/yoast.com\/wordpress\/plugins\/seo\/ -->\n<title>Motala<\/title>\n<meta name=\"robots\" content=\"index, follow, max-snippet:-1, max-image-preview:large, max-video-preview:-1\" \/>\n<link rel=\"canonical\" href=\"https:\/\/innovitaskolan.se\/motala\/hantering-av-personuppgifter\/\" \/>\n<meta property=\"og:locale\" content=\"sv_SE\" \/>\n<meta property=\"og:type\" content=\"article\" \/>\n<meta property=\"og:url\" content=\"https:\/\/innovitaskolan.se\/motala\/hantering-av-personuppgifter\/\" \/>\n<meta property=\"og:site_name\" content=\"Motala\" \/>\n<meta property=\"article:modified_time\" content=\"2021-04-13T09:07:49+00:00\" \/>\n<meta name=\"twitter:card\" content=\"summary_large_image\" \/>\n<meta name=\"twitter:label1\" content=\"Ber\u00e4knad l\u00e4stid\" \/>\n\t<meta name=\"twitter:data1\" content=\"5 minuter\" \/>\n<script type=\"application\/ld+json\" class=\"yoast-schema-graph\">{\"@context\":\"https:\/\/schema.org\",\"@graph\":[{\"@type\":\"WebPage\",\"@id\":\"https:\/\/innovitaskolan.se\/motala\/hantering-av-personuppgifter\/\",\"url\":\"https:\/\/innovitaskolan.se\/motala\/hantering-av-personuppgifter\/\",\"name\":\"Hantering av personuppgifter - Motala\",\"isPartOf\":{\"@id\":\"https:\/\/innovitaskolan.se\/motala\/#website\"},\"datePublished\":\"2021-03-03T12:43:31+00:00\",\"dateModified\":\"2021-04-13T09:07:49+00:00\",\"breadcrumb\":{\"@id\":\"https:\/\/innovitaskolan.se\/motala\/hantering-av-personuppgifter\/#breadcrumb\"},\"inLanguage\":\"sv-SE\",\"potentialAction\":[{\"@type\":\"ReadAction\",\"target\":[\"https:\/\/innovitaskolan.se\/motala\/hantering-av-personuppgifter\/\"]}]},{\"@type\":\"BreadcrumbList\",\"@id\":\"https:\/\/innovitaskolan.se\/motala\/hantering-av-personuppgifter\/#breadcrumb\",\"itemListElement\":[{\"@type\":\"ListItem\",\"position\":1,\"name\":\"Start\",\"item\":\"https:\/\/innovitaskolan.se\/motala\/\"},{\"@type\":\"ListItem\",\"position\":2,\"name\":\"Hantering av personuppgifter\"}]},{\"@type\":\"WebSite\",\"@id\":\"https:\/\/innovitaskolan.se\/motala\/#website\",\"url\":\"https:\/\/innovitaskolan.se\/motala\/\",\"name\":\"Motala\",\"description\":\"En del av AcadeMedia\",\"potentialAction\":[{\"@type\":\"SearchAction\",\"target\":{\"@type\":\"EntryPoint\",\"urlTemplate\":\"https:\/\/innovitaskolan.se\/motala\/?s={search_term_string}\"},\"query-input\":\"required name=search_term_string\"}],\"inLanguage\":\"sv-SE\"}]}<\/script>\n<!-- \/ Yoast SEO plugin. -->","yoast_head_json":{"title":"Motala","robots":{"index":"index","follow":"follow","max-snippet":"max-snippet:-1","max-image-preview":"max-image-preview:large","max-video-preview":"max-video-preview:-1"},"canonical":"https:\/\/innovitaskolan.se\/motala\/hantering-av-personuppgifter\/","og_locale":"sv_SE","og_type":"article","og_url":"https:\/\/innovitaskolan.se\/motala\/hantering-av-personuppgifter\/","og_site_name":"Motala","article_modified_time":"2021-04-13T09:07:49+00:00","twitter_card":"summary_large_image","twitter_misc":{"Ber\u00e4knad l\u00e4stid":"5 minuter"},"schema":{"@context":"https:\/\/schema.org","@graph":[{"@type":"WebPage","@id":"https:\/\/innovitaskolan.se\/motala\/hantering-av-personuppgifter\/","url":"https:\/\/innovitaskolan.se\/motala\/hantering-av-personuppgifter\/","name":"Hantering av personuppgifter - Motala","isPartOf":{"@id":"https:\/\/innovitaskolan.se\/motala\/#website"},"datePublished":"2021-03-03T12:43:31+00:00","dateModified":"2021-04-13T09:07:49+00:00","breadcrumb":{"@id":"https:\/\/innovitaskolan.se\/motala\/hantering-av-personuppgifter\/#breadcrumb"},"inLanguage":"sv-SE","potentialAction":[{"@type":"ReadAction","target":["https:\/\/innovitaskolan.se\/motala\/hantering-av-personuppgifter\/"]}]},{"@type":"BreadcrumbList","@id":"https:\/\/innovitaskolan.se\/motala\/hantering-av-personuppgifter\/#breadcrumb","itemListElement":[{"@type":"ListItem","position":1,"name":"Start","item":"https:\/\/innovitaskolan.se\/motala\/"},{"@type":"ListItem","position":2,"name":"Hantering av personuppgifter"}]},{"@type":"WebSite","@id":"https:\/\/innovitaskolan.se\/motala\/#website","url":"https:\/\/innovitaskolan.se\/motala\/","name":"Motala","description":"En del av AcadeMedia","potentialAction":[{"@type":"SearchAction","target":{"@type":"EntryPoint","urlTemplate":"https:\/\/innovitaskolan.se\/motala\/?s={search_term_string}"},"query-input":"required name=search_term_string"}],"inLanguage":"sv-SE"}]}},"_links":{"self":[{"href":"https:\/\/innovitaskolan.se\/motala\/wp-json\/wp\/v2\/pages\/8"}],"collection":[{"href":"https:\/\/innovitaskolan.se\/motala\/wp-json\/wp\/v2\/pages"}],"about":[{"href":"https:\/\/innovitaskolan.se\/motala\/wp-json\/wp\/v2\/types\/page"}],"author":[{"embeddable":true,"href":"https:\/\/innovitaskolan.se\/motala\/wp-json\/wp\/v2\/users\/1"}],"replies":[{"embeddable":true,"href":"https:\/\/innovitaskolan.se\/motala\/wp-json\/wp\/v2\/comments?post=8"}],"version-history":[{"count":1,"href":"https:\/\/innovitaskolan.se\/motala\/wp-json\/wp\/v2\/pages\/8\/revisions"}],"predecessor-version":[{"id":9,"href":"https:\/\/innovitaskolan.se\/motala\/wp-json\/wp\/v2\/pages\/8\/revisions\/9"}],"wp:attachment":[{"href":"https:\/\/innovitaskolan.se\/motala\/wp-json\/wp\/v2\/media?parent=8"}],"curies":[{"name":"wp","href":"https:\/\/api.w.org\/{rel}","templated":true}]}}