{"id":38,"date":"2021-03-04T11:31:07","date_gmt":"2021-03-04T10:31:07","guid":{"rendered":"https:\/\/innovitaskolan.se\/landskrona\/?page_id=38"},"modified":"2024-09-03T16:02:47","modified_gmt":"2024-09-03T14:02:47","slug":"academedia","status":"publish","type":"page","link":"https:\/\/innovitaskolan.se\/landskrona\/om\/academedia\/","title":{"rendered":"En del av AcadeMedia"},"content":{"rendered":"\n<div class=\"wp-block-columns is-layout-flex wp-container-core-columns-layout-1 wp-block-columns-is-layout-flex\">\n<div class=\"wp-block-column is-layout-flow wp-block-column-is-layout-flow\" style=\"flex-basis:50%\">\n\t<div class=\"module_wrapper ams_remote_pages_module \">\n\t\t\t\t\t\t\t<div class=\"container core-heading\">\n\t\t\t\t\t\t<div class=\"row\">\n\t\t\t\t\t\t\t<div class=\"col-12\">\n\t\t\t\t\t\t\t\t\n<h1 class=\"wp-block-heading\">Vi \u00e4r en del av AcadeMedia<\/h1>\n\t\t\t\t\t\t\t<\/div>\n\t\t\t\t\t\t<\/div>\n\t\t\t\t\t<\/div>\n\t\t\t\t\t\t\t\t\t\t<div class=\"container acf-preamble\">\n\t\t\t\t\t\t<div class=\"row\">\n\t\t\t\t\t\t\t<div class=\"col-12\">\n\t\t\t\t\t\t\t\t\n<p   class=\"site__ingress container text-left  site__text-color--dark  site__free_text--ingress p-0\">\n\tInnovitaskolan \u00e4r en del av AcadeMedia, Europas st\u00f6rsta utbildningsf\u00f6retag.\r\n\r\n\r\n<\/p>\n\n\n\t\t\t\t\t\t\t<\/div>\n\t\t\t\t\t\t<\/div>\n\t\t\t\t\t<\/div>\n\t\t\t\t\t\t\t\t\t\t<div class=\"container core-heading\">\n\t\t\t\t\t\t<div class=\"row\">\n\t\t\t\t\t\t\t<div class=\"col-12\">\n\t\t\t\t\t\t\t\t\n<h2 class=\"wp-block-heading\">Om AcadeMedia<\/h2>\n\t\t\t\t\t\t\t<\/div>\n\t\t\t\t\t\t<\/div>\n\t\t\t\t\t<\/div>\n\t\t\t\t\t\t\t\t\t\t<div class=\"container core-paragraph\">\n\t\t\t\t\t\t<div class=\"row\">\n\t\t\t\t\t\t\t<div class=\"col-12\">\n\t\t\t\t\t\t\t\t\n<p>AcadeMedia bedriver verksamheter i hela utbildningskedjan: f\u00f6rskola, grundskola, gymnasium och vuxenutbildning. Under ett \u00e5r g\u00e5r 104 000 f\u00f6rskolebarn och elever samt 100 000 vuxenstuderande i n\u00e5gon av AcadeMedias verksamheter. AcadeMedia har 21 000 medarbetare och \u00f6ver 800 f\u00f6rskolor, skolor, gymnasieskolor och vuxenutbildningsenheter i Sverige, Norge, Finland, Tyskland, Polen, Storbritannien och Nederl\u00e4nderna.&nbsp;<\/p>\n\t\t\t\t\t\t\t<\/div>\n\t\t\t\t\t\t<\/div>\n\t\t\t\t\t<\/div>\n\t\t\t\t\t\t\t\t\t\t<div class=\"container core-heading\">\n\t\t\t\t\t\t<div class=\"row\">\n\t\t\t\t\t\t\t<div class=\"col-12\">\n\t\t\t\t\t\t\t\t\n<h2 class=\"wp-block-heading\">S\u00e5 fungerar det fria skolvalet<\/h2>\n\t\t\t\t\t\t\t<\/div>\n\t\t\t\t\t\t<\/div>\n\t\t\t\t\t<\/div>\n\t\t\t\t\t\t\t\t\t\t<div class=\"container core-paragraph\">\n\t\t\t\t\t\t<div class=\"row\">\n\t\t\t\t\t\t\t<div class=\"col-12\">\n\t\t\t\t\t\t\t\t\n<p>Det fria skolvalet fungerar mer som ett \u00f6nskem\u00e5l \u00e4n ett val. Som v\u00e5rdnadshavare har du r\u00e4tt att s\u00f6ka till skolor som du anser skulle passa er ut\u00f6ver den n\u00e4rmaste kommunala skolan. D\u00e4rmed \u00e4r det m\u00f6jligt att s\u00f6ka till b\u00e5de frist\u00e5ende och kommunala skolor.<br><br>Vid val av skola f\u00e5r du m\u00f6jlighet att t\u00e4nka p\u00e5 vilken typ av skola, profil och pedagogik som skulle passa just er. Ett s\u00e4tt att l\u00e4ra k\u00e4nna skolan du \u00e4r intresserade av kan vara att l\u00e4sa mer h\u00e4r p\u00e5 hemsidan, h\u00e4r kan du hitta relevant information eller se tider f\u00f6r v\u00e5ra \u00f6ppet hus.<\/p>\n\t\t\t\t\t\t\t<\/div>\n\t\t\t\t\t\t<\/div>\n\t\t\t\t\t<\/div>\n\t\t\t\t\t\t\t\t\t\t<div class=\"container core-heading\">\n\t\t\t\t\t\t<div class=\"row\">\n\t\t\t\t\t\t\t<div class=\"col-12\">\n\t\t\t\t\t\t\t\t\n<h3 class=\"wp-block-heading\">Elevf\u00f6rs\u00e4kring<\/h3>\n\t\t\t\t\t\t\t<\/div>\n\t\t\t\t\t\t<\/div>\n\t\t\t\t\t<\/div>\n\t\t\t\t\t\t\t\t\t\t<div class=\"container core-paragraph\">\n\t\t\t\t\t\t<div class=\"row\">\n\t\t\t\t\t\t\t<div class=\"col-12\">\n\t\t\t\t\t\t\t\t\n<p>Elever p\u00e5 Innovitaskolan \u00e4r v\u00e4l f\u00f6rs\u00e4krade om olyckan skulle vara framme. AcadeMedias elevolycksfallsf\u00f6rs\u00e4kring g\u00e4ller fr\u00e5n terminens start, dygnet runt och \u00e5ret om, fram till den 1 september det \u00e5r eleven g\u00e5r ut grundskolan. P\u00e5 <a href=\"https:\/\/medarbetare.academedia.se\/grundskola\/forsakringar\/\" data-type=\"URL\" target=\"_blank\" rel=\"noreferrer noopener\">AcadeMedias hemsida<\/a> kan du l\u00e4sa mer om hur f\u00f6rs\u00e4kringen fungerar.<\/p>\n\t\t\t\t\t\t\t<\/div>\n\t\t\t\t\t\t<\/div>\n\t\t\t\t\t<\/div>\n\t\t\t\t\t\n\t<div\n\t\tclass=\"module_wrapper video_module__bg container-fluid video_module \t\tglobal_body-color pt-5 pb-5\n\t\t\t\t\"\n\t\t\t>\n\t\t<div class=\"container\">\n\t\t\t\n\t\t\t\n\t\t\t\t\t\t\t<div class=\"row\">\n\t\t\t\t\t<div class=\"col-md-12\">\n\t\t\t\t\t\t<div class=\"video_module__wrapper cmb-30  \">\n\t\t\t\t\t\t\t<div class=\"embed-responsive embed-responsive-16by9\">\n\t\t\t\t\t\t\t\t<iframe title=\"Vimeo video player\" style=\"border-width:0px;\" class=\"embed-responsive-item\" src=\"https:\/\/player.vimeo.com\/video\/1119057392?h=b1406c43cd&#038;badge=0&#038;autopause=0&#038;player_id=0&#038;app_id=58479%22?title=0&#038;byline=0&#038;portrait=0&#038;muted=0&#038;autoplay=1\" allow=\"autoplay; fullscreen\" allowfullscreen><\/iframe>\t\t\t\t\t\t\t<\/div>\n\t\t\t\t\t\t<\/div>\n\t\t\t\t\t<\/div>\n\t\t\t\t<\/div>\n\t\t\t\t\t\t\t\t\t\t<div class=\"row\">\n\t\t\t\t\t<div class=\"offset-md-4 col-md-4 text-center mt-4 \">\n\t\t\t\t\t\t\t\t\t\t\t\t\t\t\t\t\t\t<a id=\"\"\n\t\t\t\tclass=\"btn text-center site__buttons-1 pt-2  btn-outline btn_outline__text-color_dark rounded-corners-btn-shape  rounded-corners-btn-shape position-relative ams_active_button_state_default\"\n\t\t\t\thref=\"https:\/\/academedia.se\/nyheter\/academedia-lanserar-filmserien-stark-som-foralder\/\"\n\t\t\t\ttitle=\"Filmserien Stark\"\n\t\t\t\ttarget=\"_self\"\n\t\t\t\trole=\"link\" >Filmserien Stark\t\t\t<\/a>\n\t\t\t\t\t\t\t\t\t\t<\/div>\n\t\t\t\t<\/div>\n\t\t\t\t\t<\/div>\n\t<\/div>\n\n\n\t<\/div>\n\n\t<\/div>\n\n\n\n<div class=\"wp-block-column is-layout-flow wp-block-column-is-layout-flow\" style=\"flex-basis:30%\">\n\t<div class=\"module_wrapper ams_remote_pages_module \">\n\t\t<style>\n@media only screen and (min-width: 600px) {\n\t}\n@media only screen and (max-width: 600px) {\n\t}\n<\/style>\n<div   class=\"ams-fragor  site__secondary-bg--100   ams-fragor-beqhyluyzglkppiolouf\" >\n\t<p class=\"site__subheading-1  site__primary-color  u-mb-2xs\">\n\t\tGrundskolor och integrerade f\u00f6rskolor inom AcadeMedia\t<\/p>\n   \t\t <div   class=\" site__text-color--dark  ams-fragor__namn\">\n\t\t\t\t\t\t<span class=\" ams-fragor__strong\">\n\t\t\t\t\t\t\t<\/span>\n\t\t<\/div>\n\t\t<div   class=\" site__text-color--dark  ams-fragor__utbildning\">\n\t\t\t\t\t\t<span class=\" ams-fragor__strong\">\n\t\t\t\t\t\t\t<\/span>\n\t\t<\/div>\n\t\t\t\t\t<ul>\n\t\t\t\t\t\t\t<li   class=\" site__text-color--dark  \" >\n\t\t\t\t\tF\u00e5r gymnasiebeh\u00f6righet:\t\t\t\t\t\t\t\t\t\t\t<span class=\"ams-fragor__strong\">\n\t\t\t\t\t\t\t90%\t\t\t\t\t\t<\/span>\n\t\t\t\t\t\t\t\t\t<\/li>\n\t\t\t\t\t\t\t<li   class=\" site__text-color--dark  \" >\n\t\t\t\t\tBarn och elever:\t\t\t\t\t\t\t\t\t\t\t<span class=\"ams-fragor__strong\">\n\t\t\t\t\t\t\t30 400\t\t\t\t\t\t<\/span>\n\t\t\t\t\t\t\t\t\t<\/li>\n\t\t\t\t\t\t\t<li   class=\" site__text-color--dark  \" >\n\t\t\t\t\tSkolenheter:\t\t\t\t\t\t\t\t\t\t\t<span class=\"ams-fragor__strong\">\n\t\t\t\t\t\t\t84\t\t\t\t\t\t<\/span>\n\t\t\t\t\t\t\t\t\t<\/li>\n\t\t\t\t\t\t\t<li   class=\" site__text-color--dark  \" >\n\t\t\t\t\tIntegrerade f\u00f6rskolor:\t\t\t\t\t\t\t\t\t\t\t<span class=\"ams-fragor__strong\">\n\t\t\t\t\t\t\t42\t\t\t\t\t\t<\/span>\n\t\t\t\t\t\t\t\t\t<\/li>\n\t\t\t\t\t\t\t<li   class=\" site__text-color--dark  \" >\n\t\t\t\t\tMedarbetare:\t\t\t\t\t\t\t\t\t\t\t<span class=\"ams-fragor__strong\">\n\t\t\t\t\t\t\t3 800\t\t\t\t\t\t<\/span>\n\t\t\t\t\t\t\t\t\t<\/li>\n\t\t\t\t\t<\/ul>\n\t\t\t<\/div>\n<script>\n\tamsFragor = function() {\n\t\tvar w = window.innerWidth;\n\t\tvar siteMain = document.getElementsByClassName(\"site-main\")[0]\n\t\tif(typeof siteMain !== 'undefined'){\n\t\t\tvar testimonial = siteMain.getElementsByClassName(\"testimonial_header_module\")[0]\n\t\t\tif(typeof testimonial !== 'undefined'){\n\t\t\t\tvar amsFragor = document.getElementsByClassName(\"ams-fragor\")\n\t\t\t\tfor(var i = 0; i < amsFragor.length; i++){\n\t\t\t\t\tif(w > 769 ){\n\t\t\t\t\t\tamsFragor[i].setAttribute('style', \"margin-top: 50px\");\n\t\t\t\t\t}else{\n\t\t\t\t\t\tamsFragor[i].setAttribute('style', \"margin-top: 0px\");\n\t\t\t\t\t}\n\t\t\t\t}\n\t\t\t}\n\t\t}\n\t};\n\tamsFragor();\n\twindow.addEventListener(\"resize\", amsFragor);\n<\/script>\n\t\t\t\t\t<div class=\"container core-paragraph\">\n\t\t\t\t\t\t<div class=\"row\">\n\t\t\t\t\t\t\t<div class=\"col-12\">\n\t\t\t\t\t\t\t\t\n<p><\/p>\n\t\t\t\t\t\t\t<\/div>\n\t\t\t\t\t\t<\/div>\n\t\t\t\t\t<\/div>\n\t\t\t\t\t\t<\/div>\n\n\t<\/div>\n<\/div>\n\n\n\n\n<section  class=\"ams-info-card c-block l-stacked\" data-color-scheme=\"primar2-hover-standard\">\n\t<div class=\"l-container l-stack l-stack-fluid-2xl u-pt-fluid-3xl-6xl u-pb-fluid-3xl-6xl is-center is-center@md\">\n\t\t\t\t\t<div class=\"ams-info-card__intro l-stack l-stack-lg\">\n\t\t\t\t\t\n\t<h2\n\tclass=\"c-heading u-font-title-1 \"\n\tstyle=\"\">\n\t\t\n\t\t\t\t\tVill du veta mer om Innovita&shy;skolan?\n\t\t\t\t\n\t<\/h2>\n\n\t\t\t\t\t\t\t<\/div>\n\t\t\n\t\t\t\t\t\n<ul class=\"ams-info-card__list l-grid u-gap-2xl\">\n\t\t\t<li class=\"l-col-6@md l-col-4@lg\">\n\t\t\t<article\n\t\t\t\tclass=\"\n\t\t\t\tc-card\n\t\t\t\t\n\t\t\t\thas-media-zoom\n\t\t\t\t\n\t\t\t\t\"\n\t\t\t\tdata-variant=\"neutral\"\n\t\t\t\tdata-style=\"square\"\n\t\t\t\t data-click-area\n\t\t\t\t\n\t\t\t\t\n\t\t\t\t>\n\t\t\t\t<div class=\"c-card__content l-stack l-stack-sm is-center is-center@md\">\n\t\t\t\t\t\t\t\t\t\t\t<h3 class=\"c-card__title u-font-title-3\">\n\t\t\t\t\t\t\t\t\t\t\t\t\t\t\t<a class=\"c-card__link\" href=\"https:\/\/innovitaskolan.se\/landskrona\/innovita-skills\/\" target=\"_self\">\n\t\t\t\t\t\t\t\t\t\u00c4r du nyfiken p\u00e5 v\u00e5rt pedagogiska koncept?\n\t\t\t\t\t\t\t\t<\/a>\n\t\t\t\t\t\t\t\t\t\t\t\t\t<\/h3>\n\t\t\t\t\t\n\t\t\t\t\t\t\t\t\t\t\t<div class=\"c-card__text l-stack-xs u-font-body\">\n\t\t\t\t\t\t\t<p style=\"text-align: center;\">Vi kombinerar upplevelsebaserade och utforskande arbetss\u00e4tt f\u00f6r att skapa r\u00e4tt f\u00f6ruts\u00e4ttningar i en f\u00f6r\u00e4nderlig v\u00e4rld.<\/p>\n<p>&nbsp;<\/p>\n\n\t\t\t\t\t\t<\/div>\n\t\t\t\t\t\n\t\t\t\t\t\t\t\t\t\t\t<div class=\"c-card__icon c-card__icon--nl\">\n\t\t\t\t\t\t\t\t\t\t\t\t\t\t<svg class=\"ams-icon ams-icon--arrow-right\" width=\"32\" height=\"32\" viewbox=\"0 0 32 32\" fill=\"currentColor\" aria-hidden=\"true\" xmlns=\"http:\/\/www.w3.org\/2000\/svg\">\n\t\t\t\t\t\t\t\t\t\t\t\t\t\t\t\t<path d=\"M15.4617 0.252159L14.9567 0.75931C14.6219 1.09545 14.6219 1.64048 14.9567 1.97669L27.7062 14.7806H0.857144C0.383786 14.7806 0 15.166 0 15.6414V16.3587C0 16.8341 0.383786 17.2195 0.857144 17.2195H27.7062L14.9567 30.0234C14.6219 30.3595 14.6219 30.9045 14.9567 31.2407L15.4617 31.7479C15.7964 32.084 16.3392 32.084 16.6739 31.7479L31.749 16.6087C32.0837 16.2725 32.0837 15.7275 31.749 15.3913L16.6739 0.252159C16.3392 -0.084053 15.7964 -0.084053 15.4617 0.252159Z\"\/>\n\t\t\t\t\t\t\t\n\t\t\t\t\t\t\t<\/svg>\n\t\t\t\t\t\t<\/div>\n\t\t\t\t\t\t\t\t\t<\/div>\n\n\t\t\t\t\t\t\t\t\t<div class=\"c-card__media u-radius-rounded\" style=\" \">\n\t\t\t\t\t\t<img decoding=\"async\" width=\"400\" height=\"400\" src=\"https:\/\/innovitaskolan.se\/wp-content\/uploads\/2021\/05\/innovitaskolan-innovita-skills-pedagogiskt-koncept-explore-segeltorp-202204-400x400.jpg\" class=\"card-image-mask-shape4\" alt=\"En f\u00f6rskoleelev och en elev p\u00e5 l\u00e5gstadiet utforska med digitala verktyg i skogen.\" sizes=\"(min-width: 64em) 300px, (min-width: 48em) calc(.50 * (100vw - 304px)), calc(100vw - 208px)\" srcset=\"https:\/\/innovitaskolan.se\/wp-content\/uploads\/2021\/05\/innovitaskolan-innovita-skills-pedagogiskt-koncept-explore-segeltorp-202204-400x400.jpg 400w, https:\/\/innovitaskolan.se\/wp-content\/uploads\/2021\/05\/innovitaskolan-innovita-skills-pedagogiskt-koncept-explore-segeltorp-202204-150x150.jpg 150w, https:\/\/innovitaskolan.se\/wp-content\/uploads\/2021\/05\/innovitaskolan-innovita-skills-pedagogiskt-koncept-explore-segeltorp-202204-300x300.jpg 300w, https:\/\/innovitaskolan.se\/wp-content\/uploads\/2021\/05\/innovitaskolan-innovita-skills-pedagogiskt-koncept-explore-segeltorp-202204-600x600.jpg 600w, https:\/\/innovitaskolan.se\/wp-content\/uploads\/2021\/05\/innovitaskolan-innovita-skills-pedagogiskt-koncept-explore-segeltorp-202204-800x800.jpg 800w, https:\/\/innovitaskolan.se\/wp-content\/uploads\/2021\/05\/innovitaskolan-innovita-skills-pedagogiskt-koncept-explore-segeltorp-202204-1024x1024.jpg 1024w, https:\/\/innovitaskolan.se\/wp-content\/uploads\/2021\/05\/innovitaskolan-innovita-skills-pedagogiskt-koncept-explore-segeltorp-202204.jpg 1080w\" \/>\n\t\t\t\t\t<\/div>\n\t\t\t\t\t\t\t<\/article>\n\t\t<\/li>\n\t\t\t<li class=\"l-col-6@md l-col-4@lg\">\n\t\t\t<article\n\t\t\t\tclass=\"\n\t\t\t\tc-card\n\t\t\t\t\n\t\t\t\thas-media-zoom\n\t\t\t\t\n\t\t\t\t\"\n\t\t\t\tdata-variant=\"neutral\"\n\t\t\t\tdata-style=\"square\"\n\t\t\t\t data-click-area\n\t\t\t\t\n\t\t\t\t\n\t\t\t\t>\n\t\t\t\t<div class=\"c-card__content l-stack l-stack-sm is-center is-center@md\">\n\t\t\t\t\t\t\t\t\t\t\t<h3 class=\"c-card__title u-font-title-3\">\n\t\t\t\t\t\t\t\t\t\t\t\t\t\t\t<a class=\"c-card__link\" href=\"https:\/\/innovitaskolan.se\/landskrona\/besok\/\" target=\"_self\">\n\t\t\t\t\t\t\t\t\tVill du bes\u00f6ka oss p\u00e5 Innovitaskolan?\n\t\t\t\t\t\t\t\t<\/a>\n\t\t\t\t\t\t\t\t\t\t\t\t\t<\/h3>\n\t\t\t\t\t\n\t\t\t\t\t\t\t\t\t\t\t<div class=\"c-card__text l-stack-xs u-font-body\">\n\t\t\t\t\t\t\t<div>Tr\u00e4ffa v\u00e5ra l\u00e4rare och se hur vi jobbar med framtidens kompetenser. V\u00e4lkommen p\u00e5 \u00f6ppet hus!<\/div>\n\n\t\t\t\t\t\t<\/div>\n\t\t\t\t\t\n\t\t\t\t\t\t\t\t\t\t\t<div class=\"c-card__icon c-card__icon--nl\">\n\t\t\t\t\t\t\t\t\t\t\t\t\t\t<svg class=\"ams-icon ams-icon--arrow-right\" width=\"32\" height=\"32\" viewbox=\"0 0 32 32\" fill=\"currentColor\" aria-hidden=\"true\" xmlns=\"http:\/\/www.w3.org\/2000\/svg\">\n\t\t\t\t\t\t\t\t\t\t\t\t\t\t\t\t<path d=\"M15.4617 0.252159L14.9567 0.75931C14.6219 1.09545 14.6219 1.64048 14.9567 1.97669L27.7062 14.7806H0.857144C0.383786 14.7806 0 15.166 0 15.6414V16.3587C0 16.8341 0.383786 17.2195 0.857144 17.2195H27.7062L14.9567 30.0234C14.6219 30.3595 14.6219 30.9045 14.9567 31.2407L15.4617 31.7479C15.7964 32.084 16.3392 32.084 16.6739 31.7479L31.749 16.6087C32.0837 16.2725 32.0837 15.7275 31.749 15.3913L16.6739 0.252159C16.3392 -0.084053 15.7964 -0.084053 15.4617 0.252159Z\"\/>\n\t\t\t\t\t\t\t\n\t\t\t\t\t\t\t<\/svg>\n\t\t\t\t\t\t<\/div>\n\t\t\t\t\t\t\t\t\t<\/div>\n\n\t\t\t\t\t\t\t\t\t<div class=\"c-card__media u-radius-rounded\" style=\" \">\n\t\t\t\t\t\t<img decoding=\"async\" width=\"400\" height=\"225\" src=\"https:\/\/innovitaskolan.se\/wp-content\/uploads\/2021\/06\/innovitaskolan-oppet-hus-segeltorp-202204-400x225.jpg\" class=\"card-image-mask-shape1\" alt=\"Elever p\u00e5 Innovitaskolan hoppar hage.\" sizes=\"(min-width: 64em) 300px, (min-width: 48em) calc(.50 * (100vw - 304px)), calc(100vw - 208px)\" srcset=\"https:\/\/innovitaskolan.se\/wp-content\/uploads\/2021\/06\/innovitaskolan-oppet-hus-segeltorp-202204-400x225.jpg 400w, https:\/\/innovitaskolan.se\/wp-content\/uploads\/2021\/06\/innovitaskolan-oppet-hus-segeltorp-202204-300x169.jpg 300w, https:\/\/innovitaskolan.se\/wp-content\/uploads\/2021\/06\/innovitaskolan-oppet-hus-segeltorp-202204-600x338.jpg 600w, https:\/\/innovitaskolan.se\/wp-content\/uploads\/2021\/06\/innovitaskolan-oppet-hus-segeltorp-202204-800x450.jpg 800w, https:\/\/innovitaskolan.se\/wp-content\/uploads\/2021\/06\/innovitaskolan-oppet-hus-segeltorp-202204-1024x576.jpg 1024w, https:\/\/innovitaskolan.se\/wp-content\/uploads\/2021\/06\/innovitaskolan-oppet-hus-segeltorp-202204-1200x675.jpg 1200w, https:\/\/innovitaskolan.se\/wp-content\/uploads\/2021\/06\/innovitaskolan-oppet-hus-segeltorp-202204.jpg 1920w\" \/>\n\t\t\t\t\t<\/div>\n\t\t\t\t\t\t\t<\/article>\n\t\t<\/li>\n\t\t\t<li class=\"l-col-6@md l-col-4@lg\">\n\t\t\t<article\n\t\t\t\tclass=\"\n\t\t\t\tc-card\n\t\t\t\t\n\t\t\t\thas-media-zoom\n\t\t\t\t\n\t\t\t\t\"\n\t\t\t\tdata-variant=\"neutral\"\n\t\t\t\tdata-style=\"square\"\n\t\t\t\t data-click-area\n\t\t\t\t\n\t\t\t\t\n\t\t\t\t>\n\t\t\t\t<div class=\"c-card__content l-stack l-stack-sm is-center is-center@md\">\n\t\t\t\t\t\t\t\t\t\t\t<h3 class=\"c-card__title u-font-title-3\">\n\t\t\t\t\t\t\t\t\t\t\t\t\t\t\t<a class=\"c-card__link\" href=\"https:\/\/innovitaskolan.se\/landskrona\/antagning\/\" target=\"_self\">\n\t\t\t\t\t\t\t\t\tHur g\u00e5r antagningen till?\n\t\t\t\t\t\t\t\t<\/a>\n\t\t\t\t\t\t\t\t\t\t\t\t\t<\/h3>\n\t\t\t\t\t\n\t\t\t\t\t\t\t\t\t\t\t<div class=\"c-card__text l-stack-xs u-font-body\">\n\t\t\t\t\t\t\t<p>F\u00e5 svar p\u00e5 de vanligaste fr\u00e5gorna om antagningsprocessen och en guide om hur du ans\u00f6ker till oss \u2013 steg f\u00f6r steg.<\/p>\n\n\t\t\t\t\t\t<\/div>\n\t\t\t\t\t\n\t\t\t\t\t\t\t\t\t\t\t<div class=\"c-card__icon c-card__icon--nl\">\n\t\t\t\t\t\t\t\t\t\t\t\t\t\t<svg class=\"ams-icon ams-icon--arrow-right\" width=\"32\" height=\"32\" viewbox=\"0 0 32 32\" fill=\"currentColor\" aria-hidden=\"true\" xmlns=\"http:\/\/www.w3.org\/2000\/svg\">\n\t\t\t\t\t\t\t\t\t\t\t\t\t\t\t\t<path d=\"M15.4617 0.252159L14.9567 0.75931C14.6219 1.09545 14.6219 1.64048 14.9567 1.97669L27.7062 14.7806H0.857144C0.383786 14.7806 0 15.166 0 15.6414V16.3587C0 16.8341 0.383786 17.2195 0.857144 17.2195H27.7062L14.9567 30.0234C14.6219 30.3595 14.6219 30.9045 14.9567 31.2407L15.4617 31.7479C15.7964 32.084 16.3392 32.084 16.6739 31.7479L31.749 16.6087C32.0837 16.2725 32.0837 15.7275 31.749 15.3913L16.6739 0.252159C16.3392 -0.084053 15.7964 -0.084053 15.4617 0.252159Z\"\/>\n\t\t\t\t\t\t\t\n\t\t\t\t\t\t\t<\/svg>\n\t\t\t\t\t\t<\/div>\n\t\t\t\t\t\t\t\t\t<\/div>\n\n\t\t\t\t\t\t\t\t\t<div class=\"c-card__media u-radius-rounded\" style=\" \">\n\t\t\t\t\t\t<img decoding=\"async\" width=\"400\" height=\"267\" src=\"https:\/\/innovitaskolan.se\/wp-content\/uploads\/2024\/06\/innovitaskolan-kvalitet-202405-400x267.jpg\" class=\"card-image-mask-shape3\" alt=\"Elever spelar schack utomhus p\u00e5 rasten.\" sizes=\"(min-width: 64em) 300px, (min-width: 48em) calc(.50 * (100vw - 304px)), calc(100vw - 208px)\" srcset=\"https:\/\/innovitaskolan.se\/wp-content\/uploads\/2024\/06\/innovitaskolan-kvalitet-202405-400x267.jpg 400w, https:\/\/innovitaskolan.se\/wp-content\/uploads\/2024\/06\/innovitaskolan-kvalitet-202405-300x200.jpg 300w, https:\/\/innovitaskolan.se\/wp-content\/uploads\/2024\/06\/innovitaskolan-kvalitet-202405-600x400.jpg 600w, https:\/\/innovitaskolan.se\/wp-content\/uploads\/2024\/06\/innovitaskolan-kvalitet-202405-800x533.jpg 800w, https:\/\/innovitaskolan.se\/wp-content\/uploads\/2024\/06\/innovitaskolan-kvalitet-202405-1024x683.jpg 1024w, https:\/\/innovitaskolan.se\/wp-content\/uploads\/2024\/06\/innovitaskolan-kvalitet-202405-1200x800.jpg 1200w, https:\/\/innovitaskolan.se\/wp-content\/uploads\/2024\/06\/innovitaskolan-kvalitet-202405.jpg 1920w\" \/>\n\t\t\t\t\t<\/div>\n\t\t\t\t\t\t\t<\/article>\n\t\t<\/li>\n\t<\/ul>\n\t\n\t\t\t<\/div>\n\n\t\t\n\n<\/section>\n\n\n<div   id=\"page-relative-menu\" class=\"site__font-monospace   container_width--full_width_conIcon   d-lg-none  \">\n\n\t\t\t\n<\/div>\n","protected":false},"excerpt":{"rendered":"","protected":false},"author":1,"featured_media":0,"parent":20,"menu_order":0,"comment_status":"closed","ping_status":"closed","template":"","meta":{"footnotes":""},"yoast_head":"<!-- This site is optimized with the Yoast SEO plugin v22.0 - https:\/\/yoast.com\/wordpress\/plugins\/seo\/ -->\n<title>Innovitaskolan Landskrona | En del av AcadeMedia<\/title>\n<meta name=\"description\" content=\"Innovitaskolan \u00e4r en friskola vars verksamheter \u00e4r en del av AcadeMedia - norra Europas st\u00f6rsta utbildningsf\u00f6retag. L\u00e4s mer h\u00e4r!\" \/>\n<meta name=\"robots\" content=\"index, follow, max-snippet:-1, max-image-preview:large, max-video-preview:-1\" \/>\n<link rel=\"canonical\" href=\"https:\/\/innovitaskolan.se\/landskrona\/om\/academedia\/\" \/>\n<meta property=\"og:locale\" content=\"sv_SE\" \/>\n<meta property=\"og:type\" content=\"article\" \/>\n<meta property=\"og:title\" content=\"Innovitaskolan Landskrona | En del av AcadeMedia\" \/>\n<meta property=\"og:description\" content=\"Innovitaskolan \u00e4r en friskola vars verksamheter \u00e4r en del av AcadeMedia - norra Europas st\u00f6rsta utbildningsf\u00f6retag. L\u00e4s mer h\u00e4r!\" \/>\n<meta property=\"og:url\" content=\"https:\/\/innovitaskolan.se\/landskrona\/om\/academedia\/\" \/>\n<meta property=\"og:site_name\" content=\"Landskrona\" \/>\n<meta property=\"article:modified_time\" content=\"2024-09-03T14:02:47+00:00\" \/>\n<meta name=\"twitter:card\" content=\"summary_large_image\" \/>\n<meta name=\"twitter:title\" content=\"Innovitaskolan Landskrona | En del av AcadeMedia\" \/>\n<meta name=\"twitter:description\" content=\"Innovitaskolan \u00e4r en friskola vars verksamheter \u00e4r en del av AcadeMedia - norra Europas st\u00f6rsta utbildningsf\u00f6retag. L\u00e4s mer h\u00e4r!\" \/>\n<meta name=\"twitter:label1\" content=\"Ber\u00e4knad l\u00e4stid\" \/>\n\t<meta name=\"twitter:data1\" content=\"1 minut\" \/>\n<script type=\"application\/ld+json\" class=\"yoast-schema-graph\">{\"@context\":\"https:\/\/schema.org\",\"@graph\":[{\"@type\":\"WebPage\",\"@id\":\"https:\/\/innovitaskolan.se\/landskrona\/om\/academedia\/\",\"url\":\"https:\/\/innovitaskolan.se\/landskrona\/om\/academedia\/\",\"name\":\"Innovitaskolan Landskrona | En del av AcadeMedia\",\"isPartOf\":{\"@id\":\"https:\/\/innovitaskolan.se\/landskrona\/#website\"},\"datePublished\":\"2021-03-04T10:31:07+00:00\",\"dateModified\":\"2024-09-03T14:02:47+00:00\",\"description\":\"Innovitaskolan \u00e4r en friskola vars verksamheter \u00e4r en del av AcadeMedia - norra Europas st\u00f6rsta utbildningsf\u00f6retag. L\u00e4s mer h\u00e4r!\",\"breadcrumb\":{\"@id\":\"https:\/\/innovitaskolan.se\/landskrona\/om\/academedia\/#breadcrumb\"},\"inLanguage\":\"sv-SE\",\"potentialAction\":[{\"@type\":\"ReadAction\",\"target\":[\"https:\/\/innovitaskolan.se\/landskrona\/om\/academedia\/\"]}]},{\"@type\":\"BreadcrumbList\",\"@id\":\"https:\/\/innovitaskolan.se\/landskrona\/om\/academedia\/#breadcrumb\",\"itemListElement\":[{\"@type\":\"ListItem\",\"position\":1,\"name\":\"Start\",\"item\":\"https:\/\/innovitaskolan.se\/landskrona\/\"},{\"@type\":\"ListItem\",\"position\":2,\"name\":\"Om skolan\",\"item\":\"https:\/\/innovitaskolan.se\/landskrona\/om\/\"},{\"@type\":\"ListItem\",\"position\":3,\"name\":\"En del av AcadeMedia\"}]},{\"@type\":\"WebSite\",\"@id\":\"https:\/\/innovitaskolan.se\/landskrona\/#website\",\"url\":\"https:\/\/innovitaskolan.se\/landskrona\/\",\"name\":\"Landskrona\",\"description\":\"En del av AcadeMedia\",\"potentialAction\":[{\"@type\":\"SearchAction\",\"target\":{\"@type\":\"EntryPoint\",\"urlTemplate\":\"https:\/\/innovitaskolan.se\/landskrona\/?s={search_term_string}\"},\"query-input\":\"required name=search_term_string\"}],\"inLanguage\":\"sv-SE\"}]}<\/script>\n<!-- \/ Yoast SEO plugin. -->","yoast_head_json":{"title":"Innovitaskolan Landskrona | En del av AcadeMedia","description":"Innovitaskolan \u00e4r en friskola vars verksamheter \u00e4r en del av AcadeMedia - norra Europas st\u00f6rsta utbildningsf\u00f6retag. L\u00e4s mer h\u00e4r!","robots":{"index":"index","follow":"follow","max-snippet":"max-snippet:-1","max-image-preview":"max-image-preview:large","max-video-preview":"max-video-preview:-1"},"canonical":"https:\/\/innovitaskolan.se\/landskrona\/om\/academedia\/","og_locale":"sv_SE","og_type":"article","og_title":"Innovitaskolan Landskrona | En del av AcadeMedia","og_description":"Innovitaskolan \u00e4r en friskola vars verksamheter \u00e4r en del av AcadeMedia - norra Europas st\u00f6rsta utbildningsf\u00f6retag. L\u00e4s mer h\u00e4r!","og_url":"https:\/\/innovitaskolan.se\/landskrona\/om\/academedia\/","og_site_name":"Landskrona","article_modified_time":"2024-09-03T14:02:47+00:00","twitter_card":"summary_large_image","twitter_title":"Innovitaskolan Landskrona | En del av AcadeMedia","twitter_description":"Innovitaskolan \u00e4r en friskola vars verksamheter \u00e4r en del av AcadeMedia - norra Europas st\u00f6rsta utbildningsf\u00f6retag. L\u00e4s mer h\u00e4r!","twitter_misc":{"Ber\u00e4knad l\u00e4stid":"1 minut"},"schema":{"@context":"https:\/\/schema.org","@graph":[{"@type":"WebPage","@id":"https:\/\/innovitaskolan.se\/landskrona\/om\/academedia\/","url":"https:\/\/innovitaskolan.se\/landskrona\/om\/academedia\/","name":"Innovitaskolan Landskrona | En del av AcadeMedia","isPartOf":{"@id":"https:\/\/innovitaskolan.se\/landskrona\/#website"},"datePublished":"2021-03-04T10:31:07+00:00","dateModified":"2024-09-03T14:02:47+00:00","description":"Innovitaskolan \u00e4r en friskola vars verksamheter \u00e4r en del av AcadeMedia - norra Europas st\u00f6rsta utbildningsf\u00f6retag. L\u00e4s mer h\u00e4r!","breadcrumb":{"@id":"https:\/\/innovitaskolan.se\/landskrona\/om\/academedia\/#breadcrumb"},"inLanguage":"sv-SE","potentialAction":[{"@type":"ReadAction","target":["https:\/\/innovitaskolan.se\/landskrona\/om\/academedia\/"]}]},{"@type":"BreadcrumbList","@id":"https:\/\/innovitaskolan.se\/landskrona\/om\/academedia\/#breadcrumb","itemListElement":[{"@type":"ListItem","position":1,"name":"Start","item":"https:\/\/innovitaskolan.se\/landskrona\/"},{"@type":"ListItem","position":2,"name":"Om skolan","item":"https:\/\/innovitaskolan.se\/landskrona\/om\/"},{"@type":"ListItem","position":3,"name":"En del av AcadeMedia"}]},{"@type":"WebSite","@id":"https:\/\/innovitaskolan.se\/landskrona\/#website","url":"https:\/\/innovitaskolan.se\/landskrona\/","name":"Landskrona","description":"En del av AcadeMedia","potentialAction":[{"@type":"SearchAction","target":{"@type":"EntryPoint","urlTemplate":"https:\/\/innovitaskolan.se\/landskrona\/?s={search_term_string}"},"query-input":"required name=search_term_string"}],"inLanguage":"sv-SE"}]}},"_links":{"self":[{"href":"https:\/\/innovitaskolan.se\/landskrona\/wp-json\/wp\/v2\/pages\/38"}],"collection":[{"href":"https:\/\/innovitaskolan.se\/landskrona\/wp-json\/wp\/v2\/pages"}],"about":[{"href":"https:\/\/innovitaskolan.se\/landskrona\/wp-json\/wp\/v2\/types\/page"}],"author":[{"embeddable":true,"href":"https:\/\/innovitaskolan.se\/landskrona\/wp-json\/wp\/v2\/users\/1"}],"replies":[{"embeddable":true,"href":"https:\/\/innovitaskolan.se\/landskrona\/wp-json\/wp\/v2\/comments?post=38"}],"version-history":[{"count":10,"href":"https:\/\/innovitaskolan.se\/landskrona\/wp-json\/wp\/v2\/pages\/38\/revisions"}],"predecessor-version":[{"id":1932,"href":"https:\/\/innovitaskolan.se\/landskrona\/wp-json\/wp\/v2\/pages\/38\/revisions\/1932"}],"up":[{"embeddable":true,"href":"https:\/\/innovitaskolan.se\/landskrona\/wp-json\/wp\/v2\/pages\/20"}],"wp:attachment":[{"href":"https:\/\/innovitaskolan.se\/landskrona\/wp-json\/wp\/v2\/media?parent=38"}],"curies":[{"name":"wp","href":"https:\/\/api.w.org\/{rel}","templated":true}]}}