{"id":71,"date":"2021-03-04T11:36:49","date_gmt":"2021-03-04T10:36:49","guid":{"rendered":"https:\/\/innovitaskolan.se\/joriel\/?page_id=71"},"modified":"2025-07-08T11:38:22","modified_gmt":"2025-07-08T09:38:22","slug":"pedagogiskt-koncept","status":"publish","type":"page","link":"https:\/\/innovitaskolan.se\/joriel\/pedagogiskt-koncept\/","title":{"rendered":"Pedagogiskt koncept"},"content":{"rendered":"\n\t<div class=\"module_wrapper ams_remote_pages_module \">\n\t\t\n\t\n\t\n\t\n\n\t\n\t\n\t\t\n<section  class=\"c-block l-stacked  \" data-color-scheme=\"\">\n\t<div class=\"ams-fifty ams-fifty--container ams-fifty--right ams-fifty--bottom l-container u-pt-fluid-2xl-4xl u-pb-fluid-md-xl\">\n\t\t<div class=\"ams-fifty__content l-stack l-stack-xl is-left is-left@lg\">\n\t\t\t<div class=\"ams-fifty__text l-stack l-stack-lg\">\n\t\t\t\t\t\n\t<h1\n\tclass=\"c-heading u-font-title-1 \"\n\tstyle=\"\">\n\t\t\n\t\t\t\t\t\t\t\t\tDet h\u00e4r \u00e4r Innovita\u00adskolan\n\t\t\t\t<span class=\"c-heading__sub is-below u-font-title-3\">\n\t\t\t\t\tP\u00e5 Innovitaskolan vet vi att framtiden inte v\u00e4ntar \u2013 den formas.\n\t\t\t\t<\/span>\n\t\t\t\t\t\t\t\n\t<\/h1>\n\n\t\t\t\t\t\t\t\t\t<div class=\"text l-stack u-font-body\">\n\t\t\t\t\t\t<p>Vi erbjuder en skola som utforskar morgondagens behov och utmanar dagens normer med nya perspektiv. H\u00e4r f\u00e5r elever ny kunskap, odla sin nyfikenhet och tr\u00e4na f\u00f6rm\u00e5gan att t\u00e4nka bortom det som redan finns.<\/p>\n<p>I en f\u00f6r\u00e4nderlig v\u00e4rld beh\u00f6ver elever b\u00e5de digital kompetens och f\u00f6rm\u00e5gan att leda sig sj\u00e4lv. Med innovativa arbetss\u00e4tt och utrymme f\u00f6r v\u00e4lbefinnande ger vi dem verktyg att forma sin egen framtid.<\/p>\n<p>Vi ser l\u00e4randet som en kreativ resa d\u00e4r vi l\u00e4r genom att utforska, testa och l\u00f6sa problem tillsammans. Hos oss v\u00e4xer eleverna med mod, trygghet och framtidstro.<\/p>\n<p><strong>Innovitaskolan \u2013 L\u00e4rande f\u00f6r varje framtid<\/strong><\/p>\n\n\t\t\t\t\t<\/div>\n\t\t\t\t\t\t\t<\/div>\n\n\t\t\t\t\t<\/div>\n\n\t\t <div class=\"ams-fifty__media u-ratio-square\">\n\t\t \t\t\t\t\t<img decoding=\"async\" width=\"600\" height=\"600\" src=\"https:\/\/innovitaskolan.se\/wp-content\/uploads\/2025\/07\/innovitaskolanjoriel202405grundskola10webbform-600x600.png\" class=\"attachment-md size-md\" alt=\"Elev sl\u00e5r p\u00e5 en trumma tillsammans med st\u00f6ttande pedagog.\" sizes=\"(min-width: 64em) 600px, calc(100vw - 160px)\" srcset=\"https:\/\/innovitaskolan.se\/wp-content\/uploads\/2025\/07\/innovitaskolanjoriel202405grundskola10webbform-600x600.png 600w, https:\/\/innovitaskolan.se\/wp-content\/uploads\/2025\/07\/innovitaskolanjoriel202405grundskola10webbform-150x150.png 150w, https:\/\/innovitaskolan.se\/wp-content\/uploads\/2025\/07\/innovitaskolanjoriel202405grundskola10webbform-300x300.png 300w, https:\/\/innovitaskolan.se\/wp-content\/uploads\/2025\/07\/innovitaskolanjoriel202405grundskola10webbform-400x400.png 400w, https:\/\/innovitaskolan.se\/wp-content\/uploads\/2025\/07\/innovitaskolanjoriel202405grundskola10webbform.png 667w\" \/>\n\t\t\t\n\t\t\t\n\t\t\t\t\t<\/div>\n\t<\/div>\n\n\t\t\n\n<\/section>\n\n\n<section  class=\"ams-usp c-block l-stacked\" data-color-scheme=\"nyans3_av_p2-hover-standard\">\n\t<div class=\"l-container l-stack l-stack-fluid-2xl u-pt-fluid-2xl-4xl u-pb-fluid-2xl-4xl is-center is-center@md\">\n\t\t\n\t\t\t<ul class=\"ams-usp__list l-grid u-justify-center u-gap-fluid-2xl-4xl\">\n\t\t\t\t\t<li class=\"l-col-6@md l-col-4@lg\">\n\t\t\t\t<article\n\t\t\t\t\tclass=\"\n\t\t\t\t\tc-card\n\t\t\t\t\thas-media-zoom\n\t\t\t\t\t\n\t\t\t\t\t\n\t\t\t\t\t\"\n\t\t\t\t\tdata-variant=\"neutral\"\n\t\t\t\t\tdata-style=\"square\"\n\t\t\t\t\t\n\t\t\t\t\t>\n\t\t\t\t\t\t\t\t\t\t\t<div class=\"c-card__content l-stack l-stack-sm u-text-center\">\n\t\t\t\t\t\t\t\t\t\t\t\t\t\t\t<h3 class=\"c-card__title u-font-title-3\">\n\t\t\t\t\t\t\t\t\t\t\t\t\t\t\t\t\t\t\t\t\t\t\t\t\t\t\t\t\t\tExplore\n\t\t\t\t\t\t\t\t\t\t\t\t\t\t\t\t\t\t\t\t\t\t\t\t\t\t\t<\/h3>\n\t\t\t\t\t\t\t\n\t\t\t\t\t\t\t\t\t\t\t\t\t\t\t<div class=\"c-card__text l-stack-xs u-font-body\">\n\t\t\t\t\t\t\t\t\t<p>Vi l\u00e5ter v\u00e5ra elever utforska morgondagen och stimulera sin nyfikenhet \u2013 k\u00e4llan till all kunskap.<\/p>\n\n\t\t\t\t\t\t\t\t<\/div>\n\t\t\t\t\t\t\t\t\t\t\t\t\t<\/div>\n\t\t\t\t\t\n\t\t\t\t\t<div class=\"c-card__media\">\n\t\t\t\t\t\t\t\t\t\t\t\t\t<img decoding=\"async\" width=\"275\" height=\"275\" src=\"https:\/\/innovitaskolan.se\/wp-content\/uploads\/2025\/06\/rymdraket.png\" class=\" u-ratio-landscape  ams_icon_size_stor\" alt=\"Ikon i form av en rymdraket.\" srcset=\"https:\/\/innovitaskolan.se\/wp-content\/uploads\/2025\/06\/rymdraket.png 275w, https:\/\/innovitaskolan.se\/wp-content\/uploads\/2025\/06\/rymdraket-150x150.png 150w\" sizes=\"(max-width: 275px) 100vw, 275px\" \/>\n\t\t\t\t\t\t\t\t\t\t\t<\/div>\n\t\t\t\t<\/article>\n\t\t\t<\/li>\n\n\t\t\t\t\t<li class=\"l-col-6@md l-col-4@lg\">\n\t\t\t\t<article\n\t\t\t\t\tclass=\"\n\t\t\t\t\tc-card\n\t\t\t\t\thas-media-zoom\n\t\t\t\t\t\n\t\t\t\t\t\n\t\t\t\t\t\"\n\t\t\t\t\tdata-variant=\"neutral\"\n\t\t\t\t\tdata-style=\"square\"\n\t\t\t\t\t\n\t\t\t\t\t>\n\t\t\t\t\t\t\t\t\t\t\t<div class=\"c-card__content l-stack l-stack-sm u-text-center\">\n\t\t\t\t\t\t\t\t\t\t\t\t\t\t\t<h3 class=\"c-card__title u-font-title-3\">\n\t\t\t\t\t\t\t\t\t\t\t\t\t\t\t\t\t\t\t\t\t\t\t\t\t\t\t\t\t\tInnovate\n\t\t\t\t\t\t\t\t\t\t\t\t\t\t\t\t\t\t\t\t\t\t\t\t\t\t\t<\/h3>\n\t\t\t\t\t\t\t\n\t\t\t\t\t\t\t\t\t\t\t\t\t\t\t<div class=\"c-card__text l-stack-xs u-font-body\">\n\t\t\t\t\t\t\t\t\t<p>Vi ger v\u00e5ra elever m\u00f6jlighet att prototypa, testa och vara kreativa i skapandet av det som \u00e4nnu inte finns.<\/p>\n\n\t\t\t\t\t\t\t\t<\/div>\n\t\t\t\t\t\t\t\t\t\t\t\t\t<\/div>\n\t\t\t\t\t\n\t\t\t\t\t<div class=\"c-card__media\">\n\t\t\t\t\t\t\t\t\t\t\t\t\t<img decoding=\"async\" width=\"275\" height=\"275\" src=\"https:\/\/innovitaskolan.se\/wp-content\/uploads\/2025\/06\/glodlampa.png\" class=\" u-ratio-landscape  ams_icon_size_stor\" alt=\"Ikon i form av en gl\u00f6dlampa.\" srcset=\"https:\/\/innovitaskolan.se\/wp-content\/uploads\/2025\/06\/glodlampa.png 275w, https:\/\/innovitaskolan.se\/wp-content\/uploads\/2025\/06\/glodlampa-150x150.png 150w\" sizes=\"(max-width: 275px) 100vw, 275px\" \/>\n\t\t\t\t\t\t\t\t\t\t\t<\/div>\n\t\t\t\t<\/article>\n\t\t\t<\/li>\n\n\t\t\t\t\t<li class=\"l-col-6@md l-col-4@lg\">\n\t\t\t\t<article\n\t\t\t\t\tclass=\"\n\t\t\t\t\tc-card\n\t\t\t\t\thas-media-zoom\n\t\t\t\t\t\n\t\t\t\t\t\n\t\t\t\t\t\"\n\t\t\t\t\tdata-variant=\"neutral\"\n\t\t\t\t\tdata-style=\"square\"\n\t\t\t\t\t\n\t\t\t\t\t>\n\t\t\t\t\t\t\t\t\t\t\t<div class=\"c-card__content l-stack l-stack-sm u-text-center\">\n\t\t\t\t\t\t\t\t\t\t\t\t\t\t\t<h3 class=\"c-card__title u-font-title-3\">\n\t\t\t\t\t\t\t\t\t\t\t\t\t\t\t\t\t\t\t\t\t\t\t\t\t\t\t\t\t\tBalance\n\t\t\t\t\t\t\t\t\t\t\t\t\t\t\t\t\t\t\t\t\t\t\t\t\t\t\t<\/h3>\n\t\t\t\t\t\t\t\n\t\t\t\t\t\t\t\t\t\t\t\t\t\t\t<div class=\"c-card__text l-stack-xs u-font-body\">\n\t\t\t\t\t\t\t\t\t<p>Vi fokuserar p\u00e5 v\u00e5ra elevers fysiska, mentala och sociala v\u00e4lbefinnande vilket st\u00e4rker deras sj\u00e4lvledarskap.<\/p>\n\n\t\t\t\t\t\t\t\t<\/div>\n\t\t\t\t\t\t\t\t\t\t\t\t\t<\/div>\n\t\t\t\t\t\n\t\t\t\t\t<div class=\"c-card__media\">\n\t\t\t\t\t\t\t\t\t\t\t\t\t<img decoding=\"async\" width=\"275\" height=\"275\" src=\"https:\/\/innovitaskolan.se\/wp-content\/uploads\/2025\/06\/balance.png\" class=\" u-ratio-landscape  ams_icon_size_stor\" alt=\"En v\u00e5g som v\u00e4ger mellan boll och hj\u00e4rta.\" srcset=\"https:\/\/innovitaskolan.se\/wp-content\/uploads\/2025\/06\/balance.png 275w, https:\/\/innovitaskolan.se\/wp-content\/uploads\/2025\/06\/balance-150x150.png 150w\" sizes=\"(max-width: 275px) 100vw, 275px\" \/>\n\t\t\t\t\t\t\t\t\t\t\t<\/div>\n\t\t\t\t<\/article>\n\t\t\t<\/li>\n\n\t\t\t<\/ul>\n\n\t\t\t<\/div>\n\n\t\t\n\n<\/section>\n\n\n<section  class=\"ams-cta ams-cta--stacked c-block l-stacked\" data-color-scheme=\"beige\">\n\t<div class=\"l-container-narrow l-stack l-stack-fluid-2xl u-pt-fluid-2xl-4xl u-pb-fluid-2xl-4xl is-left is-left@md\">\n\t\t\t\t\t<div class=\"ams-cta__intro l-stack l-stack-lg\">\n\t\t\t\t\t\n\t<h2\n\tclass=\"c-heading u-font-title-1 \"\n\tstyle=\"\">\n\t\t\n\t\t\t\t\tGrunden till v\u00e5rt pedagogiska koncept\n\t\t\t\t\n\t<\/h2>\n\n\t\t\t\t\t\t\t\t\t<div class=\"c-text l-stack u-cs-xl u-font-body\">\n\t\t\t\t\t\t<div class=\"container core-paragraph\">\n<div class=\"row\">\n<div class=\"col-12\">\n<p style=\"text-align: left;\">Explore, Innovate och Balance tar avstamp i EU:s \u00e5tta nyckelkompetenser som \u00e4r framtagna f\u00f6r att fr\u00e4mja ett livsl\u00e5ngt l\u00e4rande och som ska ge elever r\u00e4tt f\u00f6ruts\u00e4ttningar i en global och f\u00f6r\u00e4nderlig v\u00e4rld. Dessa nyckelkompetenser har vi satt v\u00e5r egen pr\u00e4gel p\u00e5 och implementerat i utbildningen \u2013 vi ser dem som nycklar till elevers utveckling.<\/p>\n<\/div>\n<\/div>\n<\/div>\n<div class=\"container core-paragraph\">\n<div class=\"row\">\n<div class=\"col-12\">\n<p style=\"text-align: left;\">Genom Explore, Innovate och Balance kombinerar vi h\u00f6ga \u00e4mneskunskaper med ett verklighetsn\u00e4ra, upplevelsebaserat och utforskande arbetss\u00e4tt. Tack vare variationen i undervisningen blir den mer engagerande och vi v\u00e4cker elevernas lust att l\u00e4ra.<\/p>\n<\/div>\n<\/div>\n<\/div>\n\n\t\t\t\t\t<\/div>\n\t\t\t\t\t\t\t<\/div>\n\t\t\n\t\t\n\t\t\t<div class=\"ams-cta__action u-inline-items\">\n\t\t\t\t\t\t\t\n\n\n<a href=\"https:\/\/innovitaskolan.se\/artiklar\/nyckelkompetenser\/\"\n\t\n\tclass=\"c-btn \"\n\tdata-style=\"round\"\n\tdata-size=\"md\"\n\tdata-width=\"full-mobile\"\n\tdata-variant=\"default\"\n\ttarget=\"_self\">\n\t\t\t<span class=\"label\"> EU:s 8 nyckelkompetenser<\/span>\n\t\t\t<\/a>\n\t\t\t<\/div>\n\t<\/div>\n\n\t\t\n\n<\/section>\n\t<\/div>\n\n\t\n\n<div   id=\"page-relative-menu\" class=\"site__font-monospace   container_width--full_width_conIcon   d-lg-none  \">\n\n\t\t\t\n<\/div>\n","protected":false},"excerpt":{"rendered":"","protected":false},"author":1,"featured_media":0,"parent":0,"menu_order":20,"comment_status":"closed","ping_status":"closed","template":"","meta":{"footnotes":""},"yoast_head":"<!-- This site is optimized with the Yoast SEO plugin v22.0 - https:\/\/yoast.com\/wordpress\/plugins\/seo\/ -->\n<title>Innovitaskolan Joriel | Pedagogiska koncept och metoder<\/title>\n<meta name=\"description\" content=\"Innovitaskolan Joriels tre pedagogiska koncept Explore, Innovate och Balance ger elever verktyg att ta sig an en f\u00f6r\u00e4nderlig framtid.\" \/>\n<meta name=\"robots\" content=\"index, follow, max-snippet:-1, max-image-preview:large, max-video-preview:-1\" \/>\n<link rel=\"canonical\" href=\"https:\/\/innovitaskolan.se\/joriel\/pedagogiskt-koncept\/\" \/>\n<meta property=\"og:locale\" content=\"sv_SE\" \/>\n<meta property=\"og:type\" content=\"article\" \/>\n<meta property=\"og:title\" content=\"Innovitaskolan Joriel | Pedagogiska koncept och metoder\" \/>\n<meta property=\"og:description\" content=\"Innovitaskolan Joriels tre pedagogiska koncept Explore, Innovate och Balance ger elever verktyg att ta sig an en f\u00f6r\u00e4nderlig framtid.\" \/>\n<meta property=\"og:url\" content=\"https:\/\/innovitaskolan.se\/joriel\/pedagogiskt-koncept\/\" \/>\n<meta property=\"og:site_name\" content=\"Joriel\" \/>\n<meta property=\"article:modified_time\" content=\"2025-07-08T09:38:22+00:00\" \/>\n<meta name=\"twitter:card\" content=\"summary_large_image\" \/>\n<meta name=\"twitter:title\" content=\"Innovitaskolan Joriel | Pedagogiska koncept och metoder\" \/>\n<meta name=\"twitter:description\" content=\"Innovitaskolan Joriels tre pedagogiska koncept Explore, Innovate och Balance ger elever verktyg att ta sig an en f\u00f6r\u00e4nderlig framtid.\" \/>\n<script type=\"application\/ld+json\" class=\"yoast-schema-graph\">{\"@context\":\"https:\/\/schema.org\",\"@graph\":[{\"@type\":\"WebPage\",\"@id\":\"https:\/\/innovitaskolan.se\/joriel\/pedagogiskt-koncept\/\",\"url\":\"https:\/\/innovitaskolan.se\/joriel\/pedagogiskt-koncept\/\",\"name\":\"Innovitaskolan Joriel | Pedagogiska koncept och metoder\",\"isPartOf\":{\"@id\":\"https:\/\/innovitaskolan.se\/joriel\/#website\"},\"datePublished\":\"2021-03-04T10:36:49+00:00\",\"dateModified\":\"2025-07-08T09:38:22+00:00\",\"description\":\"Innovitaskolan Joriels tre pedagogiska koncept Explore, Innovate och Balance ger elever verktyg att ta sig an en f\u00f6r\u00e4nderlig framtid.\",\"breadcrumb\":{\"@id\":\"https:\/\/innovitaskolan.se\/joriel\/pedagogiskt-koncept\/#breadcrumb\"},\"inLanguage\":\"sv-SE\",\"potentialAction\":[{\"@type\":\"ReadAction\",\"target\":[\"https:\/\/innovitaskolan.se\/joriel\/pedagogiskt-koncept\/\"]}]},{\"@type\":\"BreadcrumbList\",\"@id\":\"https:\/\/innovitaskolan.se\/joriel\/pedagogiskt-koncept\/#breadcrumb\",\"itemListElement\":[{\"@type\":\"ListItem\",\"position\":1,\"name\":\"Start\",\"item\":\"https:\/\/innovitaskolan.se\/joriel\/\"},{\"@type\":\"ListItem\",\"position\":2,\"name\":\"Pedagogiskt koncept\"}]},{\"@type\":\"WebSite\",\"@id\":\"https:\/\/innovitaskolan.se\/joriel\/#website\",\"url\":\"https:\/\/innovitaskolan.se\/joriel\/\",\"name\":\"Joriel\",\"description\":\"En del av AcadeMedia\",\"potentialAction\":[{\"@type\":\"SearchAction\",\"target\":{\"@type\":\"EntryPoint\",\"urlTemplate\":\"https:\/\/innovitaskolan.se\/joriel\/?s={search_term_string}\"},\"query-input\":\"required name=search_term_string\"}],\"inLanguage\":\"sv-SE\"}]}<\/script>\n<!-- \/ Yoast SEO plugin. -->","yoast_head_json":{"title":"Innovitaskolan Joriel | Pedagogiska koncept och metoder","description":"Innovitaskolan Joriels tre pedagogiska koncept Explore, Innovate och Balance ger elever verktyg att ta sig an en f\u00f6r\u00e4nderlig framtid.","robots":{"index":"index","follow":"follow","max-snippet":"max-snippet:-1","max-image-preview":"max-image-preview:large","max-video-preview":"max-video-preview:-1"},"canonical":"https:\/\/innovitaskolan.se\/joriel\/pedagogiskt-koncept\/","og_locale":"sv_SE","og_type":"article","og_title":"Innovitaskolan Joriel | Pedagogiska koncept och metoder","og_description":"Innovitaskolan Joriels tre pedagogiska koncept Explore, Innovate och Balance ger elever verktyg att ta sig an en f\u00f6r\u00e4nderlig framtid.","og_url":"https:\/\/innovitaskolan.se\/joriel\/pedagogiskt-koncept\/","og_site_name":"Joriel","article_modified_time":"2025-07-08T09:38:22+00:00","twitter_card":"summary_large_image","twitter_title":"Innovitaskolan Joriel | Pedagogiska koncept och metoder","twitter_description":"Innovitaskolan Joriels tre pedagogiska koncept Explore, Innovate och Balance ger elever verktyg att ta sig an en f\u00f6r\u00e4nderlig framtid.","schema":{"@context":"https:\/\/schema.org","@graph":[{"@type":"WebPage","@id":"https:\/\/innovitaskolan.se\/joriel\/pedagogiskt-koncept\/","url":"https:\/\/innovitaskolan.se\/joriel\/pedagogiskt-koncept\/","name":"Innovitaskolan Joriel | Pedagogiska koncept och metoder","isPartOf":{"@id":"https:\/\/innovitaskolan.se\/joriel\/#website"},"datePublished":"2021-03-04T10:36:49+00:00","dateModified":"2025-07-08T09:38:22+00:00","description":"Innovitaskolan Joriels tre pedagogiska koncept Explore, Innovate och Balance ger elever verktyg att ta sig an en f\u00f6r\u00e4nderlig framtid.","breadcrumb":{"@id":"https:\/\/innovitaskolan.se\/joriel\/pedagogiskt-koncept\/#breadcrumb"},"inLanguage":"sv-SE","potentialAction":[{"@type":"ReadAction","target":["https:\/\/innovitaskolan.se\/joriel\/pedagogiskt-koncept\/"]}]},{"@type":"BreadcrumbList","@id":"https:\/\/innovitaskolan.se\/joriel\/pedagogiskt-koncept\/#breadcrumb","itemListElement":[{"@type":"ListItem","position":1,"name":"Start","item":"https:\/\/innovitaskolan.se\/joriel\/"},{"@type":"ListItem","position":2,"name":"Pedagogiskt koncept"}]},{"@type":"WebSite","@id":"https:\/\/innovitaskolan.se\/joriel\/#website","url":"https:\/\/innovitaskolan.se\/joriel\/","name":"Joriel","description":"En del av AcadeMedia","potentialAction":[{"@type":"SearchAction","target":{"@type":"EntryPoint","urlTemplate":"https:\/\/innovitaskolan.se\/joriel\/?s={search_term_string}"},"query-input":"required name=search_term_string"}],"inLanguage":"sv-SE"}]}},"_links":{"self":[{"href":"https:\/\/innovitaskolan.se\/joriel\/wp-json\/wp\/v2\/pages\/71"}],"collection":[{"href":"https:\/\/innovitaskolan.se\/joriel\/wp-json\/wp\/v2\/pages"}],"about":[{"href":"https:\/\/innovitaskolan.se\/joriel\/wp-json\/wp\/v2\/types\/page"}],"author":[{"embeddable":true,"href":"https:\/\/innovitaskolan.se\/joriel\/wp-json\/wp\/v2\/users\/1"}],"replies":[{"embeddable":true,"href":"https:\/\/innovitaskolan.se\/joriel\/wp-json\/wp\/v2\/comments?post=71"}],"version-history":[{"count":10,"href":"https:\/\/innovitaskolan.se\/joriel\/wp-json\/wp\/v2\/pages\/71\/revisions"}],"predecessor-version":[{"id":2272,"href":"https:\/\/innovitaskolan.se\/joriel\/wp-json\/wp\/v2\/pages\/71\/revisions\/2272"}],"wp:attachment":[{"href":"https:\/\/innovitaskolan.se\/joriel\/wp-json\/wp\/v2\/media?parent=71"}],"curies":[{"name":"wp","href":"https:\/\/api.w.org\/{rel}","templated":true}]}}