{"id":24,"date":"2021-03-04T11:29:47","date_gmt":"2021-03-04T10:29:47","guid":{"rendered":"https:\/\/innovitaskolan.se\/johanneberg\/?page_id=24"},"modified":"2025-11-04T10:34:11","modified_gmt":"2025-11-04T09:34:11","slug":"grundskola","status":"publish","type":"page","link":"https:\/\/innovitaskolan.se\/johanneberg\/om\/grundskola\/","title":{"rendered":"Grundskola"},"content":{"rendered":"\n\t\n\t\n\t\n\n\t\n\t\n\t\t\n<section  class=\"c-block l-stacked  \" data-color-scheme=\"\">\n\t<div class=\"ams-fifty ams-fifty--container ams-fifty--right ams-fifty--bottom l-container u-pt-fluid-2xl-4xl u-pb-fluid-md-xl\">\n\t\t<div class=\"ams-fifty__content l-stack l-stack-xl is-left is-left@lg\">\n\t\t\t<div class=\"ams-fifty__text l-stack l-stack-lg\">\n\t\t\t\t\t\n\t<h1\n\tclass=\"c-heading u-font-title-1 \"\n\tstyle=\"\">\n\t\t\n\t\t\t\t\t\t\t\t\tGrundskola p\u00e5 Innovita\u00adskolan Johanneberg\n\t\t\t\t<span class=\"c-heading__sub is-below u-font-title-3\">\n\t\t\t\t\tEn grundskola d\u00e4r eleverna utvecklas genom kreativitet och l\u00e4rande f\u00f6r varje framtid.\n\t\t\t\t<\/span>\n\t\t\t\t\t\t\t\n\t<\/h1>\n\n\t\t\t\t\t\t\t\t\t<div class=\"text l-stack u-font-body\">\n\t\t\t\t\t\t<p><!-- wp:heading --><\/p>\n<h2 class=\"wp-block-heading\">\u00c5rskurs 6 till 9<\/h2>\n<p>Hos oss p\u00e5 Innovitaskolan Johanneberg g\u00e5r elever i \u00e5rskurs 6\u20139. Alla arbetslag har ett eget omr\u00e5de d\u00e4r varje klass har ett hemklassrum och d\u00e4r klasserna gemensamt har ett st\u00f6rre allrum. I anslutning till allrummet ligger ocks\u00e5 l\u00e4rarnas arbetsrum, vilket g\u00f6r att det alltid finns l\u00e4rare tillhands f\u00f6r v\u00e5ra elever. Vi l\u00e4gger stort fokus p\u00e5 v\u00e5rt elevh\u00e4lsofr\u00e4mjande arbete f\u00f6r att eleverna ska k\u00e4nna sig trygga och betydelsefulla p\u00e5 skolan. Utveckling st\u00e4rks av att m\u00f6ta tydliga vuxna som har ett gemensamt f\u00f6rh\u00e5llningss\u00e4tt och som jobbar aktivt f\u00f6r att skapa goda relationer i och utanf\u00f6r klassrummet. V\u00e5ra elever har en mentor som st\u00f6ttar deras kunskapsm\u00e4ssiga- och sociala utveckling, mentorn har ocks\u00e5 ett \u00f6vergripande ansvar f\u00f6r hela skolsituationen.<\/p>\n<h2 class=\"wp-block-heading\">Digitala verktyg<\/h2>\n<p>Hos oss \u00e4r IT och digitala hj\u00e4lpmedel en naturlig del av skolarbetet och alla elever har tillg\u00e5ng till varsin chromebook. Skolarbetet styrs inte av chromebook men den \u00e4r ett verktyg f\u00f6r att skapa en kreativ och individanpassad utbildning. Tack vare v\u00e5ra digitala verktyg kan vi ta det pedagogiska arbetet ett steg l\u00e4ngre. L\u00e4rarna arbetar tillsammans i \u00e4mneslag med att planera, analysera och utv\u00e4rdera lektioner i syfte att h\u00f6ja kvaliteten p\u00e5 undervisningen.<\/p>\n<p><!-- \/wp:paragraph --><\/p>\n\n\t\t\t\t\t<\/div>\n\t\t\t\t\t\t\t<\/div>\n\n\t\t\t\t\t<\/div>\n\n\t\t <div class=\"ams-fifty__media u-ratio-square\">\n\t\t \t\t\t\t\t<img decoding=\"async\" width=\"600\" height=\"600\" src=\"https:\/\/innovitaskolan.se\/wp-content\/uploads\/sites\/8\/2025\/09\/innovitaskolan-hogstadie-molndal-202405-1-1-600x600.png\" class=\"attachment-md size-md\" alt=\"Elever som sitter utomhus.\" sizes=\"(min-width: 64em) 600px, calc(100vw - 160px)\" srcset=\"https:\/\/innovitaskolan.se\/wp-content\/uploads\/sites\/8\/2025\/09\/innovitaskolan-hogstadie-molndal-202405-1-1-600x600.png 600w, https:\/\/innovitaskolan.se\/wp-content\/uploads\/sites\/8\/2025\/09\/innovitaskolan-hogstadie-molndal-202405-1-1-150x150.png 150w, https:\/\/innovitaskolan.se\/wp-content\/uploads\/sites\/8\/2025\/09\/innovitaskolan-hogstadie-molndal-202405-1-1-300x300.png 300w, https:\/\/innovitaskolan.se\/wp-content\/uploads\/sites\/8\/2025\/09\/innovitaskolan-hogstadie-molndal-202405-1-1-400x400.png 400w, https:\/\/innovitaskolan.se\/wp-content\/uploads\/sites\/8\/2025\/09\/innovitaskolan-hogstadie-molndal-202405-1-1.png 667w\" \/>\n\t\t\t\n\t\t\t\n\t\t\t\t\t<\/div>\n\t<\/div>\n\n\t\t\n\n<\/section>\n\n\n\n\t\n\t\n\t\n\n\t\n\t\n\t\t\n<section  class=\"c-block l-stacked  \" data-color-scheme=\"nyans3_av_p2\">\n\t<div class=\"ams-fifty ams-fifty--container ams-fifty--left ams-fifty--bottom l-container u-pt-fluid-md-xl u-pb-fluid-md-xl\">\n\t\t<div class=\"ams-fifty__content l-stack l-stack-xl is-left is-left@lg\">\n\t\t\t<div class=\"ams-fifty__text l-stack l-stack-lg\">\n\t\t\t\t\t\n\t<h2\n\tclass=\"c-heading u-font-title-1 \"\n\tstyle=\"\">\n\t\t\n\t\t\t\t\tEn vanlig dag p\u00e5 v\u00e5rt h\u00f6gstadie\n\t\t\t\t\n\t<\/h2>\n\n\t\t\t\t\t\t\t\t\t<div class=\"text l-stack u-font-body\">\n\t\t\t\t\t\t<h3>En personlig och trygg start p\u00e5 dagen<\/h3>\n<p>Hos oss b\u00f6rjar varje dag med relationer. Redan vid d\u00f6rren m\u00f6ts eleverna av en personlig morgonh\u00e4lsning fr\u00e5n rektor, bitr\u00e4dande rektor eller n\u00e5gon i elevh\u00e4lsoteamet. Den v\u00e4lkomnande starten skapar trygghet och s\u00e4tter tonen f\u00f6r dagen. P\u00e5 Johanneberg \u00e4r vuxenn\u00e4rvaro en sj\u00e4lvklar del av skolmilj\u00f6n. Den bidrar till lugn, trygghet och en n\u00e4ra kontakt mellan elever och personal.<\/p>\n<h3>L\u00e4rande med engagemang och struktur<\/h3>\n<p>Under dagen m\u00f6ter eleverna engagerade l\u00e4rare som leder lektioner med tydlig struktur, h\u00f6ga f\u00f6rv\u00e4ntningar och god anpassning utifr\u00e5n varje elevs behov. I korridorer och allrum finns vuxna n\u00e4rvarande som st\u00f6ttar, samtalar och ser till att skoldagen flyter p\u00e5 i en positiv atmosf\u00e4r. V\u00e5ra elever \u00e4r trygga, nyfikna och v\u00e4lkomnande \u2013 en kultur vi \u00e4r stolta \u00f6ver.<\/p>\n\n\t\t\t\t\t<\/div>\n\t\t\t\t\t\t\t<\/div>\n\n\t\t\t\t\t<\/div>\n\n\t\t <div class=\"ams-fifty__media u-ratio-square\">\n\t\t \t\t\t\t\t<img decoding=\"async\" width=\"600\" height=\"600\" src=\"https:\/\/innovitaskolan.se\/wp-content\/uploads\/sites\/8\/2025\/09\/innovitaskolan-hogstadie-molndal-202405-8-600x600.png\" class=\"attachment-md size-md\" alt=\"Elever och l\u00e4rare som tittar i l\u00e4robok.\" sizes=\"(min-width: 64em) 600px, calc(100vw - 160px)\" srcset=\"https:\/\/innovitaskolan.se\/wp-content\/uploads\/sites\/8\/2025\/09\/innovitaskolan-hogstadie-molndal-202405-8-600x600.png 600w, https:\/\/innovitaskolan.se\/wp-content\/uploads\/sites\/8\/2025\/09\/innovitaskolan-hogstadie-molndal-202405-8-150x150.png 150w, https:\/\/innovitaskolan.se\/wp-content\/uploads\/sites\/8\/2025\/09\/innovitaskolan-hogstadie-molndal-202405-8-300x300.png 300w, https:\/\/innovitaskolan.se\/wp-content\/uploads\/sites\/8\/2025\/09\/innovitaskolan-hogstadie-molndal-202405-8-400x400.png 400w, https:\/\/innovitaskolan.se\/wp-content\/uploads\/sites\/8\/2025\/09\/innovitaskolan-hogstadie-molndal-202405-8.png 667w\" \/>\n\t\t\t\n\t\t\t\n\t\t\t\t\t<\/div>\n\t<\/div>\n\n\t\t\n\n<\/section>\n\n\n\n\t\n\t\n\t\n\n\t\n\t\n\t\t\n<section  class=\"c-block l-stacked  \" data-color-scheme=\"nyans3_av_p2\">\n\t<div class=\"ams-fifty ams-fifty--container ams-fifty--right ams-fifty--bottom l-container u-pt-fluid-md-xl u-pb-fluid-md-xl\">\n\t\t<div class=\"ams-fifty__content l-stack l-stack-xl is-left is-left@lg\">\n\t\t\t<div class=\"ams-fifty__text l-stack l-stack-lg\">\n\t\t\t\t\n\t\t\t\t\t\t\t\t\t<div class=\"text l-stack u-font-body\">\n\t\t\t\t\t\t<h3 data-start=\"1105\" data-end=\"1432\">Gemenskap kring m\u00e5ltiden<\/h3>\n<p data-start=\"1105\" data-end=\"1432\">Skollunchen \u00e4r en uppskattad stund f\u00f6r b\u00e5de gemenskap och \u00e5terh\u00e4mtning. Elever och personal \u00e4ter tillsammans och maten levereras av Skolfood \u2013 med nybakat br\u00f6d, en gener\u00f6s salladsbuff\u00e9 och en varm huvudr\u00e4tt. M\u00e5ltiden blir en naturlig del av skolans vardag d\u00e4r samtal och gemenskap f\u00e5r ta plats.<\/p>\n<h3 data-start=\"1434\" data-end=\"1861\">St\u00f6d, utveckling och gl\u00e4dje i l\u00e4randet<\/h3>\n<p data-start=\"1434\" data-end=\"1861\">Tv\u00e5 g\u00e5nger i veckan erbjuder vi l\u00e4xhj\u00e4lp som \u00e4r ett popul\u00e4rt och v\u00e4lbes\u00f6kt inslag d\u00e4r elever f\u00e5r st\u00f6d i sina studier och m\u00f6jlighet att utvecklas ytterligare.<\/p>\n<p data-start=\"1434\" data-end=\"1861\">N\u00e4r vi fr\u00e5gar v\u00e5ra elever vad som g\u00f6r skoldagen rolig och meningsfull svarar de ofta att k\u00e4nslan av att lyckas med n\u00e5got de k\u00e4mpat f\u00f6r. Det \u00e4r den k\u00e4nslan vi vill att varje dag p\u00e5 Johanneberg ska ge.<\/p>\n\n\t\t\t\t\t<\/div>\n\t\t\t\t\t\t\t<\/div>\n\n\t\t\t\t\t<\/div>\n\n\t\t <div class=\"ams-fifty__media u-ratio-square\">\n\t\t \t\t\t\t\t<img decoding=\"async\" width=\"600\" height=\"600\" src=\"https:\/\/innovitaskolan.se\/wp-content\/uploads\/sites\/8\/2025\/09\/innovitaskolan-hogstadie-molndal-202405-4-1-600x600.png\" class=\"attachment-md size-md\" alt=\"Elev som skriver p\u00e5 klasstavlan.\" sizes=\"(min-width: 64em) 600px, calc(100vw - 160px)\" srcset=\"https:\/\/innovitaskolan.se\/wp-content\/uploads\/sites\/8\/2025\/09\/innovitaskolan-hogstadie-molndal-202405-4-1-600x600.png 600w, https:\/\/innovitaskolan.se\/wp-content\/uploads\/sites\/8\/2025\/09\/innovitaskolan-hogstadie-molndal-202405-4-1-150x150.png 150w, https:\/\/innovitaskolan.se\/wp-content\/uploads\/sites\/8\/2025\/09\/innovitaskolan-hogstadie-molndal-202405-4-1-300x300.png 300w, https:\/\/innovitaskolan.se\/wp-content\/uploads\/sites\/8\/2025\/09\/innovitaskolan-hogstadie-molndal-202405-4-1-400x400.png 400w, https:\/\/innovitaskolan.se\/wp-content\/uploads\/sites\/8\/2025\/09\/innovitaskolan-hogstadie-molndal-202405-4-1.png 667w\" \/>\n\t\t\t\n\t\t\t\n\t\t\t\t\t<\/div>\n\t<\/div>\n\n\t\t\n\n<\/section>\n\n\n\n\n<section  class=\"ams-cta ams-cta--stacked c-block l-stacked\" data-color-scheme=\"beige\">\n\t<div class=\"l-container-narrow l-stack l-stack-fluid-2xl u-pt-fluid-3xl-6xl u-pb-fluid-3xl-6xl is-center is-center@md\">\n\t\t\t\t\t<div class=\"ams-cta__intro l-stack l-stack-lg\">\n\t\t\t\t\t\n\t<h2\n\tclass=\"c-heading u-font-title-1 \"\n\tstyle=\"\">\n\t\t\n\t\t\t\t\tS\u00f6ka skola\n\t\t\t\t\n\t<\/h2>\n\n\t\t\t\t\t\t\t\t\t<div class=\"c-text l-stack u-cs-xl u-font-body\">\n\t\t\t\t\t\t<p>Vad roligt att du vill st\u00e4lla ditt barn i k\u00f6 till v\u00e5r grundskola. Klicka p\u00e5 knappen nedan f\u00f6r att komma till k\u00f6anm\u00e4lan.<\/p>\n\n\t\t\t\t\t<\/div>\n\t\t\t\t\t\t\t<\/div>\n\t\t\n\t\t\n\t\t\t<div class=\"ams-cta__action u-inline-items\">\n\t\t\t\t\t\t\t\n\n\n<a href=\"https:\/\/innovitaskolan.se\/johanneberg\/koanmalan\/\"\n\t\n\tclass=\"c-btn \"\n\tdata-style=\"round\"\n\tdata-size=\"md\"\n\tdata-width=\"full-mobile\"\n\tdata-variant=\"default\"\n\ttarget=\"_self\">\n\t\t\t<span class=\"label\"> Till k\u00f6anm\u00e4lan<\/span>\n\t\t\t<\/a>\n\t\t\t<\/div>\n\t<\/div>\n\n\t\t\n\n<\/section>\n\n\n<div   id=\"page-relative-menu\" class=\"site__font-monospace   container_width--full_width_conIcon   d-lg-none  \">\n\n\t\t\t\n<\/div>\n","protected":false},"excerpt":{"rendered":"","protected":false},"author":1,"featured_media":0,"parent":20,"menu_order":0,"comment_status":"closed","ping_status":"closed","template":"","meta":{"footnotes":""},"yoast_head":"<!-- This site is optimized with the Yoast SEO plugin v22.0 - https:\/\/yoast.com\/wordpress\/plugins\/seo\/ -->\n<title>V\u00e5r grundskola | Innovitaskolan Johanneberg | Om skolan<\/title>\n<meta name=\"description\" content=\"P\u00e5 v\u00e5r grundskola g\u00e5r elever fr\u00e5n \u00e5rskurs 6\u20139. Vi vill skapa trygga &amp; motiverade individer, som nyfiket kan ta sig an framtiden.\" \/>\n<meta name=\"robots\" content=\"index, follow, max-snippet:-1, max-image-preview:large, max-video-preview:-1\" \/>\n<link rel=\"canonical\" href=\"https:\/\/innovitaskolan.se\/johanneberg\/om\/grundskola\/\" \/>\n<meta property=\"og:locale\" content=\"sv_SE\" \/>\n<meta property=\"og:type\" content=\"article\" \/>\n<meta property=\"og:title\" content=\"V\u00e5r grundskola | Innovitaskolan Johanneberg | Om skolan\" \/>\n<meta property=\"og:description\" content=\"P\u00e5 v\u00e5r grundskola g\u00e5r elever fr\u00e5n \u00e5rskurs 6\u20139. Vi vill skapa trygga &amp; motiverade individer, som nyfiket kan ta sig an framtiden.\" \/>\n<meta property=\"og:url\" content=\"https:\/\/innovitaskolan.se\/johanneberg\/om\/grundskola\/\" \/>\n<meta property=\"og:site_name\" content=\"Johanneberg\" \/>\n<meta property=\"article:modified_time\" content=\"2025-11-04T09:34:11+00:00\" \/>\n<meta name=\"twitter:card\" content=\"summary_large_image\" \/>\n<meta name=\"twitter:title\" content=\"V\u00e5r grundskola | Innovitaskolan Johanneberg | Om skolan\" \/>\n<meta name=\"twitter:description\" content=\"P\u00e5 v\u00e5r grundskola g\u00e5r elever fr\u00e5n \u00e5rskurs 6\u20139. Vi vill skapa trygga &amp; motiverade individer, som nyfiket kan ta sig an framtiden.\" \/>\n<meta name=\"twitter:label1\" content=\"Ber\u00e4knad l\u00e4stid\" \/>\n\t<meta name=\"twitter:data1\" content=\"5 minuter\" \/>\n<script type=\"application\/ld+json\" class=\"yoast-schema-graph\">{\"@context\":\"https:\/\/schema.org\",\"@graph\":[{\"@type\":\"WebPage\",\"@id\":\"https:\/\/innovitaskolan.se\/johanneberg\/om\/grundskola\/\",\"url\":\"https:\/\/innovitaskolan.se\/johanneberg\/om\/grundskola\/\",\"name\":\"V\u00e5r grundskola | Innovitaskolan Johanneberg | Om skolan\",\"isPartOf\":{\"@id\":\"https:\/\/innovitaskolan.se\/johanneberg\/#website\"},\"datePublished\":\"2021-03-04T10:29:47+00:00\",\"dateModified\":\"2025-11-04T09:34:11+00:00\",\"description\":\"P\u00e5 v\u00e5r grundskola g\u00e5r elever fr\u00e5n \u00e5rskurs 6\u20139. Vi vill skapa trygga & motiverade individer, som nyfiket kan ta sig an framtiden.\",\"breadcrumb\":{\"@id\":\"https:\/\/innovitaskolan.se\/johanneberg\/om\/grundskola\/#breadcrumb\"},\"inLanguage\":\"sv-SE\",\"potentialAction\":[{\"@type\":\"ReadAction\",\"target\":[\"https:\/\/innovitaskolan.se\/johanneberg\/om\/grundskola\/\"]}]},{\"@type\":\"BreadcrumbList\",\"@id\":\"https:\/\/innovitaskolan.se\/johanneberg\/om\/grundskola\/#breadcrumb\",\"itemListElement\":[{\"@type\":\"ListItem\",\"position\":1,\"name\":\"Start\",\"item\":\"https:\/\/innovitaskolan.se\/johanneberg\/\"},{\"@type\":\"ListItem\",\"position\":2,\"name\":\"Om skolan\",\"item\":\"https:\/\/innovitaskolan.se\/johanneberg\/om\/\"},{\"@type\":\"ListItem\",\"position\":3,\"name\":\"Grundskola\"}]},{\"@type\":\"WebSite\",\"@id\":\"https:\/\/innovitaskolan.se\/johanneberg\/#website\",\"url\":\"https:\/\/innovitaskolan.se\/johanneberg\/\",\"name\":\"Johanneberg\",\"description\":\"En del av AcadeMedia\",\"potentialAction\":[{\"@type\":\"SearchAction\",\"target\":{\"@type\":\"EntryPoint\",\"urlTemplate\":\"https:\/\/innovitaskolan.se\/johanneberg\/?s={search_term_string}\"},\"query-input\":\"required name=search_term_string\"}],\"inLanguage\":\"sv-SE\"}]}<\/script>\n<!-- \/ Yoast SEO plugin. -->","yoast_head_json":{"title":"V\u00e5r grundskola | Innovitaskolan Johanneberg | Om skolan","description":"P\u00e5 v\u00e5r grundskola g\u00e5r elever fr\u00e5n \u00e5rskurs 6\u20139. Vi vill skapa trygga & motiverade individer, som nyfiket kan ta sig an framtiden.","robots":{"index":"index","follow":"follow","max-snippet":"max-snippet:-1","max-image-preview":"max-image-preview:large","max-video-preview":"max-video-preview:-1"},"canonical":"https:\/\/innovitaskolan.se\/johanneberg\/om\/grundskola\/","og_locale":"sv_SE","og_type":"article","og_title":"V\u00e5r grundskola | Innovitaskolan Johanneberg | Om skolan","og_description":"P\u00e5 v\u00e5r grundskola g\u00e5r elever fr\u00e5n \u00e5rskurs 6\u20139. Vi vill skapa trygga & motiverade individer, som nyfiket kan ta sig an framtiden.","og_url":"https:\/\/innovitaskolan.se\/johanneberg\/om\/grundskola\/","og_site_name":"Johanneberg","article_modified_time":"2025-11-04T09:34:11+00:00","twitter_card":"summary_large_image","twitter_title":"V\u00e5r grundskola | Innovitaskolan Johanneberg | Om skolan","twitter_description":"P\u00e5 v\u00e5r grundskola g\u00e5r elever fr\u00e5n \u00e5rskurs 6\u20139. Vi vill skapa trygga & motiverade individer, som nyfiket kan ta sig an framtiden.","twitter_misc":{"Ber\u00e4knad l\u00e4stid":"5 minuter"},"schema":{"@context":"https:\/\/schema.org","@graph":[{"@type":"WebPage","@id":"https:\/\/innovitaskolan.se\/johanneberg\/om\/grundskola\/","url":"https:\/\/innovitaskolan.se\/johanneberg\/om\/grundskola\/","name":"V\u00e5r grundskola | Innovitaskolan Johanneberg | Om skolan","isPartOf":{"@id":"https:\/\/innovitaskolan.se\/johanneberg\/#website"},"datePublished":"2021-03-04T10:29:47+00:00","dateModified":"2025-11-04T09:34:11+00:00","description":"P\u00e5 v\u00e5r grundskola g\u00e5r elever fr\u00e5n \u00e5rskurs 6\u20139. Vi vill skapa trygga & motiverade individer, som nyfiket kan ta sig an framtiden.","breadcrumb":{"@id":"https:\/\/innovitaskolan.se\/johanneberg\/om\/grundskola\/#breadcrumb"},"inLanguage":"sv-SE","potentialAction":[{"@type":"ReadAction","target":["https:\/\/innovitaskolan.se\/johanneberg\/om\/grundskola\/"]}]},{"@type":"BreadcrumbList","@id":"https:\/\/innovitaskolan.se\/johanneberg\/om\/grundskola\/#breadcrumb","itemListElement":[{"@type":"ListItem","position":1,"name":"Start","item":"https:\/\/innovitaskolan.se\/johanneberg\/"},{"@type":"ListItem","position":2,"name":"Om skolan","item":"https:\/\/innovitaskolan.se\/johanneberg\/om\/"},{"@type":"ListItem","position":3,"name":"Grundskola"}]},{"@type":"WebSite","@id":"https:\/\/innovitaskolan.se\/johanneberg\/#website","url":"https:\/\/innovitaskolan.se\/johanneberg\/","name":"Johanneberg","description":"En del av AcadeMedia","potentialAction":[{"@type":"SearchAction","target":{"@type":"EntryPoint","urlTemplate":"https:\/\/innovitaskolan.se\/johanneberg\/?s={search_term_string}"},"query-input":"required name=search_term_string"}],"inLanguage":"sv-SE"}]}},"_links":{"self":[{"href":"https:\/\/innovitaskolan.se\/johanneberg\/wp-json\/wp\/v2\/pages\/24"}],"collection":[{"href":"https:\/\/innovitaskolan.se\/johanneberg\/wp-json\/wp\/v2\/pages"}],"about":[{"href":"https:\/\/innovitaskolan.se\/johanneberg\/wp-json\/wp\/v2\/types\/page"}],"author":[{"embeddable":true,"href":"https:\/\/innovitaskolan.se\/johanneberg\/wp-json\/wp\/v2\/users\/1"}],"replies":[{"embeddable":true,"href":"https:\/\/innovitaskolan.se\/johanneberg\/wp-json\/wp\/v2\/comments?post=24"}],"version-history":[{"count":10,"href":"https:\/\/innovitaskolan.se\/johanneberg\/wp-json\/wp\/v2\/pages\/24\/revisions"}],"predecessor-version":[{"id":2297,"href":"https:\/\/innovitaskolan.se\/johanneberg\/wp-json\/wp\/v2\/pages\/24\/revisions\/2297"}],"up":[{"embeddable":true,"href":"https:\/\/innovitaskolan.se\/johanneberg\/wp-json\/wp\/v2\/pages\/20"}],"wp:attachment":[{"href":"https:\/\/innovitaskolan.se\/johanneberg\/wp-json\/wp\/v2\/media?parent=24"}],"curies":[{"name":"wp","href":"https:\/\/api.w.org\/{rel}","templated":true}]}}