{"id":20,"date":"2021-03-04T11:29:29","date_gmt":"2021-03-04T10:29:29","guid":{"rendered":"https:\/\/innovitaskolan.se\/johanneberg\/?page_id=20"},"modified":"2025-11-04T10:37:20","modified_gmt":"2025-11-04T09:37:20","slug":"om","status":"publish","type":"page","link":"https:\/\/innovitaskolan.se\/johanneberg\/om\/","title":{"rendered":"Om skolan"},"content":{"rendered":"\n\t\n\t\n\t\n\n\t\n\t\n\t\t\n<section  class=\"c-block l-stacked  \" data-color-scheme=\"\">\n\t<div class=\"ams-fifty ams-fifty--container ams-fifty--right ams-fifty--bottom l-container u-pt-fluid-2xl-4xl u-pb-fluid-md-xl\">\n\t\t<div class=\"ams-fifty__content l-stack l-stack-xl is-left is-left@lg\">\n\t\t\t<div class=\"ams-fifty__text l-stack l-stack-lg\">\n\t\t\t\t\t\n\t<h1\n\tclass=\"c-heading u-font-title-1 \"\n\tstyle=\"\">\n\t\t\n\t\t\t\t\t\t\t\t\tOm Innovita\u00adskolan Johanneberg\n\t\t\t\t<span class=\"c-heading__sub is-below u-font-title-3\">\n\t\t\t\t\tVi \u00e4r en grundskola fr\u00e5n \u00e5rskurs 6 till 9, d\u00e4r barn och elever f\u00e5r kunskap och verktyg att forma sin framtid.\n\t\t\t\t<\/span>\n\t\t\t\t\t\t\t\n\t<\/h1>\n\n\t\t\t\t\t\t\t\t\t<div class=\"text l-stack u-font-body\">\n\t\t\t\t\t\t<p><!-- wp:heading --><\/p>\n<h2 class=\"wp-block-heading\"><!-- wp:heading --><\/h2>\n<h2 class=\"wp-block-heading\">Vi ser individen<\/h2>\n<p>Vi \u00e4r en skola som ligger i pedagogisk framkant, vilket inneb\u00e4r att vi p\u00e5 vetenskaplig grund systematiskt utforskar v\u00e5r undervisning f\u00f6r att f\u00f6rb\u00e4ttra elevernas l\u00e4rande. Tillsammans str\u00e4var vi efter att varje elev ska bli sedd och lyckas s\u00e5 bra som m\u00f6jligt utifr\u00e5n sina egna f\u00f6ruts\u00e4ttningar. Vi har funnits sedan \u00e5r 2000 och har idag cirka 300 elever fr\u00e5n hela G\u00f6teborg. Det bidrar till en dynamisk och utvecklande l\u00e4rmilj\u00f6 f\u00f6r s\u00e5v\u00e4l elever som l\u00e4rare.<\/p>\n<h2 class=\"wp-block-heading\"><!-- wp:heading --><\/h2>\n<p><!-- \/wp:paragraph --><\/p>\n\n\t\t\t\t\t<\/div>\n\t\t\t\t\t\t\t<\/div>\n\n\t\t\t\t\t<\/div>\n\n\t\t <div class=\"ams-fifty__media u-ratio-square\">\n\t\t \t\t\t\t\t<img decoding=\"async\" width=\"600\" height=\"600\" src=\"https:\/\/innovitaskolan.se\/wp-content\/uploads\/sites\/8\/2025\/09\/innovitaskolan-explore-rudan-202204-1-600x600.png\" class=\"attachment-md size-md\" alt=\"Elever i skogen.\" sizes=\"(min-width: 64em) 600px, calc(100vw - 160px)\" srcset=\"https:\/\/innovitaskolan.se\/wp-content\/uploads\/sites\/8\/2025\/09\/innovitaskolan-explore-rudan-202204-1-600x600.png 600w, https:\/\/innovitaskolan.se\/wp-content\/uploads\/sites\/8\/2025\/09\/innovitaskolan-explore-rudan-202204-1-150x150.png 150w, https:\/\/innovitaskolan.se\/wp-content\/uploads\/sites\/8\/2025\/09\/innovitaskolan-explore-rudan-202204-1-300x300.png 300w, https:\/\/innovitaskolan.se\/wp-content\/uploads\/sites\/8\/2025\/09\/innovitaskolan-explore-rudan-202204-1-400x400.png 400w, https:\/\/innovitaskolan.se\/wp-content\/uploads\/sites\/8\/2025\/09\/innovitaskolan-explore-rudan-202204-1.png 667w\" \/>\n\t\t\t\n\t\t\t\n\t\t\t\t\t<\/div>\n\t<\/div>\n\n\t\t\n\n<\/section>\n\n\n\n\t\n\t\n\t\n\n\t\n\t\n\t\t\n<section  class=\"c-block l-stacked  \" data-color-scheme=\"\">\n\t<div class=\"ams-fifty ams-fifty--container ams-fifty--left ams-fifty--bottom l-container u-pt-fluid-md-xl u-pb-fluid-md-xl\">\n\t\t<div class=\"ams-fifty__content l-stack l-stack-xl is-left is-left@lg\">\n\t\t\t<div class=\"ams-fifty__text l-stack l-stack-lg\">\n\t\t\t\t\n\t\t\t\t\t\t\t\t\t<div class=\"text l-stack u-font-body\">\n\t\t\t\t\t\t<h2>Om oss som jobbar h\u00e4r<\/h2>\n<p>Alla l\u00e4rare och \u00f6vrig personal p\u00e5 v\u00e5r skola har ett stort, genuint engagemang f\u00f6r elevernas v\u00e4lbefinnande och l\u00e4rande. Vi \u00e4r organiserade i arbetslag runt ett mindre antal elever f\u00f6r att eleverna ska k\u00e4nna att vi alltid finns tillg\u00e4ngliga f\u00f6r dem, och har stort fokus p\u00e5 att eleverna ska k\u00e4nna sig trygga och sedda i skolan. Vi planerar alltid v\u00e5r undervisning i \u00e4mneslag, och vi samarbetar alltid runt eleverna i arbetslag.<\/p>\n<p>P\u00e5 Innovitaskolan Johanneberg tror vi p\u00e5 styrkan i samarbete. Vi tror ocks\u00e5 p\u00e5 ett gemensamt pedagogiskt ledarskap som s\u00e4tter elevernas b\u00e4sta i fokus. L\u00e4rare och personal arbetar alltid f\u00f6r att varje elev ska n\u00e5 s\u00e5 l\u00e5ngt det g\u00e5r i sin kunskapsutveckling.<\/p>\n<p>Vi jobbar alltid utifr\u00e5n att det finns ett tydligt samband mellan l\u00e4rande och h\u00e4lsa. Elever som l\u00e4r och lyckas m\u00e5r bra, och vice versa.<\/p>\n\n\t\t\t\t\t<\/div>\n\t\t\t\t\t\t\t<\/div>\n\n\t\t\t\t\t<\/div>\n\n\t\t <div class=\"ams-fifty__media u-ratio-square\">\n\t\t \t\t\t\t\t<img decoding=\"async\" width=\"600\" height=\"600\" src=\"https:\/\/innovitaskolan.se\/wp-content\/uploads\/sites\/8\/2025\/09\/innovitaskolan-hogstadie-molndal-202405-4-600x600.png\" class=\"attachment-md size-md\" alt=\"Elev som skriver p\u00e5 klassrummets tavla.\" sizes=\"(min-width: 64em) 600px, calc(100vw - 160px)\" srcset=\"https:\/\/innovitaskolan.se\/wp-content\/uploads\/sites\/8\/2025\/09\/innovitaskolan-hogstadie-molndal-202405-4-600x600.png 600w, https:\/\/innovitaskolan.se\/wp-content\/uploads\/sites\/8\/2025\/09\/innovitaskolan-hogstadie-molndal-202405-4-150x150.png 150w, https:\/\/innovitaskolan.se\/wp-content\/uploads\/sites\/8\/2025\/09\/innovitaskolan-hogstadie-molndal-202405-4-300x300.png 300w, https:\/\/innovitaskolan.se\/wp-content\/uploads\/sites\/8\/2025\/09\/innovitaskolan-hogstadie-molndal-202405-4-400x400.png 400w, https:\/\/innovitaskolan.se\/wp-content\/uploads\/sites\/8\/2025\/09\/innovitaskolan-hogstadie-molndal-202405-4.png 667w\" \/>\n\t\t\t\n\t\t\t\n\t\t\t\t\t<\/div>\n\t<\/div>\n\n\t\t\n\n<\/section>\n\n\n\n\n<section  class=\"ams-cta ams-cta--stacked c-block l-stacked\" data-color-scheme=\"nyans3_av_p2\">\n\t<div class=\"l-container-narrow l-stack l-stack-fluid-2xl u-pt-fluid-2xl-4xl u-pb-fluid-2xl-4xl is-center is-center@md\">\n\t\t\t\t\t<div class=\"ams-cta__intro l-stack l-stack-lg\">\n\t\t\t\t\t\n\t<h2\n\tclass=\"c-heading u-font-title-1 \"\n\tstyle=\"\">\n\t\t\n\t\t\t\t\tTrygghet och elev\u00adinflytande\n\t\t\t\t\n\t<\/h2>\n\n\t\t\t\t\t\t\t\t\t<div class=\"c-text l-stack u-cs-xl u-font-body\">\n\t\t\t\t\t\t<p data-start=\"208\" data-end=\"616\"><strong>93 %<\/strong> av eleverna uppger att de k\u00e4nner sig trygga p\u00e5 skolan och <strong>92 %<\/strong> av v\u00e5rdnadshavarna upplever att deras barn \u00e4r trygga \u2013 ett resultat av medvetet relationsskapande och strukturerat trygghetsarbete.<\/p>\n<p data-start=\"618\" data-end=\"948\">Vi jobbar aktivt f\u00f6r att f\u00f6rebygga oro och skapa en varm och v\u00e4lkomnande milj\u00f6 \u2013 vi skapar naturliga m\u00f6ten med ett starkt fokus p\u00e5 relationer genom bland annat pedagogiska luncher, personal som r\u00f6r sig ute i korridorerna och spelar pingis i caf\u00e9t samt med en aktiv elevh\u00e4lsa.<\/p>\n<p data-start=\"618\" data-end=\"948\">Vi l\u00e4r k\u00e4nna varje elev \u2013 inte bara till namn, utan genom sm\u00e5prat om m\u00e5l, sommarplaner och det som \u00e4r viktigt i just deras liv. \u201cAlla ska ha n\u00e5gon\u201d \u00e4r n\u00e5got vi verkligen menar. Vi har ocks\u00e5 t\u00e4t kontakt med hemmet, och eleverna f\u00e5r vara med och p\u00e5verka genom klassr\u00e5d, elevr\u00e5d och utvecklingsgrupper.<\/p>\n\n\t\t\t\t\t<\/div>\n\t\t\t\t\t\t\t<\/div>\n\t\t\n\t\t\n\t\t\t<\/div>\n\n\t\t\n\n<\/section>\n\n\n\n\t\n\t\n\t\n\n\t\n\t\n\t\t\n<section  class=\"c-block l-stacked  \" data-color-scheme=\"\">\n\t<div class=\"ams-fifty ams-fifty--container ams-fifty--right ams-fifty--bottom l-container u-pt-fluid-md-xl u-pb-fluid-md-xl\">\n\t\t<div class=\"ams-fifty__content l-stack l-stack-xl is-left is-left@lg\">\n\t\t\t<div class=\"ams-fifty__text l-stack l-stack-lg\">\n\t\t\t\t\n\t\t\t\t\t\t\t\t\t<div class=\"text l-stack u-font-body\">\n\t\t\t\t\t\t<p><!-- wp:heading --><\/p>\n<h2 class=\"wp-block-heading\">V\u00e5ra lokaler<\/h2>\n<p>V\u00e5r skola ligger i centrala G\u00f6teborg, mitt emellan Korsv\u00e4gen och Chalmers. Vi har kompletta lokaler f\u00f6r sl\u00f6jd och hem- och konsumentkunskap. Idrottsundervisning bedriver vi i en idrottshall d\u00e4r vi hyr in oss.<\/p>\n<h2>Samarbeten p\u00e5 skolan<\/h2>\n<p>Innovitaskolan Johanneberg \u00e4r k\u00e4nd f\u00f6r sin goda st\u00e4mning mellan elever och l\u00e4rare. H\u00e4r f\u00e5r eleverna hj\u00e4lp att utvecklas till sin fulla potential i en positiv och trivsam milj\u00f6. Vi ser \u00e4ven till att h\u00e5lla n\u00e4ra kontakt med v\u00e5rdnadshavare som alltid \u00e4r v\u00e4lkomna att l\u00e4mna synpunkter och kontakta oss.<!-- \/wp:paragraph --><\/p>\n<p><!-- wp:heading --><\/p>\n<p><!-- \/wp:paragraph --><\/p>\n\n\t\t\t\t\t<\/div>\n\t\t\t\t\t\t\t<\/div>\n\n\t\t\t\t\t<\/div>\n\n\t\t <div class=\"ams-fifty__media u-ratio-square\">\n\t\t \t\t\t\t\t<img decoding=\"async\" width=\"600\" height=\"600\" src=\"https:\/\/innovitaskolan.se\/wp-content\/uploads\/sites\/8\/2025\/09\/innovitaskolan-hogstadie-molndal-202405-1-600x600.png\" class=\"attachment-md size-md\" alt=\"Elev som ler in i kameran.\" sizes=\"(min-width: 64em) 600px, calc(100vw - 160px)\" srcset=\"https:\/\/innovitaskolan.se\/wp-content\/uploads\/sites\/8\/2025\/09\/innovitaskolan-hogstadie-molndal-202405-1-600x600.png 600w, https:\/\/innovitaskolan.se\/wp-content\/uploads\/sites\/8\/2025\/09\/innovitaskolan-hogstadie-molndal-202405-1-150x150.png 150w, https:\/\/innovitaskolan.se\/wp-content\/uploads\/sites\/8\/2025\/09\/innovitaskolan-hogstadie-molndal-202405-1-300x300.png 300w, https:\/\/innovitaskolan.se\/wp-content\/uploads\/sites\/8\/2025\/09\/innovitaskolan-hogstadie-molndal-202405-1-400x400.png 400w, https:\/\/innovitaskolan.se\/wp-content\/uploads\/sites\/8\/2025\/09\/innovitaskolan-hogstadie-molndal-202405-1.png 667w\" \/>\n\t\t\t\n\t\t\t\n\t\t\t\t\t<\/div>\n\t<\/div>\n\n\t\t\n\n<\/section>\n\n\n\n\n<section  class=\"ams-cta ams-cta--stacked c-block l-stacked\" data-color-scheme=\"rod\">\n\t<div class=\"l-container-narrow l-stack l-stack-fluid-2xl u-pt-fluid-3xl-6xl u-pb-fluid-3xl-6xl is-center is-center@md\">\n\t\t\t\t\t<div class=\"ams-cta__intro l-stack l-stack-lg\">\n\t\t\t\t\t\n\t<h2\n\tclass=\"c-heading u-font-title-1 \"\n\tstyle=\"\">\n\t\t\n\t\t\t\t\tSt\u00e4ll ditt barn i k\u00f6 till oss\n\t\t\t\t\n\t<\/h2>\n\n\t\t\t\t\t\t\t\t\t<div class=\"c-text l-stack u-cs-xl u-font-body\">\n\t\t\t\t\t\t<p>Vad roligt att du \u00e4r intresserad av v\u00e5r skola! St\u00e4ll ditt barn i k\u00f6 redan idag d\u00e5 vi antar efter anm\u00e4lningsdatum.<\/p>\n\n\t\t\t\t\t<\/div>\n\t\t\t\t\t\t\t<\/div>\n\t\t\n\t\t\n\t\t\t<div class=\"ams-cta__action u-inline-items\">\n\t\t\t\t\t\t\t\n\n\n<a href=\"https:\/\/innovitaskolan.se\/johanneberg\/koanmalan\/\"\n\t\n\tclass=\"c-btn \"\n\tdata-style=\"round\"\n\tdata-size=\"md\"\n\tdata-width=\"full-mobile\"\n\tdata-variant=\"default\"\n\ttarget=\"_self\">\n\t\t\t<span class=\"label\"> Till k\u00f6anm\u00e4lan<\/span>\n\t\t\t<\/a>\n\t\t\t<\/div>\n\t<\/div>\n\n\t\t\n\n<\/section>\n\n\n\n<section \n\t\t class=\"\n\t\t ams-contact\n\t\t \n\t\t c-block l-stacked\n\t\t \n\t\t \n\t\t js-load-more\n\t\t \"\n\t\t data-color-scheme=\"kontakt-ljus\"\n\t\t\t\t\tdata-count=\"3\"\n\t\t\t\t\t\t\tdata-count-mobile=\"2\"\n\t\t\t\t>\n\t<div\n\t\t class=\"\n\t\t l-container\n\t\t l-stack l-stack-fluid-2xl\n\t\t u-pt-fluid-3xl-6xl\n\t\t u-pb-fluid-3xl-6xl\n\t\t is-center\n\t\t is-center@md\n\t\t \">\n\t\t\t\t\t<div class=\"ams-contact__intro l-stack l-stack-lg\">\n\t\t\t\t\t\n\t<h2\n\tclass=\"c-heading u-font-title-1 \"\n\tstyle=\"\">\n\t\t\n\t\t\t\t\tKvalitets\u00adrapport\n\t\t\t\t\n\t<\/h2>\n\n\t\t\t\t\t\t\t\t\t<div class=\"c-text l-stack u-cs-xl u-font-body\">\n\t\t\t\t\t\t<p>Vill du ta del av v\u00e5r kvalitetsrapport? Kontakta skolans rektor.<\/p>\n\n\t\t\t\t\t<\/div>\n\t\t\t\t\t\t\t<\/div>\n\t\t\n\t\t\n\t\t    \t\n\t\t\n\t\t<ul\n\t\t\tid=\"contact-grid-69e9f9c608dd2\"\n\t\t\tclass=\"ams-contact__list l-grid u-gap-fluid-2xl-4xl u-justify-center js-results \"\n\t\t\taria-label=\"Kontakter\"\n\t\t\tdata-filter-animation=\"off\"\n\t\t\t>\n\t\t\t\t\t\t\t\t\t\t\t\n\t\t\t\t\n\t\t\t\t<li class=\"l-col-6@md \" data-filter=\"a\">\n\t\t\t\t\t<article class=\"c-card \" data-variant=\"neutral\">\n\t\t\t\t\t\t<div class=\"c-card__content u-text-center\">\n\t\t\t\t\t\t\t\t\t\t\t\t\t\t\t<h3 class=\"c-card__title u-font-title-3\">\n\t\t\t\t\t\t\t\t\tJenny Tyd\u00e9n\n\t\t\t\t\t\t\t\t<\/h3>\n\t\t\t\t\t\t\t\n\t\t\t\t\t\t\t\t\t\t\t\t\t\t\t<p class=\"position u-font-body\">Rektor<\/p>\n\t\t\t\t\t\t\t\n\t\t\t\t\t\t\t\t\t\t\t\t\t\t\t<div class=\"contact-info u-font-body\">\n\t\t\t\t\t\t\t\t\t\t\t\t\t\t\t\t\t\t\t\t\t\t\t\t\t\t\t\t\t\t<p class=\"phone\"><a\n\t\t\t\t\t\t\t\t\t\t\t\t\thref=\"tel:0727249020\"\n\t\t\t\t\t\t\t\t\t\t\t\t\tclass=\"u-text-link\">072-724 90 20<\/a>\n\t\t\t\t\t\t\t\t\t\t\t<\/p>\n\t\t\t\t\t\t\t\t\t\t\t\t\t\t\t\t\t\t\t\n\t\t\t\t\t\t\t\t\t\t\t\t\t\t\t\t\t\t\t\t\t\t\t\t\t\t\t\t\t\t<p class=\"email\"><a\n\t\t\t\t\t\t\t\t\t\t\t\t\thref=\"m&#097;&#105;&#108;t&#111;:&#106;&#101;&#110;ny&#046;&#116;y&#100;&#101;&#110;&#064;&#105;&#110;&#110;&#111;&#118;&#105;task&#111;la&#110;&#046;&#115;e\"\n\t\t\t\t\t\t\t\t\t\t\t\t\tclass=\"u-text-link\">j&#101;&#110;&#110;&#121;&#046;&#116;yden&#064;&#105;&#110;&#110;&#111;&#118;it&#097;&#115;&#107;&#111;l&#097;n.&#115;&#101;<\/a>\n\t\t\t\t\t\t\t\t\t\t\t<\/p>\n\t\t\t\t\t\t\t\t\t\t\t\t\t\t\t\t\t\t\t\t\t\t\t\t\t\t\t<\/div>\n\t\t\t\t\t\t\t\n\t\t\t\t\t\t\t\t\t\t\t\t\t<\/div>\n\t\t\t\t\t\t<div class=\"c-card__media\">\n\t\t\t\t\t\t\t\t\t\t\t\t\t\t\t\t\t\t\t\t\t\t\t\t\t\t\t\t\t\t\t\t\t\t\t\t\t\t\t\t\t\t\t\t\t\t\t\t\t<img decoding=\"async\" width=\"400\" height=\"366\" src=\"https:\/\/innovitaskolan.se\/wp-content\/uploads\/sites\/8\/2021\/04\/fullsizerender-preview-400x366.jpeg\" class=\"u-radius-rounded u-ratio-landscape card-image-mask-shape2 \" alt=\"\" sizes=\"(max-width: 300px) 100vw, 300px\" srcset=\"https:\/\/innovitaskolan.se\/wp-content\/uploads\/sites\/8\/2021\/04\/fullsizerender-preview-400x366.jpeg 400w, https:\/\/innovitaskolan.se\/wp-content\/uploads\/sites\/8\/2021\/04\/fullsizerender-preview-300x275.jpeg 300w, https:\/\/innovitaskolan.se\/wp-content\/uploads\/sites\/8\/2021\/04\/fullsizerender-preview-600x549.jpeg 600w, https:\/\/innovitaskolan.se\/wp-content\/uploads\/sites\/8\/2021\/04\/fullsizerender-preview-800x733.jpeg 800w, https:\/\/innovitaskolan.se\/wp-content\/uploads\/sites\/8\/2021\/04\/fullsizerender-preview-1024x938.jpeg 1024w, https:\/\/innovitaskolan.se\/wp-content\/uploads\/sites\/8\/2021\/04\/fullsizerender-preview-1200x1099.jpeg 1200w\" \/>\n\t\t\t\t\t\t<\/div>\n\t\t\t\t\t<\/article>\n\t\t\t\t<\/li>\n\t\t\t\t\t<\/ul>\n\n\t\t\n\t\t\n\t\t\t<\/div>\n\n\t\t\n\n<\/section>\n\n\n<div   id=\"page-relative-menu\" class=\"site__font-monospace   container_width--full_width_conIcon   d-lg-none  \">\n\n\t\t\t\n<\/div>\n","protected":false},"excerpt":{"rendered":"","protected":false},"author":1,"featured_media":0,"parent":0,"menu_order":10,"comment_status":"closed","ping_status":"closed","template":"","meta":{"footnotes":""},"yoast_head":"<!-- This site is optimized with the Yoast SEO plugin v22.0 - https:\/\/yoast.com\/wordpress\/plugins\/seo\/ -->\n<title>Innovitaskolan Johanneberg | Om skolan | \u00c5rskurs 6\u20139<\/title>\n<meta name=\"description\" content=\"Innovitaskolan Johanneberg \u00e4r en grundskola med \u00e5rskurs 6\u20139. H\u00e4r ska alla elever k\u00e4nna sig sedda och kunna lyckas efter sina f\u00f6ruts\u00e4ttningar.\" \/>\n<meta name=\"robots\" content=\"index, follow, max-snippet:-1, max-image-preview:large, max-video-preview:-1\" \/>\n<link rel=\"canonical\" href=\"https:\/\/innovitaskolan.se\/johanneberg\/om\/\" \/>\n<meta property=\"og:locale\" content=\"sv_SE\" \/>\n<meta property=\"og:type\" content=\"article\" \/>\n<meta property=\"og:title\" content=\"Innovitaskolan Johanneberg | Om skolan | \u00c5rskurs 6\u20139\" \/>\n<meta property=\"og:description\" content=\"Innovitaskolan Johanneberg \u00e4r en grundskola med \u00e5rskurs 6\u20139. H\u00e4r ska alla elever k\u00e4nna sig sedda och kunna lyckas efter sina f\u00f6ruts\u00e4ttningar.\" \/>\n<meta property=\"og:url\" content=\"https:\/\/innovitaskolan.se\/johanneberg\/om\/\" \/>\n<meta property=\"og:site_name\" content=\"Johanneberg\" \/>\n<meta property=\"article:modified_time\" content=\"2025-11-04T09:37:20+00:00\" \/>\n<meta name=\"twitter:card\" content=\"summary_large_image\" \/>\n<meta name=\"twitter:title\" content=\"Innovitaskolan Johanneberg | Om skolan | \u00c5rskurs 6\u20139\" \/>\n<meta name=\"twitter:description\" content=\"Innovitaskolan Johanneberg \u00e4r en grundskola med \u00e5rskurs 6\u20139. H\u00e4r ska alla elever k\u00e4nna sig sedda och kunna lyckas efter sina f\u00f6ruts\u00e4ttningar.\" \/>\n<meta name=\"twitter:label1\" content=\"Ber\u00e4knad l\u00e4stid\" \/>\n\t<meta name=\"twitter:data1\" content=\"4 minuter\" \/>\n<script type=\"application\/ld+json\" class=\"yoast-schema-graph\">{\"@context\":\"https:\/\/schema.org\",\"@graph\":[{\"@type\":\"WebPage\",\"@id\":\"https:\/\/innovitaskolan.se\/johanneberg\/om\/\",\"url\":\"https:\/\/innovitaskolan.se\/johanneberg\/om\/\",\"name\":\"Innovitaskolan Johanneberg | Om skolan | \u00c5rskurs 6\u20139\",\"isPartOf\":{\"@id\":\"https:\/\/innovitaskolan.se\/johanneberg\/#website\"},\"datePublished\":\"2021-03-04T10:29:29+00:00\",\"dateModified\":\"2025-11-04T09:37:20+00:00\",\"description\":\"Innovitaskolan Johanneberg \u00e4r en grundskola med \u00e5rskurs 6\u20139. H\u00e4r ska alla elever k\u00e4nna sig sedda och kunna lyckas efter sina f\u00f6ruts\u00e4ttningar.\",\"breadcrumb\":{\"@id\":\"https:\/\/innovitaskolan.se\/johanneberg\/om\/#breadcrumb\"},\"inLanguage\":\"sv-SE\",\"potentialAction\":[{\"@type\":\"ReadAction\",\"target\":[\"https:\/\/innovitaskolan.se\/johanneberg\/om\/\"]}]},{\"@type\":\"BreadcrumbList\",\"@id\":\"https:\/\/innovitaskolan.se\/johanneberg\/om\/#breadcrumb\",\"itemListElement\":[{\"@type\":\"ListItem\",\"position\":1,\"name\":\"Start\",\"item\":\"https:\/\/innovitaskolan.se\/johanneberg\/\"},{\"@type\":\"ListItem\",\"position\":2,\"name\":\"Om skolan\"}]},{\"@type\":\"WebSite\",\"@id\":\"https:\/\/innovitaskolan.se\/johanneberg\/#website\",\"url\":\"https:\/\/innovitaskolan.se\/johanneberg\/\",\"name\":\"Johanneberg\",\"description\":\"En del av AcadeMedia\",\"potentialAction\":[{\"@type\":\"SearchAction\",\"target\":{\"@type\":\"EntryPoint\",\"urlTemplate\":\"https:\/\/innovitaskolan.se\/johanneberg\/?s={search_term_string}\"},\"query-input\":\"required name=search_term_string\"}],\"inLanguage\":\"sv-SE\"}]}<\/script>\n<!-- \/ Yoast SEO plugin. -->","yoast_head_json":{"title":"Innovitaskolan Johanneberg | Om skolan | \u00c5rskurs 6\u20139","description":"Innovitaskolan Johanneberg \u00e4r en grundskola med \u00e5rskurs 6\u20139. H\u00e4r ska alla elever k\u00e4nna sig sedda och kunna lyckas efter sina f\u00f6ruts\u00e4ttningar.","robots":{"index":"index","follow":"follow","max-snippet":"max-snippet:-1","max-image-preview":"max-image-preview:large","max-video-preview":"max-video-preview:-1"},"canonical":"https:\/\/innovitaskolan.se\/johanneberg\/om\/","og_locale":"sv_SE","og_type":"article","og_title":"Innovitaskolan Johanneberg | Om skolan | \u00c5rskurs 6\u20139","og_description":"Innovitaskolan Johanneberg \u00e4r en grundskola med \u00e5rskurs 6\u20139. H\u00e4r ska alla elever k\u00e4nna sig sedda och kunna lyckas efter sina f\u00f6ruts\u00e4ttningar.","og_url":"https:\/\/innovitaskolan.se\/johanneberg\/om\/","og_site_name":"Johanneberg","article_modified_time":"2025-11-04T09:37:20+00:00","twitter_card":"summary_large_image","twitter_title":"Innovitaskolan Johanneberg | Om skolan | \u00c5rskurs 6\u20139","twitter_description":"Innovitaskolan Johanneberg \u00e4r en grundskola med \u00e5rskurs 6\u20139. H\u00e4r ska alla elever k\u00e4nna sig sedda och kunna lyckas efter sina f\u00f6ruts\u00e4ttningar.","twitter_misc":{"Ber\u00e4knad l\u00e4stid":"4 minuter"},"schema":{"@context":"https:\/\/schema.org","@graph":[{"@type":"WebPage","@id":"https:\/\/innovitaskolan.se\/johanneberg\/om\/","url":"https:\/\/innovitaskolan.se\/johanneberg\/om\/","name":"Innovitaskolan Johanneberg | Om skolan | \u00c5rskurs 6\u20139","isPartOf":{"@id":"https:\/\/innovitaskolan.se\/johanneberg\/#website"},"datePublished":"2021-03-04T10:29:29+00:00","dateModified":"2025-11-04T09:37:20+00:00","description":"Innovitaskolan Johanneberg \u00e4r en grundskola med \u00e5rskurs 6\u20139. H\u00e4r ska alla elever k\u00e4nna sig sedda och kunna lyckas efter sina f\u00f6ruts\u00e4ttningar.","breadcrumb":{"@id":"https:\/\/innovitaskolan.se\/johanneberg\/om\/#breadcrumb"},"inLanguage":"sv-SE","potentialAction":[{"@type":"ReadAction","target":["https:\/\/innovitaskolan.se\/johanneberg\/om\/"]}]},{"@type":"BreadcrumbList","@id":"https:\/\/innovitaskolan.se\/johanneberg\/om\/#breadcrumb","itemListElement":[{"@type":"ListItem","position":1,"name":"Start","item":"https:\/\/innovitaskolan.se\/johanneberg\/"},{"@type":"ListItem","position":2,"name":"Om skolan"}]},{"@type":"WebSite","@id":"https:\/\/innovitaskolan.se\/johanneberg\/#website","url":"https:\/\/innovitaskolan.se\/johanneberg\/","name":"Johanneberg","description":"En del av AcadeMedia","potentialAction":[{"@type":"SearchAction","target":{"@type":"EntryPoint","urlTemplate":"https:\/\/innovitaskolan.se\/johanneberg\/?s={search_term_string}"},"query-input":"required name=search_term_string"}],"inLanguage":"sv-SE"}]}},"_links":{"self":[{"href":"https:\/\/innovitaskolan.se\/johanneberg\/wp-json\/wp\/v2\/pages\/20"}],"collection":[{"href":"https:\/\/innovitaskolan.se\/johanneberg\/wp-json\/wp\/v2\/pages"}],"about":[{"href":"https:\/\/innovitaskolan.se\/johanneberg\/wp-json\/wp\/v2\/types\/page"}],"author":[{"embeddable":true,"href":"https:\/\/innovitaskolan.se\/johanneberg\/wp-json\/wp\/v2\/users\/1"}],"replies":[{"embeddable":true,"href":"https:\/\/innovitaskolan.se\/johanneberg\/wp-json\/wp\/v2\/comments?post=20"}],"version-history":[{"count":10,"href":"https:\/\/innovitaskolan.se\/johanneberg\/wp-json\/wp\/v2\/pages\/20\/revisions"}],"predecessor-version":[{"id":2301,"href":"https:\/\/innovitaskolan.se\/johanneberg\/wp-json\/wp\/v2\/pages\/20\/revisions\/2301"}],"wp:attachment":[{"href":"https:\/\/innovitaskolan.se\/johanneberg\/wp-json\/wp\/v2\/media?parent=20"}],"curies":[{"name":"wp","href":"https:\/\/api.w.org\/{rel}","templated":true}]}}