{"id":1710,"date":"2023-03-02T15:48:57","date_gmt":"2023-03-02T14:48:57","guid":{"rendered":"https:\/\/innovitaskolan.se\/johanneberg\/?page_id=1710"},"modified":"2023-03-02T15:48:57","modified_gmt":"2023-03-02T14:48:57","slug":"organiserad-rastverksamhet","status":"publish","type":"page","link":"https:\/\/innovitaskolan.se\/johanneberg\/organiserad-rastverksamhet\/","title":{"rendered":"Organiserad rastverksamhet"},"content":{"rendered":"\n\t<div class=\"module_wrapper ams_remote_pages_module \">\n\t\t\t\t\t\t\t<div class=\"container core-columns\">\n\t\t\t\t\t\t<div class=\"row\">\n\t\t\t\t\t\t\t<div class=\"col-12\">\n\t\t\t\t\t\t\t\t\n<div class=\"wp-block-columns is-layout-flex wp-container-core-columns-layout-1 wp-block-columns-is-layout-flex\">\n<div class=\"wp-block-column is-layout-flow wp-block-column-is-layout-flow\" style=\"flex-basis:25%\"><\/div>\n\n\n\n<div class=\"wp-block-column is-layout-flow wp-block-column-is-layout-flow\" style=\"flex-basis:80%\">\n<h1 class=\"wp-block-heading\">Organiserad rastverksamhet<\/h1>\n\n\n\n<p   class=\"site__ingress container text-left  site__text-color--dark  site__free_text--ingress p-0\">\n\tAnnica Persson arbetar som kvalitetsutvecklare inom AcadeMedias grundskolor och har varit med i framtagningen av Innovitaskolans organiserade rastverksamhet. Vi vill h\u00f6ra mer om vad det inneb\u00e4r f\u00f6r Innovitaskolans elever.<\/p>\n\n\n<\/div>\n\n\n\n<div class=\"wp-block-column is-layout-flow wp-block-column-is-layout-flow\" style=\"flex-basis:25%\"><\/div>\n<\/div>\n\t\t\t\t\t\t\t<\/div>\n\t\t\t\t\t\t<\/div>\n\t\t\t\t\t<\/div>\n\t\t\t\t\t\t\t\t\t\t<div class=\"container core-columns\">\n\t\t\t\t\t\t<div class=\"row\">\n\t\t\t\t\t\t\t<div class=\"col-12\">\n\t\t\t\t\t\t\t\t\n<div class=\"wp-block-columns is-layout-flex wp-container-core-columns-layout-2 wp-block-columns-is-layout-flex\">\n<div class=\"wp-block-column is-layout-flow wp-block-column-is-layout-flow\">\n<h2 class=\"wp-block-heading\">Vill du ber\u00e4tta om din roll inom Innovitaskolan? <\/h2>\n\n\n\n<p>&#8211; Tillsammans med skolorna jobbar jag f\u00f6r att h\u00f6ja och utveckla kvalit\u00e9n i v\u00e5r fritidsverksamhet. I samarbete med Innovitaskolans rektorer och referensgrupper har vi gemensamt tagit fram ett koncept f\u00f6r organiserad rastverksamhet.<\/p>\n\n\n\n<h2 class=\"wp-block-heading\">Vad inneb\u00e4r organiserad rastverksamhet f\u00f6r eleverna? <\/h2>\n\n\n\n<p>&#8211; P\u00e5 Innovitaskolan leds rastverksamheten av ansvariga pedagoger och planeras utifr\u00e5n perspektiven trygghet, social gemenskap och r\u00f6relsegl\u00e4dje. Det \u00e4r en struktur skapad f\u00f6r att bibeh\u00e5lla kontinuitet och l\u00e5ngsiktighet i ett pedagogiskt och v\u00e4rdeskapande arbete. <\/p>\n\n\n\n<p>&#8211; F\u00f6r eleverna inneb\u00e4r det m\u00f6jligheten att vara med p\u00e5 organiserade lekar, sporter och utmaningar under rasterna. Det finns pedagoger utspridda p\u00e5 skolg\u00e5rden som aktivt deltar, n\u00e4rvarar och st\u00f6djer eleverna i samspel och leksituationer vilket ger en \u00f6kad m\u00f6jlighet till delaktighet och inflytande. Det tryggar en social gemenskap och \u00e4r en viktig del i det f\u00f6rebyggande och fr\u00e4mjande arbetet kring goda relationer.<\/p>\n\n\n\n<h2 class=\"wp-block-heading\">Hur jobbar ni med Innovita Skills inom rastverksamheten? <\/h2>\n\n\n\n<p>&#8211; Rastverksamheten \u00e4r en del av Innovitamodellens Balancekoncept med ett helhetsperspektiv p\u00e5 elevens fysiska, psykiska och sociala h\u00e4lsa. H\u00e4r kan du l\u00e4sa mer om <a href=\"https:\/\/innovitaskolan.se\/innovita-skills\/balance\/\" data-type=\"URL\" data-id=\"https:\/\/innovitaskolan.se\/innovita-skills\/balance\/\" target=\"_blank\" rel=\"noreferrer noopener\">Balance<\/a>.<\/p>\n\n\n\n<h2 class=\"wp-block-heading\">Varf\u00f6r \u00e4r rastverksamheten s\u00e5 viktig f\u00f6r eleverna?<\/h2>\n\n\n\n<p>&#8211; Organiserad rastverksamhet \u00e4r en viktig del av elevens hela skoldag. F\u00f6r att skapa de b\u00e4sta f\u00f6ruts\u00e4ttningarna f\u00f6r l\u00e4rande beh\u00f6ver eleverna pauser i sina kognitiva processer. Forskning visar att fysisk aktivitet och social trygghet har stor inverkan p\u00e5 l\u00e4rande och genom strukturer g\u00e4llande organiserad rast skapar Innovitaskolan goda f\u00f6ruts\u00e4ttningar f\u00f6r elevernas utveckling. <\/p>\n\n\n\n<p>&#8211; Det g\u00e5r inte att separera l\u00e4rande fr\u00e5n v\u00e4lm\u00e5ende och inom Innovitaskolan s\u00e4kerst\u00e4lls att organisade pauser och raster \u00e4r en del av skoldagen och de har d\u00e4rf\u00f6r en tydlig och medveten plats i elevernas utbildning.<\/p>\n<\/div>\n\n\n\n<div class=\"wp-block-column is-layout-flow wp-block-column-is-layout-flow\">\n\t<style>\n\t\t.inner {\n\n\t\t\tmargin: 0 auto;\n\n\n\t\t}\n\t<\/style>\n\t<div\n\t\t class=\"container images-module\" >\n\t\t<div class=\"row images_module__slideshow\">\n\n\t\t\t<div\n\t\t\t\t\tclass=\"col-md-12 p-0 position-relative images_module__slideshow images_module__slideshow-container  \">\n\t\t\t\t<div class=\"images_module__slide\" data-slide=\"\"\n\t\t\t\t\t data-duration=\"\"><\/div>\n\t\t\t\t\t\t\t\t\t<div\n\t\t\t\t\t\t class=\"images_module__slides\n\n\t\t\t\t\t   \"\n\t\t\t\t\t>\n\n\t\t\t\t\t\t<div class=\"images__wrapper\" style=\"aspect-ratio: 851 \/ 851;\">\n\t\t\t\t\t\t\t<img decoding=\"async\" width=\"644\" height=\"688\" src=\"https:\/\/innovitaskolan.se\/wp-content\/uploads\/2023\/02\/annica.png\" class=\"images__image_ratio   images-module-image-mask image-module-mask-medium-shape1 \" alt=\"Personportr\u00e4tt.\" style=\"aspect-ratio: 851 \/ 851;object-position: center center;\" srcset=\"https:\/\/innovitaskolan.se\/wp-content\/uploads\/2023\/02\/annica.png 644w, https:\/\/innovitaskolan.se\/wp-content\/uploads\/2023\/02\/annica-300x320.png 300w, https:\/\/innovitaskolan.se\/wp-content\/uploads\/2023\/02\/annica-400x427.png 400w, https:\/\/innovitaskolan.se\/wp-content\/uploads\/2023\/02\/annica-600x641.png 600w\" sizes=\"(max-width: 644px) 100vw, 644px\" \/>\t\t\t\t\t\t<\/div>\n\t\t\t\t\t\t\n\n\t\t\t\t\t\t\t\t\t\t\t<\/div>\n\t\t\t\t\n\t\t\t\t<div class=\"images_module__container_dot\">\n\t\t\t\t\t<div style=\"text-align:center\">\n\n\n\t\t\t\t\t\t\t\t\t\t\t\t\t<span   data-i=\"0\"\n\t\t\t\t\t\t\t\t  class=\"\n\t\t\t\t\t\t\timages_module__dot\n\t\t\t\t\t\t\t\t\t\t\t\t\t\t\"\n\t\t\t\t\t\t\t><\/span>\n\t\t\t\t\t\t\t\t\t\t\t<\/div>\n\t\t\t\t<\/div>\n\n\n\t\t\t<\/div>\n\t\t<\/div>\n\t<\/div>\n\n\t\n\n\n<script>\n\tvar images_display_descriptive_text = \"\";\n<\/script>\n\n\n\n<h2 class=\"wp-block-heading\">Vad \u00e4r dina b\u00e4sta tips kring hur man som v\u00e5rdnadshavare b\u00f6r agera kring rastverksamheten? <\/h2>\n\n\n\n<h3 class=\"wp-block-heading\">1) Visa intresse och nyfikenhet<\/h3>\n\n\n\n<p>&#8211; Som v\u00e5rdnadshavare kan du med f\u00f6rdel st\u00e4lla fr\u00e5gor till ditt barn kring hela skoldagen. Uttryck intresse och nyfikenhet f\u00f6r rast och fritidsverksamheten. Det st\u00e4rker barnets bild av en balanserad skoldag och att fysiska, psykiska och sociala h\u00e4lsan v\u00e4rderas lika.<\/p>\n\n\n\n<h3 class=\"wp-block-heading\">2) Kl\u00e4der efter v\u00e4der<\/h3>\n\n\n\n<p>&#8211; Kl\u00e4der som \u00e4r anpassade efter v\u00e4dret och som t\u00e5l att lekas i bidrar till ditt barns v\u00e4lbefinnande och m\u00f6jligg\u00f6r utveckling. Att enkelt kunna f\u00e5 p\u00e5 sig r\u00e4tt kl\u00e4der som t\u00e5l v\u00e4dret bidrar till att barnet kommer ut p\u00e5 rasten. Det skapar mer tid f\u00f6r lek och r\u00f6relse och mindre tid f\u00f6r tr\u00e4ngsel i kapprum.<\/p>\n\n\n\n<h3 class=\"wp-block-heading\">3) Samverka med personalen<\/h3>\n\n\n\n<p>&#8211; Genom att dela med dig av din bild och ditt barns upplevelser av rast- och fritidsverksamheten bidrar du till att pedagogerna f\u00e5r en samlad bild av barnet och dess upplevelser. Det ger de b\u00e4sta f\u00f6ruts\u00e4ttningarna f\u00f6r fortsatt utveckling och l\u00e4rande!<\/p>\n<\/div>\n<\/div>\n\t\t\t\t\t\t\t<\/div>\n\t\t\t\t\t\t<\/div>\n\t\t\t\t\t<\/div>\n\t\t\t\t\t\t<\/div>\n\n\t","protected":false},"excerpt":{"rendered":"","protected":false},"author":5,"featured_media":0,"parent":0,"menu_order":0,"comment_status":"closed","ping_status":"closed","template":"","meta":{"footnotes":""},"yoast_head":"<!-- This site is optimized with the Yoast SEO plugin v22.0 - https:\/\/yoast.com\/wordpress\/plugins\/seo\/ -->\n<title>Johanneberg<\/title>\n<meta name=\"robots\" content=\"index, follow, max-snippet:-1, max-image-preview:large, max-video-preview:-1\" \/>\n<link rel=\"canonical\" href=\"https:\/\/innovitaskolan.se\/johanneberg\/organiserad-rastverksamhet\/\" \/>\n<meta property=\"og:locale\" content=\"sv_SE\" \/>\n<meta property=\"og:type\" content=\"article\" \/>\n<meta property=\"og:url\" content=\"https:\/\/innovitaskolan.se\/johanneberg\/organiserad-rastverksamhet\/\" \/>\n<meta property=\"og:site_name\" content=\"Johanneberg\" \/>\n<meta name=\"twitter:card\" content=\"summary_large_image\" \/>\n<script type=\"application\/ld+json\" class=\"yoast-schema-graph\">{\"@context\":\"https:\/\/schema.org\",\"@graph\":[{\"@type\":\"WebPage\",\"@id\":\"https:\/\/innovitaskolan.se\/johanneberg\/organiserad-rastverksamhet\/\",\"url\":\"https:\/\/innovitaskolan.se\/johanneberg\/organiserad-rastverksamhet\/\",\"name\":\"Organiserad rastverksamhet - Johanneberg\",\"isPartOf\":{\"@id\":\"https:\/\/innovitaskolan.se\/johanneberg\/#website\"},\"datePublished\":\"2023-03-02T14:48:57+00:00\",\"dateModified\":\"2023-03-02T14:48:57+00:00\",\"breadcrumb\":{\"@id\":\"https:\/\/innovitaskolan.se\/johanneberg\/organiserad-rastverksamhet\/#breadcrumb\"},\"inLanguage\":\"sv-SE\",\"potentialAction\":[{\"@type\":\"ReadAction\",\"target\":[\"https:\/\/innovitaskolan.se\/johanneberg\/organiserad-rastverksamhet\/\"]}]},{\"@type\":\"BreadcrumbList\",\"@id\":\"https:\/\/innovitaskolan.se\/johanneberg\/organiserad-rastverksamhet\/#breadcrumb\",\"itemListElement\":[{\"@type\":\"ListItem\",\"position\":1,\"name\":\"Start\",\"item\":\"https:\/\/innovitaskolan.se\/johanneberg\/\"},{\"@type\":\"ListItem\",\"position\":2,\"name\":\"Organiserad rastverksamhet\"}]},{\"@type\":\"WebSite\",\"@id\":\"https:\/\/innovitaskolan.se\/johanneberg\/#website\",\"url\":\"https:\/\/innovitaskolan.se\/johanneberg\/\",\"name\":\"Johanneberg\",\"description\":\"En del av AcadeMedia\",\"potentialAction\":[{\"@type\":\"SearchAction\",\"target\":{\"@type\":\"EntryPoint\",\"urlTemplate\":\"https:\/\/innovitaskolan.se\/johanneberg\/?s={search_term_string}\"},\"query-input\":\"required name=search_term_string\"}],\"inLanguage\":\"sv-SE\"}]}<\/script>\n<!-- \/ Yoast SEO plugin. -->","yoast_head_json":{"title":"Johanneberg","robots":{"index":"index","follow":"follow","max-snippet":"max-snippet:-1","max-image-preview":"max-image-preview:large","max-video-preview":"max-video-preview:-1"},"canonical":"https:\/\/innovitaskolan.se\/johanneberg\/organiserad-rastverksamhet\/","og_locale":"sv_SE","og_type":"article","og_url":"https:\/\/innovitaskolan.se\/johanneberg\/organiserad-rastverksamhet\/","og_site_name":"Johanneberg","twitter_card":"summary_large_image","schema":{"@context":"https:\/\/schema.org","@graph":[{"@type":"WebPage","@id":"https:\/\/innovitaskolan.se\/johanneberg\/organiserad-rastverksamhet\/","url":"https:\/\/innovitaskolan.se\/johanneberg\/organiserad-rastverksamhet\/","name":"Organiserad rastverksamhet - Johanneberg","isPartOf":{"@id":"https:\/\/innovitaskolan.se\/johanneberg\/#website"},"datePublished":"2023-03-02T14:48:57+00:00","dateModified":"2023-03-02T14:48:57+00:00","breadcrumb":{"@id":"https:\/\/innovitaskolan.se\/johanneberg\/organiserad-rastverksamhet\/#breadcrumb"},"inLanguage":"sv-SE","potentialAction":[{"@type":"ReadAction","target":["https:\/\/innovitaskolan.se\/johanneberg\/organiserad-rastverksamhet\/"]}]},{"@type":"BreadcrumbList","@id":"https:\/\/innovitaskolan.se\/johanneberg\/organiserad-rastverksamhet\/#breadcrumb","itemListElement":[{"@type":"ListItem","position":1,"name":"Start","item":"https:\/\/innovitaskolan.se\/johanneberg\/"},{"@type":"ListItem","position":2,"name":"Organiserad rastverksamhet"}]},{"@type":"WebSite","@id":"https:\/\/innovitaskolan.se\/johanneberg\/#website","url":"https:\/\/innovitaskolan.se\/johanneberg\/","name":"Johanneberg","description":"En del av AcadeMedia","potentialAction":[{"@type":"SearchAction","target":{"@type":"EntryPoint","urlTemplate":"https:\/\/innovitaskolan.se\/johanneberg\/?s={search_term_string}"},"query-input":"required name=search_term_string"}],"inLanguage":"sv-SE"}]}},"_links":{"self":[{"href":"https:\/\/innovitaskolan.se\/johanneberg\/wp-json\/wp\/v2\/pages\/1710"}],"collection":[{"href":"https:\/\/innovitaskolan.se\/johanneberg\/wp-json\/wp\/v2\/pages"}],"about":[{"href":"https:\/\/innovitaskolan.se\/johanneberg\/wp-json\/wp\/v2\/types\/page"}],"author":[{"embeddable":true,"href":"https:\/\/innovitaskolan.se\/johanneberg\/wp-json\/wp\/v2\/users\/5"}],"replies":[{"embeddable":true,"href":"https:\/\/innovitaskolan.se\/johanneberg\/wp-json\/wp\/v2\/comments?post=1710"}],"version-history":[{"count":1,"href":"https:\/\/innovitaskolan.se\/johanneberg\/wp-json\/wp\/v2\/pages\/1710\/revisions"}],"predecessor-version":[{"id":1711,"href":"https:\/\/innovitaskolan.se\/johanneberg\/wp-json\/wp\/v2\/pages\/1710\/revisions\/1711"}],"wp:attachment":[{"href":"https:\/\/innovitaskolan.se\/johanneberg\/wp-json\/wp\/v2\/media?parent=1710"}],"curies":[{"name":"wp","href":"https:\/\/api.w.org\/{rel}","templated":true}]}}