{"id":47,"date":"2021-03-04T11:33:15","date_gmt":"2021-03-04T10:33:15","guid":{"rendered":"https:\/\/innovitaskolan.se\/helsingborg\/?page_id=47"},"modified":"2025-09-29T10:47:38","modified_gmt":"2025-09-29T08:47:38","slug":"koanmalan","status":"publish","type":"page","link":"https:\/\/innovitaskolan.se\/helsingborg\/koanmalan\/","title":{"rendered":"K\u00f6anm\u00e4lan"},"content":{"rendered":"\n\t\n\t\n\t\n\n\t\n\t\n\t\t\n<section  class=\"c-block l-stacked  \" data-color-scheme=\"\">\n\t<div class=\"ams-fifty ams-fifty--container ams-fifty--right ams-fifty--bottom l-container u-pt-fluid-2xl-4xl u-pb-fluid-md-xl\">\n\t\t<div class=\"ams-fifty__content l-stack l-stack-xl is-left is-left@lg\">\n\t\t\t<div class=\"ams-fifty__text l-stack l-stack-lg\">\n\t\t\t\t\t\n\t<h2\n\tclass=\"c-heading u-font-title-1 \"\n\tstyle=\"\">\n\t\t\n\t\t\t\t\t\t\t\t\tSt\u00e4ll ditt barn i k\u00f6 till Innovita&shy;\u00adskolan\n\t\t\t\t<span class=\"c-heading__sub is-below u-font-title-3\">\n\t\t\t\t\tDin k\u00f6plats r\u00e4knas fr\u00e5n det datum vi tar emot din ans\u00f6kan, s\u00e5 b\u00f6rja samla k\u00f6dagar redan nu.\n\t\t\t\t<\/span>\n\t\t\t\t\t\t\t\n\t<\/h2>\n\n\t\t\t\t\t\t\t\t\t<div class=\"text l-stack u-font-body\">\n\t\t\t\t\t\t<p>Klicka p\u00e5 knappen nedan f\u00f6r att st\u00e4lla ditt barn i k\u00f6. Vill du ha hj\u00e4lp med k\u00f6anm\u00e4lan? <a href=\"https:\/\/innovitaskolan.se\/helsingborg\/koanmalan\/#kontakt\">Kontakta v\u00e5r administrat\u00f6r<\/a> s\u00e5 hj\u00e4lper vi dig. Du hittar \u00e4ven mer information om antagningsprocessen och v\u00e5ra urvalskriterier\u00a0<a href=\"https:\/\/innovitaskolan.se\/helsingborg\/antagning\/\">h\u00e4r<\/a>.<\/p>\n<p><!-- wp:paragraph --><\/p>\n<p>Vid skyddade personuppgifter, var v\u00e4nlig kontakta skolan f\u00f6r k\u00f6plats.<\/p>\n<p><!-- \/wp:paragraph --><\/p>\n\n\t\t\t\t\t<\/div>\n\t\t\t\t\t\t\t<\/div>\n\n\t\t\t\t<div class=\"ams-fifty__action u-inline-items\">\n\t\t\t\t\t\t\t\n\n\n<a href=\"https:\/\/sms.schoolsoft.se\/academediagrundskolor\/react\/#\/login\/queue\"\n\t\n\tclass=\"c-btn \"\n\tdata-style=\"round\"\n\tdata-size=\"md\"\n\tdata-width=\"full-mobile\"\n\tdata-variant=\"default\"\n\ttarget=\"_self\">\n\t\t\t<span class=\"label\"> Till ans\u00f6kan<\/span>\n\t\t\t<\/a>\n\t\t\t<\/div>\n\t\t<\/div>\n\n\t\t <div class=\"ams-fifty__media u-ratio-square\">\n\t\t \t\t\t\t\t<img decoding=\"async\" width=\"600\" height=\"600\" src=\"https:\/\/innovitaskolan.se\/wp-content\/uploads\/sites\/7\/2025\/09\/innovitaskolan-hogstadie-molndal-202405-2-2-600x600.png\" class=\"attachment-md size-md\" alt=\"Elever som sitter utomhus tillsammans.\" sizes=\"(min-width: 64em) 600px, calc(100vw - 160px)\" srcset=\"https:\/\/innovitaskolan.se\/wp-content\/uploads\/sites\/7\/2025\/09\/innovitaskolan-hogstadie-molndal-202405-2-2-600x600.png 600w, https:\/\/innovitaskolan.se\/wp-content\/uploads\/sites\/7\/2025\/09\/innovitaskolan-hogstadie-molndal-202405-2-2-150x150.png 150w, https:\/\/innovitaskolan.se\/wp-content\/uploads\/sites\/7\/2025\/09\/innovitaskolan-hogstadie-molndal-202405-2-2-300x300.png 300w, https:\/\/innovitaskolan.se\/wp-content\/uploads\/sites\/7\/2025\/09\/innovitaskolan-hogstadie-molndal-202405-2-2-400x400.png 400w, https:\/\/innovitaskolan.se\/wp-content\/uploads\/sites\/7\/2025\/09\/innovitaskolan-hogstadie-molndal-202405-2-2.png 667w\" \/>\n\t\t\t\n\t\t\t\n\t\t\t\t\t<\/div>\n\t<\/div>\n\n\t\t\n\n<\/section>\n\n\n\n<section id=kontakt\n\t\t class=\"\n\t\t ams-contact\n\t\t \n\t\t c-block l-stacked\n\t\t \n\t\t \n\t\t js-load-more\n\t\t \"\n\t\t data-color-scheme=\"kontakt-ljus\"\n\t\t\t\t\tdata-count=\"3\"\n\t\t\t\t\t\t\tdata-count-mobile=\"2\"\n\t\t\t\t>\n\t<div\n\t\t class=\"\n\t\t l-container\n\t\t l-stack l-stack-fluid-2xl\n\t\t u-pt-fluid-2xl-4xl\n\t\t u-pb-fluid-2xl-4xl\n\t\t is-center\n\t\t is-center@md\n\t\t \">\n\t\t\t\t\t<div class=\"ams-contact__intro l-stack l-stack-lg\">\n\t\t\t\t\t\n\t<h2\n\tclass=\"c-heading u-font-title-1 \"\n\tstyle=\"\">\n\t\t\n\t\t\t\t\tHar du fr\u00e5gor om k\u00f6anm\u00e4lan?\n\t\t\t\t\n\t<\/h2>\n\n\t\t\t\t\t\t\t\t\t<div class=\"c-text l-stack u-cs-xl u-font-body\">\n\t\t\t\t\t\t<p>Kontakta g\u00e4rna v\u00e5r administrat\u00f6r ifall du har fr\u00e5gor eller beh\u00f6ver hj\u00e4lp med ans\u00f6kan.<\/p>\n\n\t\t\t\t\t<\/div>\n\t\t\t\t\t\t\t<\/div>\n\t\t\n\t\t\n\t\t    \t\n\t\t\n\t\t<ul\n\t\t\tid=\"contact-grid-6a00967408ad4\"\n\t\t\tclass=\"ams-contact__list l-grid u-gap-fluid-2xl-4xl u-justify-center js-results \"\n\t\t\taria-label=\"Kontakter\"\n\t\t\tdata-filter-animation=\"off\"\n\t\t\t>\n\t\t\t\t\t\t\t\t\t\t\t\n\t\t\t\t\n\t\t\t\t<li class=\"l-col-6@md l-col-4@lg \" data-filter=\"b\">\n\t\t\t\t\t<article class=\"c-card \" data-variant=\"neutral\">\n\t\t\t\t\t\t<div class=\"c-card__content u-text-center\">\n\t\t\t\t\t\t\t\t\t\t\t\t\t\t\t<h3 class=\"c-card__title u-font-title-3\">\n\t\t\t\t\t\t\t\t\tMaida Basic \n\t\t\t\t\t\t\t\t<\/h3>\n\t\t\t\t\t\t\t\n\t\t\t\t\t\t\t\t\t\t\t\t\t\t\t<p class=\"position u-font-body\">Administrat\u00f6r<\/p>\n\t\t\t\t\t\t\t\n\t\t\t\t\t\t\t\t\t\t\t\t\t\t\t<div class=\"contact-info u-font-body\">\n\t\t\t\t\t\t\t\t\t\t\t\t\t\t\t\t\t\t\t\t\t\t\t\t\t\t\t\t\t\t<p class=\"phone\"><a\n\t\t\t\t\t\t\t\t\t\t\t\t\thref=\"tel:042176711\"\n\t\t\t\t\t\t\t\t\t\t\t\t\tclass=\"u-text-link\">042-17 67 11<\/a>\n\t\t\t\t\t\t\t\t\t\t\t<\/p>\n\t\t\t\t\t\t\t\t\t\t\t\t\t\t\t\t\t\t\t\n\t\t\t\t\t\t\t\t\t\t\t\t\t\t\t\t\t\t\t\t\t\t\t\t\t\t\t\t\t\t<p class=\"email\"><a\n\t\t\t\t\t\t\t\t\t\t\t\t\thref=\"mai&#108;to&#058;m&#097;ida.b&#097;&#115;ic&#064;&#105;&#110;&#110;&#111;v&#105;&#116;a&#115;&#107;&#111;&#108;an&#046;&#115;&#101;\"\n\t\t\t\t\t\t\t\t\t\t\t\t\tclass=\"u-text-link\">mai&#100;&#097;&#046;b&#097;sic&#064;&#105;nn&#111;&#118;ita&#115;&#107;&#111;&#108;&#097;n.se<\/a>\n\t\t\t\t\t\t\t\t\t\t\t<\/p>\n\t\t\t\t\t\t\t\t\t\t\t\t\t\t\t\t\t\t\t\t\t\t\t\t\t\t\t<\/div>\n\t\t\t\t\t\t\t\n\t\t\t\t\t\t\t\t\t\t\t\t\t<\/div>\n\t\t\t\t\t\t<div class=\"c-card__media\">\n\t\t\t\t\t\t\t\t\t\t\t\t\t\t\t\t\t\t\t\t\t\t\t\t\t\t\t\t\t\t\t\t\t\t\t\t\t\t\t\t\t\t\t\t\t\t\t\t\t<img decoding=\"async\" width=\"80\" height=\"120\" src=\"https:\/\/innovitaskolan.se\/wp-content\/uploads\/sites\/7\/2021\/06\/teacher2024.jpg\" class=\"u-radius-rounded u-ratio-landscape card-image-mask-shape1 \" alt=\"\" sizes=\"(max-width: 300px) 100vw, 300px\" \/>\n\t\t\t\t\t\t<\/div>\n\t\t\t\t\t<\/article>\n\t\t\t\t<\/li>\n\t\t\t\t\t<\/ul>\n\n\t\t\n\t\t    <div class=\"ams-contact__more u-inline-items js-load-more-btn\">\n        <button href=\"#\"\n                class=\"c-btn\"\n                data-style=\"round\"\n                data-size=\"md\"\n                data-width=\"full-mobile\"\n                data-variant=\"outline\">\n        \tVisa mer\n        <\/button>\n    <\/div>\n\n\t\t\t<\/div>\n\n\t\t\n\n<\/section>\n\n\n\n\n<section  class=\"ams-info-card c-block l-stacked\" data-color-scheme=\"primar2-hover-standard\">\n\t<div class=\"l-container l-stack l-stack-fluid-2xl u-pt-fluid-3xl-6xl u-pb-fluid-3xl-6xl is-center is-center@md\">\n\t\t\t\t\t<div class=\"ams-info-card__intro l-stack l-stack-lg\">\n\t\t\t\t\t\n\t<h2\n\tclass=\"c-heading u-font-title-1 \"\n\tstyle=\"\">\n\t\t\n\t\t\t\t\tVill du veta mer om Innovita\u00adskolan?\n\t\t\t\t\n\t<\/h2>\n\n\t\t\t\t\t\t\t<\/div>\n\t\t\n\t\t\t\t\t\n<ul class=\"ams-info-card__list l-grid u-gap-2xl\">\n\t\t\t<li class=\"l-col-6@md l-col-4@lg\">\n\t\t\t<article\n\t\t\t\tclass=\"\n\t\t\t\tc-card\n\t\t\t\t\n\t\t\t\thas-media-zoom\n\t\t\t\t\n\t\t\t\t\"\n\t\t\t\tdata-variant=\"neutral\"\n\t\t\t\tdata-style=\"square\"\n\t\t\t\t data-click-area\n\t\t\t\t\n\t\t\t\t\n\t\t\t\t>\n\t\t\t\t<div class=\"c-card__content l-stack l-stack-sm is-center is-center@md\">\n\t\t\t\t\t\t\t\t\t\t\t<h3 class=\"c-card__title u-font-title-3\">\n\t\t\t\t\t\t\t\t\t\t\t\t\t\t\t<a class=\"c-card__link\" href=\"https:\/\/innovitaskolan.se\/helsingborg\/pedagogiskt-koncept\/\" target=\"_self\">\n\t\t\t\t\t\t\t\t\t\u00c4r du nyfiken p\u00e5 v\u00e5rt pedagogiska koncept?\n\t\t\t\t\t\t\t\t<\/a>\n\t\t\t\t\t\t\t\t\t\t\t\t\t<\/h3>\n\t\t\t\t\t\n\t\t\t\t\t\t\t\t\t\t\t<div class=\"c-card__text l-stack-xs u-font-body\">\n\t\t\t\t\t\t\t<p>Vi kombinerar upplevelsebaserade och utforskande arbetss\u00e4tt f\u00f6r att skapa r\u00e4tt f\u00f6ruts\u00e4ttningar i en f\u00f6r\u00e4nderlig v\u00e4rld.<\/p>\n\n\t\t\t\t\t\t<\/div>\n\t\t\t\t\t\n\t\t\t\t\t\t\t\t\t\t\t<div class=\"c-card__icon c-card__icon--nl\">\n\t\t\t\t\t\t\t\t\t\t\t\t\t\t<svg class=\"ams-icon ams-icon--arrow-right\" width=\"32\" height=\"32\" viewbox=\"0 0 32 32\" fill=\"currentColor\" aria-hidden=\"true\" xmlns=\"http:\/\/www.w3.org\/2000\/svg\">\n\t\t\t\t\t\t\t\t\t\t\t\t\t\t\t\t<path d=\"M15.4617 0.252159L14.9567 0.75931C14.6219 1.09545 14.6219 1.64048 14.9567 1.97669L27.7062 14.7806H0.857144C0.383786 14.7806 0 15.166 0 15.6414V16.3587C0 16.8341 0.383786 17.2195 0.857144 17.2195H27.7062L14.9567 30.0234C14.6219 30.3595 14.6219 30.9045 14.9567 31.2407L15.4617 31.7479C15.7964 32.084 16.3392 32.084 16.6739 31.7479L31.749 16.6087C32.0837 16.2725 32.0837 15.7275 31.749 15.3913L16.6739 0.252159C16.3392 -0.084053 15.7964 -0.084053 15.4617 0.252159Z\"\/>\n\t\t\t\t\t\t\t\n\t\t\t\t\t\t\t<\/svg>\n\t\t\t\t\t\t<\/div>\n\t\t\t\t\t\t\t\t\t<\/div>\n\n\t\t\t\t\t\t\t\t\t<div class=\"c-card__media u-radius-rounded\" style=\" \">\n\t\t\t\t\t\t<img decoding=\"async\" width=\"400\" height=\"267\" src=\"https:\/\/innovitaskolan.se\/wp-content\/uploads\/2025\/06\/innovitaskolanmolndal202405hogstadie13-400x267.jpg\" class=\"card-image-mask-shape4\" alt=\"L\u00e4rare hj\u00e4lper elev p\u00e5 h\u00f6gstadiet.\" sizes=\"(min-width: 64em) 300px, (min-width: 48em) calc(.50 * (100vw - 304px)), calc(100vw - 208px)\" srcset=\"https:\/\/innovitaskolan.se\/wp-content\/uploads\/2025\/06\/innovitaskolanmolndal202405hogstadie13-400x267.jpg 400w, https:\/\/innovitaskolan.se\/wp-content\/uploads\/2025\/06\/innovitaskolanmolndal202405hogstadie13-300x200.jpg 300w, https:\/\/innovitaskolan.se\/wp-content\/uploads\/2025\/06\/innovitaskolanmolndal202405hogstadie13-600x400.jpg 600w, https:\/\/innovitaskolan.se\/wp-content\/uploads\/2025\/06\/innovitaskolanmolndal202405hogstadie13-800x533.jpg 800w, https:\/\/innovitaskolan.se\/wp-content\/uploads\/2025\/06\/innovitaskolanmolndal202405hogstadie13-1024x683.jpg 1024w, https:\/\/innovitaskolan.se\/wp-content\/uploads\/2025\/06\/innovitaskolanmolndal202405hogstadie13-1200x800.jpg 1200w, https:\/\/innovitaskolan.se\/wp-content\/uploads\/2025\/06\/innovitaskolanmolndal202405hogstadie13.jpg 1920w\" \/>\n\t\t\t\t\t<\/div>\n\t\t\t\t\t\t\t<\/article>\n\t\t<\/li>\n\t\t\t<li class=\"l-col-6@md l-col-4@lg\">\n\t\t\t<article\n\t\t\t\tclass=\"\n\t\t\t\tc-card\n\t\t\t\t\n\t\t\t\thas-media-zoom\n\t\t\t\t\n\t\t\t\t\"\n\t\t\t\tdata-variant=\"neutral\"\n\t\t\t\tdata-style=\"square\"\n\t\t\t\t data-click-area\n\t\t\t\t\n\t\t\t\t\n\t\t\t\t>\n\t\t\t\t<div class=\"c-card__content l-stack l-stack-sm is-center is-center@md\">\n\t\t\t\t\t\t\t\t\t\t\t<h3 class=\"c-card__title u-font-title-3\">\n\t\t\t\t\t\t\t\t\t\t\t\t\t\t\t<a class=\"c-card__link\" href=\"https:\/\/innovitaskolan.se\/helsingborg\/besok\/\" target=\"_self\">\n\t\t\t\t\t\t\t\t\tVill du bes\u00f6ka oss p\u00e5 Innovitaskolan?\n\t\t\t\t\t\t\t\t<\/a>\n\t\t\t\t\t\t\t\t\t\t\t\t\t<\/h3>\n\t\t\t\t\t\n\t\t\t\t\t\t\t\t\t\t\t<div class=\"c-card__text l-stack-xs u-font-body\">\n\t\t\t\t\t\t\t<p>Tr\u00e4ffa v\u00e5ra l\u00e4rare och se hur vi jobbar med framtidens kompetenser. V\u00e4lkommen p\u00e5 \u00f6ppet hus!<\/p>\n\n\t\t\t\t\t\t<\/div>\n\t\t\t\t\t\n\t\t\t\t\t\t\t\t\t\t\t<div class=\"c-card__icon c-card__icon--nl\">\n\t\t\t\t\t\t\t\t\t\t\t\t\t\t<svg class=\"ams-icon ams-icon--arrow-right\" width=\"32\" height=\"32\" viewbox=\"0 0 32 32\" fill=\"currentColor\" aria-hidden=\"true\" xmlns=\"http:\/\/www.w3.org\/2000\/svg\">\n\t\t\t\t\t\t\t\t\t\t\t\t\t\t\t\t<path d=\"M15.4617 0.252159L14.9567 0.75931C14.6219 1.09545 14.6219 1.64048 14.9567 1.97669L27.7062 14.7806H0.857144C0.383786 14.7806 0 15.166 0 15.6414V16.3587C0 16.8341 0.383786 17.2195 0.857144 17.2195H27.7062L14.9567 30.0234C14.6219 30.3595 14.6219 30.9045 14.9567 31.2407L15.4617 31.7479C15.7964 32.084 16.3392 32.084 16.6739 31.7479L31.749 16.6087C32.0837 16.2725 32.0837 15.7275 31.749 15.3913L16.6739 0.252159C16.3392 -0.084053 15.7964 -0.084053 15.4617 0.252159Z\"\/>\n\t\t\t\t\t\t\t\n\t\t\t\t\t\t\t<\/svg>\n\t\t\t\t\t\t<\/div>\n\t\t\t\t\t\t\t\t\t<\/div>\n\n\t\t\t\t\t\t\t\t\t<div class=\"c-card__media u-radius-rounded\" style=\" \">\n\t\t\t\t\t\t<img decoding=\"async\" width=\"400\" height=\"267\" src=\"https:\/\/innovitaskolan.se\/wp-content\/uploads\/2025\/07\/innovitaskolanmolndal202405hogstadie2-400x267.jpg\" class=\"card-image-mask-shape4\" alt=\"Elever p\u00e5 h\u00f6gstadiet l\u00e4ser utomhus.\" sizes=\"(min-width: 64em) 300px, (min-width: 48em) calc(.50 * (100vw - 304px)), calc(100vw - 208px)\" srcset=\"https:\/\/innovitaskolan.se\/wp-content\/uploads\/2025\/07\/innovitaskolanmolndal202405hogstadie2-400x267.jpg 400w, https:\/\/innovitaskolan.se\/wp-content\/uploads\/2025\/07\/innovitaskolanmolndal202405hogstadie2-300x200.jpg 300w, https:\/\/innovitaskolan.se\/wp-content\/uploads\/2025\/07\/innovitaskolanmolndal202405hogstadie2-600x400.jpg 600w, https:\/\/innovitaskolan.se\/wp-content\/uploads\/2025\/07\/innovitaskolanmolndal202405hogstadie2-800x533.jpg 800w, https:\/\/innovitaskolan.se\/wp-content\/uploads\/2025\/07\/innovitaskolanmolndal202405hogstadie2-1024x683.jpg 1024w, https:\/\/innovitaskolan.se\/wp-content\/uploads\/2025\/07\/innovitaskolanmolndal202405hogstadie2-1200x800.jpg 1200w, https:\/\/innovitaskolan.se\/wp-content\/uploads\/2025\/07\/innovitaskolanmolndal202405hogstadie2.jpg 1920w\" \/>\n\t\t\t\t\t<\/div>\n\t\t\t\t\t\t\t<\/article>\n\t\t<\/li>\n\t\t\t<li class=\"l-col-6@md l-col-4@lg\">\n\t\t\t<article\n\t\t\t\tclass=\"\n\t\t\t\tc-card\n\t\t\t\t\n\t\t\t\thas-media-zoom\n\t\t\t\t\n\t\t\t\t\"\n\t\t\t\tdata-variant=\"neutral\"\n\t\t\t\tdata-style=\"square\"\n\t\t\t\t data-click-area\n\t\t\t\t\n\t\t\t\t\n\t\t\t\t>\n\t\t\t\t<div class=\"c-card__content l-stack l-stack-sm is-center is-center@md\">\n\t\t\t\t\t\t\t\t\t\t\t<h3 class=\"c-card__title u-font-title-3\">\n\t\t\t\t\t\t\t\t\t\t\t\t\t\t\t<a class=\"c-card__link\" href=\"https:\/\/innovitaskolan.se\/helsingborg\/antagning\/\" target=\"_self\">\n\t\t\t\t\t\t\t\t\tHur g\u00e5r antagningen till? \n\t\t\t\t\t\t\t\t<\/a>\n\t\t\t\t\t\t\t\t\t\t\t\t\t<\/h3>\n\t\t\t\t\t\n\t\t\t\t\t\t\t\t\t\t\t<div class=\"c-card__text l-stack-xs u-font-body\">\n\t\t\t\t\t\t\t<p>F\u00e5 svar p\u00e5 de vanligaste fr\u00e5gorna om antagningsprocessen och en guide om hur du ans\u00f6ker till oss \u2013 steg f\u00f6r steg.<\/p>\n\n\t\t\t\t\t\t<\/div>\n\t\t\t\t\t\n\t\t\t\t\t\t\t\t\t\t\t<div class=\"c-card__icon c-card__icon--nl\">\n\t\t\t\t\t\t\t\t\t\t\t\t\t\t<svg class=\"ams-icon ams-icon--arrow-right\" width=\"32\" height=\"32\" viewbox=\"0 0 32 32\" fill=\"currentColor\" aria-hidden=\"true\" xmlns=\"http:\/\/www.w3.org\/2000\/svg\">\n\t\t\t\t\t\t\t\t\t\t\t\t\t\t\t\t<path d=\"M15.4617 0.252159L14.9567 0.75931C14.6219 1.09545 14.6219 1.64048 14.9567 1.97669L27.7062 14.7806H0.857144C0.383786 14.7806 0 15.166 0 15.6414V16.3587C0 16.8341 0.383786 17.2195 0.857144 17.2195H27.7062L14.9567 30.0234C14.6219 30.3595 14.6219 30.9045 14.9567 31.2407L15.4617 31.7479C15.7964 32.084 16.3392 32.084 16.6739 31.7479L31.749 16.6087C32.0837 16.2725 32.0837 15.7275 31.749 15.3913L16.6739 0.252159C16.3392 -0.084053 15.7964 -0.084053 15.4617 0.252159Z\"\/>\n\t\t\t\t\t\t\t\n\t\t\t\t\t\t\t<\/svg>\n\t\t\t\t\t\t<\/div>\n\t\t\t\t\t\t\t\t\t<\/div>\n\n\t\t\t\t\t\t\t\t\t<div class=\"c-card__media u-radius-rounded\" style=\" \">\n\t\t\t\t\t\t<img decoding=\"async\" width=\"400\" height=\"267\" src=\"https:\/\/innovitaskolan.se\/wp-content\/uploads\/2025\/07\/innovitaskolanmolndal202405hogstadie17-400x267.jpg\" class=\"card-image-mask-shape2\" alt=\"Tv\u00e5 elever kollar I block med l\u00e4rare.\" sizes=\"(min-width: 64em) 300px, (min-width: 48em) calc(.50 * (100vw - 304px)), calc(100vw - 208px)\" srcset=\"https:\/\/innovitaskolan.se\/wp-content\/uploads\/2025\/07\/innovitaskolanmolndal202405hogstadie17-400x267.jpg 400w, https:\/\/innovitaskolan.se\/wp-content\/uploads\/2025\/07\/innovitaskolanmolndal202405hogstadie17-300x200.jpg 300w, https:\/\/innovitaskolan.se\/wp-content\/uploads\/2025\/07\/innovitaskolanmolndal202405hogstadie17-600x400.jpg 600w, https:\/\/innovitaskolan.se\/wp-content\/uploads\/2025\/07\/innovitaskolanmolndal202405hogstadie17-800x533.jpg 800w, https:\/\/innovitaskolan.se\/wp-content\/uploads\/2025\/07\/innovitaskolanmolndal202405hogstadie17-1024x683.jpg 1024w, https:\/\/innovitaskolan.se\/wp-content\/uploads\/2025\/07\/innovitaskolanmolndal202405hogstadie17-1200x800.jpg 1200w, https:\/\/innovitaskolan.se\/wp-content\/uploads\/2025\/07\/innovitaskolanmolndal202405hogstadie17.jpg 1920w\" \/>\n\t\t\t\t\t<\/div>\n\t\t\t\t\t\t\t<\/article>\n\t\t<\/li>\n\t<\/ul>\n\t\n\t\t\t<\/div>\n\n\t\t\n\n<\/section>\n","protected":false},"excerpt":{"rendered":"","protected":false},"author":1,"featured_media":0,"parent":0,"menu_order":50,"comment_status":"closed","ping_status":"closed","template":"","meta":{"footnotes":""},"yoast_head":"<!-- This site is optimized with the Yoast SEO plugin v22.0 - https:\/\/yoast.com\/wordpress\/plugins\/seo\/ -->\n<title>Innovitaskolan Helsingborg | K\u00f6anm\u00e4lan till v\u00e5r grundskola<\/title>\n<meta name=\"description\" content=\"Varmt v\u00e4lkommen att st\u00e4lla ditt barn i k\u00f6 till v\u00e5r grundskola p\u00e5 Innovitaskolan Helsingborg. L\u00e4s mer om skolan och antagningsprocessen h\u00e4r!\" \/>\n<meta name=\"robots\" content=\"index, follow, max-snippet:-1, max-image-preview:large, max-video-preview:-1\" \/>\n<link rel=\"canonical\" href=\"https:\/\/innovitaskolan.se\/helsingborg\/koanmalan\/\" \/>\n<meta property=\"og:locale\" content=\"sv_SE\" \/>\n<meta property=\"og:type\" content=\"article\" \/>\n<meta property=\"og:title\" content=\"Innovitaskolan Helsingborg | K\u00f6anm\u00e4lan till v\u00e5r grundskola\" \/>\n<meta property=\"og:description\" content=\"Varmt v\u00e4lkommen att st\u00e4lla ditt barn i k\u00f6 till v\u00e5r grundskola p\u00e5 Innovitaskolan Helsingborg. L\u00e4s mer om skolan och antagningsprocessen h\u00e4r!\" \/>\n<meta property=\"og:url\" content=\"https:\/\/innovitaskolan.se\/helsingborg\/koanmalan\/\" \/>\n<meta property=\"og:site_name\" content=\"Helsingborg\" \/>\n<meta property=\"article:modified_time\" content=\"2025-09-29T08:47:38+00:00\" \/>\n<meta name=\"twitter:card\" content=\"summary_large_image\" \/>\n<meta name=\"twitter:title\" content=\"Innovitaskolan Helsingborg | K\u00f6anm\u00e4lan till v\u00e5r grundskola\" \/>\n<meta name=\"twitter:description\" content=\"Varmt v\u00e4lkommen att st\u00e4lla ditt barn i k\u00f6 till v\u00e5r grundskola p\u00e5 Innovitaskolan Helsingborg. L\u00e4s mer om skolan och antagningsprocessen h\u00e4r!\" \/>\n<meta name=\"twitter:label1\" content=\"Ber\u00e4knad l\u00e4stid\" \/>\n\t<meta name=\"twitter:data1\" content=\"1 minut\" \/>\n<script type=\"application\/ld+json\" class=\"yoast-schema-graph\">{\"@context\":\"https:\/\/schema.org\",\"@graph\":[{\"@type\":\"WebPage\",\"@id\":\"https:\/\/innovitaskolan.se\/helsingborg\/koanmalan\/\",\"url\":\"https:\/\/innovitaskolan.se\/helsingborg\/koanmalan\/\",\"name\":\"Innovitaskolan Helsingborg | K\u00f6anm\u00e4lan till v\u00e5r grundskola\",\"isPartOf\":{\"@id\":\"https:\/\/innovitaskolan.se\/helsingborg\/#website\"},\"datePublished\":\"2021-03-04T10:33:15+00:00\",\"dateModified\":\"2025-09-29T08:47:38+00:00\",\"description\":\"Varmt v\u00e4lkommen att st\u00e4lla ditt barn i k\u00f6 till v\u00e5r grundskola p\u00e5 Innovitaskolan Helsingborg. L\u00e4s mer om skolan och antagningsprocessen h\u00e4r!\",\"breadcrumb\":{\"@id\":\"https:\/\/innovitaskolan.se\/helsingborg\/koanmalan\/#breadcrumb\"},\"inLanguage\":\"sv-SE\",\"potentialAction\":[{\"@type\":\"ReadAction\",\"target\":[\"https:\/\/innovitaskolan.se\/helsingborg\/koanmalan\/\"]}]},{\"@type\":\"BreadcrumbList\",\"@id\":\"https:\/\/innovitaskolan.se\/helsingborg\/koanmalan\/#breadcrumb\",\"itemListElement\":[{\"@type\":\"ListItem\",\"position\":1,\"name\":\"Start\",\"item\":\"https:\/\/innovitaskolan.se\/helsingborg\/\"},{\"@type\":\"ListItem\",\"position\":2,\"name\":\"K\u00f6anm\u00e4lan\"}]},{\"@type\":\"WebSite\",\"@id\":\"https:\/\/innovitaskolan.se\/helsingborg\/#website\",\"url\":\"https:\/\/innovitaskolan.se\/helsingborg\/\",\"name\":\"Helsingborg\",\"description\":\"En del av AcadeMedia\",\"potentialAction\":[{\"@type\":\"SearchAction\",\"target\":{\"@type\":\"EntryPoint\",\"urlTemplate\":\"https:\/\/innovitaskolan.se\/helsingborg\/?s={search_term_string}\"},\"query-input\":\"required name=search_term_string\"}],\"inLanguage\":\"sv-SE\"}]}<\/script>\n<!-- \/ Yoast SEO plugin. -->","yoast_head_json":{"title":"Innovitaskolan Helsingborg | K\u00f6anm\u00e4lan till v\u00e5r grundskola","description":"Varmt v\u00e4lkommen att st\u00e4lla ditt barn i k\u00f6 till v\u00e5r grundskola p\u00e5 Innovitaskolan Helsingborg. L\u00e4s mer om skolan och antagningsprocessen h\u00e4r!","robots":{"index":"index","follow":"follow","max-snippet":"max-snippet:-1","max-image-preview":"max-image-preview:large","max-video-preview":"max-video-preview:-1"},"canonical":"https:\/\/innovitaskolan.se\/helsingborg\/koanmalan\/","og_locale":"sv_SE","og_type":"article","og_title":"Innovitaskolan Helsingborg | K\u00f6anm\u00e4lan till v\u00e5r grundskola","og_description":"Varmt v\u00e4lkommen att st\u00e4lla ditt barn i k\u00f6 till v\u00e5r grundskola p\u00e5 Innovitaskolan Helsingborg. L\u00e4s mer om skolan och antagningsprocessen h\u00e4r!","og_url":"https:\/\/innovitaskolan.se\/helsingborg\/koanmalan\/","og_site_name":"Helsingborg","article_modified_time":"2025-09-29T08:47:38+00:00","twitter_card":"summary_large_image","twitter_title":"Innovitaskolan Helsingborg | K\u00f6anm\u00e4lan till v\u00e5r grundskola","twitter_description":"Varmt v\u00e4lkommen att st\u00e4lla ditt barn i k\u00f6 till v\u00e5r grundskola p\u00e5 Innovitaskolan Helsingborg. L\u00e4s mer om skolan och antagningsprocessen h\u00e4r!","twitter_misc":{"Ber\u00e4knad l\u00e4stid":"1 minut"},"schema":{"@context":"https:\/\/schema.org","@graph":[{"@type":"WebPage","@id":"https:\/\/innovitaskolan.se\/helsingborg\/koanmalan\/","url":"https:\/\/innovitaskolan.se\/helsingborg\/koanmalan\/","name":"Innovitaskolan Helsingborg | K\u00f6anm\u00e4lan till v\u00e5r grundskola","isPartOf":{"@id":"https:\/\/innovitaskolan.se\/helsingborg\/#website"},"datePublished":"2021-03-04T10:33:15+00:00","dateModified":"2025-09-29T08:47:38+00:00","description":"Varmt v\u00e4lkommen att st\u00e4lla ditt barn i k\u00f6 till v\u00e5r grundskola p\u00e5 Innovitaskolan Helsingborg. L\u00e4s mer om skolan och antagningsprocessen h\u00e4r!","breadcrumb":{"@id":"https:\/\/innovitaskolan.se\/helsingborg\/koanmalan\/#breadcrumb"},"inLanguage":"sv-SE","potentialAction":[{"@type":"ReadAction","target":["https:\/\/innovitaskolan.se\/helsingborg\/koanmalan\/"]}]},{"@type":"BreadcrumbList","@id":"https:\/\/innovitaskolan.se\/helsingborg\/koanmalan\/#breadcrumb","itemListElement":[{"@type":"ListItem","position":1,"name":"Start","item":"https:\/\/innovitaskolan.se\/helsingborg\/"},{"@type":"ListItem","position":2,"name":"K\u00f6anm\u00e4lan"}]},{"@type":"WebSite","@id":"https:\/\/innovitaskolan.se\/helsingborg\/#website","url":"https:\/\/innovitaskolan.se\/helsingborg\/","name":"Helsingborg","description":"En del av AcadeMedia","potentialAction":[{"@type":"SearchAction","target":{"@type":"EntryPoint","urlTemplate":"https:\/\/innovitaskolan.se\/helsingborg\/?s={search_term_string}"},"query-input":"required name=search_term_string"}],"inLanguage":"sv-SE"}]}},"_links":{"self":[{"href":"https:\/\/innovitaskolan.se\/helsingborg\/wp-json\/wp\/v2\/pages\/47"}],"collection":[{"href":"https:\/\/innovitaskolan.se\/helsingborg\/wp-json\/wp\/v2\/pages"}],"about":[{"href":"https:\/\/innovitaskolan.se\/helsingborg\/wp-json\/wp\/v2\/types\/page"}],"author":[{"embeddable":true,"href":"https:\/\/innovitaskolan.se\/helsingborg\/wp-json\/wp\/v2\/users\/1"}],"replies":[{"embeddable":true,"href":"https:\/\/innovitaskolan.se\/helsingborg\/wp-json\/wp\/v2\/comments?post=47"}],"version-history":[{"count":10,"href":"https:\/\/innovitaskolan.se\/helsingborg\/wp-json\/wp\/v2\/pages\/47\/revisions"}],"predecessor-version":[{"id":2222,"href":"https:\/\/innovitaskolan.se\/helsingborg\/wp-json\/wp\/v2\/pages\/47\/revisions\/2222"}],"wp:attachment":[{"href":"https:\/\/innovitaskolan.se\/helsingborg\/wp-json\/wp\/v2\/media?parent=47"}],"curies":[{"name":"wp","href":"https:\/\/api.w.org\/{rel}","templated":true}]}}