{"id":2378,"date":"2026-02-10T11:17:23","date_gmt":"2026-02-10T10:17:23","guid":{"rendered":"https:\/\/innovitaskolan.se\/falun\/?page_id=2378"},"modified":"2026-02-10T11:17:23","modified_gmt":"2026-02-10T10:17:23","slug":"kamerabevakning","status":"publish","type":"page","link":"https:\/\/innovitaskolan.se\/falun\/kamerabevakning\/","title":{"rendered":"Kamerabevakning"},"content":{"rendered":"\n\t<div class=\"module_wrapper ams_remote_pages_module \">\n\t\t\t\t\t\t\t<div class=\"container core-columns\">\n\t\t\t\t\t\t<div class=\"row\">\n\t\t\t\t\t\t\t<div class=\"col-12\">\n\t\t\t\t\t\t\t\t\n<div class=\"wp-block-columns is-layout-flex wp-container-core-columns-layout-1 wp-block-columns-is-layout-flex\">\n<div class=\"wp-block-column is-layout-flow wp-block-column-is-layout-flow\" style=\"flex-basis:15%\"><\/div>\n\n\n\n<div class=\"wp-block-column is-layout-flow wp-block-column-is-layout-flow\" style=\"flex-basis:70%\">\n<h1 class=\"wp-block-heading\">Information om kamerabevakning<\/h1>\n\n\n\n<p>P\u00e5 v\u00e5r skola \u00e4r v\u00e5ra elevers och medarbetares trygghet en prioritet. F\u00f6r att skapa en \u00e4nnu s\u00e4krare skolmilj\u00f6 har vi inf\u00f6rt kamerabevakning i vissa av skolans utrymmen. Kamerabevakningen sker i enlighet med g\u00e4llande lagstiftning och AcadeMedias riktlinjer.<\/p>\n\n\n\n<h2 class=\"wp-block-heading\">Varf\u00f6r kamerabevakning?<\/h2>\n\n\n\n<p>Syftet med kamerabevakningen \u00e4r att:<\/p>\n\n\n\n<ul>\n<li>Skapa en tryggare skolmilj\u00f6 f\u00f6r elever och personal.<\/li>\n\n\n\n<li>F\u00f6rebygga och hantera ordningsst\u00f6rningar samt skadeg\u00f6relse.<\/li>\n\n\n\n<li>Motverka obeh\u00f6rigt intr\u00e5ng i skolans lokaler.<\/li>\n\n\n\n<li>Underl\u00e4tta identifiering av h\u00e4ndelser f\u00f6r att vidta l\u00e4mpliga \u00e5tg\u00e4rder.<\/li>\n\n\n\n<li>Vid behov kunna bist\u00e5 polisen i utredningar.<\/li>\n<\/ul>\n\n\n\n<h2 class=\"wp-block-heading\">Hur hanteras inspelat material?<\/h2>\n\n\n\n<ul>\n<li>Kamerabevakningen sker endast i utvalda utrymmen.<\/li>\n\n\n\n<li>Omr\u00e5den d\u00e4r bevakning sker \u00e4r tydligt skyltade.<\/li>\n\n\n\n<li>Materialet hanteras med sekretess i enlighet med 22 \u00a7 kamerabevakningslagen.&nbsp;<\/li>\n\n\n\n<li>Materialet sparas i regel i fyra (4) dagar men kan beh\u00e5llas l\u00e4ngre vid behov, exempelvis vid en p\u00e5g\u00e5ende utredning.<\/li>\n\n\n\n<li>Endast beh\u00f6rig personal har tillg\u00e5ng till inspelat material, och det kan l\u00e4mnas ut till polisen vid misstanke om brott.<\/li>\n<\/ul>\n\n\n\n<h2 class=\"wp-block-heading\">Dina r\u00e4ttigheter<\/h2>\n\n\n\n<p>Du har r\u00e4tt att:<\/p>\n\n\n\n<ul>\n<li>F\u00e5 information om hur dina personuppgifter behandlas.<\/li>\n\n\n\n<li>Beg\u00e4ra att f\u00e5 tillg\u00e5ng till inspelat material d\u00e4r du sj\u00e4lv f\u00f6rekommer.<\/li>\n\n\n\n<li>Beg\u00e4ra r\u00e4ttelse, radering eller begr\u00e4nsning av behandlingen av dina personuppgifter.<\/li>\n\n\n\n<li>G\u00f6ra en anm\u00e4lan till Integritetsskyddsmyndigheten (IMY) om du anser att dina uppgifter har behandlats felaktigt.<\/li>\n<\/ul>\n\n\n\n<p>Mer information om hur vi hanterar personuppgifter finns p\u00e5 sidan <a href=\"https:\/\/innovitaskolan.se\/hantering-av-personuppgifter\/\">https:\/\/innovitaskolan.se\/hantering-av-personuppgifter\/<\/a>.<\/p>\n\n\n\n<h2 class=\"wp-block-heading\">R\u00e4ttslig grund:<\/h2>\n\n\n\n<p>Den r\u00e4ttsliga grunden f\u00f6r behandlingen \u00e4r intresseavv\u00e4gning. Skolan har ett intresse av att i f\u00f6rsta hand fr\u00e4mja trygghet, s\u00e4kerhet och f\u00f6rhindra kr\u00e4nkande behandling inom ramen f\u00f6r v\u00e5r skolverksamhet. \u00c4ven i andra hand f\u00f6rebygga olaga intr\u00e5ng och brott i skolans lokaler \u00e4ven n\u00e4r skolan ej bedriver verksamhet.<\/p>\n\n\n\n<h2 class=\"wp-block-heading\">Vid fr\u00e5gor<\/h2>\n\n\n\n<p>Om du har fr\u00e5gor om kamerabevakningen eller hur personuppgifter hanteras \u00e4r du v\u00e4lkommen att kontakta skolledningen eller v\u00e5rt dataskyddsombud p\u00e5 <a href=\"mailto:dataskydd@academedia.se\">dataskydd@academedia.se<\/a>.<\/p>\n<\/div>\n\n\n\n<div class=\"wp-block-column is-layout-flow wp-block-column-is-layout-flow\" style=\"flex-basis:15%\"><\/div>\n<\/div>\n\t\t\t\t\t\t\t<\/div>\n\t\t\t\t\t\t<\/div>\n\t\t\t\t\t<\/div>\n\t\t\t\t\t\t<\/div>\n\n\t","protected":false},"excerpt":{"rendered":"","protected":false},"author":157,"featured_media":0,"parent":0,"menu_order":0,"comment_status":"closed","ping_status":"closed","template":"","meta":{"footnotes":""},"yoast_head":"<!-- This site is optimized with the Yoast SEO plugin v22.0 - https:\/\/yoast.com\/wordpress\/plugins\/seo\/ -->\n<title>Falun<\/title>\n<meta name=\"robots\" content=\"index, follow, max-snippet:-1, max-image-preview:large, max-video-preview:-1\" \/>\n<link rel=\"canonical\" href=\"https:\/\/innovitaskolan.se\/falun\/kamerabevakning\/\" \/>\n<meta property=\"og:locale\" content=\"sv_SE\" \/>\n<meta property=\"og:type\" content=\"article\" \/>\n<meta property=\"og:url\" content=\"https:\/\/innovitaskolan.se\/falun\/kamerabevakning\/\" \/>\n<meta property=\"og:site_name\" content=\"Falun\" \/>\n<meta name=\"twitter:card\" content=\"summary_large_image\" \/>\n<meta name=\"twitter:label1\" content=\"Ber\u00e4knad l\u00e4stid\" \/>\n\t<meta name=\"twitter:data1\" content=\"2 minuter\" \/>\n<script type=\"application\/ld+json\" class=\"yoast-schema-graph\">{\"@context\":\"https:\/\/schema.org\",\"@graph\":[{\"@type\":\"WebPage\",\"@id\":\"https:\/\/innovitaskolan.se\/falun\/kamerabevakning\/\",\"url\":\"https:\/\/innovitaskolan.se\/falun\/kamerabevakning\/\",\"name\":\"Kamerabevakning - Falun\",\"isPartOf\":{\"@id\":\"https:\/\/innovitaskolan.se\/falun\/#website\"},\"datePublished\":\"2026-02-10T10:17:23+00:00\",\"dateModified\":\"2026-02-10T10:17:23+00:00\",\"breadcrumb\":{\"@id\":\"https:\/\/innovitaskolan.se\/falun\/kamerabevakning\/#breadcrumb\"},\"inLanguage\":\"sv-SE\",\"potentialAction\":[{\"@type\":\"ReadAction\",\"target\":[\"https:\/\/innovitaskolan.se\/falun\/kamerabevakning\/\"]}]},{\"@type\":\"BreadcrumbList\",\"@id\":\"https:\/\/innovitaskolan.se\/falun\/kamerabevakning\/#breadcrumb\",\"itemListElement\":[{\"@type\":\"ListItem\",\"position\":1,\"name\":\"Start\",\"item\":\"https:\/\/innovitaskolan.se\/falun\/\"},{\"@type\":\"ListItem\",\"position\":2,\"name\":\"Kamerabevakning\"}]},{\"@type\":\"WebSite\",\"@id\":\"https:\/\/innovitaskolan.se\/falun\/#website\",\"url\":\"https:\/\/innovitaskolan.se\/falun\/\",\"name\":\"Falun\",\"description\":\"En del av AcadeMedia\",\"potentialAction\":[{\"@type\":\"SearchAction\",\"target\":{\"@type\":\"EntryPoint\",\"urlTemplate\":\"https:\/\/innovitaskolan.se\/falun\/?s={search_term_string}\"},\"query-input\":\"required name=search_term_string\"}],\"inLanguage\":\"sv-SE\"}]}<\/script>\n<!-- \/ Yoast SEO plugin. -->","yoast_head_json":{"title":"Falun","robots":{"index":"index","follow":"follow","max-snippet":"max-snippet:-1","max-image-preview":"max-image-preview:large","max-video-preview":"max-video-preview:-1"},"canonical":"https:\/\/innovitaskolan.se\/falun\/kamerabevakning\/","og_locale":"sv_SE","og_type":"article","og_url":"https:\/\/innovitaskolan.se\/falun\/kamerabevakning\/","og_site_name":"Falun","twitter_card":"summary_large_image","twitter_misc":{"Ber\u00e4knad l\u00e4stid":"2 minuter"},"schema":{"@context":"https:\/\/schema.org","@graph":[{"@type":"WebPage","@id":"https:\/\/innovitaskolan.se\/falun\/kamerabevakning\/","url":"https:\/\/innovitaskolan.se\/falun\/kamerabevakning\/","name":"Kamerabevakning - Falun","isPartOf":{"@id":"https:\/\/innovitaskolan.se\/falun\/#website"},"datePublished":"2026-02-10T10:17:23+00:00","dateModified":"2026-02-10T10:17:23+00:00","breadcrumb":{"@id":"https:\/\/innovitaskolan.se\/falun\/kamerabevakning\/#breadcrumb"},"inLanguage":"sv-SE","potentialAction":[{"@type":"ReadAction","target":["https:\/\/innovitaskolan.se\/falun\/kamerabevakning\/"]}]},{"@type":"BreadcrumbList","@id":"https:\/\/innovitaskolan.se\/falun\/kamerabevakning\/#breadcrumb","itemListElement":[{"@type":"ListItem","position":1,"name":"Start","item":"https:\/\/innovitaskolan.se\/falun\/"},{"@type":"ListItem","position":2,"name":"Kamerabevakning"}]},{"@type":"WebSite","@id":"https:\/\/innovitaskolan.se\/falun\/#website","url":"https:\/\/innovitaskolan.se\/falun\/","name":"Falun","description":"En del av AcadeMedia","potentialAction":[{"@type":"SearchAction","target":{"@type":"EntryPoint","urlTemplate":"https:\/\/innovitaskolan.se\/falun\/?s={search_term_string}"},"query-input":"required name=search_term_string"}],"inLanguage":"sv-SE"}]}},"_links":{"self":[{"href":"https:\/\/innovitaskolan.se\/falun\/wp-json\/wp\/v2\/pages\/2378"}],"collection":[{"href":"https:\/\/innovitaskolan.se\/falun\/wp-json\/wp\/v2\/pages"}],"about":[{"href":"https:\/\/innovitaskolan.se\/falun\/wp-json\/wp\/v2\/types\/page"}],"author":[{"embeddable":true,"href":"https:\/\/innovitaskolan.se\/falun\/wp-json\/wp\/v2\/users\/157"}],"replies":[{"embeddable":true,"href":"https:\/\/innovitaskolan.se\/falun\/wp-json\/wp\/v2\/comments?post=2378"}],"version-history":[{"count":2,"href":"https:\/\/innovitaskolan.se\/falun\/wp-json\/wp\/v2\/pages\/2378\/revisions"}],"predecessor-version":[{"id":2380,"href":"https:\/\/innovitaskolan.se\/falun\/wp-json\/wp\/v2\/pages\/2378\/revisions\/2380"}],"wp:attachment":[{"href":"https:\/\/innovitaskolan.se\/falun\/wp-json\/wp\/v2\/media?parent=2378"}],"curies":[{"name":"wp","href":"https:\/\/api.w.org\/{rel}","templated":true}]}}