{"id":24,"date":"2021-03-04T11:29:47","date_gmt":"2021-03-04T10:29:47","guid":{"rendered":"https:\/\/innovitaskolan.se\/enskede\/?page_id=24"},"modified":"2026-01-14T10:31:50","modified_gmt":"2026-01-14T09:31:50","slug":"grundskola","status":"publish","type":"page","link":"https:\/\/innovitaskolan.se\/enskede\/om\/grundskola\/","title":{"rendered":"Grundskola"},"content":{"rendered":"\n\t\n\t\n\t\n\n\t\n\t\n\t\t\n<section  class=\"c-block l-stacked  \" data-color-scheme=\"\">\n\t<div class=\"ams-fifty ams-fifty--container ams-fifty--right ams-fifty--bottom l-container u-pt-fluid-2xl-4xl u-pb-fluid-md-xl\">\n\t\t<div class=\"ams-fifty__content l-stack l-stack-xl is-left is-left@lg\">\n\t\t\t<div class=\"ams-fifty__text l-stack l-stack-lg\">\n\t\t\t\t\t\n\t<h1\n\tclass=\"c-heading u-font-title-1 \"\n\tstyle=\"\">\n\t\t\n\t\t\t\t\t\t\t\t\tGrundskola p\u00e5 Innovita&shy;skolan Enskede\n\t\t\t\t<span class=\"c-heading__sub is-below u-font-title-3\">\n\t\t\t\t\tEn grundskola d\u00e4r eleverna utvecklas genom kreativitet och l\u00e4rande f\u00f6r varje framtid.\n\t\t\t\t<\/span>\n\t\t\t\t\t\t\t\n\t<\/h1>\n\n\t\t\t\t\t\t\t\t\t<div class=\"text l-stack u-font-body\">\n\t\t\t\t\t\t<p><!-- wp:heading --><\/p>\n<h2 class=\"wp-block-heading\">F\u00f6rskoleklass till \u00e5rskurs 6<\/h2>\n<p>P\u00e5 Innovitaskolan Enskede g\u00e5r elever fr\u00e5n f\u00f6rskoleklass till \u00e5rskurs 6. Hos oss g\u00e5r ca 150 elever, f\u00f6rdelat p\u00e5 en f\u00f6rskoleklass och en klass per \u00e5rskurs upp till \u00e5rskurs 3. Vi har en \u00e5ldersblandad mellanstadieklass f\u00f6r \u00e5rskurs 4\u20136. I f\u00f6rskoleklassen arbetar en f\u00f6rskoll\u00e4rare och en l\u00e4rare, och i \u00e5rskurs 1\u20136 arbetar en legitimerad l\u00e4rare. Under delar av dagen finns ocks\u00e5 en fritidssamverkare med i klassrummet. P\u00e5 skolan finns det \u00e4ven l\u00e4rare i sl\u00f6jd, bild, spr\u00e5k, teknik, idrott, musik och hemkunskap.<\/p>\n<p><!-- \/wp:paragraph --><\/p>\n\n\t\t\t\t\t<\/div>\n\t\t\t\t\t\t\t<\/div>\n\n\t\t\t\t\t<\/div>\n\n\t\t <div class=\"ams-fifty__media u-ratio-square\">\n\t\t \t\t\t\t\t<img decoding=\"async\" width=\"600\" height=\"600\" src=\"https:\/\/innovitaskolan.se\/wp-content\/uploads\/sites\/4\/2025\/09\/innovitaskolan-balance-molndal-202405-1-600x600.png\" class=\"attachment-md size-md\" alt=\"Tre barn som sitter under ett tr\u00e4d.\" sizes=\"(min-width: 64em) 600px, calc(100vw - 160px)\" srcset=\"https:\/\/innovitaskolan.se\/wp-content\/uploads\/sites\/4\/2025\/09\/innovitaskolan-balance-molndal-202405-1-600x600.png 600w, https:\/\/innovitaskolan.se\/wp-content\/uploads\/sites\/4\/2025\/09\/innovitaskolan-balance-molndal-202405-1-150x150.png 150w, https:\/\/innovitaskolan.se\/wp-content\/uploads\/sites\/4\/2025\/09\/innovitaskolan-balance-molndal-202405-1-300x300.png 300w, https:\/\/innovitaskolan.se\/wp-content\/uploads\/sites\/4\/2025\/09\/innovitaskolan-balance-molndal-202405-1-400x400.png 400w, https:\/\/innovitaskolan.se\/wp-content\/uploads\/sites\/4\/2025\/09\/innovitaskolan-balance-molndal-202405-1.png 667w\" \/>\n\t\t\t\n\t\t\t\n\t\t\t\t\t<\/div>\n\t<\/div>\n\n\t\t\n\n<\/section>\n\n\n\n<div style=\"height:146px\" aria-hidden=\"true\" id=\"vanlig-dag\" class=\"wp-block-spacer\"><\/div>\n\n\n\n\t\n\t\n\t\n\n\t\n\t\n\t\t\n<section  class=\"c-block l-stacked  \" data-color-scheme=\"nyans3_av_p2\">\n\t<div class=\"ams-fifty ams-fifty--container ams-fifty--left ams-fifty--bottom l-container u-pt-fluid-md-xl u-pb-fluid-md-xl\">\n\t\t<div class=\"ams-fifty__content l-stack l-stack-xl is-left is-left@lg\">\n\t\t\t<div class=\"ams-fifty__text l-stack l-stack-lg\">\n\t\t\t\t\t\n\t<h2\n\tclass=\"c-heading u-font-title-1 \"\n\tstyle=\"\">\n\t\t\n\t\t\t\t\tEn vanlig dag p\u00e5 v\u00e5r grundskola\n\t\t\t\t\n\t<\/h2>\n\n\t\t\t\t\t\t\t\t\t<div class=\"text l-stack u-font-body\">\n\t\t\t\t\t\t<h3 data-start=\"344\" data-end=\"658\">En trygg start p\u00e5 dagen<\/h3>\n<p data-start=\"344\" data-end=\"658\">Dagen p\u00e5 Innovitaskolan Enskede b\u00f6rjar klockan 8.15 med 15 minuters l\u00e4sning. Redan fr\u00e5n f\u00f6rskoleklass l\u00e4gger vi stor vikt vid den tidiga l\u00e4s- och skrivinl\u00e4rningen. Genom Bornholmsarbete och l\u00e4sande f\u00f6rebilder v\u00e4cker vi barnens spr\u00e5kgl\u00e4dje och nyfikenhet f\u00f6r ord och ber\u00e4ttelser.<\/p>\n<h3 data-start=\"660\" data-end=\"986\">L\u00e4rande i r\u00f6relse<\/h3>\n<p data-start=\"660\" data-end=\"986\">F\u00f6rskoleklassen har en utflyktsdag i veckan d\u00e4r undervisningen flyttar ut i naturen. Genom att kombinera svenska och matematik med lek och utforskande utanf\u00f6r klassrummet blir l\u00e4randet b\u00e5de konkret och lustfyllt. Alla elever f\u00f6ljer ett tydligt schema med balans mellan teori, praktik och kreativitet.<\/p>\n\n\t\t\t\t\t<\/div>\n\t\t\t\t\t\t\t<\/div>\n\n\t\t\t\t\t<\/div>\n\n\t\t <div class=\"ams-fifty__media u-ratio-square\">\n\t\t \t\t\t\t\t<img decoding=\"async\" width=\"600\" height=\"600\" src=\"https:\/\/innovitaskolan.se\/wp-content\/uploads\/sites\/4\/2025\/11\/innovitaskolan-grundskola-segeltorp-202303-2-600x600.png\" class=\"attachment-md size-md\" alt=\"Tre elever sitter med l\u00e4splattor kring ett bord.\" sizes=\"(min-width: 64em) 600px, calc(100vw - 160px)\" srcset=\"https:\/\/innovitaskolan.se\/wp-content\/uploads\/sites\/4\/2025\/11\/innovitaskolan-grundskola-segeltorp-202303-2-600x600.png 600w, https:\/\/innovitaskolan.se\/wp-content\/uploads\/sites\/4\/2025\/11\/innovitaskolan-grundskola-segeltorp-202303-2-150x150.png 150w, https:\/\/innovitaskolan.se\/wp-content\/uploads\/sites\/4\/2025\/11\/innovitaskolan-grundskola-segeltorp-202303-2-300x300.png 300w, https:\/\/innovitaskolan.se\/wp-content\/uploads\/sites\/4\/2025\/11\/innovitaskolan-grundskola-segeltorp-202303-2-400x400.png 400w, https:\/\/innovitaskolan.se\/wp-content\/uploads\/sites\/4\/2025\/11\/innovitaskolan-grundskola-segeltorp-202303-2.png 667w\" \/>\n\t\t\t\n\t\t\t\n\t\t\t\t\t<\/div>\n\t<\/div>\n\n\t\t\n\n<\/section>\n\n\n\n\t\n\t\n\t\n\n\t\n\t\n\t\t\n<section  class=\"c-block l-stacked  \" data-color-scheme=\"nyans3_av_p2\">\n\t<div class=\"ams-fifty ams-fifty--container ams-fifty--right ams-fifty--bottom l-container u-pt-fluid-md-xl u-pb-fluid-md-xl\">\n\t\t<div class=\"ams-fifty__content l-stack l-stack-xl is-left is-left@lg\">\n\t\t\t<div class=\"ams-fifty__text l-stack l-stack-lg\">\n\t\t\t\t\n\t\t\t\t\t\t\t\t\t<div class=\"text l-stack u-font-body\">\n\t\t\t\t\t\t<h3 data-start=\"988\" data-end=\"1297\">Trygghet och gemenskap p\u00e5 rasterna<\/h3>\n<p data-start=\"988\" data-end=\"1297\">Varje dag erbjuder vi styrda rastaktiviteter som leds av pedagoger, kurator och specialpedagog. Alla vuxna finns med ute f\u00f6r att skapa trygghet och gemenskap. De planerade aktiviteterna bidrar till r\u00f6relse, gl\u00e4dje och en inkluderande rastmilj\u00f6 d\u00e4r alla kan vara med.<\/p>\n<h3 data-start=\"1299\" data-end=\"1818\">Skola och fritids i samarbete<\/h3>\n<p data-start=\"1299\" data-end=\"1818\">Efter skoldagen forts\u00e4tter l\u00e4randet i fritidsverksamheten. H\u00e4r planeras veckans aktiviteter med fokus p\u00e5 r\u00f6relse, skapande och utomhuslek.<\/p>\n<p data-start=\"1299\" data-end=\"1818\">Vi \u00e4r en liten skola med cirka 150 elever d\u00e4r alla i personalen samarbetar f\u00f6r barnens b\u00e4sta. Hos oss k\u00e4nner alla varandra \u2013 och varje elev ska veta att de kan v\u00e4nda sig till vem som helst i skolans personal. H\u00f6jdpunkten f\u00f6r m\u00e5nga elever \u00e4r v\u00e5ra heldagsl\u00e4rande-dagar, d\u00e4r skola och fritids v\u00e4vs samman och l\u00e4randet f\u00e5r forts\u00e4tta hela dagen.<\/p>\n\n\t\t\t\t\t<\/div>\n\t\t\t\t\t\t\t<\/div>\n\n\t\t\t\t\t<\/div>\n\n\t\t <div class=\"ams-fifty__media u-ratio-square\">\n\t\t \t\t\t\t\t<img decoding=\"async\" width=\"600\" height=\"600\" src=\"https:\/\/innovitaskolan.se\/wp-content\/uploads\/sites\/4\/2025\/10\/innovitaskolan-fritids-molndal-202405-1-600x600.png\" class=\"attachment-md size-md\" alt=\"Elever och l\u00e4rare som spelar schack.\" sizes=\"(min-width: 64em) 600px, calc(100vw - 160px)\" srcset=\"https:\/\/innovitaskolan.se\/wp-content\/uploads\/sites\/4\/2025\/10\/innovitaskolan-fritids-molndal-202405-1-600x600.png 600w, https:\/\/innovitaskolan.se\/wp-content\/uploads\/sites\/4\/2025\/10\/innovitaskolan-fritids-molndal-202405-1-150x150.png 150w, https:\/\/innovitaskolan.se\/wp-content\/uploads\/sites\/4\/2025\/10\/innovitaskolan-fritids-molndal-202405-1-300x300.png 300w, https:\/\/innovitaskolan.se\/wp-content\/uploads\/sites\/4\/2025\/10\/innovitaskolan-fritids-molndal-202405-1-400x400.png 400w, https:\/\/innovitaskolan.se\/wp-content\/uploads\/sites\/4\/2025\/10\/innovitaskolan-fritids-molndal-202405-1.png 667w\" \/>\n\t\t\t\n\t\t\t\n\t\t\t\t\t<\/div>\n\t<\/div>\n\n\t\t\n\n<\/section>\n\n\n\n\n<section  class=\"ams-cta ams-cta--stacked c-block l-stacked\" data-color-scheme=\"beige\">\n\t<div class=\"l-container-narrow l-stack l-stack-fluid-2xl u-pt-fluid-3xl-6xl u-pb-fluid-3xl-6xl is-center is-center@md\">\n\t\t\t\t\t<div class=\"ams-cta__intro l-stack l-stack-lg\">\n\t\t\t\t\t\n\t<h2\n\tclass=\"c-heading u-font-title-1 \"\n\tstyle=\"\">\n\t\t\n\t\t\t\t\tS\u00f6ka skola\n\t\t\t\t\n\t<\/h2>\n\n\t\t\t\t\t\t\t\t\t<div class=\"c-text l-stack u-cs-xl u-font-body\">\n\t\t\t\t\t\t<p>Vad roligt att du vill st\u00e4lla ditt barn i k\u00f6 till v\u00e5r grundskola. Klicka p\u00e5 knappen nedan f\u00f6r att komma till k\u00f6anm\u00e4lan.<\/p>\n\n\t\t\t\t\t<\/div>\n\t\t\t\t\t\t\t<\/div>\n\t\t\n\t\t\n\t\t\t<div class=\"ams-cta__action u-inline-items\">\n\t\t\t\t\t\t\t\n\n\n<a href=\"https:\/\/innovitaskolan.se\/enskede\/koanmalan\/\"\n\t\n\tclass=\"c-btn \"\n\tdata-style=\"round\"\n\tdata-size=\"md\"\n\tdata-width=\"full-mobile\"\n\tdata-variant=\"default\"\n\ttarget=\"_self\">\n\t\t\t<span class=\"label\"> Till k\u00f6anm\u00e4lan<\/span>\n\t\t\t<\/a>\n\t\t\t<\/div>\n\t<\/div>\n\n\t\t\n\n<\/section>\n\n\n<div   id=\"page-relative-menu\" class=\"site__font-monospace   container_width--full_width_conIcon   d-lg-none  \">\n\n\t\t\t\n<\/div>\n","protected":false},"excerpt":{"rendered":"","protected":false},"author":1,"featured_media":0,"parent":20,"menu_order":0,"comment_status":"closed","ping_status":"closed","template":"","meta":{"footnotes":""},"yoast_head":"<!-- This site is optimized with the Yoast SEO plugin v22.0 - https:\/\/yoast.com\/wordpress\/plugins\/seo\/ -->\n<title>V\u00e5r grundskola | Innovitaskolan Enskede | Om skolan<\/title>\n<meta name=\"description\" content=\"P\u00e5 Innovitaskolan Enskedes grundskola finns f\u00f6rskoleklass\u2013\u00e5rskurs 6. Vi vill att elever ska f\u00e5 ett lustfyllt l\u00e4rande, genom en trygg skolg\u00e5ng.\" \/>\n<meta name=\"robots\" content=\"index, follow, max-snippet:-1, max-image-preview:large, max-video-preview:-1\" \/>\n<link rel=\"canonical\" href=\"https:\/\/innovitaskolan.se\/enskede\/om\/grundskola\/\" \/>\n<meta property=\"og:locale\" content=\"sv_SE\" \/>\n<meta property=\"og:type\" content=\"article\" \/>\n<meta property=\"og:title\" content=\"V\u00e5r grundskola | Innovitaskolan Enskede | Om skolan\" \/>\n<meta property=\"og:description\" content=\"P\u00e5 Innovitaskolan Enskedes grundskola finns f\u00f6rskoleklass\u2013\u00e5rskurs 6. Vi vill att elever ska f\u00e5 ett lustfyllt l\u00e4rande, genom en trygg skolg\u00e5ng.\" \/>\n<meta property=\"og:url\" content=\"https:\/\/innovitaskolan.se\/enskede\/om\/grundskola\/\" \/>\n<meta property=\"og:site_name\" content=\"Enskede\" \/>\n<meta property=\"article:modified_time\" content=\"2026-01-14T09:31:50+00:00\" \/>\n<meta name=\"twitter:card\" content=\"summary_large_image\" \/>\n<meta name=\"twitter:title\" content=\"V\u00e5r grundskola | Innovitaskolan Enskede | Om skolan\" \/>\n<meta name=\"twitter:description\" content=\"P\u00e5 Innovitaskolan Enskedes grundskola finns f\u00f6rskoleklass\u2013\u00e5rskurs 6. Vi vill att elever ska f\u00e5 ett lustfyllt l\u00e4rande, genom en trygg skolg\u00e5ng.\" \/>\n<meta name=\"twitter:label1\" content=\"Ber\u00e4knad l\u00e4stid\" \/>\n\t<meta name=\"twitter:data1\" content=\"3 minuter\" \/>\n<script type=\"application\/ld+json\" class=\"yoast-schema-graph\">{\"@context\":\"https:\/\/schema.org\",\"@graph\":[{\"@type\":\"WebPage\",\"@id\":\"https:\/\/innovitaskolan.se\/enskede\/om\/grundskola\/\",\"url\":\"https:\/\/innovitaskolan.se\/enskede\/om\/grundskola\/\",\"name\":\"V\u00e5r grundskola | Innovitaskolan Enskede | Om skolan\",\"isPartOf\":{\"@id\":\"https:\/\/innovitaskolan.se\/enskede\/#website\"},\"datePublished\":\"2021-03-04T10:29:47+00:00\",\"dateModified\":\"2026-01-14T09:31:50+00:00\",\"description\":\"P\u00e5 Innovitaskolan Enskedes grundskola finns f\u00f6rskoleklass\u2013\u00e5rskurs 6. Vi vill att elever ska f\u00e5 ett lustfyllt l\u00e4rande, genom en trygg skolg\u00e5ng.\",\"breadcrumb\":{\"@id\":\"https:\/\/innovitaskolan.se\/enskede\/om\/grundskola\/#breadcrumb\"},\"inLanguage\":\"sv-SE\",\"potentialAction\":[{\"@type\":\"ReadAction\",\"target\":[\"https:\/\/innovitaskolan.se\/enskede\/om\/grundskola\/\"]}]},{\"@type\":\"BreadcrumbList\",\"@id\":\"https:\/\/innovitaskolan.se\/enskede\/om\/grundskola\/#breadcrumb\",\"itemListElement\":[{\"@type\":\"ListItem\",\"position\":1,\"name\":\"Start\",\"item\":\"https:\/\/innovitaskolan.se\/enskede\/\"},{\"@type\":\"ListItem\",\"position\":2,\"name\":\"Om skolan\",\"item\":\"https:\/\/innovitaskolan.se\/enskede\/om\/\"},{\"@type\":\"ListItem\",\"position\":3,\"name\":\"Grundskola\"}]},{\"@type\":\"WebSite\",\"@id\":\"https:\/\/innovitaskolan.se\/enskede\/#website\",\"url\":\"https:\/\/innovitaskolan.se\/enskede\/\",\"name\":\"Enskede\",\"description\":\"En del av AcadeMedia\",\"potentialAction\":[{\"@type\":\"SearchAction\",\"target\":{\"@type\":\"EntryPoint\",\"urlTemplate\":\"https:\/\/innovitaskolan.se\/enskede\/?s={search_term_string}\"},\"query-input\":\"required name=search_term_string\"}],\"inLanguage\":\"sv-SE\"}]}<\/script>\n<!-- \/ Yoast SEO plugin. -->","yoast_head_json":{"title":"V\u00e5r grundskola | Innovitaskolan Enskede | Om skolan","description":"P\u00e5 Innovitaskolan Enskedes grundskola finns f\u00f6rskoleklass\u2013\u00e5rskurs 6. Vi vill att elever ska f\u00e5 ett lustfyllt l\u00e4rande, genom en trygg skolg\u00e5ng.","robots":{"index":"index","follow":"follow","max-snippet":"max-snippet:-1","max-image-preview":"max-image-preview:large","max-video-preview":"max-video-preview:-1"},"canonical":"https:\/\/innovitaskolan.se\/enskede\/om\/grundskola\/","og_locale":"sv_SE","og_type":"article","og_title":"V\u00e5r grundskola | Innovitaskolan Enskede | Om skolan","og_description":"P\u00e5 Innovitaskolan Enskedes grundskola finns f\u00f6rskoleklass\u2013\u00e5rskurs 6. Vi vill att elever ska f\u00e5 ett lustfyllt l\u00e4rande, genom en trygg skolg\u00e5ng.","og_url":"https:\/\/innovitaskolan.se\/enskede\/om\/grundskola\/","og_site_name":"Enskede","article_modified_time":"2026-01-14T09:31:50+00:00","twitter_card":"summary_large_image","twitter_title":"V\u00e5r grundskola | Innovitaskolan Enskede | Om skolan","twitter_description":"P\u00e5 Innovitaskolan Enskedes grundskola finns f\u00f6rskoleklass\u2013\u00e5rskurs 6. Vi vill att elever ska f\u00e5 ett lustfyllt l\u00e4rande, genom en trygg skolg\u00e5ng.","twitter_misc":{"Ber\u00e4knad l\u00e4stid":"3 minuter"},"schema":{"@context":"https:\/\/schema.org","@graph":[{"@type":"WebPage","@id":"https:\/\/innovitaskolan.se\/enskede\/om\/grundskola\/","url":"https:\/\/innovitaskolan.se\/enskede\/om\/grundskola\/","name":"V\u00e5r grundskola | Innovitaskolan Enskede | Om skolan","isPartOf":{"@id":"https:\/\/innovitaskolan.se\/enskede\/#website"},"datePublished":"2021-03-04T10:29:47+00:00","dateModified":"2026-01-14T09:31:50+00:00","description":"P\u00e5 Innovitaskolan Enskedes grundskola finns f\u00f6rskoleklass\u2013\u00e5rskurs 6. Vi vill att elever ska f\u00e5 ett lustfyllt l\u00e4rande, genom en trygg skolg\u00e5ng.","breadcrumb":{"@id":"https:\/\/innovitaskolan.se\/enskede\/om\/grundskola\/#breadcrumb"},"inLanguage":"sv-SE","potentialAction":[{"@type":"ReadAction","target":["https:\/\/innovitaskolan.se\/enskede\/om\/grundskola\/"]}]},{"@type":"BreadcrumbList","@id":"https:\/\/innovitaskolan.se\/enskede\/om\/grundskola\/#breadcrumb","itemListElement":[{"@type":"ListItem","position":1,"name":"Start","item":"https:\/\/innovitaskolan.se\/enskede\/"},{"@type":"ListItem","position":2,"name":"Om skolan","item":"https:\/\/innovitaskolan.se\/enskede\/om\/"},{"@type":"ListItem","position":3,"name":"Grundskola"}]},{"@type":"WebSite","@id":"https:\/\/innovitaskolan.se\/enskede\/#website","url":"https:\/\/innovitaskolan.se\/enskede\/","name":"Enskede","description":"En del av AcadeMedia","potentialAction":[{"@type":"SearchAction","target":{"@type":"EntryPoint","urlTemplate":"https:\/\/innovitaskolan.se\/enskede\/?s={search_term_string}"},"query-input":"required name=search_term_string"}],"inLanguage":"sv-SE"}]}},"_links":{"self":[{"href":"https:\/\/innovitaskolan.se\/enskede\/wp-json\/wp\/v2\/pages\/24"}],"collection":[{"href":"https:\/\/innovitaskolan.se\/enskede\/wp-json\/wp\/v2\/pages"}],"about":[{"href":"https:\/\/innovitaskolan.se\/enskede\/wp-json\/wp\/v2\/types\/page"}],"author":[{"embeddable":true,"href":"https:\/\/innovitaskolan.se\/enskede\/wp-json\/wp\/v2\/users\/1"}],"replies":[{"embeddable":true,"href":"https:\/\/innovitaskolan.se\/enskede\/wp-json\/wp\/v2\/comments?post=24"}],"version-history":[{"count":10,"href":"https:\/\/innovitaskolan.se\/enskede\/wp-json\/wp\/v2\/pages\/24\/revisions"}],"predecessor-version":[{"id":2848,"href":"https:\/\/innovitaskolan.se\/enskede\/wp-json\/wp\/v2\/pages\/24\/revisions\/2848"}],"up":[{"embeddable":true,"href":"https:\/\/innovitaskolan.se\/enskede\/wp-json\/wp\/v2\/pages\/20"}],"wp:attachment":[{"href":"https:\/\/innovitaskolan.se\/enskede\/wp-json\/wp\/v2\/media?parent=24"}],"curies":[{"name":"wp","href":"https:\/\/api.w.org\/{rel}","templated":true}]}}